{"id":5466,"date":"2017-05-22T16:46:54","date_gmt":"2017-05-22T16:46:54","guid":{"rendered":"https:\/\/www.simasa.com\/?post_type=product&#038;p=5466\/"},"modified":"2026-02-12T11:48:11","modified_gmt":"2026-02-12T10:48:11","slug":"bali-500","status":"publish","type":"product","link":"https:\/\/www.simasa.com\/en\/producto\/bali-500\/","title":{"rendered":"BALI 500 Mekano"},"content":{"rendered":"<p>The innovative <strong>MEKANO<\/strong> concept applied to the <strong>BALI<\/strong> range provides a variety of 100% customizable block cutters, to better adapt to each customer needs.<\/p>\n<p>They are prepared to cut any kind of blocks, s<strong>uch as\u00a0pre-cast concrete, poroton, gasbeton or terracotta<\/strong>,\u00a0but also for many other construction materials:<\/p>\n<ul>\n<li>bricks<\/li>\n<li>terrazzo<\/li>\n<li>limestone<\/li>\n<li>sandstone<\/li>\n<li>kerbstones.<\/li>\n<\/ul>\n<p>Made to last: aluminium body and galvanized steel water\u00a0tub, <strong>providing higher resistance to oxidation<\/strong>.<\/p>\n<p><strong>The BALI 500<\/strong> series can use:<\/p>\n<ul>\n<li><em> \u00d8400<\/em><\/li>\n<li><em>\u00d8450<\/em><\/li>\n<li><em>\u00d8500 mm<\/em> blades\u00a0(16\u201d, 18\u201d and 20\u201d), delivering up to 200 mm (7.8\u201d) deep cuts in\u00a0one pass.<\/li>\n<\/ul>\n<p>&nbsp;<\/p>\n<p><strong>The versatile and rugged block cutter:<\/strong><\/p>\n<ul>\n<li>Its reduced size makes it easy to store.<\/li>\n<li>Anodized extruded aluminium body, durable and lighter for transportation and to move the machine at the job site.<\/li>\n<li>Galvanized steel basin to prevent oxidation.<\/li>\n<li>Deep cutting, ranging from 20 cm (7.8\u201d) in BALI 500 to 35 cm. (14\u201d) in BALI 700.<\/li>\n<li>The head can be easily adjusted in height to adapt to the different cutting depths needed.<\/li>\n<li>Low vibrations and extended blade performance when cutting, due to its robustness.<\/li>\n<li>Excellent machine for cutting the most common sizes of blocks.<\/li>\n<\/ul>\n<p><img loading=\"lazy\" decoding=\"async\" class=\"alignnone wp-image-8634 size-full\" src=\"https:\/\/www.simasa.com\/wp-content\/uploads\/2017\/05\/features-bali.jpg\" alt=\"\" width=\"1117\" height=\"494\" srcset=\"https:\/\/www.simasa.com\/wp-content\/uploads\/2017\/05\/features-bali.jpg 1117w, https:\/\/www.simasa.com\/wp-content\/uploads\/2017\/05\/features-bali-416x184.jpg 416w\" sizes=\"auto, (max-width: 1117px) 100vw, 1117px\" \/><\/p>\n<p>&nbsp;<\/p>\n<p><img loading=\"lazy\" decoding=\"async\" class=\"alignnone wp-image-8642 size-full\" src=\"https:\/\/www.simasa.com\/wp-content\/uploads\/2017\/05\/materials-bali-en.jpg\" alt=\"\" width=\"1119\" height=\"154\" srcset=\"https:\/\/www.simasa.com\/wp-content\/uploads\/2017\/05\/materials-bali-en.jpg 1119w, https:\/\/www.simasa.com\/wp-content\/uploads\/2017\/05\/materials-bali-en-416x57.jpg 416w\" sizes=\"auto, (max-width: 1119px) 100vw, 1119px\" \/><\/p>\n<p><img loading=\"lazy\" decoding=\"async\" class=\"alignnone wp-image-8654 size-full\" src=\"https:\/\/www.simasa.com\/wp-content\/uploads\/2017\/05\/tabla-bali500-en.jpg\" alt=\"\" width=\"1117\" height=\"332\" srcset=\"https:\/\/www.simasa.com\/wp-content\/uploads\/2017\/05\/tabla-bali500-en.jpg 1117w, https:\/\/www.simasa.com\/wp-content\/uploads\/2017\/05\/tabla-bali500-en-416x124.jpg 416w\" sizes=\"auto, (max-width: 1117px) 100vw, 1117px\" \/><\/p>\n<p><iframe loading=\"lazy\" src=\"https:\/\/www.youtube.com\/embed\/8051EJE3eRQ\" width=\"700\" height=\"394\" frameborder=\"0\" allowfullscreen=\"allowfullscreen\"><\/iframe><\/p>\n","protected":false},"excerpt":{"rendered":"<p>The innovative <strong>Mekano<\/strong> concept applied to the BALI range\u00a0provides a variety of <strong>100% customizable block cutters. <\/strong>The <strong>BALI 500<\/strong> series can use \u00d8400, \u00d8450 and \u00d8500 mm blades (16&#8243;, 18&#8243; and 20&#8243;), delivering up to 200 mm (7.8&#8243;) deep cuts in one pass.<\/p>\n","protected":false},"featured_media":5470,"comment_status":"open","ping_status":"closed","template":"","meta":{"_acf_changed":false},"product_brand":[],"product_cat":[1820],"product_tag":[2763],"class_list":{"0":"post-5466","1":"product","2":"type-product","3":"status-publish","4":"has-post-thumbnail","6":"product_cat-block-and-stone-saws","7":"product_tag-masonry-saws-en-2","8":"pa_45-cutting-no-45-cutting","10":"first","11":"instock","12":"shipping-taxable","13":"product-type-simple"},"acf":[],"yoast_head":"<!-- This site is optimized with the Yoast SEO plugin v27.4 - https:\/\/yoast.com\/product\/yoast-seo-wordpress\/ -->\n<title>Masonry Saws - BALI 500 Mekano | Sima<\/title>\n<meta name=\"description\" content=\"BALI 500 Mekano. The innovative Mekano concept applied to the BALI range\u00a0provides a variety of 100% customizable block cutters. The BALI 500 series can use \u00d8400, \u00d8450 and \u00d8500 mm blades (16&quot;, 18&quot; and 20&quot;), delivering up to 200 mm (7.8&quot;) deep cuts in one pass.\" \/>\n<meta name=\"robots\" content=\"noindex, follow\" \/>\n<meta property=\"og:locale\" content=\"en_US\" \/>\n<meta property=\"og:type\" content=\"article\" \/>\n<meta property=\"og:title\" content=\"Masonry Saws - BALI 500 Mekano | Sima\" \/>\n<meta property=\"og:description\" content=\"BALI 500 Mekano. The innovative Mekano concept applied to the BALI range\u00a0provides a variety of 100% customizable block cutters. The BALI 500 series can use \u00d8400, \u00d8450 and \u00d8500 mm blades (16&quot;, 18&quot; and 20&quot;), delivering up to 200 mm (7.8&quot;) deep cuts in one pass.\" \/>\n<meta property=\"og:url\" content=\"https:\/\/www.simasa.com\/en\/producto\/bali-500\/\" \/>\n<meta property=\"og:site_name\" content=\"Sima\" \/>\n<meta property=\"article:modified_time\" content=\"2026-02-12T10:48:11+00:00\" \/>\n<meta property=\"og:image\" content=\"https:\/\/www.simasa.com\/wp-content\/uploads\/2017\/05\/SIMA-Bali-500-1.jpg\" \/>\n\t<meta property=\"og:image:width\" content=\"2362\" \/>\n\t<meta property=\"og:image:height\" content=\"2362\" \/>\n\t<meta property=\"og:image:type\" content=\"image\/jpeg\" \/>\n<meta name=\"twitter:card\" content=\"summary_large_image\" \/>\n<meta name=\"twitter:label1\" content=\"Est. reading time\" \/>\n\t<meta name=\"twitter:data1\" content=\"2 minutes\" \/>\n<script type=\"application\/ld+json\" class=\"yoast-schema-graph\">{\"@context\":\"https:\\\/\\\/schema.org\",\"@graph\":[{\"@type\":\"WebPage\",\"@id\":\"https:\\\/\\\/www.simasa.com\\\/en\\\/producto\\\/bali-500\\\/\",\"url\":\"https:\\\/\\\/www.simasa.com\\\/en\\\/producto\\\/bali-500\\\/\",\"name\":\"Masonry Saws - BALI 500 Mekano | Sima\",\"isPartOf\":{\"@id\":\"https:\\\/\\\/www.simasa.com\\\/en\\\/#website\"},\"primaryImageOfPage\":{\"@id\":\"https:\\\/\\\/www.simasa.com\\\/en\\\/producto\\\/bali-500\\\/#primaryimage\"},\"image\":{\"@id\":\"https:\\\/\\\/www.simasa.com\\\/en\\\/producto\\\/bali-500\\\/#primaryimage\"},\"thumbnailUrl\":\"https:\\\/\\\/www.simasa.com\\\/wp-content\\\/uploads\\\/2017\\\/05\\\/SIMA-Bali-500-1.jpg\",\"datePublished\":\"2017-05-22T16:46:54+00:00\",\"dateModified\":\"2026-02-12T10:48:11+00:00\",\"description\":\"BALI 500 Mekano. The innovative Mekano concept applied to the BALI range\u00a0provides a variety of 100% customizable block cutters. The BALI 500 series can use \u00d8400, \u00d8450 and \u00d8500 mm blades (16\\\", 18\\\" and 20\\\"), delivering up to 200 mm (7.8\\\") deep cuts in one pass.\",\"breadcrumb\":{\"@id\":\"https:\\\/\\\/www.simasa.com\\\/en\\\/producto\\\/bali-500\\\/#breadcrumb\"},\"inLanguage\":\"en-US\",\"potentialAction\":[{\"@type\":\"ReadAction\",\"target\":[\"https:\\\/\\\/www.simasa.com\\\/en\\\/producto\\\/bali-500\\\/\"]}]},{\"@type\":\"ImageObject\",\"inLanguage\":\"en-US\",\"@id\":\"https:\\\/\\\/www.simasa.com\\\/en\\\/producto\\\/bali-500\\\/#primaryimage\",\"url\":\"https:\\\/\\\/www.simasa.com\\\/wp-content\\\/uploads\\\/2017\\\/05\\\/SIMA-Bali-500-1.jpg\",\"contentUrl\":\"https:\\\/\\\/www.simasa.com\\\/wp-content\\\/uploads\\\/2017\\\/05\\\/SIMA-Bali-500-1.jpg\",\"width\":2362,\"height\":2362},{\"@type\":\"BreadcrumbList\",\"@id\":\"https:\\\/\\\/www.simasa.com\\\/en\\\/producto\\\/bali-500\\\/#breadcrumb\",\"itemListElement\":[{\"@type\":\"ListItem\",\"position\":1,\"name\":\"Inicio\",\"item\":\"https:\\\/\\\/www.simasa.com\\\/en\\\/\"},{\"@type\":\"ListItem\",\"position\":2,\"name\":\"Catalogue\",\"item\":\"https:\\\/\\\/www.simasa.com\\\/en\\\/catalog-sima\\\/\"},{\"@type\":\"ListItem\",\"position\":3,\"name\":\"BALI 500 Mekano\"}]},{\"@type\":\"WebSite\",\"@id\":\"https:\\\/\\\/www.simasa.com\\\/en\\\/#website\",\"url\":\"https:\\\/\\\/www.simasa.com\\\/en\\\/\",\"name\":\"Sima\",\"description\":\"Fabricantes de maquinaria para la construcci\u00f3n\",\"publisher\":{\"@id\":\"https:\\\/\\\/www.simasa.com\\\/en\\\/#organization\"},\"potentialAction\":[{\"@type\":\"SearchAction\",\"target\":{\"@type\":\"EntryPoint\",\"urlTemplate\":\"https:\\\/\\\/www.simasa.com\\\/en\\\/?s={search_term_string}\"},\"query-input\":{\"@type\":\"PropertyValueSpecification\",\"valueRequired\":true,\"valueName\":\"search_term_string\"}}],\"inLanguage\":\"en-US\"},{\"@type\":\"Organization\",\"@id\":\"https:\\\/\\\/www.simasa.com\\\/en\\\/#organization\",\"name\":\"Sima\",\"url\":\"https:\\\/\\\/www.simasa.com\\\/en\\\/\",\"logo\":{\"@type\":\"ImageObject\",\"inLanguage\":\"en-US\",\"@id\":\"https:\\\/\\\/www.simasa.com\\\/en\\\/#\\\/schema\\\/logo\\\/image\\\/\",\"url\":\"https:\\\/\\\/www.simasa.com\\\/wp-content\\\/uploads\\\/2016\\\/03\\\/logo-1.jpg\",\"contentUrl\":\"https:\\\/\\\/www.simasa.com\\\/wp-content\\\/uploads\\\/2016\\\/03\\\/logo-1.jpg\",\"width\":121,\"height\":54,\"caption\":\"Sima\"},\"image\":{\"@id\":\"https:\\\/\\\/www.simasa.com\\\/en\\\/#\\\/schema\\\/logo\\\/image\\\/\"}}]}<\/script>\n<!-- \/ Yoast SEO plugin. -->","yoast_head_json":{"title":"Masonry Saws - BALI 500 Mekano | Sima","description":"BALI 500 Mekano. The innovative Mekano concept applied to the BALI range\u00a0provides a variety of 100% customizable block cutters. The BALI 500 series can use \u00d8400, \u00d8450 and \u00d8500 mm blades (16\", 18\" and 20\"), delivering up to 200 mm (7.8\") deep cuts in one pass.","robots":{"index":"noindex","follow":"follow"},"og_locale":"en_US","og_type":"article","og_title":"Masonry Saws - BALI 500 Mekano | Sima","og_description":"BALI 500 Mekano. The innovative Mekano concept applied to the BALI range\u00a0provides a variety of 100% customizable block cutters. The BALI 500 series can use \u00d8400, \u00d8450 and \u00d8500 mm blades (16\", 18\" and 20\"), delivering up to 200 mm (7.8\") deep cuts in one pass.","og_url":"https:\/\/www.simasa.com\/en\/producto\/bali-500\/","og_site_name":"Sima","article_modified_time":"2026-02-12T10:48:11+00:00","og_image":[{"width":2362,"height":2362,"url":"https:\/\/www.simasa.com\/wp-content\/uploads\/2017\/05\/SIMA-Bali-500-1.jpg","type":"image\/jpeg"}],"twitter_card":"summary_large_image","twitter_misc":{"Est. reading time":"2 minutes"},"schema":{"@context":"https:\/\/schema.org","@graph":[{"@type":"WebPage","@id":"https:\/\/www.simasa.com\/en\/producto\/bali-500\/","url":"https:\/\/www.simasa.com\/en\/producto\/bali-500\/","name":"Masonry Saws - BALI 500 Mekano | Sima","isPartOf":{"@id":"https:\/\/www.simasa.com\/en\/#website"},"primaryImageOfPage":{"@id":"https:\/\/www.simasa.com\/en\/producto\/bali-500\/#primaryimage"},"image":{"@id":"https:\/\/www.simasa.com\/en\/producto\/bali-500\/#primaryimage"},"thumbnailUrl":"https:\/\/www.simasa.com\/wp-content\/uploads\/2017\/05\/SIMA-Bali-500-1.jpg","datePublished":"2017-05-22T16:46:54+00:00","dateModified":"2026-02-12T10:48:11+00:00","description":"BALI 500 Mekano. The innovative Mekano concept applied to the BALI range\u00a0provides a variety of 100% customizable block cutters. The BALI 500 series can use \u00d8400, \u00d8450 and \u00d8500 mm blades (16\", 18\" and 20\"), delivering up to 200 mm (7.8\") deep cuts in one pass.","breadcrumb":{"@id":"https:\/\/www.simasa.com\/en\/producto\/bali-500\/#breadcrumb"},"inLanguage":"en-US","potentialAction":[{"@type":"ReadAction","target":["https:\/\/www.simasa.com\/en\/producto\/bali-500\/"]}]},{"@type":"ImageObject","inLanguage":"en-US","@id":"https:\/\/www.simasa.com\/en\/producto\/bali-500\/#primaryimage","url":"https:\/\/www.simasa.com\/wp-content\/uploads\/2017\/05\/SIMA-Bali-500-1.jpg","contentUrl":"https:\/\/www.simasa.com\/wp-content\/uploads\/2017\/05\/SIMA-Bali-500-1.jpg","width":2362,"height":2362},{"@type":"BreadcrumbList","@id":"https:\/\/www.simasa.com\/en\/producto\/bali-500\/#breadcrumb","itemListElement":[{"@type":"ListItem","position":1,"name":"Inicio","item":"https:\/\/www.simasa.com\/en\/"},{"@type":"ListItem","position":2,"name":"Catalogue","item":"https:\/\/www.simasa.com\/en\/catalog-sima\/"},{"@type":"ListItem","position":3,"name":"BALI 500 Mekano"}]},{"@type":"WebSite","@id":"https:\/\/www.simasa.com\/en\/#website","url":"https:\/\/www.simasa.com\/en\/","name":"Sima","description":"Fabricantes de maquinaria para la construcci\u00f3n","publisher":{"@id":"https:\/\/www.simasa.com\/en\/#organization"},"potentialAction":[{"@type":"SearchAction","target":{"@type":"EntryPoint","urlTemplate":"https:\/\/www.simasa.com\/en\/?s={search_term_string}"},"query-input":{"@type":"PropertyValueSpecification","valueRequired":true,"valueName":"search_term_string"}}],"inLanguage":"en-US"},{"@type":"Organization","@id":"https:\/\/www.simasa.com\/en\/#organization","name":"Sima","url":"https:\/\/www.simasa.com\/en\/","logo":{"@type":"ImageObject","inLanguage":"en-US","@id":"https:\/\/www.simasa.com\/en\/#\/schema\/logo\/image\/","url":"https:\/\/www.simasa.com\/wp-content\/uploads\/2016\/03\/logo-1.jpg","contentUrl":"https:\/\/www.simasa.com\/wp-content\/uploads\/2016\/03\/logo-1.jpg","width":121,"height":54,"caption":"Sima"},"image":{"@id":"https:\/\/www.simasa.com\/en\/#\/schema\/logo\/image\/"}}]}},"_links":{"self":[{"href":"https:\/\/www.simasa.com\/en\/wp-json\/wp\/v2\/product\/5466","targetHints":{"allow":["GET"]}}],"collection":[{"href":"https:\/\/www.simasa.com\/en\/wp-json\/wp\/v2\/product"}],"about":[{"href":"https:\/\/www.simasa.com\/en\/wp-json\/wp\/v2\/types\/product"}],"replies":[{"embeddable":true,"href":"https:\/\/www.simasa.com\/en\/wp-json\/wp\/v2\/comments?post=5466"}],"wp:featuredmedia":[{"embeddable":true,"href":"https:\/\/www.simasa.com\/en\/wp-json\/wp\/v2\/media\/5470"}],"wp:attachment":[{"href":"https:\/\/www.simasa.com\/en\/wp-json\/wp\/v2\/media?parent=5466"}],"wp:term":[{"taxonomy":"product_brand","embeddable":true,"href":"https:\/\/www.simasa.com\/en\/wp-json\/wp\/v2\/product_brand?post=5466"},{"taxonomy":"product_cat","embeddable":true,"href":"https:\/\/www.simasa.com\/en\/wp-json\/wp\/v2\/product_cat?post=5466"},{"taxonomy":"product_tag","embeddable":true,"href":"https:\/\/www.simasa.com\/en\/wp-json\/wp\/v2\/product_tag?post=5466"}],"curies":[{"name":"wp","href":"https:\/\/api.w.org\/{rel}","templated":true}]}}