{"id":3603,"date":"2016-04-25T06:55:06","date_gmt":"2016-04-25T06:55:06","guid":{"rendered":"https:\/\/www.simasa.com\/en\/product\/bali-700-mk-230v-60hz-t\/"},"modified":"2017-12-29T10:53:51","modified_gmt":"2017-12-29T10:53:51","slug":"bali-700","status":"publish","type":"product","link":"https:\/\/www.simasa.com\/en\/producto\/bali-700\/","title":{"rendered":"BALI 700 Mekano"},"content":{"rendered":"<p>The innovative <strong>MEKANO<\/strong> concept applied to the <strong>BALI<\/strong> range provides a variety of 100% customizable block cutters, to better adapt to each customer needs.<\/p>\n<p>They are prepared to cut any kind of blocks, s<strong>uch as\u00a0pre-cast concrete, poroton, gasbeton or terracotta<\/strong>,\u00a0but also for many other construction materials:<\/p>\n<ul>\n<li>bricks<\/li>\n<li>terrazzo<\/li>\n<li>limestone<\/li>\n<li>sandstone<\/li>\n<li>kerbstones.<\/li>\n<\/ul>\n<p>Made to last: aluminium body and galvanized steel water\u00a0tub, <strong>providing higher resistance to oxidation<\/strong>.<\/p>\n<p><strong>The BALI 700<\/strong> series can use:<\/p>\n<ul>\n<li><em> \u00d8600<\/em><\/li>\n<li><em>\u00d8650<\/em><\/li>\n<li><em>\u00d8700 mm<\/em>\u00a0blades (24\u201d, 25\u201d and 27\u201d), delivering up to 270 mm deep\u00a0cuts in one pass.<\/li>\n<\/ul>\n<p><strong>The BALI 700<\/strong> series deliver a <strong>lighter and portable<\/strong> choice for\u00a0large blocks cutting. They are available both in three-phase\u00a0and single-phase versions, allowing these last ones their\u00a0connection to a standard power supply.<\/p>\n<p><strong>The versatile and rugged block cutter:<\/strong><\/p>\n<ul>\n<li>Its reduced size makes it easy to store.<\/li>\n<li>Anodized extruded aluminium body, durable and lighter for transportation and to move the machine at the job site.<\/li>\n<li>Galvanized steel basin to prevent oxidation.<\/li>\n<li>Deep cutting, ranging from 20 cm (7.8\u201d) in BALI 500 to 35 cm. (14\u201d) in BALI 700.<\/li>\n<li>The head can be easily adjusted in height to adapt to the different cutting depths needed.<\/li>\n<li>Low vibrations and extended blade performance when cutting, due to its robustness.<\/li>\n<li>Excellent machine for cutting the most common sizes of blocks.<\/li>\n<\/ul>\n<p><img loading=\"lazy\" decoding=\"async\" class=\"alignnone wp-image-8634 size-full\" src=\"https:\/\/www.simasa.com\/wp-content\/uploads\/2017\/05\/features-bali.jpg\" alt=\"\" width=\"1117\" height=\"494\" srcset=\"https:\/\/www.simasa.com\/wp-content\/uploads\/2017\/05\/features-bali.jpg 1117w, https:\/\/www.simasa.com\/wp-content\/uploads\/2017\/05\/features-bali-416x184.jpg 416w\" sizes=\"auto, (max-width: 1117px) 100vw, 1117px\" \/><\/p>\n<p>&nbsp;<\/p>\n<p><img loading=\"lazy\" decoding=\"async\" class=\"alignnone wp-image-8642 size-full\" src=\"https:\/\/www.simasa.com\/wp-content\/uploads\/2017\/05\/materials-bali-en.jpg\" alt=\"\" width=\"1119\" height=\"154\" srcset=\"https:\/\/www.simasa.com\/wp-content\/uploads\/2017\/05\/materials-bali-en.jpg 1119w, https:\/\/www.simasa.com\/wp-content\/uploads\/2017\/05\/materials-bali-en-416x57.jpg 416w\" sizes=\"auto, (max-width: 1119px) 100vw, 1119px\" \/><\/p>\n<p><img loading=\"lazy\" decoding=\"async\" class=\"alignnone wp-image-8666 size-full\" src=\"https:\/\/www.simasa.com\/wp-content\/uploads\/2017\/05\/tabla-bali700-en.jpg\" alt=\"\" width=\"1117\" height=\"353\" srcset=\"https:\/\/www.simasa.com\/wp-content\/uploads\/2017\/05\/tabla-bali700-en.jpg 1117w, https:\/\/www.simasa.com\/wp-content\/uploads\/2017\/05\/tabla-bali700-en-416x131.jpg 416w\" sizes=\"auto, (max-width: 1117px) 100vw, 1117px\" \/><\/p>\n<p>&nbsp;<\/p>\n<p><iframe loading=\"lazy\" src=\"https:\/\/www.youtube.com\/embed\/8051EJE3eRQ\" width=\"700\" height=\"394\" frameborder=\"0\" allowfullscreen=\"allowfullscreen\"><\/iframe><\/p>\n","protected":false},"excerpt":{"rendered":"<p>The innovative <strong>Mekano<\/strong> concept applied to the BALI range\u00a0provides a variety of <strong>100% customizable block cutters.<\/strong>The <strong>BALI 700<\/strong> series can use \u00d8600, \u00d8650 and \u00d8700 mm blades (24&#8243;, 25&#8243; and 27&#8243;), delivering up to 270 mm (deep cuts in one pass.<\/p>\n<p>&nbsp;<\/p>\n","protected":false},"featured_media":5453,"comment_status":"open","ping_status":"closed","template":"","meta":{"_acf_changed":false},"product_brand":[],"product_cat":[1820],"product_tag":[2763],"class_list":{"0":"post-3603","1":"product","2":"type-product","3":"status-publish","4":"has-post-thumbnail","6":"product_cat-block-and-stone-saws","7":"product_tag-masonry-saws-en-2","8":"pa_45-cutting-no-45-cutting","9":"pa_blade-included-no-en","10":"pa_max-blade-diameter-mm-3755","11":"pa_max-cutting-depth-mm-3877","12":"pa_max-cutting-length-mm-3920","14":"first","15":"instock","16":"shipping-taxable","17":"product-type-simple"},"acf":[],"yoast_head":"<!-- This site is optimized with the Yoast SEO plugin v27.2 - https:\/\/yoast.com\/product\/yoast-seo-wordpress\/ -->\n<title>Masonry Saws - BALI 700 Mekano | Sima<\/title>\n<meta name=\"description\" content=\"BALI 700 Mekano. The innovative Mekano concept applied to the BALI range\u00a0provides a variety of 100% customizable block cutters.The BALI 700 series can use \u00d8600, \u00d8650 and \u00d8700 mm blades (24&quot;, 25&quot; and 27&quot;), delivering up to 270 mm (deep cuts in one pass.  &nbsp;\" \/>\n<meta name=\"robots\" content=\"noindex, follow\" \/>\n<meta property=\"og:locale\" content=\"en_US\" \/>\n<meta property=\"og:type\" content=\"article\" \/>\n<meta property=\"og:title\" content=\"Masonry Saws - BALI 700 Mekano | Sima\" \/>\n<meta property=\"og:description\" content=\"BALI 700 Mekano. The innovative Mekano concept applied to the BALI range\u00a0provides a variety of 100% customizable block cutters.The BALI 700 series can use \u00d8600, \u00d8650 and \u00d8700 mm blades (24&quot;, 25&quot; and 27&quot;), delivering up to 270 mm (deep cuts in one pass.  &nbsp;\" \/>\n<meta property=\"og:url\" content=\"https:\/\/www.simasa.com\/en\/producto\/bali-700\/\" \/>\n<meta property=\"og:site_name\" content=\"Sima\" \/>\n<meta property=\"article:modified_time\" content=\"2017-12-29T10:53:51+00:00\" \/>\n<meta property=\"og:image\" content=\"https:\/\/www.simasa.com\/wp-content\/uploads\/2016\/04\/SIMA-BALI-700.png\" \/>\n\t<meta property=\"og:image:width\" content=\"980\" \/>\n\t<meta property=\"og:image:height\" content=\"980\" \/>\n\t<meta property=\"og:image:type\" content=\"image\/png\" \/>\n<meta name=\"twitter:card\" content=\"summary_large_image\" \/>\n<meta name=\"twitter:label1\" content=\"Est. reading time\" \/>\n\t<meta name=\"twitter:data1\" content=\"1 minute\" \/>\n<script type=\"application\/ld+json\" class=\"yoast-schema-graph\">{\"@context\":\"https:\/\/schema.org\",\"@graph\":[{\"@type\":\"WebPage\",\"@id\":\"https:\/\/www.simasa.com\/en\/producto\/bali-700\/\",\"url\":\"https:\/\/www.simasa.com\/en\/producto\/bali-700\/\",\"name\":\"Masonry Saws - BALI 700 Mekano | Sima\",\"isPartOf\":{\"@id\":\"https:\/\/www.simasa.com\/en\/#website\"},\"primaryImageOfPage\":{\"@id\":\"https:\/\/www.simasa.com\/en\/producto\/bali-700\/#primaryimage\"},\"image\":{\"@id\":\"https:\/\/www.simasa.com\/en\/producto\/bali-700\/#primaryimage\"},\"thumbnailUrl\":\"https:\/\/www.simasa.com\/wp-content\/uploads\/2016\/04\/SIMA-BALI-700.png\",\"datePublished\":\"2016-04-25T06:55:06+00:00\",\"dateModified\":\"2017-12-29T10:53:51+00:00\",\"description\":\"BALI 700 Mekano. The innovative Mekano concept applied to the BALI range\u00a0provides a variety of 100% customizable block cutters.The BALI 700 series can use \u00d8600, \u00d8650 and \u00d8700 mm blades (24\\\", 25\\\" and 27\\\"), delivering up to 270 mm (deep cuts in one pass. &nbsp;\",\"breadcrumb\":{\"@id\":\"https:\/\/www.simasa.com\/en\/producto\/bali-700\/#breadcrumb\"},\"inLanguage\":\"en-US\",\"potentialAction\":[{\"@type\":\"ReadAction\",\"target\":[\"https:\/\/www.simasa.com\/en\/producto\/bali-700\/\"]}]},{\"@type\":\"ImageObject\",\"inLanguage\":\"en-US\",\"@id\":\"https:\/\/www.simasa.com\/en\/producto\/bali-700\/#primaryimage\",\"url\":\"https:\/\/www.simasa.com\/wp-content\/uploads\/2016\/04\/SIMA-BALI-700.png\",\"contentUrl\":\"https:\/\/www.simasa.com\/wp-content\/uploads\/2016\/04\/SIMA-BALI-700.png\",\"width\":2466,\"height\":2466},{\"@type\":\"BreadcrumbList\",\"@id\":\"https:\/\/www.simasa.com\/en\/producto\/bali-700\/#breadcrumb\",\"itemListElement\":[{\"@type\":\"ListItem\",\"position\":1,\"name\":\"Inicio\",\"item\":\"https:\/\/www.simasa.com\/en\/\"},{\"@type\":\"ListItem\",\"position\":2,\"name\":\"Catalogue\",\"item\":\"https:\/\/www.simasa.com\/en\/catalog-sima\/\"},{\"@type\":\"ListItem\",\"position\":3,\"name\":\"BALI 700 Mekano\"}]},{\"@type\":\"WebSite\",\"@id\":\"https:\/\/www.simasa.com\/en\/#website\",\"url\":\"https:\/\/www.simasa.com\/en\/\",\"name\":\"Sima\",\"description\":\"Fabricantes de maquinaria para la construcci\u00f3n\",\"publisher\":{\"@id\":\"https:\/\/www.simasa.com\/en\/#organization\"},\"potentialAction\":[{\"@type\":\"SearchAction\",\"target\":{\"@type\":\"EntryPoint\",\"urlTemplate\":\"https:\/\/www.simasa.com\/en\/?s={search_term_string}\"},\"query-input\":{\"@type\":\"PropertyValueSpecification\",\"valueRequired\":true,\"valueName\":\"search_term_string\"}}],\"inLanguage\":\"en-US\"},{\"@type\":\"Organization\",\"@id\":\"https:\/\/www.simasa.com\/en\/#organization\",\"name\":\"Sima\",\"url\":\"https:\/\/www.simasa.com\/en\/\",\"logo\":{\"@type\":\"ImageObject\",\"inLanguage\":\"en-US\",\"@id\":\"https:\/\/www.simasa.com\/en\/#\/schema\/logo\/image\/\",\"url\":\"https:\/\/www.simasa.com\/wp-content\/uploads\/2016\/03\/logo-1.jpg\",\"contentUrl\":\"https:\/\/www.simasa.com\/wp-content\/uploads\/2016\/03\/logo-1.jpg\",\"width\":121,\"height\":54,\"caption\":\"Sima\"},\"image\":{\"@id\":\"https:\/\/www.simasa.com\/en\/#\/schema\/logo\/image\/\"}}]}<\/script>\n<!-- \/ Yoast SEO plugin. -->","yoast_head_json":{"title":"Masonry Saws - BALI 700 Mekano | Sima","description":"BALI 700 Mekano. The innovative Mekano concept applied to the BALI range\u00a0provides a variety of 100% customizable block cutters.The BALI 700 series can use \u00d8600, \u00d8650 and \u00d8700 mm blades (24\", 25\" and 27\"), delivering up to 270 mm (deep cuts in one pass.  &nbsp;","robots":{"index":"noindex","follow":"follow"},"og_locale":"en_US","og_type":"article","og_title":"Masonry Saws - BALI 700 Mekano | Sima","og_description":"BALI 700 Mekano. The innovative Mekano concept applied to the BALI range\u00a0provides a variety of 100% customizable block cutters.The BALI 700 series can use \u00d8600, \u00d8650 and \u00d8700 mm blades (24\", 25\" and 27\"), delivering up to 270 mm (deep cuts in one pass.  &nbsp;","og_url":"https:\/\/www.simasa.com\/en\/producto\/bali-700\/","og_site_name":"Sima","article_modified_time":"2017-12-29T10:53:51+00:00","og_image":[{"url":"https:\/\/www.simasa.com\/wp-content\/uploads\/2016\/04\/SIMA-BALI-700.png","width":980,"height":980,"type":"image\/png"}],"twitter_card":"summary_large_image","twitter_misc":{"Est. reading time":"1 minute"},"schema":{"@context":"https:\/\/schema.org","@graph":[{"@type":"WebPage","@id":"https:\/\/www.simasa.com\/en\/producto\/bali-700\/","url":"https:\/\/www.simasa.com\/en\/producto\/bali-700\/","name":"Masonry Saws - BALI 700 Mekano | Sima","isPartOf":{"@id":"https:\/\/www.simasa.com\/en\/#website"},"primaryImageOfPage":{"@id":"https:\/\/www.simasa.com\/en\/producto\/bali-700\/#primaryimage"},"image":{"@id":"https:\/\/www.simasa.com\/en\/producto\/bali-700\/#primaryimage"},"thumbnailUrl":"https:\/\/www.simasa.com\/wp-content\/uploads\/2016\/04\/SIMA-BALI-700.png","datePublished":"2016-04-25T06:55:06+00:00","dateModified":"2017-12-29T10:53:51+00:00","description":"BALI 700 Mekano. The innovative Mekano concept applied to the BALI range\u00a0provides a variety of 100% customizable block cutters.The BALI 700 series can use \u00d8600, \u00d8650 and \u00d8700 mm blades (24\", 25\" and 27\"), delivering up to 270 mm (deep cuts in one pass. &nbsp;","breadcrumb":{"@id":"https:\/\/www.simasa.com\/en\/producto\/bali-700\/#breadcrumb"},"inLanguage":"en-US","potentialAction":[{"@type":"ReadAction","target":["https:\/\/www.simasa.com\/en\/producto\/bali-700\/"]}]},{"@type":"ImageObject","inLanguage":"en-US","@id":"https:\/\/www.simasa.com\/en\/producto\/bali-700\/#primaryimage","url":"https:\/\/www.simasa.com\/wp-content\/uploads\/2016\/04\/SIMA-BALI-700.png","contentUrl":"https:\/\/www.simasa.com\/wp-content\/uploads\/2016\/04\/SIMA-BALI-700.png","width":2466,"height":2466},{"@type":"BreadcrumbList","@id":"https:\/\/www.simasa.com\/en\/producto\/bali-700\/#breadcrumb","itemListElement":[{"@type":"ListItem","position":1,"name":"Inicio","item":"https:\/\/www.simasa.com\/en\/"},{"@type":"ListItem","position":2,"name":"Catalogue","item":"https:\/\/www.simasa.com\/en\/catalog-sima\/"},{"@type":"ListItem","position":3,"name":"BALI 700 Mekano"}]},{"@type":"WebSite","@id":"https:\/\/www.simasa.com\/en\/#website","url":"https:\/\/www.simasa.com\/en\/","name":"Sima","description":"Fabricantes de maquinaria para la construcci\u00f3n","publisher":{"@id":"https:\/\/www.simasa.com\/en\/#organization"},"potentialAction":[{"@type":"SearchAction","target":{"@type":"EntryPoint","urlTemplate":"https:\/\/www.simasa.com\/en\/?s={search_term_string}"},"query-input":{"@type":"PropertyValueSpecification","valueRequired":true,"valueName":"search_term_string"}}],"inLanguage":"en-US"},{"@type":"Organization","@id":"https:\/\/www.simasa.com\/en\/#organization","name":"Sima","url":"https:\/\/www.simasa.com\/en\/","logo":{"@type":"ImageObject","inLanguage":"en-US","@id":"https:\/\/www.simasa.com\/en\/#\/schema\/logo\/image\/","url":"https:\/\/www.simasa.com\/wp-content\/uploads\/2016\/03\/logo-1.jpg","contentUrl":"https:\/\/www.simasa.com\/wp-content\/uploads\/2016\/03\/logo-1.jpg","width":121,"height":54,"caption":"Sima"},"image":{"@id":"https:\/\/www.simasa.com\/en\/#\/schema\/logo\/image\/"}}]}},"_links":{"self":[{"href":"https:\/\/www.simasa.com\/en\/wp-json\/wp\/v2\/product\/3603","targetHints":{"allow":["GET"]}}],"collection":[{"href":"https:\/\/www.simasa.com\/en\/wp-json\/wp\/v2\/product"}],"about":[{"href":"https:\/\/www.simasa.com\/en\/wp-json\/wp\/v2\/types\/product"}],"replies":[{"embeddable":true,"href":"https:\/\/www.simasa.com\/en\/wp-json\/wp\/v2\/comments?post=3603"}],"wp:featuredmedia":[{"embeddable":true,"href":"https:\/\/www.simasa.com\/en\/wp-json\/wp\/v2\/media\/5453"}],"wp:attachment":[{"href":"https:\/\/www.simasa.com\/en\/wp-json\/wp\/v2\/media?parent=3603"}],"wp:term":[{"taxonomy":"product_brand","embeddable":true,"href":"https:\/\/www.simasa.com\/en\/wp-json\/wp\/v2\/product_brand?post=3603"},{"taxonomy":"product_cat","embeddable":true,"href":"https:\/\/www.simasa.com\/en\/wp-json\/wp\/v2\/product_cat?post=3603"},{"taxonomy":"product_tag","embeddable":true,"href":"https:\/\/www.simasa.com\/en\/wp-json\/wp\/v2\/product_tag?post=3603"}],"curies":[{"name":"wp","href":"https:\/\/api.w.org\/{rel}","templated":true}]}}