{"id":12632,"date":"2026-01-09T15:45:02","date_gmt":"2026-01-09T14:45:02","guid":{"rendered":"https:\/\/www.simasa.com\/?post_type=product&#038;p=12632"},"modified":"2026-01-29T09:41:48","modified_gmt":"2026-01-29T08:41:48","slug":"star-12-2","status":"publish","type":"product","link":"https:\/\/www.simasa.com\/en\/producto\/star-12-2\/","title":{"rendered":"STAR &#8211; 12"},"content":{"rendered":"<h1 data-start=\"110\" data-end=\"387\"><strong data-start=\"110\" data-end=\"126\">Dobladora de Estribos STAR &#8211; 12<\/strong><\/h1>\n<p data-start=\"110\" data-end=\"387\"><strong data-start=\"110\" data-end=\"126\"><br \/>\nSTAR-12 <\/strong>es una estribadora port\u00e1til dise\u00f1ada para maximizar productividad, precisi\u00f3n y seguridad en obra o taller. Su arquitectura compacta y su tecnolog\u00eda de control avanzada permiten fabricar estribos hasta \u00d812 mm con alto rendimiento y m\u00ednimo esfuerzo del operario.<\/p>\n<p data-start=\"389\" data-end=\"416\"><strong data-start=\"389\" data-end=\"416\">Aspectos diferenciales:<\/strong><\/p>\n<ul data-start=\"417\" data-end=\"971\">\n<li data-start=\"417\" data-end=\"525\">\n<p data-start=\"419\" data-end=\"525\"><strong>Motor trif\u00e1sico IE3<\/strong> de alta eficiencia con inverter: m\u00e1s robustez, protecci\u00f3n el\u00e9ctrica y mayor vida \u00fatil.<\/p>\n<\/li>\n<li data-start=\"526\" data-end=\"648\">\n<p data-start=\"528\" data-end=\"648\"><strong>Selector de \u00e1ngulos de precisi\u00f3n con doble pedal<\/strong>: cambios r\u00e1pidos sin soltar estribos, ideal para estribos antis\u00edsmicos.<\/p>\n<\/li>\n<li data-start=\"649\" data-end=\"746\">\n<p data-start=\"651\" data-end=\"746\"><strong>Motoreductor sin fin<\/strong>: funcionamiento silencioso, suave y con autobloqueo para m\u00e1xima precisi\u00f3n.<\/p>\n<\/li>\n<li data-start=\"747\" data-end=\"843\">\n<p data-start=\"749\" data-end=\"843\"><strong>Sensores inductivos sin contacto<\/strong>: sin desgaste, resistentes a suciedad, vibraciones y humedad.<\/p>\n<\/li>\n<li data-start=\"844\" data-end=\"896\">\n<p data-start=\"846\" data-end=\"896\"><strong>Producci\u00f3n eficiente:<\/strong> hasta 400\u2013500 estribos\/hora.<\/p>\n<\/li>\n<li data-start=\"897\" data-end=\"971\">\n<p data-start=\"899\" data-end=\"971\">Dise\u00f1o pensado para <strong>f\u00e1cil mantenimiento y m\u00e1xima seguridad<\/strong> del operario.<\/p>\n<\/li>\n<\/ul>\n<p>&nbsp;<\/p>\n<p><img loading=\"lazy\" decoding=\"async\" class=\"alignnone size-full wp-image-12605\" src=\"https:\/\/www.simasa.com\/wp-content\/uploads\/2026\/01\/STAR-12-Foto-1-ESP.jpg\" alt=\"\" width=\"805\" height=\"1028\" srcset=\"https:\/\/www.simasa.com\/wp-content\/uploads\/2026\/01\/STAR-12-Foto-1-ESP.jpg 805w, https:\/\/www.simasa.com\/wp-content\/uploads\/2026\/01\/STAR-12-Foto-1-ESP-235x300.jpg 235w, https:\/\/www.simasa.com\/wp-content\/uploads\/2026\/01\/STAR-12-Foto-1-ESP-802x1024.jpg 802w, https:\/\/www.simasa.com\/wp-content\/uploads\/2026\/01\/STAR-12-Foto-1-ESP-768x981.jpg 768w, https:\/\/www.simasa.com\/wp-content\/uploads\/2026\/01\/STAR-12-Foto-1-ESP-416x531.jpg 416w\" sizes=\"auto, (max-width: 805px) 100vw, 805px\" \/><br \/>\n<img loading=\"lazy\" decoding=\"async\" class=\"alignnone size-full wp-image-12606\" src=\"https:\/\/www.simasa.com\/wp-content\/uploads\/2026\/01\/STAR-12-Foto-2-ESP.jpg\" alt=\"\" width=\"808\" height=\"1148\" srcset=\"https:\/\/www.simasa.com\/wp-content\/uploads\/2026\/01\/STAR-12-Foto-2-ESP.jpg 808w, https:\/\/www.simasa.com\/wp-content\/uploads\/2026\/01\/STAR-12-Foto-2-ESP-211x300.jpg 211w, https:\/\/www.simasa.com\/wp-content\/uploads\/2026\/01\/STAR-12-Foto-2-ESP-721x1024.jpg 721w, https:\/\/www.simasa.com\/wp-content\/uploads\/2026\/01\/STAR-12-Foto-2-ESP-768x1091.jpg 768w, https:\/\/www.simasa.com\/wp-content\/uploads\/2026\/01\/STAR-12-Foto-2-ESP-416x591.jpg 416w\" sizes=\"auto, (max-width: 808px) 100vw, 808px\" \/><\/p>\n<p><iframe loading=\"lazy\" src=\"https:\/\/www.youtube.com\/embed\/JudF7DXyjSE\" width=\"945\" height=\"540\" frameborder=\"0\" allowfullscreen=\"allowfullscreen\"><span data-mce-type=\"bookmark\" style=\"display: inline-block; width: 0px; overflow: hidden; line-height: 0;\" class=\"mce_SELRES_start\">\ufeff<\/span><\/iframe><\/p>\n","protected":false},"excerpt":{"rendered":"<p><b data-path-to-node=\"2,0\" data-index-in-node=\"3\">SIMA STAR 12 <\/b>es la estribadora m\u00e1s compacta y eficiente de su categor\u00eda. Con solo <b data-path-to-node=\"2,0\" data-index-in-node=\"90\">70 kg de peso<\/b> y capacidad para doblar varilla de hasta <b data-path-to-node=\"2,0\" data-index-in-node=\"145\">12 mm<\/b>, cabe en el maletero de un coche. Equipada con un motor de 2 CV y tecnolog\u00eda <b data-path-to-node=\"2,0\" data-index-in-node=\"228\">Direct Drive<\/b> (transmisi\u00f3n directa sin correas), ofrece m\u00e1xima potencia con <b data-path-to-node=\"2,0\" data-index-in-node=\"303\">cero mantenimiento<\/b>. La soluci\u00f3n port\u00e1til definitiva para la elaboraci\u00f3n de estribos en obra.<\/p>\n<p>&nbsp;<\/p>\n","protected":false},"featured_media":12608,"comment_status":"open","ping_status":"closed","template":"","meta":{"_acf_changed":false},"product_brand":[],"product_cat":[1834],"product_tag":[3730],"class_list":{"0":"post-12632","1":"product","2":"type-product","3":"status-publish","4":"has-post-thumbnail","6":"product_cat-electric-stirrups-benders","7":"product_tag-dobladora-de-espirales","8":"pa_power-electric","10":"first","11":"instock","12":"shipping-taxable","13":"product-type-simple"},"acf":[],"yoast_head":"<!-- This site is optimized with the Yoast SEO plugin v27.2 - https:\/\/yoast.com\/product\/yoast-seo-wordpress\/ -->\n<title>Dobladora de Espirales - STAR - 12 | Sima<\/title>\n<meta name=\"description\" content=\"STAR - 12. SIMA STAR 12 es la estribadora m\u00e1s compacta y eficiente de su categor\u00eda. Con solo 70 kg de peso y capacidad para doblar varilla de hasta 12 mm, cabe en el maletero de un coche. Equipada con un motor de 2 CV y tecnolog\u00eda Direct Drive (transmisi\u00f3n directa sin correas), ofrece m\u00e1xima potencia con cero mantenimiento. La soluci\u00f3n port\u00e1til definitiva para la elaboraci\u00f3n de estribos en obra.  &nbsp;\" \/>\n<meta name=\"robots\" content=\"noindex, follow\" \/>\n<meta property=\"og:locale\" content=\"en_US\" \/>\n<meta property=\"og:type\" content=\"article\" \/>\n<meta property=\"og:title\" content=\"Dobladora de Espirales - STAR - 12 | Sima\" \/>\n<meta property=\"og:description\" content=\"STAR - 12. SIMA STAR 12 es la estribadora m\u00e1s compacta y eficiente de su categor\u00eda. Con solo 70 kg de peso y capacidad para doblar varilla de hasta 12 mm, cabe en el maletero de un coche. Equipada con un motor de 2 CV y tecnolog\u00eda Direct Drive (transmisi\u00f3n directa sin correas), ofrece m\u00e1xima potencia con cero mantenimiento. La soluci\u00f3n port\u00e1til definitiva para la elaboraci\u00f3n de estribos en obra.  &nbsp;\" \/>\n<meta property=\"og:url\" content=\"https:\/\/www.simasa.com\/en\/producto\/star-12-2\/\" \/>\n<meta property=\"og:site_name\" content=\"Sima\" \/>\n<meta property=\"article:modified_time\" content=\"2026-01-29T08:41:48+00:00\" \/>\n<meta property=\"og:image\" content=\"https:\/\/www.simasa.com\/wp-content\/uploads\/2026\/01\/Imagen-de-Calidad-STAR-12.jpg\" \/>\n\t<meta property=\"og:image:width\" content=\"2396\" \/>\n\t<meta property=\"og:image:height\" content=\"2396\" \/>\n\t<meta property=\"og:image:type\" content=\"image\/jpeg\" \/>\n<meta name=\"twitter:card\" content=\"summary_large_image\" \/>\n<meta name=\"twitter:label1\" content=\"Est. reading time\" \/>\n\t<meta name=\"twitter:data1\" content=\"2 minutes\" \/>\n<script type=\"application\/ld+json\" class=\"yoast-schema-graph\">{\"@context\":\"https:\/\/schema.org\",\"@graph\":[{\"@type\":\"WebPage\",\"@id\":\"https:\/\/www.simasa.com\/en\/producto\/star-12-2\/\",\"url\":\"https:\/\/www.simasa.com\/en\/producto\/star-12-2\/\",\"name\":\"Dobladora de Espirales - STAR - 12 | Sima\",\"isPartOf\":{\"@id\":\"https:\/\/www.simasa.com\/en\/#website\"},\"primaryImageOfPage\":{\"@id\":\"https:\/\/www.simasa.com\/en\/producto\/star-12-2\/#primaryimage\"},\"image\":{\"@id\":\"https:\/\/www.simasa.com\/en\/producto\/star-12-2\/#primaryimage\"},\"thumbnailUrl\":\"https:\/\/www.simasa.com\/wp-content\/uploads\/2026\/01\/Imagen-de-Calidad-STAR-12.jpg\",\"datePublished\":\"2026-01-09T14:45:02+00:00\",\"dateModified\":\"2026-01-29T08:41:48+00:00\",\"description\":\"STAR - 12. SIMA STAR 12 es la estribadora m\u00e1s compacta y eficiente de su categor\u00eda. Con solo 70 kg de peso y capacidad para doblar varilla de hasta 12 mm, cabe en el maletero de un coche. Equipada con un motor de 2 CV y tecnolog\u00eda Direct Drive (transmisi\u00f3n directa sin correas), ofrece m\u00e1xima potencia con cero mantenimiento. La soluci\u00f3n port\u00e1til definitiva para la elaboraci\u00f3n de estribos en obra. &nbsp;\",\"breadcrumb\":{\"@id\":\"https:\/\/www.simasa.com\/en\/producto\/star-12-2\/#breadcrumb\"},\"inLanguage\":\"en-US\",\"potentialAction\":[{\"@type\":\"ReadAction\",\"target\":[\"https:\/\/www.simasa.com\/en\/producto\/star-12-2\/\"]}]},{\"@type\":\"ImageObject\",\"inLanguage\":\"en-US\",\"@id\":\"https:\/\/www.simasa.com\/en\/producto\/star-12-2\/#primaryimage\",\"url\":\"https:\/\/www.simasa.com\/wp-content\/uploads\/2026\/01\/Imagen-de-Calidad-STAR-12.jpg\",\"contentUrl\":\"https:\/\/www.simasa.com\/wp-content\/uploads\/2026\/01\/Imagen-de-Calidad-STAR-12.jpg\",\"width\":2396,\"height\":2396},{\"@type\":\"BreadcrumbList\",\"@id\":\"https:\/\/www.simasa.com\/en\/producto\/star-12-2\/#breadcrumb\",\"itemListElement\":[{\"@type\":\"ListItem\",\"position\":1,\"name\":\"Inicio\",\"item\":\"https:\/\/www.simasa.com\/en\/\"},{\"@type\":\"ListItem\",\"position\":2,\"name\":\"Catalogue\",\"item\":\"https:\/\/www.simasa.com\/en\/catalog-sima\/\"},{\"@type\":\"ListItem\",\"position\":3,\"name\":\"STAR &#8211; 12\"}]},{\"@type\":\"WebSite\",\"@id\":\"https:\/\/www.simasa.com\/en\/#website\",\"url\":\"https:\/\/www.simasa.com\/en\/\",\"name\":\"Sima\",\"description\":\"Fabricantes de maquinaria para la construcci\u00f3n\",\"publisher\":{\"@id\":\"https:\/\/www.simasa.com\/en\/#organization\"},\"potentialAction\":[{\"@type\":\"SearchAction\",\"target\":{\"@type\":\"EntryPoint\",\"urlTemplate\":\"https:\/\/www.simasa.com\/en\/?s={search_term_string}\"},\"query-input\":{\"@type\":\"PropertyValueSpecification\",\"valueRequired\":true,\"valueName\":\"search_term_string\"}}],\"inLanguage\":\"en-US\"},{\"@type\":\"Organization\",\"@id\":\"https:\/\/www.simasa.com\/en\/#organization\",\"name\":\"Sima\",\"url\":\"https:\/\/www.simasa.com\/en\/\",\"logo\":{\"@type\":\"ImageObject\",\"inLanguage\":\"en-US\",\"@id\":\"https:\/\/www.simasa.com\/en\/#\/schema\/logo\/image\/\",\"url\":\"https:\/\/www.simasa.com\/wp-content\/uploads\/2016\/03\/logo-1.jpg\",\"contentUrl\":\"https:\/\/www.simasa.com\/wp-content\/uploads\/2016\/03\/logo-1.jpg\",\"width\":121,\"height\":54,\"caption\":\"Sima\"},\"image\":{\"@id\":\"https:\/\/www.simasa.com\/en\/#\/schema\/logo\/image\/\"}}]}<\/script>\n<!-- \/ Yoast SEO plugin. -->","yoast_head_json":{"title":"Dobladora de Espirales - STAR - 12 | Sima","description":"STAR - 12. SIMA STAR 12 es la estribadora m\u00e1s compacta y eficiente de su categor\u00eda. Con solo 70 kg de peso y capacidad para doblar varilla de hasta 12 mm, cabe en el maletero de un coche. Equipada con un motor de 2 CV y tecnolog\u00eda Direct Drive (transmisi\u00f3n directa sin correas), ofrece m\u00e1xima potencia con cero mantenimiento. La soluci\u00f3n port\u00e1til definitiva para la elaboraci\u00f3n de estribos en obra.  &nbsp;","robots":{"index":"noindex","follow":"follow"},"og_locale":"en_US","og_type":"article","og_title":"Dobladora de Espirales - STAR - 12 | Sima","og_description":"STAR - 12. SIMA STAR 12 es la estribadora m\u00e1s compacta y eficiente de su categor\u00eda. Con solo 70 kg de peso y capacidad para doblar varilla de hasta 12 mm, cabe en el maletero de un coche. Equipada con un motor de 2 CV y tecnolog\u00eda Direct Drive (transmisi\u00f3n directa sin correas), ofrece m\u00e1xima potencia con cero mantenimiento. La soluci\u00f3n port\u00e1til definitiva para la elaboraci\u00f3n de estribos en obra.  &nbsp;","og_url":"https:\/\/www.simasa.com\/en\/producto\/star-12-2\/","og_site_name":"Sima","article_modified_time":"2026-01-29T08:41:48+00:00","og_image":[{"width":2396,"height":2396,"url":"https:\/\/www.simasa.com\/wp-content\/uploads\/2026\/01\/Imagen-de-Calidad-STAR-12.jpg","type":"image\/jpeg"}],"twitter_card":"summary_large_image","twitter_misc":{"Est. reading time":"2 minutes"},"schema":{"@context":"https:\/\/schema.org","@graph":[{"@type":"WebPage","@id":"https:\/\/www.simasa.com\/en\/producto\/star-12-2\/","url":"https:\/\/www.simasa.com\/en\/producto\/star-12-2\/","name":"Dobladora de Espirales - STAR - 12 | Sima","isPartOf":{"@id":"https:\/\/www.simasa.com\/en\/#website"},"primaryImageOfPage":{"@id":"https:\/\/www.simasa.com\/en\/producto\/star-12-2\/#primaryimage"},"image":{"@id":"https:\/\/www.simasa.com\/en\/producto\/star-12-2\/#primaryimage"},"thumbnailUrl":"https:\/\/www.simasa.com\/wp-content\/uploads\/2026\/01\/Imagen-de-Calidad-STAR-12.jpg","datePublished":"2026-01-09T14:45:02+00:00","dateModified":"2026-01-29T08:41:48+00:00","description":"STAR - 12. SIMA STAR 12 es la estribadora m\u00e1s compacta y eficiente de su categor\u00eda. Con solo 70 kg de peso y capacidad para doblar varilla de hasta 12 mm, cabe en el maletero de un coche. Equipada con un motor de 2 CV y tecnolog\u00eda Direct Drive (transmisi\u00f3n directa sin correas), ofrece m\u00e1xima potencia con cero mantenimiento. La soluci\u00f3n port\u00e1til definitiva para la elaboraci\u00f3n de estribos en obra. &nbsp;","breadcrumb":{"@id":"https:\/\/www.simasa.com\/en\/producto\/star-12-2\/#breadcrumb"},"inLanguage":"en-US","potentialAction":[{"@type":"ReadAction","target":["https:\/\/www.simasa.com\/en\/producto\/star-12-2\/"]}]},{"@type":"ImageObject","inLanguage":"en-US","@id":"https:\/\/www.simasa.com\/en\/producto\/star-12-2\/#primaryimage","url":"https:\/\/www.simasa.com\/wp-content\/uploads\/2026\/01\/Imagen-de-Calidad-STAR-12.jpg","contentUrl":"https:\/\/www.simasa.com\/wp-content\/uploads\/2026\/01\/Imagen-de-Calidad-STAR-12.jpg","width":2396,"height":2396},{"@type":"BreadcrumbList","@id":"https:\/\/www.simasa.com\/en\/producto\/star-12-2\/#breadcrumb","itemListElement":[{"@type":"ListItem","position":1,"name":"Inicio","item":"https:\/\/www.simasa.com\/en\/"},{"@type":"ListItem","position":2,"name":"Catalogue","item":"https:\/\/www.simasa.com\/en\/catalog-sima\/"},{"@type":"ListItem","position":3,"name":"STAR &#8211; 12"}]},{"@type":"WebSite","@id":"https:\/\/www.simasa.com\/en\/#website","url":"https:\/\/www.simasa.com\/en\/","name":"Sima","description":"Fabricantes de maquinaria para la construcci\u00f3n","publisher":{"@id":"https:\/\/www.simasa.com\/en\/#organization"},"potentialAction":[{"@type":"SearchAction","target":{"@type":"EntryPoint","urlTemplate":"https:\/\/www.simasa.com\/en\/?s={search_term_string}"},"query-input":{"@type":"PropertyValueSpecification","valueRequired":true,"valueName":"search_term_string"}}],"inLanguage":"en-US"},{"@type":"Organization","@id":"https:\/\/www.simasa.com\/en\/#organization","name":"Sima","url":"https:\/\/www.simasa.com\/en\/","logo":{"@type":"ImageObject","inLanguage":"en-US","@id":"https:\/\/www.simasa.com\/en\/#\/schema\/logo\/image\/","url":"https:\/\/www.simasa.com\/wp-content\/uploads\/2016\/03\/logo-1.jpg","contentUrl":"https:\/\/www.simasa.com\/wp-content\/uploads\/2016\/03\/logo-1.jpg","width":121,"height":54,"caption":"Sima"},"image":{"@id":"https:\/\/www.simasa.com\/en\/#\/schema\/logo\/image\/"}}]}},"_links":{"self":[{"href":"https:\/\/www.simasa.com\/en\/wp-json\/wp\/v2\/product\/12632","targetHints":{"allow":["GET"]}}],"collection":[{"href":"https:\/\/www.simasa.com\/en\/wp-json\/wp\/v2\/product"}],"about":[{"href":"https:\/\/www.simasa.com\/en\/wp-json\/wp\/v2\/types\/product"}],"replies":[{"embeddable":true,"href":"https:\/\/www.simasa.com\/en\/wp-json\/wp\/v2\/comments?post=12632"}],"wp:featuredmedia":[{"embeddable":true,"href":"https:\/\/www.simasa.com\/en\/wp-json\/wp\/v2\/media\/12608"}],"wp:attachment":[{"href":"https:\/\/www.simasa.com\/en\/wp-json\/wp\/v2\/media?parent=12632"}],"wp:term":[{"taxonomy":"product_brand","embeddable":true,"href":"https:\/\/www.simasa.com\/en\/wp-json\/wp\/v2\/product_brand?post=12632"},{"taxonomy":"product_cat","embeddable":true,"href":"https:\/\/www.simasa.com\/en\/wp-json\/wp\/v2\/product_cat?post=12632"},{"taxonomy":"product_tag","embeddable":true,"href":"https:\/\/www.simasa.com\/en\/wp-json\/wp\/v2\/product_tag?post=12632"}],"curies":[{"name":"wp","href":"https:\/\/api.w.org\/{rel}","templated":true}]}}