{"id":8563,"date":"2016-05-25T15:48:10","date_gmt":"2017-12-25T12:15:46","guid":{"rendered":"https:\/\/www.simasa.com\/?post_type=product&#038;p=8563"},"modified":"2018-05-08T10:23:43","modified_gmt":"2018-05-08T10:23:43","slug":"ata-450","status":"publish","type":"product","link":"https:\/\/www.simasa.com\/de\/producto\/ata-450\/","title":{"rendered":"ATA 450 Li"},"content":{"rendered":"<p>Die betonstahl Bindemaschine <strong>SIMA ATA 450<\/strong> Li ist schnell und hat eine feste Bindung.<\/p>\n<ul>\n<li>Wahlschalter f\u00fcr Bindung mit 2 oder 3 Drahtwindungen und 5 Stufen f\u00fcr die Regulierung der Bindst\u00e4rke.<\/li>\n<li>H\u00f6here Bindest\u00e4rke im Vergleich zu \u00e4hnlichen Produkten der Konkurrenz. Erfordert eine geringere Anzahl von Bindesch\u00fcsse (mindest Bindung des 33% bei Draht).<\/li>\n<li>schnelle Betriebsbereitschaft. Bis zu f\u00fcnf Mal schneller als manuelles Binden, braucht weniger als 1 sekunde.<\/li>\n<li>Aufladbare Lithium-Batterie (3 Ah). Seine h\u00f6here Stromst\u00e4rke steigert die Betriebszeit: 2200 Bindungen\/Ladung.<\/li>\n<li>innere Elektronik Hightech-System mit Signalt\u00f6ne f\u00fcr Selbstdiagnose bei Besch\u00e4digungen.<\/li>\n<li>Kompatibilit\u00e4t: Sie k\u00f6nnen Drahtspulen von SIMA verwenden.<\/li>\n<li>Sicherheitsverschluss, um unabsichtliches Bet\u00e4tigen zu verhindern.<\/li>\n<\/ul>\n<p><img loading=\"lazy\" decoding=\"async\" class=\"size-full wp-image-9724 aligncenter\" src=\"https:\/\/www.simasa.com\/wp-content\/uploads\/2016\/05\/ATA-2-1.jpg\" alt=\"\" width=\"642\" height=\"344\" srcset=\"https:\/\/www.simasa.com\/wp-content\/uploads\/2016\/05\/ATA-2-1.jpg 642w, https:\/\/www.simasa.com\/wp-content\/uploads\/2016\/05\/ATA-2-1-416x223.jpg 416w, https:\/\/www.simasa.com\/wp-content\/uploads\/2016\/05\/ATA-2-1-300x161.jpg 300w\" sizes=\"auto, (max-width: 642px) 100vw, 642px\" \/><\/p>\n<p>&nbsp;<\/p>\n<p>&nbsp;<\/p>\n<p>&nbsp;<\/p>\n<p><iframe loading=\"lazy\" src=\"https:\/\/www.youtube.com\/embed\/SnKs33LyimQ\" width=\"945\" height=\"540\" frameborder=\"0\" allowfullscreen=\"allowfullscreen\" data-mce-fragment=\"1\"><\/iframe><\/p>\n","protected":false},"excerpt":{"rendered":"<p>&nbsp;<\/p>\n<p>Die betonstahl Bindemaschine <strong>SIMA ATA 400 Li<\/strong>: schnelle und feste Bindung.<\/p>\n","protected":false},"featured_media":6635,"comment_status":"open","ping_status":"closed","template":"","meta":{"_acf_changed":false},"product_brand":[],"product_cat":[1774],"product_tag":[],"class_list":{"0":"post-8563","1":"product","2":"type-product","3":"status-publish","4":"has-post-thumbnail","6":"product_cat-betonstahl-bindemaschinen","7":"pa_power-elektrohydraulisch-mit-batterie","9":"first","10":"instock","11":"shipping-taxable","12":"product-type-simple"},"acf":[],"yoast_head":"<!-- This site is optimized with the Yoast SEO plugin v27.2 - https:\/\/yoast.com\/product\/yoast-seo-wordpress\/ -->\n<title>- ATA 450 Li | Sima<\/title>\n<meta name=\"description\" content=\"ATA 450 Li. &nbsp;  Die betonstahl Bindemaschine SIMA ATA 400 Li: schnelle und feste Bindung.\" \/>\n<meta name=\"robots\" content=\"noindex, follow\" \/>\n<meta property=\"og:locale\" content=\"de_DE\" \/>\n<meta property=\"og:type\" content=\"article\" \/>\n<meta property=\"og:title\" content=\"- ATA 450 Li | Sima\" \/>\n<meta property=\"og:description\" content=\"ATA 450 Li. &nbsp;  Die betonstahl Bindemaschine SIMA ATA 400 Li: schnelle und feste Bindung.\" \/>\n<meta property=\"og:url\" content=\"https:\/\/www.simasa.com\/de\/producto\/ata-450\/\" \/>\n<meta property=\"og:site_name\" content=\"Sima\" \/>\n<meta property=\"article:modified_time\" content=\"2018-05-08T10:23:43+00:00\" \/>\n<meta property=\"og:image\" content=\"https:\/\/www.simasa.com\/wp-content\/uploads\/2016\/05\/Ata-verde-2017-02.jpg\" \/>\n\t<meta property=\"og:image:width\" content=\"2126\" \/>\n\t<meta property=\"og:image:height\" content=\"2126\" \/>\n\t<meta property=\"og:image:type\" content=\"image\/jpeg\" \/>\n<meta name=\"twitter:card\" content=\"summary_large_image\" \/>\n<meta name=\"twitter:label1\" content=\"Gesch\u00e4tzte Lesezeit\" \/>\n\t<meta name=\"twitter:data1\" content=\"1\u00a0Minute\" \/>\n<script type=\"application\/ld+json\" class=\"yoast-schema-graph\">{\"@context\":\"https:\/\/schema.org\",\"@graph\":[{\"@type\":\"WebPage\",\"@id\":\"https:\/\/www.simasa.com\/de\/producto\/ata-450\/\",\"url\":\"https:\/\/www.simasa.com\/de\/producto\/ata-450\/\",\"name\":\"- ATA 450 Li | Sima\",\"isPartOf\":{\"@id\":\"https:\/\/www.simasa.com\/de\/#website\"},\"primaryImageOfPage\":{\"@id\":\"https:\/\/www.simasa.com\/de\/producto\/ata-450\/#primaryimage\"},\"image\":{\"@id\":\"https:\/\/www.simasa.com\/de\/producto\/ata-450\/#primaryimage\"},\"thumbnailUrl\":\"https:\/\/www.simasa.com\/wp-content\/uploads\/2016\/05\/Ata-verde-2017-02.jpg\",\"datePublished\":\"2017-12-25T12:15:46+00:00\",\"dateModified\":\"2018-05-08T10:23:43+00:00\",\"description\":\"ATA 450 Li. &nbsp; Die betonstahl Bindemaschine SIMA ATA 400 Li: schnelle und feste Bindung.\",\"breadcrumb\":{\"@id\":\"https:\/\/www.simasa.com\/de\/producto\/ata-450\/#breadcrumb\"},\"inLanguage\":\"de\",\"potentialAction\":[{\"@type\":\"ReadAction\",\"target\":[\"https:\/\/www.simasa.com\/de\/producto\/ata-450\/\"]}]},{\"@type\":\"ImageObject\",\"inLanguage\":\"de\",\"@id\":\"https:\/\/www.simasa.com\/de\/producto\/ata-450\/#primaryimage\",\"url\":\"https:\/\/www.simasa.com\/wp-content\/uploads\/2016\/05\/Ata-verde-2017-02.jpg\",\"contentUrl\":\"https:\/\/www.simasa.com\/wp-content\/uploads\/2016\/05\/Ata-verde-2017-02.jpg\",\"width\":2126,\"height\":2126},{\"@type\":\"BreadcrumbList\",\"@id\":\"https:\/\/www.simasa.com\/de\/producto\/ata-450\/#breadcrumb\",\"itemListElement\":[{\"@type\":\"ListItem\",\"position\":1,\"name\":\"Inicio\",\"item\":\"https:\/\/www.simasa.com\/de\/\"},{\"@type\":\"ListItem\",\"position\":2,\"name\":\"Katalog\",\"item\":\"https:\/\/www.simasa.com\/de\/katalog\/\"},{\"@type\":\"ListItem\",\"position\":3,\"name\":\"ATA 450 Li\"}]},{\"@type\":\"WebSite\",\"@id\":\"https:\/\/www.simasa.com\/de\/#website\",\"url\":\"https:\/\/www.simasa.com\/de\/\",\"name\":\"Sima\",\"description\":\"Fabricantes de maquinaria para la construcci\u00f3n\",\"publisher\":{\"@id\":\"https:\/\/www.simasa.com\/de\/#organization\"},\"potentialAction\":[{\"@type\":\"SearchAction\",\"target\":{\"@type\":\"EntryPoint\",\"urlTemplate\":\"https:\/\/www.simasa.com\/de\/?s={search_term_string}\"},\"query-input\":{\"@type\":\"PropertyValueSpecification\",\"valueRequired\":true,\"valueName\":\"search_term_string\"}}],\"inLanguage\":\"de\"},{\"@type\":\"Organization\",\"@id\":\"https:\/\/www.simasa.com\/de\/#organization\",\"name\":\"Sima\",\"url\":\"https:\/\/www.simasa.com\/de\/\",\"logo\":{\"@type\":\"ImageObject\",\"inLanguage\":\"de\",\"@id\":\"https:\/\/www.simasa.com\/de\/#\/schema\/logo\/image\/\",\"url\":\"https:\/\/www.simasa.com\/wp-content\/uploads\/2016\/03\/logo-1.jpg\",\"contentUrl\":\"https:\/\/www.simasa.com\/wp-content\/uploads\/2016\/03\/logo-1.jpg\",\"width\":121,\"height\":54,\"caption\":\"Sima\"},\"image\":{\"@id\":\"https:\/\/www.simasa.com\/de\/#\/schema\/logo\/image\/\"}}]}<\/script>\n<!-- \/ Yoast SEO plugin. -->","yoast_head_json":{"title":"- ATA 450 Li | Sima","description":"ATA 450 Li. &nbsp;  Die betonstahl Bindemaschine SIMA ATA 400 Li: schnelle und feste Bindung.","robots":{"index":"noindex","follow":"follow"},"og_locale":"de_DE","og_type":"article","og_title":"- ATA 450 Li | Sima","og_description":"ATA 450 Li. &nbsp;  Die betonstahl Bindemaschine SIMA ATA 400 Li: schnelle und feste Bindung.","og_url":"https:\/\/www.simasa.com\/de\/producto\/ata-450\/","og_site_name":"Sima","article_modified_time":"2018-05-08T10:23:43+00:00","og_image":[{"width":2126,"height":2126,"url":"https:\/\/www.simasa.com\/wp-content\/uploads\/2016\/05\/Ata-verde-2017-02.jpg","type":"image\/jpeg"}],"twitter_card":"summary_large_image","twitter_misc":{"Gesch\u00e4tzte Lesezeit":"1\u00a0Minute"},"schema":{"@context":"https:\/\/schema.org","@graph":[{"@type":"WebPage","@id":"https:\/\/www.simasa.com\/de\/producto\/ata-450\/","url":"https:\/\/www.simasa.com\/de\/producto\/ata-450\/","name":"- ATA 450 Li | Sima","isPartOf":{"@id":"https:\/\/www.simasa.com\/de\/#website"},"primaryImageOfPage":{"@id":"https:\/\/www.simasa.com\/de\/producto\/ata-450\/#primaryimage"},"image":{"@id":"https:\/\/www.simasa.com\/de\/producto\/ata-450\/#primaryimage"},"thumbnailUrl":"https:\/\/www.simasa.com\/wp-content\/uploads\/2016\/05\/Ata-verde-2017-02.jpg","datePublished":"2017-12-25T12:15:46+00:00","dateModified":"2018-05-08T10:23:43+00:00","description":"ATA 450 Li. &nbsp; Die betonstahl Bindemaschine SIMA ATA 400 Li: schnelle und feste Bindung.","breadcrumb":{"@id":"https:\/\/www.simasa.com\/de\/producto\/ata-450\/#breadcrumb"},"inLanguage":"de","potentialAction":[{"@type":"ReadAction","target":["https:\/\/www.simasa.com\/de\/producto\/ata-450\/"]}]},{"@type":"ImageObject","inLanguage":"de","@id":"https:\/\/www.simasa.com\/de\/producto\/ata-450\/#primaryimage","url":"https:\/\/www.simasa.com\/wp-content\/uploads\/2016\/05\/Ata-verde-2017-02.jpg","contentUrl":"https:\/\/www.simasa.com\/wp-content\/uploads\/2016\/05\/Ata-verde-2017-02.jpg","width":2126,"height":2126},{"@type":"BreadcrumbList","@id":"https:\/\/www.simasa.com\/de\/producto\/ata-450\/#breadcrumb","itemListElement":[{"@type":"ListItem","position":1,"name":"Inicio","item":"https:\/\/www.simasa.com\/de\/"},{"@type":"ListItem","position":2,"name":"Katalog","item":"https:\/\/www.simasa.com\/de\/katalog\/"},{"@type":"ListItem","position":3,"name":"ATA 450 Li"}]},{"@type":"WebSite","@id":"https:\/\/www.simasa.com\/de\/#website","url":"https:\/\/www.simasa.com\/de\/","name":"Sima","description":"Fabricantes de maquinaria para la construcci\u00f3n","publisher":{"@id":"https:\/\/www.simasa.com\/de\/#organization"},"potentialAction":[{"@type":"SearchAction","target":{"@type":"EntryPoint","urlTemplate":"https:\/\/www.simasa.com\/de\/?s={search_term_string}"},"query-input":{"@type":"PropertyValueSpecification","valueRequired":true,"valueName":"search_term_string"}}],"inLanguage":"de"},{"@type":"Organization","@id":"https:\/\/www.simasa.com\/de\/#organization","name":"Sima","url":"https:\/\/www.simasa.com\/de\/","logo":{"@type":"ImageObject","inLanguage":"de","@id":"https:\/\/www.simasa.com\/de\/#\/schema\/logo\/image\/","url":"https:\/\/www.simasa.com\/wp-content\/uploads\/2016\/03\/logo-1.jpg","contentUrl":"https:\/\/www.simasa.com\/wp-content\/uploads\/2016\/03\/logo-1.jpg","width":121,"height":54,"caption":"Sima"},"image":{"@id":"https:\/\/www.simasa.com\/de\/#\/schema\/logo\/image\/"}}]}},"_links":{"self":[{"href":"https:\/\/www.simasa.com\/de\/wp-json\/wp\/v2\/product\/8563","targetHints":{"allow":["GET"]}}],"collection":[{"href":"https:\/\/www.simasa.com\/de\/wp-json\/wp\/v2\/product"}],"about":[{"href":"https:\/\/www.simasa.com\/de\/wp-json\/wp\/v2\/types\/product"}],"replies":[{"embeddable":true,"href":"https:\/\/www.simasa.com\/de\/wp-json\/wp\/v2\/comments?post=8563"}],"wp:featuredmedia":[{"embeddable":true,"href":"https:\/\/www.simasa.com\/de\/wp-json\/wp\/v2\/media\/6635"}],"wp:attachment":[{"href":"https:\/\/www.simasa.com\/de\/wp-json\/wp\/v2\/media?parent=8563"}],"wp:term":[{"taxonomy":"product_brand","embeddable":true,"href":"https:\/\/www.simasa.com\/de\/wp-json\/wp\/v2\/product_brand?post=8563"},{"taxonomy":"product_cat","embeddable":true,"href":"https:\/\/www.simasa.com\/de\/wp-json\/wp\/v2\/product_cat?post=8563"},{"taxonomy":"product_tag","embeddable":true,"href":"https:\/\/www.simasa.com\/de\/wp-json\/wp\/v2\/product_tag?post=8563"}],"curies":[{"name":"wp","href":"https:\/\/api.w.org\/{rel}","templated":true}]}}