{"id":8358,"date":"2017-11-22T18:51:33","date_gmt":"2017-12-23T20:13:03","guid":{"rendered":"https:\/\/www.simasa.com\/?post_type=product&#038;p=8358"},"modified":"2017-12-23T20:13:03","modified_gmt":"2017-12-23T20:13:03","slug":"zubehoer-fuer-oberflaechen-bearbeiten","status":"publish","type":"product","link":"https:\/\/www.simasa.com\/de\/producto\/zubehoer-fuer-oberflaechen-bearbeiten\/","title":{"rendered":"Zubeh\u00f6r f\u00fcr Oberfl\u00e4chen bearbeiten"},"content":{"rendered":"<p><img loading=\"lazy\" decoding=\"async\" class=\"alignnone wp-image-8336 size-full\" src=\"https:\/\/www.simasa.com\/wp-content\/uploads\/2017\/12\/accessoires1-de.jpg\" alt=\"\" width=\"1122\" height=\"731\" srcset=\"https:\/\/www.simasa.com\/wp-content\/uploads\/2017\/12\/accessoires1-de.jpg 1122w, https:\/\/www.simasa.com\/wp-content\/uploads\/2017\/12\/accessoires1-de-416x271.jpg 416w\" sizes=\"auto, (max-width: 1122px) 100vw, 1122px\" \/><\/p>\n<p><img loading=\"lazy\" decoding=\"async\" class=\"alignnone wp-image-8344 size-full\" src=\"https:\/\/www.simasa.com\/wp-content\/uploads\/2017\/12\/accessoires2-de.jpg\" alt=\"\" width=\"1122\" height=\"540\" srcset=\"https:\/\/www.simasa.com\/wp-content\/uploads\/2017\/12\/accessoires2-de.jpg 1122w, https:\/\/www.simasa.com\/wp-content\/uploads\/2017\/12\/accessoires2-de-416x200.jpg 416w\" sizes=\"auto, (max-width: 1122px) 100vw, 1122px\" \/><\/p>\n","protected":false},"excerpt":{"rendered":"<p>SIMA Zubeh\u00f6r f\u00fcr Oberfl\u00e4chen bearbeiten.<\/p>\n","protected":false},"featured_media":6916,"comment_status":"open","ping_status":"closed","template":"","meta":{"_acf_changed":false},"product_brand":[],"product_cat":[3614],"product_tag":[],"class_list":{"0":"post-8358","1":"product","2":"type-product","3":"status-publish","4":"has-post-thumbnail","6":"product_cat-zubehor-fur-oberflachen-bearbeiten","8":"first","9":"instock","10":"shipping-taxable","11":"product-type-simple"},"acf":[],"yoast_head":"<!-- This site is optimized with the Yoast SEO plugin v27.2 - https:\/\/yoast.com\/product\/yoast-seo-wordpress\/ -->\n<title>- Zubeh\u00f6r f\u00fcr Oberfl\u00e4chen bearbeiten | Sima<\/title>\n<meta name=\"description\" content=\"Zubeh\u00f6r f\u00fcr Oberfl\u00e4chen bearbeiten. SIMA Zubeh\u00f6r f\u00fcr Oberfl\u00e4chen bearbeiten.\" \/>\n<meta name=\"robots\" content=\"noindex, follow\" \/>\n<meta property=\"og:locale\" content=\"de_DE\" \/>\n<meta property=\"og:type\" content=\"article\" \/>\n<meta property=\"og:title\" content=\"- Zubeh\u00f6r f\u00fcr Oberfl\u00e4chen bearbeiten | Sima\" \/>\n<meta property=\"og:description\" content=\"Zubeh\u00f6r f\u00fcr Oberfl\u00e4chen bearbeiten. SIMA Zubeh\u00f6r f\u00fcr Oberfl\u00e4chen bearbeiten.\" \/>\n<meta property=\"og:url\" content=\"https:\/\/www.simasa.com\/de\/producto\/zubehoer-fuer-oberflaechen-bearbeiten\/\" \/>\n<meta property=\"og:site_name\" content=\"Sima\" \/>\n<meta property=\"og:image\" content=\"https:\/\/www.simasa.com\/wp-content\/uploads\/2017\/11\/halcon.jpg\" \/>\n\t<meta property=\"og:image:width\" content=\"591\" \/>\n\t<meta property=\"og:image:height\" content=\"591\" \/>\n\t<meta property=\"og:image:type\" content=\"image\/jpeg\" \/>\n<meta name=\"twitter:card\" content=\"summary_large_image\" \/>\n<script type=\"application\/ld+json\" class=\"yoast-schema-graph\">{\"@context\":\"https:\/\/schema.org\",\"@graph\":[{\"@type\":\"WebPage\",\"@id\":\"https:\/\/www.simasa.com\/de\/producto\/zubehoer-fuer-oberflaechen-bearbeiten\/\",\"url\":\"https:\/\/www.simasa.com\/de\/producto\/zubehoer-fuer-oberflaechen-bearbeiten\/\",\"name\":\"- Zubeh\u00f6r f\u00fcr Oberfl\u00e4chen bearbeiten | Sima\",\"isPartOf\":{\"@id\":\"https:\/\/www.simasa.com\/de\/#website\"},\"primaryImageOfPage\":{\"@id\":\"https:\/\/www.simasa.com\/de\/producto\/zubehoer-fuer-oberflaechen-bearbeiten\/#primaryimage\"},\"image\":{\"@id\":\"https:\/\/www.simasa.com\/de\/producto\/zubehoer-fuer-oberflaechen-bearbeiten\/#primaryimage\"},\"thumbnailUrl\":\"https:\/\/www.simasa.com\/wp-content\/uploads\/2017\/11\/halcon.jpg\",\"datePublished\":\"2017-12-23T20:13:03+00:00\",\"description\":\"Zubeh\u00f6r f\u00fcr Oberfl\u00e4chen bearbeiten. SIMA Zubeh\u00f6r f\u00fcr Oberfl\u00e4chen bearbeiten.\",\"breadcrumb\":{\"@id\":\"https:\/\/www.simasa.com\/de\/producto\/zubehoer-fuer-oberflaechen-bearbeiten\/#breadcrumb\"},\"inLanguage\":\"de\",\"potentialAction\":[{\"@type\":\"ReadAction\",\"target\":[\"https:\/\/www.simasa.com\/de\/producto\/zubehoer-fuer-oberflaechen-bearbeiten\/\"]}]},{\"@type\":\"ImageObject\",\"inLanguage\":\"de\",\"@id\":\"https:\/\/www.simasa.com\/de\/producto\/zubehoer-fuer-oberflaechen-bearbeiten\/#primaryimage\",\"url\":\"https:\/\/www.simasa.com\/wp-content\/uploads\/2017\/11\/halcon.jpg\",\"contentUrl\":\"https:\/\/www.simasa.com\/wp-content\/uploads\/2017\/11\/halcon.jpg\",\"width\":591,\"height\":591},{\"@type\":\"BreadcrumbList\",\"@id\":\"https:\/\/www.simasa.com\/de\/producto\/zubehoer-fuer-oberflaechen-bearbeiten\/#breadcrumb\",\"itemListElement\":[{\"@type\":\"ListItem\",\"position\":1,\"name\":\"Inicio\",\"item\":\"https:\/\/www.simasa.com\/de\/\"},{\"@type\":\"ListItem\",\"position\":2,\"name\":\"Katalog\",\"item\":\"https:\/\/www.simasa.com\/de\/katalog\/\"},{\"@type\":\"ListItem\",\"position\":3,\"name\":\"Zubeh\u00f6r f\u00fcr Oberfl\u00e4chen bearbeiten\"}]},{\"@type\":\"WebSite\",\"@id\":\"https:\/\/www.simasa.com\/de\/#website\",\"url\":\"https:\/\/www.simasa.com\/de\/\",\"name\":\"Sima\",\"description\":\"Fabricantes de maquinaria para la construcci\u00f3n\",\"publisher\":{\"@id\":\"https:\/\/www.simasa.com\/de\/#organization\"},\"potentialAction\":[{\"@type\":\"SearchAction\",\"target\":{\"@type\":\"EntryPoint\",\"urlTemplate\":\"https:\/\/www.simasa.com\/de\/?s={search_term_string}\"},\"query-input\":{\"@type\":\"PropertyValueSpecification\",\"valueRequired\":true,\"valueName\":\"search_term_string\"}}],\"inLanguage\":\"de\"},{\"@type\":\"Organization\",\"@id\":\"https:\/\/www.simasa.com\/de\/#organization\",\"name\":\"Sima\",\"url\":\"https:\/\/www.simasa.com\/de\/\",\"logo\":{\"@type\":\"ImageObject\",\"inLanguage\":\"de\",\"@id\":\"https:\/\/www.simasa.com\/de\/#\/schema\/logo\/image\/\",\"url\":\"https:\/\/www.simasa.com\/wp-content\/uploads\/2016\/03\/logo-1.jpg\",\"contentUrl\":\"https:\/\/www.simasa.com\/wp-content\/uploads\/2016\/03\/logo-1.jpg\",\"width\":121,\"height\":54,\"caption\":\"Sima\"},\"image\":{\"@id\":\"https:\/\/www.simasa.com\/de\/#\/schema\/logo\/image\/\"}}]}<\/script>\n<!-- \/ Yoast SEO plugin. -->","yoast_head_json":{"title":"- Zubeh\u00f6r f\u00fcr Oberfl\u00e4chen bearbeiten | Sima","description":"Zubeh\u00f6r f\u00fcr Oberfl\u00e4chen bearbeiten. SIMA Zubeh\u00f6r f\u00fcr Oberfl\u00e4chen bearbeiten.","robots":{"index":"noindex","follow":"follow"},"og_locale":"de_DE","og_type":"article","og_title":"- Zubeh\u00f6r f\u00fcr Oberfl\u00e4chen bearbeiten | Sima","og_description":"Zubeh\u00f6r f\u00fcr Oberfl\u00e4chen bearbeiten. SIMA Zubeh\u00f6r f\u00fcr Oberfl\u00e4chen bearbeiten.","og_url":"https:\/\/www.simasa.com\/de\/producto\/zubehoer-fuer-oberflaechen-bearbeiten\/","og_site_name":"Sima","og_image":[{"width":591,"height":591,"url":"https:\/\/www.simasa.com\/wp-content\/uploads\/2017\/11\/halcon.jpg","type":"image\/jpeg"}],"twitter_card":"summary_large_image","schema":{"@context":"https:\/\/schema.org","@graph":[{"@type":"WebPage","@id":"https:\/\/www.simasa.com\/de\/producto\/zubehoer-fuer-oberflaechen-bearbeiten\/","url":"https:\/\/www.simasa.com\/de\/producto\/zubehoer-fuer-oberflaechen-bearbeiten\/","name":"- Zubeh\u00f6r f\u00fcr Oberfl\u00e4chen bearbeiten | Sima","isPartOf":{"@id":"https:\/\/www.simasa.com\/de\/#website"},"primaryImageOfPage":{"@id":"https:\/\/www.simasa.com\/de\/producto\/zubehoer-fuer-oberflaechen-bearbeiten\/#primaryimage"},"image":{"@id":"https:\/\/www.simasa.com\/de\/producto\/zubehoer-fuer-oberflaechen-bearbeiten\/#primaryimage"},"thumbnailUrl":"https:\/\/www.simasa.com\/wp-content\/uploads\/2017\/11\/halcon.jpg","datePublished":"2017-12-23T20:13:03+00:00","description":"Zubeh\u00f6r f\u00fcr Oberfl\u00e4chen bearbeiten. SIMA Zubeh\u00f6r f\u00fcr Oberfl\u00e4chen bearbeiten.","breadcrumb":{"@id":"https:\/\/www.simasa.com\/de\/producto\/zubehoer-fuer-oberflaechen-bearbeiten\/#breadcrumb"},"inLanguage":"de","potentialAction":[{"@type":"ReadAction","target":["https:\/\/www.simasa.com\/de\/producto\/zubehoer-fuer-oberflaechen-bearbeiten\/"]}]},{"@type":"ImageObject","inLanguage":"de","@id":"https:\/\/www.simasa.com\/de\/producto\/zubehoer-fuer-oberflaechen-bearbeiten\/#primaryimage","url":"https:\/\/www.simasa.com\/wp-content\/uploads\/2017\/11\/halcon.jpg","contentUrl":"https:\/\/www.simasa.com\/wp-content\/uploads\/2017\/11\/halcon.jpg","width":591,"height":591},{"@type":"BreadcrumbList","@id":"https:\/\/www.simasa.com\/de\/producto\/zubehoer-fuer-oberflaechen-bearbeiten\/#breadcrumb","itemListElement":[{"@type":"ListItem","position":1,"name":"Inicio","item":"https:\/\/www.simasa.com\/de\/"},{"@type":"ListItem","position":2,"name":"Katalog","item":"https:\/\/www.simasa.com\/de\/katalog\/"},{"@type":"ListItem","position":3,"name":"Zubeh\u00f6r f\u00fcr Oberfl\u00e4chen bearbeiten"}]},{"@type":"WebSite","@id":"https:\/\/www.simasa.com\/de\/#website","url":"https:\/\/www.simasa.com\/de\/","name":"Sima","description":"Fabricantes de maquinaria para la construcci\u00f3n","publisher":{"@id":"https:\/\/www.simasa.com\/de\/#organization"},"potentialAction":[{"@type":"SearchAction","target":{"@type":"EntryPoint","urlTemplate":"https:\/\/www.simasa.com\/de\/?s={search_term_string}"},"query-input":{"@type":"PropertyValueSpecification","valueRequired":true,"valueName":"search_term_string"}}],"inLanguage":"de"},{"@type":"Organization","@id":"https:\/\/www.simasa.com\/de\/#organization","name":"Sima","url":"https:\/\/www.simasa.com\/de\/","logo":{"@type":"ImageObject","inLanguage":"de","@id":"https:\/\/www.simasa.com\/de\/#\/schema\/logo\/image\/","url":"https:\/\/www.simasa.com\/wp-content\/uploads\/2016\/03\/logo-1.jpg","contentUrl":"https:\/\/www.simasa.com\/wp-content\/uploads\/2016\/03\/logo-1.jpg","width":121,"height":54,"caption":"Sima"},"image":{"@id":"https:\/\/www.simasa.com\/de\/#\/schema\/logo\/image\/"}}]}},"_links":{"self":[{"href":"https:\/\/www.simasa.com\/de\/wp-json\/wp\/v2\/product\/8358","targetHints":{"allow":["GET"]}}],"collection":[{"href":"https:\/\/www.simasa.com\/de\/wp-json\/wp\/v2\/product"}],"about":[{"href":"https:\/\/www.simasa.com\/de\/wp-json\/wp\/v2\/types\/product"}],"replies":[{"embeddable":true,"href":"https:\/\/www.simasa.com\/de\/wp-json\/wp\/v2\/comments?post=8358"}],"wp:featuredmedia":[{"embeddable":true,"href":"https:\/\/www.simasa.com\/de\/wp-json\/wp\/v2\/media\/6916"}],"wp:attachment":[{"href":"https:\/\/www.simasa.com\/de\/wp-json\/wp\/v2\/media?parent=8358"}],"wp:term":[{"taxonomy":"product_brand","embeddable":true,"href":"https:\/\/www.simasa.com\/de\/wp-json\/wp\/v2\/product_brand?post=8358"},{"taxonomy":"product_cat","embeddable":true,"href":"https:\/\/www.simasa.com\/de\/wp-json\/wp\/v2\/product_cat?post=8358"},{"taxonomy":"product_tag","embeddable":true,"href":"https:\/\/www.simasa.com\/de\/wp-json\/wp\/v2\/product_tag?post=8358"}],"curies":[{"name":"wp","href":"https:\/\/api.w.org\/{rel}","templated":true}]}}