{"id":8287,"date":"2017-11-17T16:33:18","date_gmt":"2017-12-23T19:25:30","guid":{"rendered":"https:\/\/www.simasa.com\/?post_type=product&#038;p=8287"},"modified":"2017-12-26T10:08:50","modified_gmt":"2017-12-26T10:08:50","slug":"cobra-60","status":"publish","type":"product","link":"https:\/\/www.simasa.com\/de\/producto\/cobra-60\/","title":{"rendered":"COBRA 60"},"content":{"rendered":"<p>Die <strong>COBRA-Serie<\/strong> z\u00e4hlt mit robuste Maschinen f\u00fcr eine intensive Nutuzung aber sind dennoch sehr vielseitig.<\/p>\n<p>Die<strong> COBRA 60<\/strong> enth\u00e4lt einen Tank aus polypropylen mit 60 Liter.<\/p>\n<p>Trotz seiner grossen Robustheit, sind diese Fugenschneider f\u00fcr eine einfache Handhabung auf jeder Oberfl\u00e4che ergonomisch entwickelt worden. Die COBRA-Serie <strong>garantiert ausgezeichnete Leistungen auf grossen Fl\u00e4chen<\/strong> wie: Autobahnen, Strassen, Lagerhallen, Flugh\u00e4fen usw.<\/p>\n<p>&nbsp;<\/p>\n<p><strong>Grosse Arbeitsf\u00e4higkeit und Vielseitigkeit:<\/strong><\/p>\n<ul>\n<li>Schnitttiefe Anzeiger.<\/li>\n<li>Ergonomisches Design f\u00fcr eine leichte Handhabung auf mittleren bis grossen Fl\u00e4chen. Gew\u00e4hrle istung von hohen Arbeitsle istunge.<\/li>\n<li>Trennscheibe K\u00fchlung durch: direkt aus dem Wasser- tank oder Anschluss an der Wasserleitung.<\/li>\n<li>Schnitteinstellung durch Knebelgriff.<\/li>\n<li>Tiefenkontrolle mittels Lenkrad und Trapezgewinde zur Unterst\u00fctzung der Gusslager montier.<\/li>\n<li>Ideal f\u00fcr intensive, kontinuierliche Arbeiten und Mietverleihe.<\/li>\n<li>Einfacher Zugriff zur Trennscheibe.<\/li>\n<\/ul>\n<p>&nbsp;<\/p>\n<p><img loading=\"lazy\" decoding=\"async\" class=\"alignnone wp-image-8282 size-full\" src=\"https:\/\/www.simasa.com\/wp-content\/uploads\/2017\/12\/vorteile-cobra-60.jpg\" alt=\"\" width=\"1127\" height=\"502\" srcset=\"https:\/\/www.simasa.com\/wp-content\/uploads\/2017\/12\/vorteile-cobra-60.jpg 1127w, https:\/\/www.simasa.com\/wp-content\/uploads\/2017\/12\/vorteile-cobra-60-416x185.jpg 416w\" sizes=\"auto, (max-width: 1127px) 100vw, 1127px\" \/><\/p>\n<p>&nbsp;<\/p>\n<p><img loading=\"lazy\" decoding=\"async\" class=\"alignnone wp-image-8278 size-full\" src=\"https:\/\/www.simasa.com\/wp-content\/uploads\/2017\/12\/vorgehensweise-cobra-60.jpg\" alt=\"\" width=\"1143\" height=\"874\" srcset=\"https:\/\/www.simasa.com\/wp-content\/uploads\/2017\/12\/vorgehensweise-cobra-60.jpg 1143w, https:\/\/www.simasa.com\/wp-content\/uploads\/2017\/12\/vorgehensweise-cobra-60-416x318.jpg 416w\" sizes=\"auto, (max-width: 1143px) 100vw, 1143px\" \/><\/p>\n<p><img loading=\"lazy\" decoding=\"async\" class=\"alignnone wp-image-8266 size-full\" src=\"https:\/\/www.simasa.com\/wp-content\/uploads\/2017\/12\/tabla-cobra-60-de.jpg\" alt=\"\" width=\"1126\" height=\"304\" srcset=\"https:\/\/www.simasa.com\/wp-content\/uploads\/2017\/12\/tabla-cobra-60-de.jpg 1126w, https:\/\/www.simasa.com\/wp-content\/uploads\/2017\/12\/tabla-cobra-60-de-416x112.jpg 416w\" sizes=\"auto, (max-width: 1126px) 100vw, 1126px\" \/><\/p>\n<p>&nbsp;<\/p>\n<p>&nbsp;<\/p>\n<p><iframe loading=\"lazy\" src=\"https:\/\/www.youtube.com\/embed\/s4Y-FSX14F8\" width=\"945\" height=\"540\" frameborder=\"0\" allowfullscreen=\"allowfullscreen\" data-mce-fragment=\"1\"><\/iframe><\/p>\n","protected":false},"excerpt":{"rendered":"<p>&nbsp;<\/p>\n<p>Die <strong>COBRA-Serie<\/strong> z\u00e4hlt mit robuste Maschinen f\u00fcr eine intensive Nutuzung aber sind dennoch sehr vielseitig. Die <strong>COBRA 60<\/strong> enth\u00e4lt einen Tank aus polypropylen mit 60 Liter.<\/p>\n","protected":false},"featured_media":4685,"comment_status":"open","ping_status":"closed","template":"","meta":{"_acf_changed":false},"product_brand":[],"product_cat":[1786],"product_tag":[],"class_list":{"0":"post-8287","1":"product","2":"type-product","3":"status-publish","4":"has-post-thumbnail","6":"product_cat-fugenschneider","7":"pa_max-blade-diameter-mm-3761","8":"pa_max-cutting-depth-mm-3874","9":"pa_power-diesel-de","10":"pa_power-petrol","12":"first","13":"instock","14":"shipping-taxable","15":"product-type-simple"},"acf":[],"yoast_head":"<!-- This site is optimized with the Yoast SEO plugin v27.4 - https:\/\/yoast.com\/product\/yoast-seo-wordpress\/ -->\n<title>- COBRA 60 | Sima<\/title>\n<meta name=\"description\" content=\"COBRA 60. &nbsp;  Die COBRA-Serie z\u00e4hlt mit robuste Maschinen f\u00fcr eine intensive Nutuzung aber sind dennoch sehr vielseitig. Die COBRA 60 enth\u00e4lt einen Tank aus polypropylen mit 60 Liter.\" \/>\n<meta name=\"robots\" content=\"noindex, follow\" \/>\n<meta property=\"og:locale\" content=\"de_DE\" \/>\n<meta property=\"og:type\" content=\"article\" \/>\n<meta property=\"og:title\" content=\"- COBRA 60 | Sima\" \/>\n<meta property=\"og:description\" content=\"COBRA 60. &nbsp;  Die COBRA-Serie z\u00e4hlt mit robuste Maschinen f\u00fcr eine intensive Nutuzung aber sind dennoch sehr vielseitig. Die COBRA 60 enth\u00e4lt einen Tank aus polypropylen mit 60 Liter.\" \/>\n<meta property=\"og:url\" content=\"https:\/\/www.simasa.com\/de\/producto\/cobra-60\/\" \/>\n<meta property=\"og:site_name\" content=\"Sima\" \/>\n<meta property=\"article:modified_time\" content=\"2017-12-26T10:08:50+00:00\" \/>\n<meta property=\"og:image\" content=\"https:\/\/www.simasa.com\/wp-content\/uploads\/2016\/04\/2509-cobra.jpg\" \/>\n\t<meta property=\"og:image:width\" content=\"800\" \/>\n\t<meta property=\"og:image:height\" content=\"800\" \/>\n\t<meta property=\"og:image:type\" content=\"image\/jpeg\" \/>\n<meta name=\"twitter:card\" content=\"summary_large_image\" \/>\n<meta name=\"twitter:label1\" content=\"Gesch\u00e4tzte Lesezeit\" \/>\n\t<meta name=\"twitter:data1\" content=\"1\u00a0Minute\" \/>\n<script type=\"application\/ld+json\" class=\"yoast-schema-graph\">{\"@context\":\"https:\\\/\\\/schema.org\",\"@graph\":[{\"@type\":\"WebPage\",\"@id\":\"https:\\\/\\\/www.simasa.com\\\/de\\\/producto\\\/cobra-60\\\/\",\"url\":\"https:\\\/\\\/www.simasa.com\\\/de\\\/producto\\\/cobra-60\\\/\",\"name\":\"- COBRA 60 | Sima\",\"isPartOf\":{\"@id\":\"https:\\\/\\\/www.simasa.com\\\/de\\\/#website\"},\"primaryImageOfPage\":{\"@id\":\"https:\\\/\\\/www.simasa.com\\\/de\\\/producto\\\/cobra-60\\\/#primaryimage\"},\"image\":{\"@id\":\"https:\\\/\\\/www.simasa.com\\\/de\\\/producto\\\/cobra-60\\\/#primaryimage\"},\"thumbnailUrl\":\"https:\\\/\\\/www.simasa.com\\\/wp-content\\\/uploads\\\/2016\\\/04\\\/2509-cobra.jpg\",\"datePublished\":\"2017-12-23T19:25:30+00:00\",\"dateModified\":\"2017-12-26T10:08:50+00:00\",\"description\":\"COBRA 60. &nbsp; Die COBRA-Serie z\u00e4hlt mit robuste Maschinen f\u00fcr eine intensive Nutuzung aber sind dennoch sehr vielseitig. Die COBRA 60 enth\u00e4lt einen Tank aus polypropylen mit 60 Liter.\",\"breadcrumb\":{\"@id\":\"https:\\\/\\\/www.simasa.com\\\/de\\\/producto\\\/cobra-60\\\/#breadcrumb\"},\"inLanguage\":\"de\",\"potentialAction\":[{\"@type\":\"ReadAction\",\"target\":[\"https:\\\/\\\/www.simasa.com\\\/de\\\/producto\\\/cobra-60\\\/\"]}]},{\"@type\":\"ImageObject\",\"inLanguage\":\"de\",\"@id\":\"https:\\\/\\\/www.simasa.com\\\/de\\\/producto\\\/cobra-60\\\/#primaryimage\",\"url\":\"https:\\\/\\\/www.simasa.com\\\/wp-content\\\/uploads\\\/2016\\\/04\\\/2509-cobra.jpg\",\"contentUrl\":\"https:\\\/\\\/www.simasa.com\\\/wp-content\\\/uploads\\\/2016\\\/04\\\/2509-cobra.jpg\",\"width\":800,\"height\":800},{\"@type\":\"BreadcrumbList\",\"@id\":\"https:\\\/\\\/www.simasa.com\\\/de\\\/producto\\\/cobra-60\\\/#breadcrumb\",\"itemListElement\":[{\"@type\":\"ListItem\",\"position\":1,\"name\":\"Inicio\",\"item\":\"https:\\\/\\\/www.simasa.com\\\/de\\\/\"},{\"@type\":\"ListItem\",\"position\":2,\"name\":\"Katalog\",\"item\":\"https:\\\/\\\/www.simasa.com\\\/de\\\/katalog\\\/\"},{\"@type\":\"ListItem\",\"position\":3,\"name\":\"COBRA 60\"}]},{\"@type\":\"WebSite\",\"@id\":\"https:\\\/\\\/www.simasa.com\\\/de\\\/#website\",\"url\":\"https:\\\/\\\/www.simasa.com\\\/de\\\/\",\"name\":\"Sima\",\"description\":\"Fabricantes de maquinaria para la construcci\u00f3n\",\"publisher\":{\"@id\":\"https:\\\/\\\/www.simasa.com\\\/de\\\/#organization\"},\"potentialAction\":[{\"@type\":\"SearchAction\",\"target\":{\"@type\":\"EntryPoint\",\"urlTemplate\":\"https:\\\/\\\/www.simasa.com\\\/de\\\/?s={search_term_string}\"},\"query-input\":{\"@type\":\"PropertyValueSpecification\",\"valueRequired\":true,\"valueName\":\"search_term_string\"}}],\"inLanguage\":\"de\"},{\"@type\":\"Organization\",\"@id\":\"https:\\\/\\\/www.simasa.com\\\/de\\\/#organization\",\"name\":\"Sima\",\"url\":\"https:\\\/\\\/www.simasa.com\\\/de\\\/\",\"logo\":{\"@type\":\"ImageObject\",\"inLanguage\":\"de\",\"@id\":\"https:\\\/\\\/www.simasa.com\\\/de\\\/#\\\/schema\\\/logo\\\/image\\\/\",\"url\":\"https:\\\/\\\/www.simasa.com\\\/wp-content\\\/uploads\\\/2016\\\/03\\\/logo-1.jpg\",\"contentUrl\":\"https:\\\/\\\/www.simasa.com\\\/wp-content\\\/uploads\\\/2016\\\/03\\\/logo-1.jpg\",\"width\":121,\"height\":54,\"caption\":\"Sima\"},\"image\":{\"@id\":\"https:\\\/\\\/www.simasa.com\\\/de\\\/#\\\/schema\\\/logo\\\/image\\\/\"}}]}<\/script>\n<!-- \/ Yoast SEO plugin. -->","yoast_head_json":{"title":"- COBRA 60 | Sima","description":"COBRA 60. &nbsp;  Die COBRA-Serie z\u00e4hlt mit robuste Maschinen f\u00fcr eine intensive Nutuzung aber sind dennoch sehr vielseitig. Die COBRA 60 enth\u00e4lt einen Tank aus polypropylen mit 60 Liter.","robots":{"index":"noindex","follow":"follow"},"og_locale":"de_DE","og_type":"article","og_title":"- COBRA 60 | Sima","og_description":"COBRA 60. &nbsp;  Die COBRA-Serie z\u00e4hlt mit robuste Maschinen f\u00fcr eine intensive Nutuzung aber sind dennoch sehr vielseitig. Die COBRA 60 enth\u00e4lt einen Tank aus polypropylen mit 60 Liter.","og_url":"https:\/\/www.simasa.com\/de\/producto\/cobra-60\/","og_site_name":"Sima","article_modified_time":"2017-12-26T10:08:50+00:00","og_image":[{"width":800,"height":800,"url":"https:\/\/www.simasa.com\/wp-content\/uploads\/2016\/04\/2509-cobra.jpg","type":"image\/jpeg"}],"twitter_card":"summary_large_image","twitter_misc":{"Gesch\u00e4tzte Lesezeit":"1\u00a0Minute"},"schema":{"@context":"https:\/\/schema.org","@graph":[{"@type":"WebPage","@id":"https:\/\/www.simasa.com\/de\/producto\/cobra-60\/","url":"https:\/\/www.simasa.com\/de\/producto\/cobra-60\/","name":"- COBRA 60 | Sima","isPartOf":{"@id":"https:\/\/www.simasa.com\/de\/#website"},"primaryImageOfPage":{"@id":"https:\/\/www.simasa.com\/de\/producto\/cobra-60\/#primaryimage"},"image":{"@id":"https:\/\/www.simasa.com\/de\/producto\/cobra-60\/#primaryimage"},"thumbnailUrl":"https:\/\/www.simasa.com\/wp-content\/uploads\/2016\/04\/2509-cobra.jpg","datePublished":"2017-12-23T19:25:30+00:00","dateModified":"2017-12-26T10:08:50+00:00","description":"COBRA 60. &nbsp; Die COBRA-Serie z\u00e4hlt mit robuste Maschinen f\u00fcr eine intensive Nutuzung aber sind dennoch sehr vielseitig. Die COBRA 60 enth\u00e4lt einen Tank aus polypropylen mit 60 Liter.","breadcrumb":{"@id":"https:\/\/www.simasa.com\/de\/producto\/cobra-60\/#breadcrumb"},"inLanguage":"de","potentialAction":[{"@type":"ReadAction","target":["https:\/\/www.simasa.com\/de\/producto\/cobra-60\/"]}]},{"@type":"ImageObject","inLanguage":"de","@id":"https:\/\/www.simasa.com\/de\/producto\/cobra-60\/#primaryimage","url":"https:\/\/www.simasa.com\/wp-content\/uploads\/2016\/04\/2509-cobra.jpg","contentUrl":"https:\/\/www.simasa.com\/wp-content\/uploads\/2016\/04\/2509-cobra.jpg","width":800,"height":800},{"@type":"BreadcrumbList","@id":"https:\/\/www.simasa.com\/de\/producto\/cobra-60\/#breadcrumb","itemListElement":[{"@type":"ListItem","position":1,"name":"Inicio","item":"https:\/\/www.simasa.com\/de\/"},{"@type":"ListItem","position":2,"name":"Katalog","item":"https:\/\/www.simasa.com\/de\/katalog\/"},{"@type":"ListItem","position":3,"name":"COBRA 60"}]},{"@type":"WebSite","@id":"https:\/\/www.simasa.com\/de\/#website","url":"https:\/\/www.simasa.com\/de\/","name":"Sima","description":"Fabricantes de maquinaria para la construcci\u00f3n","publisher":{"@id":"https:\/\/www.simasa.com\/de\/#organization"},"potentialAction":[{"@type":"SearchAction","target":{"@type":"EntryPoint","urlTemplate":"https:\/\/www.simasa.com\/de\/?s={search_term_string}"},"query-input":{"@type":"PropertyValueSpecification","valueRequired":true,"valueName":"search_term_string"}}],"inLanguage":"de"},{"@type":"Organization","@id":"https:\/\/www.simasa.com\/de\/#organization","name":"Sima","url":"https:\/\/www.simasa.com\/de\/","logo":{"@type":"ImageObject","inLanguage":"de","@id":"https:\/\/www.simasa.com\/de\/#\/schema\/logo\/image\/","url":"https:\/\/www.simasa.com\/wp-content\/uploads\/2016\/03\/logo-1.jpg","contentUrl":"https:\/\/www.simasa.com\/wp-content\/uploads\/2016\/03\/logo-1.jpg","width":121,"height":54,"caption":"Sima"},"image":{"@id":"https:\/\/www.simasa.com\/de\/#\/schema\/logo\/image\/"}}]}},"_links":{"self":[{"href":"https:\/\/www.simasa.com\/de\/wp-json\/wp\/v2\/product\/8287","targetHints":{"allow":["GET"]}}],"collection":[{"href":"https:\/\/www.simasa.com\/de\/wp-json\/wp\/v2\/product"}],"about":[{"href":"https:\/\/www.simasa.com\/de\/wp-json\/wp\/v2\/types\/product"}],"replies":[{"embeddable":true,"href":"https:\/\/www.simasa.com\/de\/wp-json\/wp\/v2\/comments?post=8287"}],"wp:featuredmedia":[{"embeddable":true,"href":"https:\/\/www.simasa.com\/de\/wp-json\/wp\/v2\/media\/4685"}],"wp:attachment":[{"href":"https:\/\/www.simasa.com\/de\/wp-json\/wp\/v2\/media?parent=8287"}],"wp:term":[{"taxonomy":"product_brand","embeddable":true,"href":"https:\/\/www.simasa.com\/de\/wp-json\/wp\/v2\/product_brand?post=8287"},{"taxonomy":"product_cat","embeddable":true,"href":"https:\/\/www.simasa.com\/de\/wp-json\/wp\/v2\/product_cat?post=8287"},{"taxonomy":"product_tag","embeddable":true,"href":"https:\/\/www.simasa.com\/de\/wp-json\/wp\/v2\/product_tag?post=8287"}],"curies":[{"name":"wp","href":"https:\/\/api.w.org\/{rel}","templated":true}]}}