{"id":8248,"date":"2017-11-16T17:56:45","date_gmt":"2017-12-23T18:51:33","guid":{"rendered":"https:\/\/www.simasa.com\/?post_type=product&#038;p=8248"},"modified":"2017-12-25T20:17:18","modified_gmt":"2017-12-25T20:17:18","slug":"cobra-50-mekano","status":"publish","type":"product","link":"https:\/\/www.simasa.com\/de\/producto\/cobra-50-mekano\/","title":{"rendered":"COBRA 50 MEKANO"},"content":{"rendered":"<p>Das Konzept MEKANO ist ein Pionierkonzept der Marke <strong>SIMA<\/strong>. Die Maschinen, welche unter das <strong>MEKANO-Konzept<\/strong> hergestellt sind, haben den Vorteil, dass die meisten seiner Komponenten miteinander kompatibel sind.<\/p>\n<p>Die <strong>COBRA Mekano ist ein schneller, leichter und einfach zu handhabenden Fugenschneider<\/strong>.F\u00e4hig verschiedene Trennscheiben\u00d8 zu verwenden (von 350 mm bis zu 500 mm). Sein innovatives Design verringert die Wartungs- und Laufzeit bis zu einem 80%, deshalb ist dieser Fugenschneider eine sehr rentable Maschine.<\/p>\n<p>Sowie die <strong>COBRA 30 \/ 35<\/strong> ist die <strong>Mekano-Serie<\/strong> auch mit einer Gasfederung f\u00fcr die Erhebung und mit Bewegungs- und Kompressionsblockierung mittels Bedienung am Lenker ausgestattet. Braucht ebenfalls keine Wartung.<\/p>\n<p>Die gesamte Mekano-Serie teilt die Technologie der <strong>COBRA 30 \/ 35 Pro.<\/strong><\/p>\n<p>Die COBRA Mekano braucht ebenfalls einen niedrigen Aufwand an Wartungsarbeiten, dank seinem innovativen Design. Mit sehr kurze Wartungszeiten als mit traditionellen Fugenschneider.<\/p>\n<p>Da diese Fugenschneider <strong>weniger Wartungsarbeiten<\/strong> ben\u00f6tigen und die Laufze bis zu einem 80% reduziert, tragen die COBRAS Mekano zu einer deutlichen Kostenreduzierung und Maschinen-stopp bei.<\/p>\n<p><strong>SIMA<\/strong> ist dank seinen innovativen Desing, wieder an der Spitze dieser Branche: ein Antriebs-System mit Antriebswelle und Trennscheibe auf der gleichen Seite der Maschine. Die Spannkraft mit POLY-V Antriebsriemen ist deshalb geringer als die mit den herk\u00f6mlichen Riemen des Typ A.<\/p>\n<p><strong>Schnelle und leichte Maschine:<\/strong><\/p>\n<ul>\n<li>Die Mekano-Serie teilt Eigenschaften mit den COBRA Pro Modellen wie Beispielsweise: die Lagerschutzeinrichtung gegen Druckwasser und die Erhebung und Einstellung der Schnitte mittels Gasfederung.<\/li>\n<li>Die Modellen 40 und 50 tragen f\u00fcr einen tieferen Schnitt bei. Dank ihren Design k\u00f6nnen sie Diamanttrennscheiben COBRA 40 Mekano mit gr\u00f6sseren Durchmesser verwenden. Die COBRA Mekano 40 (welche Trennscheiben von 350 und 400mm verwenden kann) erreicht eine maximale Schnitttiefe von 132 mm w\u00e4hrend die COBRA Mekano 50 (welche Trennscheiben von 450 und 500 mm verwenden kann) eine maxi- male Schnitttiefe von 182 mm erreicht.<\/li>\n<li>Beide Modellen k\u00f6nnen mit Motoren bis zu 14 PS ausgestattet werden um harte und anspruchvolle COBRA 50 Mekano Arbeiten angehen zu k\u00f6nnen. Ideal f\u00fcr Mietverleihe.<\/li>\n<li>L\u00e4ngere Lebensdauer, mit verbesserte Motorleistung und einen reibungsloseren Betrieb.<\/li>\n<li>Jedes Modell ist auch in einer Version mit Zyklonfilter erh\u00e4ltlich.<\/li>\n<\/ul>\n<p><img loading=\"lazy\" decoding=\"async\" class=\"alignnone wp-image-8242 size-full\" src=\"https:\/\/www.simasa.com\/wp-content\/uploads\/2017\/12\/vorteile-cobra.jpg\" alt=\"\" width=\"1122\" height=\"502\" srcset=\"https:\/\/www.simasa.com\/wp-content\/uploads\/2017\/12\/vorteile-cobra.jpg 1122w, https:\/\/www.simasa.com\/wp-content\/uploads\/2017\/12\/vorteile-cobra-416x186.jpg 416w\" sizes=\"auto, (max-width: 1122px) 100vw, 1122px\" \/><\/p>\n<p>&nbsp;<\/p>\n<p><img loading=\"lazy\" decoding=\"async\" class=\"alignnone wp-image-8214 size-full\" src=\"https:\/\/www.simasa.com\/wp-content\/uploads\/2017\/12\/schnitttiefe-cobra.jpg\" alt=\"\" width=\"1121\" height=\"208\" srcset=\"https:\/\/www.simasa.com\/wp-content\/uploads\/2017\/12\/schnitttiefe-cobra.jpg 1121w, https:\/\/www.simasa.com\/wp-content\/uploads\/2017\/12\/schnitttiefe-cobra-416x77.jpg 416w\" sizes=\"auto, (max-width: 1121px) 100vw, 1121px\" \/><\/p>\n<p><img loading=\"lazy\" decoding=\"async\" class=\"alignnone wp-image-8233 size-full\" src=\"https:\/\/www.simasa.com\/wp-content\/uploads\/2017\/12\/tabla-cobra-50-de.jpg\" alt=\"\" width=\"1121\" height=\"318\" srcset=\"https:\/\/www.simasa.com\/wp-content\/uploads\/2017\/12\/tabla-cobra-50-de.jpg 1121w, https:\/\/www.simasa.com\/wp-content\/uploads\/2017\/12\/tabla-cobra-50-de-416x118.jpg 416w\" sizes=\"auto, (max-width: 1121px) 100vw, 1121px\" \/><\/p>\n<p>&nbsp;<\/p>\n<p><iframe loading=\"lazy\" src=\"https:\/\/www.youtube.com\/embed\/eUlPoj-2foA\" width=\"945\" height=\"540\" frameborder=\"0\" allowfullscreen=\"allowfullscreen\" data-mce-fragment=\"1\"><\/iframe><\/p>\n","protected":false},"excerpt":{"rendered":"<p>&nbsp;<\/p>\n<p>Die <strong>COBRA Mekano 50<\/strong> (welche Trennscheiben von 450 und 500 mm verwenden kann)\u00a0erreicht eine maxi- male Schnitttiefe von 182 mm erreicht.<\/p>\n","protected":false},"featured_media":6365,"comment_status":"open","ping_status":"closed","template":"","meta":{"_acf_changed":false},"product_brand":[],"product_cat":[1786],"product_tag":[],"class_list":{"0":"post-8248","1":"product","2":"type-product","3":"status-publish","4":"has-post-thumbnail","6":"product_cat-fugenschneider","7":"pa_max-blade-diameter-mm-3750","8":"pa_max-cutting-depth-mm-3903","9":"pa_power-petrol","11":"first","12":"instock","13":"shipping-taxable","14":"product-type-simple"},"acf":[],"yoast_head":"<!-- This site is optimized with the Yoast SEO plugin v27.2 - https:\/\/yoast.com\/product\/yoast-seo-wordpress\/ -->\n<title>- COBRA 50 MEKANO | Sima<\/title>\n<meta name=\"description\" content=\"COBRA 50 MEKANO. &nbsp;  Die COBRA Mekano 50 (welche Trennscheiben von 450 und 500 mm verwenden kann)\u00a0erreicht eine maxi- male Schnitttiefe von 182 mm erreicht.\" \/>\n<meta name=\"robots\" content=\"noindex, follow\" \/>\n<meta property=\"og:locale\" content=\"de_DE\" \/>\n<meta property=\"og:type\" content=\"article\" \/>\n<meta property=\"og:title\" content=\"- COBRA 50 MEKANO | Sima\" \/>\n<meta property=\"og:description\" content=\"COBRA 50 MEKANO. &nbsp;  Die COBRA Mekano 50 (welche Trennscheiben von 450 und 500 mm verwenden kann)\u00a0erreicht eine maxi- male Schnitttiefe von 182 mm erreicht.\" \/>\n<meta property=\"og:url\" content=\"https:\/\/www.simasa.com\/de\/producto\/cobra-50-mekano\/\" \/>\n<meta property=\"og:site_name\" content=\"Sima\" \/>\n<meta property=\"article:modified_time\" content=\"2017-12-25T20:17:18+00:00\" \/>\n<meta property=\"og:image\" content=\"https:\/\/www.simasa.com\/wp-content\/uploads\/2016\/04\/SIMA-Cobra-40-Mekano-1.jpg\" \/>\n\t<meta property=\"og:image:width\" content=\"1211\" \/>\n\t<meta property=\"og:image:height\" content=\"1211\" \/>\n\t<meta property=\"og:image:type\" content=\"image\/jpeg\" \/>\n<meta name=\"twitter:card\" content=\"summary_large_image\" \/>\n<meta name=\"twitter:label1\" content=\"Gesch\u00e4tzte Lesezeit\" \/>\n\t<meta name=\"twitter:data1\" content=\"2\u00a0Minuten\" \/>\n<script type=\"application\/ld+json\" class=\"yoast-schema-graph\">{\"@context\":\"https:\/\/schema.org\",\"@graph\":[{\"@type\":\"WebPage\",\"@id\":\"https:\/\/www.simasa.com\/de\/producto\/cobra-50-mekano\/\",\"url\":\"https:\/\/www.simasa.com\/de\/producto\/cobra-50-mekano\/\",\"name\":\"- COBRA 50 MEKANO | Sima\",\"isPartOf\":{\"@id\":\"https:\/\/www.simasa.com\/de\/#website\"},\"primaryImageOfPage\":{\"@id\":\"https:\/\/www.simasa.com\/de\/producto\/cobra-50-mekano\/#primaryimage\"},\"image\":{\"@id\":\"https:\/\/www.simasa.com\/de\/producto\/cobra-50-mekano\/#primaryimage\"},\"thumbnailUrl\":\"https:\/\/www.simasa.com\/wp-content\/uploads\/2016\/04\/SIMA-Cobra-40-Mekano-1.jpg\",\"datePublished\":\"2017-12-23T18:51:33+00:00\",\"dateModified\":\"2017-12-25T20:17:18+00:00\",\"description\":\"COBRA 50 MEKANO. &nbsp; Die COBRA Mekano 50 (welche Trennscheiben von 450 und 500 mm verwenden kann)\u00a0erreicht eine maxi- male Schnitttiefe von 182 mm erreicht.\",\"breadcrumb\":{\"@id\":\"https:\/\/www.simasa.com\/de\/producto\/cobra-50-mekano\/#breadcrumb\"},\"inLanguage\":\"de\",\"potentialAction\":[{\"@type\":\"ReadAction\",\"target\":[\"https:\/\/www.simasa.com\/de\/producto\/cobra-50-mekano\/\"]}]},{\"@type\":\"ImageObject\",\"inLanguage\":\"de\",\"@id\":\"https:\/\/www.simasa.com\/de\/producto\/cobra-50-mekano\/#primaryimage\",\"url\":\"https:\/\/www.simasa.com\/wp-content\/uploads\/2016\/04\/SIMA-Cobra-40-Mekano-1.jpg\",\"contentUrl\":\"https:\/\/www.simasa.com\/wp-content\/uploads\/2016\/04\/SIMA-Cobra-40-Mekano-1.jpg\",\"width\":1211,\"height\":1211},{\"@type\":\"BreadcrumbList\",\"@id\":\"https:\/\/www.simasa.com\/de\/producto\/cobra-50-mekano\/#breadcrumb\",\"itemListElement\":[{\"@type\":\"ListItem\",\"position\":1,\"name\":\"Inicio\",\"item\":\"https:\/\/www.simasa.com\/de\/\"},{\"@type\":\"ListItem\",\"position\":2,\"name\":\"Katalog\",\"item\":\"https:\/\/www.simasa.com\/de\/katalog\/\"},{\"@type\":\"ListItem\",\"position\":3,\"name\":\"COBRA 50 MEKANO\"}]},{\"@type\":\"WebSite\",\"@id\":\"https:\/\/www.simasa.com\/de\/#website\",\"url\":\"https:\/\/www.simasa.com\/de\/\",\"name\":\"Sima\",\"description\":\"Fabricantes de maquinaria para la construcci\u00f3n\",\"publisher\":{\"@id\":\"https:\/\/www.simasa.com\/de\/#organization\"},\"potentialAction\":[{\"@type\":\"SearchAction\",\"target\":{\"@type\":\"EntryPoint\",\"urlTemplate\":\"https:\/\/www.simasa.com\/de\/?s={search_term_string}\"},\"query-input\":{\"@type\":\"PropertyValueSpecification\",\"valueRequired\":true,\"valueName\":\"search_term_string\"}}],\"inLanguage\":\"de\"},{\"@type\":\"Organization\",\"@id\":\"https:\/\/www.simasa.com\/de\/#organization\",\"name\":\"Sima\",\"url\":\"https:\/\/www.simasa.com\/de\/\",\"logo\":{\"@type\":\"ImageObject\",\"inLanguage\":\"de\",\"@id\":\"https:\/\/www.simasa.com\/de\/#\/schema\/logo\/image\/\",\"url\":\"https:\/\/www.simasa.com\/wp-content\/uploads\/2016\/03\/logo-1.jpg\",\"contentUrl\":\"https:\/\/www.simasa.com\/wp-content\/uploads\/2016\/03\/logo-1.jpg\",\"width\":121,\"height\":54,\"caption\":\"Sima\"},\"image\":{\"@id\":\"https:\/\/www.simasa.com\/de\/#\/schema\/logo\/image\/\"}}]}<\/script>\n<!-- \/ Yoast SEO plugin. -->","yoast_head_json":{"title":"- COBRA 50 MEKANO | Sima","description":"COBRA 50 MEKANO. &nbsp;  Die COBRA Mekano 50 (welche Trennscheiben von 450 und 500 mm verwenden kann)\u00a0erreicht eine maxi- male Schnitttiefe von 182 mm erreicht.","robots":{"index":"noindex","follow":"follow"},"og_locale":"de_DE","og_type":"article","og_title":"- COBRA 50 MEKANO | Sima","og_description":"COBRA 50 MEKANO. &nbsp;  Die COBRA Mekano 50 (welche Trennscheiben von 450 und 500 mm verwenden kann)\u00a0erreicht eine maxi- male Schnitttiefe von 182 mm erreicht.","og_url":"https:\/\/www.simasa.com\/de\/producto\/cobra-50-mekano\/","og_site_name":"Sima","article_modified_time":"2017-12-25T20:17:18+00:00","og_image":[{"width":1211,"height":1211,"url":"https:\/\/www.simasa.com\/wp-content\/uploads\/2016\/04\/SIMA-Cobra-40-Mekano-1.jpg","type":"image\/jpeg"}],"twitter_card":"summary_large_image","twitter_misc":{"Gesch\u00e4tzte Lesezeit":"2\u00a0Minuten"},"schema":{"@context":"https:\/\/schema.org","@graph":[{"@type":"WebPage","@id":"https:\/\/www.simasa.com\/de\/producto\/cobra-50-mekano\/","url":"https:\/\/www.simasa.com\/de\/producto\/cobra-50-mekano\/","name":"- COBRA 50 MEKANO | Sima","isPartOf":{"@id":"https:\/\/www.simasa.com\/de\/#website"},"primaryImageOfPage":{"@id":"https:\/\/www.simasa.com\/de\/producto\/cobra-50-mekano\/#primaryimage"},"image":{"@id":"https:\/\/www.simasa.com\/de\/producto\/cobra-50-mekano\/#primaryimage"},"thumbnailUrl":"https:\/\/www.simasa.com\/wp-content\/uploads\/2016\/04\/SIMA-Cobra-40-Mekano-1.jpg","datePublished":"2017-12-23T18:51:33+00:00","dateModified":"2017-12-25T20:17:18+00:00","description":"COBRA 50 MEKANO. &nbsp; Die COBRA Mekano 50 (welche Trennscheiben von 450 und 500 mm verwenden kann)\u00a0erreicht eine maxi- male Schnitttiefe von 182 mm erreicht.","breadcrumb":{"@id":"https:\/\/www.simasa.com\/de\/producto\/cobra-50-mekano\/#breadcrumb"},"inLanguage":"de","potentialAction":[{"@type":"ReadAction","target":["https:\/\/www.simasa.com\/de\/producto\/cobra-50-mekano\/"]}]},{"@type":"ImageObject","inLanguage":"de","@id":"https:\/\/www.simasa.com\/de\/producto\/cobra-50-mekano\/#primaryimage","url":"https:\/\/www.simasa.com\/wp-content\/uploads\/2016\/04\/SIMA-Cobra-40-Mekano-1.jpg","contentUrl":"https:\/\/www.simasa.com\/wp-content\/uploads\/2016\/04\/SIMA-Cobra-40-Mekano-1.jpg","width":1211,"height":1211},{"@type":"BreadcrumbList","@id":"https:\/\/www.simasa.com\/de\/producto\/cobra-50-mekano\/#breadcrumb","itemListElement":[{"@type":"ListItem","position":1,"name":"Inicio","item":"https:\/\/www.simasa.com\/de\/"},{"@type":"ListItem","position":2,"name":"Katalog","item":"https:\/\/www.simasa.com\/de\/katalog\/"},{"@type":"ListItem","position":3,"name":"COBRA 50 MEKANO"}]},{"@type":"WebSite","@id":"https:\/\/www.simasa.com\/de\/#website","url":"https:\/\/www.simasa.com\/de\/","name":"Sima","description":"Fabricantes de maquinaria para la construcci\u00f3n","publisher":{"@id":"https:\/\/www.simasa.com\/de\/#organization"},"potentialAction":[{"@type":"SearchAction","target":{"@type":"EntryPoint","urlTemplate":"https:\/\/www.simasa.com\/de\/?s={search_term_string}"},"query-input":{"@type":"PropertyValueSpecification","valueRequired":true,"valueName":"search_term_string"}}],"inLanguage":"de"},{"@type":"Organization","@id":"https:\/\/www.simasa.com\/de\/#organization","name":"Sima","url":"https:\/\/www.simasa.com\/de\/","logo":{"@type":"ImageObject","inLanguage":"de","@id":"https:\/\/www.simasa.com\/de\/#\/schema\/logo\/image\/","url":"https:\/\/www.simasa.com\/wp-content\/uploads\/2016\/03\/logo-1.jpg","contentUrl":"https:\/\/www.simasa.com\/wp-content\/uploads\/2016\/03\/logo-1.jpg","width":121,"height":54,"caption":"Sima"},"image":{"@id":"https:\/\/www.simasa.com\/de\/#\/schema\/logo\/image\/"}}]}},"_links":{"self":[{"href":"https:\/\/www.simasa.com\/de\/wp-json\/wp\/v2\/product\/8248","targetHints":{"allow":["GET"]}}],"collection":[{"href":"https:\/\/www.simasa.com\/de\/wp-json\/wp\/v2\/product"}],"about":[{"href":"https:\/\/www.simasa.com\/de\/wp-json\/wp\/v2\/types\/product"}],"replies":[{"embeddable":true,"href":"https:\/\/www.simasa.com\/de\/wp-json\/wp\/v2\/comments?post=8248"}],"wp:featuredmedia":[{"embeddable":true,"href":"https:\/\/www.simasa.com\/de\/wp-json\/wp\/v2\/media\/6365"}],"wp:attachment":[{"href":"https:\/\/www.simasa.com\/de\/wp-json\/wp\/v2\/media?parent=8248"}],"wp:term":[{"taxonomy":"product_brand","embeddable":true,"href":"https:\/\/www.simasa.com\/de\/wp-json\/wp\/v2\/product_brand?post=8248"},{"taxonomy":"product_cat","embeddable":true,"href":"https:\/\/www.simasa.com\/de\/wp-json\/wp\/v2\/product_cat?post=8248"},{"taxonomy":"product_tag","embeddable":true,"href":"https:\/\/www.simasa.com\/de\/wp-json\/wp\/v2\/product_tag?post=8248"}],"curies":[{"name":"wp","href":"https:\/\/api.w.org\/{rel}","templated":true}]}}