{"id":8030,"date":"2017-06-07T17:10:18","date_gmt":"2017-12-22T13:39:49","guid":{"rendered":"https:\/\/www.simasa.com\/?post_type=product&#038;p=8030"},"modified":"2017-12-24T17:26:21","modified_gmt":"2017-12-24T17:26:21","slug":"spiral-36","status":"publish","type":"product","link":"https:\/\/www.simasa.com\/de\/producto\/spiral-36\/","title":{"rendered":"SPIRAL &#8211; 36"},"content":{"rendered":"<p>&nbsp;<\/p>\n<p>&nbsp;<\/p>\n<p>Die Modelle <strong>SPIRAL 26 <\/strong>und<strong> SPIRAL 36<\/strong> sind Maschinen, die speziell entworfen wurden, um aller Art von Struktur aus Betonstahl mit Spiralform zu biegen. Auch:<\/p>\n<ul>\n<li><em>grosse B\u00f6gen f\u00fcr den Bau von Tanks<\/em><\/li>\n<li><em>runde S\u00e4ulen<\/em><\/li>\n<li><em>Tunnels <\/em><\/li>\n<li><em>kreisf\u00f6rmige Kan\u00e4le k\u00f6nnen diese Maschine biegen.<\/em><\/li>\n<\/ul>\n<p>F\u00fchren Spiralen und B\u00f6gen in Stahlstangen mit einem Durchmesser von 26mm (<strong>SPIRAL 26<\/strong>) und bis zu 36 mm (<strong>SPIRAL 36<\/strong>) durch. (Je nach Modell und Resistenz des Stahles).<\/p>\n<p>&nbsp;<\/p>\n<p><strong>Biegemaschine f\u00fcr Spiralformen:<\/strong><\/p>\n<ol>\n<li>Vorschub mit Sicherheitspedal.<\/li>\n<li>Manuellen oder automatischen Betrieb.<\/li>\n<li>Mit zwei Bieg-Geschwindigkeiten, 7m und 14m pro Minute.<\/li>\n<li>Biegdrehung nach links oder rechts.<\/li>\n<li>Zwei Kettenr\u00e4der mit Zugkraft und thermisch behandelt.<\/li>\n<li>Druckrolle mit Gewindspindel bet\u00e4tigen, um den Kurvendurchmesser zu regulieren.<\/li>\n<li>Bedienfeld mit Umschalter, um die Drehrichtung zu \u00e4ndern, Notfall-Stopp-Schalter, Hauptschalter, Stromeinganganzeiger und W\u00e4hler f\u00fcr manuellen oder automatischen Betrieb.<\/li>\n<\/ol>\n<p>&nbsp;<\/p>\n<p><img loading=\"lazy\" decoding=\"async\" class=\"alignnone wp-image-7973 size-full\" src=\"https:\/\/www.simasa.com\/wp-content\/uploads\/2017\/12\/anwendungsbereich-spiral.jpg\" alt=\"\" width=\"1152\" height=\"674\" srcset=\"https:\/\/www.simasa.com\/wp-content\/uploads\/2017\/12\/anwendungsbereich-spiral.jpg 1152w, https:\/\/www.simasa.com\/wp-content\/uploads\/2017\/12\/anwendungsbereich-spiral-416x243.jpg 416w\" sizes=\"auto, (max-width: 1152px) 100vw, 1152px\" \/><\/p>\n<p>&nbsp;<\/p>\n<p><img loading=\"lazy\" decoding=\"async\" class=\"alignnone wp-image-8025 size-full\" src=\"https:\/\/www.simasa.com\/wp-content\/uploads\/2017\/12\/vorteile-spiral.jpg\" alt=\"\" width=\"1121\" height=\"498\" srcset=\"https:\/\/www.simasa.com\/wp-content\/uploads\/2017\/12\/vorteile-spiral.jpg 1121w, https:\/\/www.simasa.com\/wp-content\/uploads\/2017\/12\/vorteile-spiral-416x185.jpg 416w\" sizes=\"auto, (max-width: 1121px) 100vw, 1121px\" \/><\/p>\n<p>&nbsp;<\/p>\n<p><img loading=\"lazy\" decoding=\"async\" class=\"alignnone wp-image-7997 size-full\" src=\"https:\/\/www.simasa.com\/wp-content\/uploads\/2017\/12\/blegekapazitat-spiral.jpg\" alt=\"\" width=\"1123\" height=\"292\" srcset=\"https:\/\/www.simasa.com\/wp-content\/uploads\/2017\/12\/blegekapazitat-spiral.jpg 1123w, https:\/\/www.simasa.com\/wp-content\/uploads\/2017\/12\/blegekapazitat-spiral-416x108.jpg 416w\" sizes=\"auto, (max-width: 1123px) 100vw, 1123px\" \/><\/p>\n<p>&nbsp;<\/p>\n<p><img loading=\"lazy\" decoding=\"async\" class=\"alignnone wp-image-7985 size-full\" src=\"https:\/\/www.simasa.com\/wp-content\/uploads\/2017\/12\/ausstattung-spiral.jpg\" alt=\"\" width=\"1122\" height=\"154\" srcset=\"https:\/\/www.simasa.com\/wp-content\/uploads\/2017\/12\/ausstattung-spiral.jpg 1122w, https:\/\/www.simasa.com\/wp-content\/uploads\/2017\/12\/ausstattung-spiral-416x57.jpg 416w\" sizes=\"auto, (max-width: 1122px) 100vw, 1122px\" \/><\/p>\n<p>&nbsp;<\/p>\n<p><img loading=\"lazy\" decoding=\"async\" class=\"alignnone wp-image-8013 size-full\" src=\"https:\/\/www.simasa.com\/wp-content\/uploads\/2017\/12\/tabla-spiral-de.jpg\" alt=\"\" width=\"1123\" height=\"262\" srcset=\"https:\/\/www.simasa.com\/wp-content\/uploads\/2017\/12\/tabla-spiral-de.jpg 1123w, https:\/\/www.simasa.com\/wp-content\/uploads\/2017\/12\/tabla-spiral-de-416x97.jpg 416w\" sizes=\"auto, (max-width: 1123px) 100vw, 1123px\" \/><\/p>\n<p>&nbsp;<\/p>\n<p>&nbsp;<\/p>\n<p><iframe loading=\"lazy\" src=\"https:\/\/www.youtube.com\/embed\/IvQZ5ryBh0Y\" width=\"945\" height=\"540\" frameborder=\"0\" allowfullscreen=\"allowfullscreen\" data-mce-fragment=\"1\"><\/iframe><\/p>\n","protected":false},"excerpt":{"rendered":"<p>Die Modelle <strong>SPIRAL 36<\/strong> sind Maschinen, die speziell entworfen wurden, um aller Art von Struktur aus Betonstahl mit Spiralform zu biegen. Auch grosse B\u00f6gen f\u00fcr den Bau von Tanks, runde S\u00e4ulen, Tunnels und kreisf\u00f6rmige Kan\u00e4le k\u00f6nnen diese Maschine biegen.<\/p>\n","protected":false},"featured_media":5242,"comment_status":"open","ping_status":"closed","template":"","meta":{"_acf_changed":false},"product_brand":[],"product_cat":[1778],"product_tag":[],"class_list":{"0":"post-8030","1":"product","2":"type-product","3":"status-publish","4":"has-post-thumbnail","6":"product_cat-betonstahl-biegemaschinen","7":"pa_max-bending-3826","8":"pa_power-electric-de","10":"first","11":"instock","12":"shipping-taxable","13":"product-type-simple"},"acf":[],"yoast_head":"<!-- This site is optimized with the Yoast SEO plugin v27.2 - https:\/\/yoast.com\/product\/yoast-seo-wordpress\/ -->\n<title>- SPIRAL - 36 | Sima<\/title>\n<meta name=\"description\" content=\"SPIRAL - 36. Die Modelle SPIRAL 36 sind Maschinen, die speziell entworfen wurden, um aller Art von Struktur aus Betonstahl mit Spiralform zu biegen. Auch grosse B\u00f6gen f\u00fcr den Bau von Tanks, runde S\u00e4ulen, Tunnels und kreisf\u00f6rmige Kan\u00e4le k\u00f6nnen diese Maschine biegen.\" \/>\n<meta name=\"robots\" content=\"noindex, follow\" \/>\n<meta property=\"og:locale\" content=\"de_DE\" \/>\n<meta property=\"og:type\" content=\"article\" \/>\n<meta property=\"og:title\" content=\"- SPIRAL - 36 | Sima\" \/>\n<meta property=\"og:description\" content=\"SPIRAL - 36. Die Modelle SPIRAL 36 sind Maschinen, die speziell entworfen wurden, um aller Art von Struktur aus Betonstahl mit Spiralform zu biegen. Auch grosse B\u00f6gen f\u00fcr den Bau von Tanks, runde S\u00e4ulen, Tunnels und kreisf\u00f6rmige Kan\u00e4le k\u00f6nnen diese Maschine biegen.\" \/>\n<meta property=\"og:url\" content=\"https:\/\/www.simasa.com\/de\/producto\/spiral-36\/\" \/>\n<meta property=\"og:site_name\" content=\"Sima\" \/>\n<meta property=\"article:modified_time\" content=\"2017-12-24T17:26:21+00:00\" \/>\n<meta property=\"og:image\" content=\"https:\/\/www.simasa.com\/wp-content\/uploads\/2016\/05\/SPIRAL-36-01.jpg\" \/>\n\t<meta property=\"og:image:width\" content=\"800\" \/>\n\t<meta property=\"og:image:height\" content=\"645\" \/>\n\t<meta property=\"og:image:type\" content=\"image\/jpeg\" \/>\n<meta name=\"twitter:card\" content=\"summary_large_image\" \/>\n<meta name=\"twitter:label1\" content=\"Gesch\u00e4tzte Lesezeit\" \/>\n\t<meta name=\"twitter:data1\" content=\"1\u00a0Minute\" \/>\n<script type=\"application\/ld+json\" class=\"yoast-schema-graph\">{\"@context\":\"https:\/\/schema.org\",\"@graph\":[{\"@type\":\"WebPage\",\"@id\":\"https:\/\/www.simasa.com\/de\/producto\/spiral-36\/\",\"url\":\"https:\/\/www.simasa.com\/de\/producto\/spiral-36\/\",\"name\":\"- SPIRAL - 36 | Sima\",\"isPartOf\":{\"@id\":\"https:\/\/www.simasa.com\/de\/#website\"},\"primaryImageOfPage\":{\"@id\":\"https:\/\/www.simasa.com\/de\/producto\/spiral-36\/#primaryimage\"},\"image\":{\"@id\":\"https:\/\/www.simasa.com\/de\/producto\/spiral-36\/#primaryimage\"},\"thumbnailUrl\":\"https:\/\/www.simasa.com\/wp-content\/uploads\/2016\/05\/SPIRAL-36-01.jpg\",\"datePublished\":\"2017-12-22T13:39:49+00:00\",\"dateModified\":\"2017-12-24T17:26:21+00:00\",\"description\":\"SPIRAL - 36. Die Modelle SPIRAL 36 sind Maschinen, die speziell entworfen wurden, um aller Art von Struktur aus Betonstahl mit Spiralform zu biegen. Auch grosse B\u00f6gen f\u00fcr den Bau von Tanks, runde S\u00e4ulen, Tunnels und kreisf\u00f6rmige Kan\u00e4le k\u00f6nnen diese Maschine biegen.\",\"breadcrumb\":{\"@id\":\"https:\/\/www.simasa.com\/de\/producto\/spiral-36\/#breadcrumb\"},\"inLanguage\":\"de\",\"potentialAction\":[{\"@type\":\"ReadAction\",\"target\":[\"https:\/\/www.simasa.com\/de\/producto\/spiral-36\/\"]}]},{\"@type\":\"ImageObject\",\"inLanguage\":\"de\",\"@id\":\"https:\/\/www.simasa.com\/de\/producto\/spiral-36\/#primaryimage\",\"url\":\"https:\/\/www.simasa.com\/wp-content\/uploads\/2016\/05\/SPIRAL-36-01.jpg\",\"contentUrl\":\"https:\/\/www.simasa.com\/wp-content\/uploads\/2016\/05\/SPIRAL-36-01.jpg\",\"width\":800,\"height\":645},{\"@type\":\"BreadcrumbList\",\"@id\":\"https:\/\/www.simasa.com\/de\/producto\/spiral-36\/#breadcrumb\",\"itemListElement\":[{\"@type\":\"ListItem\",\"position\":1,\"name\":\"Inicio\",\"item\":\"https:\/\/www.simasa.com\/de\/\"},{\"@type\":\"ListItem\",\"position\":2,\"name\":\"Katalog\",\"item\":\"https:\/\/www.simasa.com\/de\/katalog\/\"},{\"@type\":\"ListItem\",\"position\":3,\"name\":\"SPIRAL &#8211; 36\"}]},{\"@type\":\"WebSite\",\"@id\":\"https:\/\/www.simasa.com\/de\/#website\",\"url\":\"https:\/\/www.simasa.com\/de\/\",\"name\":\"Sima\",\"description\":\"Fabricantes de maquinaria para la construcci\u00f3n\",\"publisher\":{\"@id\":\"https:\/\/www.simasa.com\/de\/#organization\"},\"potentialAction\":[{\"@type\":\"SearchAction\",\"target\":{\"@type\":\"EntryPoint\",\"urlTemplate\":\"https:\/\/www.simasa.com\/de\/?s={search_term_string}\"},\"query-input\":{\"@type\":\"PropertyValueSpecification\",\"valueRequired\":true,\"valueName\":\"search_term_string\"}}],\"inLanguage\":\"de\"},{\"@type\":\"Organization\",\"@id\":\"https:\/\/www.simasa.com\/de\/#organization\",\"name\":\"Sima\",\"url\":\"https:\/\/www.simasa.com\/de\/\",\"logo\":{\"@type\":\"ImageObject\",\"inLanguage\":\"de\",\"@id\":\"https:\/\/www.simasa.com\/de\/#\/schema\/logo\/image\/\",\"url\":\"https:\/\/www.simasa.com\/wp-content\/uploads\/2016\/03\/logo-1.jpg\",\"contentUrl\":\"https:\/\/www.simasa.com\/wp-content\/uploads\/2016\/03\/logo-1.jpg\",\"width\":121,\"height\":54,\"caption\":\"Sima\"},\"image\":{\"@id\":\"https:\/\/www.simasa.com\/de\/#\/schema\/logo\/image\/\"}}]}<\/script>\n<!-- \/ Yoast SEO plugin. -->","yoast_head_json":{"title":"- SPIRAL - 36 | Sima","description":"SPIRAL - 36. Die Modelle SPIRAL 36 sind Maschinen, die speziell entworfen wurden, um aller Art von Struktur aus Betonstahl mit Spiralform zu biegen. Auch grosse B\u00f6gen f\u00fcr den Bau von Tanks, runde S\u00e4ulen, Tunnels und kreisf\u00f6rmige Kan\u00e4le k\u00f6nnen diese Maschine biegen.","robots":{"index":"noindex","follow":"follow"},"og_locale":"de_DE","og_type":"article","og_title":"- SPIRAL - 36 | Sima","og_description":"SPIRAL - 36. Die Modelle SPIRAL 36 sind Maschinen, die speziell entworfen wurden, um aller Art von Struktur aus Betonstahl mit Spiralform zu biegen. Auch grosse B\u00f6gen f\u00fcr den Bau von Tanks, runde S\u00e4ulen, Tunnels und kreisf\u00f6rmige Kan\u00e4le k\u00f6nnen diese Maschine biegen.","og_url":"https:\/\/www.simasa.com\/de\/producto\/spiral-36\/","og_site_name":"Sima","article_modified_time":"2017-12-24T17:26:21+00:00","og_image":[{"width":800,"height":645,"url":"https:\/\/www.simasa.com\/wp-content\/uploads\/2016\/05\/SPIRAL-36-01.jpg","type":"image\/jpeg"}],"twitter_card":"summary_large_image","twitter_misc":{"Gesch\u00e4tzte Lesezeit":"1\u00a0Minute"},"schema":{"@context":"https:\/\/schema.org","@graph":[{"@type":"WebPage","@id":"https:\/\/www.simasa.com\/de\/producto\/spiral-36\/","url":"https:\/\/www.simasa.com\/de\/producto\/spiral-36\/","name":"- SPIRAL - 36 | Sima","isPartOf":{"@id":"https:\/\/www.simasa.com\/de\/#website"},"primaryImageOfPage":{"@id":"https:\/\/www.simasa.com\/de\/producto\/spiral-36\/#primaryimage"},"image":{"@id":"https:\/\/www.simasa.com\/de\/producto\/spiral-36\/#primaryimage"},"thumbnailUrl":"https:\/\/www.simasa.com\/wp-content\/uploads\/2016\/05\/SPIRAL-36-01.jpg","datePublished":"2017-12-22T13:39:49+00:00","dateModified":"2017-12-24T17:26:21+00:00","description":"SPIRAL - 36. Die Modelle SPIRAL 36 sind Maschinen, die speziell entworfen wurden, um aller Art von Struktur aus Betonstahl mit Spiralform zu biegen. Auch grosse B\u00f6gen f\u00fcr den Bau von Tanks, runde S\u00e4ulen, Tunnels und kreisf\u00f6rmige Kan\u00e4le k\u00f6nnen diese Maschine biegen.","breadcrumb":{"@id":"https:\/\/www.simasa.com\/de\/producto\/spiral-36\/#breadcrumb"},"inLanguage":"de","potentialAction":[{"@type":"ReadAction","target":["https:\/\/www.simasa.com\/de\/producto\/spiral-36\/"]}]},{"@type":"ImageObject","inLanguage":"de","@id":"https:\/\/www.simasa.com\/de\/producto\/spiral-36\/#primaryimage","url":"https:\/\/www.simasa.com\/wp-content\/uploads\/2016\/05\/SPIRAL-36-01.jpg","contentUrl":"https:\/\/www.simasa.com\/wp-content\/uploads\/2016\/05\/SPIRAL-36-01.jpg","width":800,"height":645},{"@type":"BreadcrumbList","@id":"https:\/\/www.simasa.com\/de\/producto\/spiral-36\/#breadcrumb","itemListElement":[{"@type":"ListItem","position":1,"name":"Inicio","item":"https:\/\/www.simasa.com\/de\/"},{"@type":"ListItem","position":2,"name":"Katalog","item":"https:\/\/www.simasa.com\/de\/katalog\/"},{"@type":"ListItem","position":3,"name":"SPIRAL &#8211; 36"}]},{"@type":"WebSite","@id":"https:\/\/www.simasa.com\/de\/#website","url":"https:\/\/www.simasa.com\/de\/","name":"Sima","description":"Fabricantes de maquinaria para la construcci\u00f3n","publisher":{"@id":"https:\/\/www.simasa.com\/de\/#organization"},"potentialAction":[{"@type":"SearchAction","target":{"@type":"EntryPoint","urlTemplate":"https:\/\/www.simasa.com\/de\/?s={search_term_string}"},"query-input":{"@type":"PropertyValueSpecification","valueRequired":true,"valueName":"search_term_string"}}],"inLanguage":"de"},{"@type":"Organization","@id":"https:\/\/www.simasa.com\/de\/#organization","name":"Sima","url":"https:\/\/www.simasa.com\/de\/","logo":{"@type":"ImageObject","inLanguage":"de","@id":"https:\/\/www.simasa.com\/de\/#\/schema\/logo\/image\/","url":"https:\/\/www.simasa.com\/wp-content\/uploads\/2016\/03\/logo-1.jpg","contentUrl":"https:\/\/www.simasa.com\/wp-content\/uploads\/2016\/03\/logo-1.jpg","width":121,"height":54,"caption":"Sima"},"image":{"@id":"https:\/\/www.simasa.com\/de\/#\/schema\/logo\/image\/"}}]}},"_links":{"self":[{"href":"https:\/\/www.simasa.com\/de\/wp-json\/wp\/v2\/product\/8030","targetHints":{"allow":["GET"]}}],"collection":[{"href":"https:\/\/www.simasa.com\/de\/wp-json\/wp\/v2\/product"}],"about":[{"href":"https:\/\/www.simasa.com\/de\/wp-json\/wp\/v2\/types\/product"}],"replies":[{"embeddable":true,"href":"https:\/\/www.simasa.com\/de\/wp-json\/wp\/v2\/comments?post=8030"}],"wp:featuredmedia":[{"embeddable":true,"href":"https:\/\/www.simasa.com\/de\/wp-json\/wp\/v2\/media\/5242"}],"wp:attachment":[{"href":"https:\/\/www.simasa.com\/de\/wp-json\/wp\/v2\/media?parent=8030"}],"wp:term":[{"taxonomy":"product_brand","embeddable":true,"href":"https:\/\/www.simasa.com\/de\/wp-json\/wp\/v2\/product_brand?post=8030"},{"taxonomy":"product_cat","embeddable":true,"href":"https:\/\/www.simasa.com\/de\/wp-json\/wp\/v2\/product_cat?post=8030"},{"taxonomy":"product_tag","embeddable":true,"href":"https:\/\/www.simasa.com\/de\/wp-json\/wp\/v2\/product_tag?post=8030"}],"curies":[{"name":"wp","href":"https:\/\/api.w.org\/{rel}","templated":true}]}}