{"id":7967,"date":"2017-06-06T17:03:23","date_gmt":"2017-12-22T12:58:25","guid":{"rendered":"https:\/\/www.simasa.com\/?post_type=product&#038;p=7967"},"modified":"2022-06-10T13:41:36","modified_gmt":"2022-06-10T11:41:36","slug":"star-16","status":"publish","type":"product","link":"https:\/\/www.simasa.com\/de\/producto\/star-16\/","title":{"rendered":"STAR &#8211; 16"},"content":{"rendered":"<p>&nbsp;<\/p>\n<p>Der B\u00fcgel ist die meist wiederholende Form in einem Bauwerk bei der Strukturverst\u00e4rkung, so wird bei dieser Operation mehr Arbeitszeit investiert.<\/p>\n<p>Mit einer <strong>geringeren Investition<\/strong>, erzielt man eine Produktion zwischen <strong>700 bis 1000 B\u00fcgel\/Std<\/strong>. ohne grossen Aufwand f\u00fcr den Benutzer, was sie zu einer sehr begehrenswerte Maschine f\u00fcr Massenproduktion in Betonstahl-Werkst\u00e4tte dank ihren grossen Ertrag und in Bauwerke dank ihrer Vielseitigkeit ausmacht.<\/p>\n<p>Sie ist auch die <strong>ideale<\/strong> Maschine f\u00fcr Baum\u00e4rkte, wo mit Betonstahl oder Eisen gehandelt wird.<\/p>\n<p>Die Betonstahl B\u00fcgel-Biegmaschinen von SIMA erm\u00f6glichen die Produktion von B\u00fcgel mit <strong>Stahlstangen von 16 und 20mm Durchmesser<\/strong>. F\u00fchrt systematisch die Figuren durch dank ihrer Drehplatte mit Biegbolzen. Damit wird gew\u00e4hrleistet, dass alle Figuren gleich gebiegt werden.<\/p>\n<p>Sowohl die Betonstahl B\u00fcgel-Biegmaschine <strong>STAR 16<\/strong> als auch die <strong>STAR 20<\/strong>, verf\u00fcgen \u00fcber Maschinemodelle <strong>mit Wechsetstrom- Elektromotoren von 220V<\/strong>, um die Arbeit \u00fcberall zu vereinfachen.<\/p>\n<p>Die neue B\u00fcgel-Biegmaschine, wie die STAR 20, dreht sich zu 360\u00ba und verf\u00fcgt \u00fcber metalische St\u00fctzhilfe um die Stahlstangen zu bewahren. Damit wird dem Benutzer <strong>die Arbeit erleichtert<\/strong> und die Arbeitsleistung erh\u00f6ht.<\/p>\n<p>&nbsp;<\/p>\n<p><strong>Schnell und vielseitig.<br \/>\n<\/strong><\/p>\n<ul>\n<li>Mit der <strong>STAR 16<\/strong> oder <strong>STAR 20<\/strong>, k\u00f6nnen Sie ausser B\u00fcgel auch alle Arten von Figuren biegen, welche normalerweise bei der Produktion von R\u00fcstungen wie Haken, Klammern, Seile oder Keile gebraucht werden.<\/li>\n<li>Man kann <strong>mehrere Stahlstangen gleichzeitig biegen<\/strong>, je nach Durchmesser und Resistenz.<\/li>\n<li>Da die Maschine <strong>sehr leicht zu bedienen<\/strong> ist, ist kein hoch qualifiziertes Personal erforderlich.<\/li>\n<li>Die enthaltene Dorne und Bolzen, die gem\u00e4ss der Radien-Vorschriften notwendig sind, wurden thermisch behandelt.<\/li>\n<li><strong>SIMA<\/strong> fertigt auf Wunsch Sonderdorne mit speziellen Durchmesser um verschiedene Normen oder Arbeiten zu erf\u00fcllen, welche spezifische Radien brauchen.<\/li>\n<li>Elektrische Schalttafel gem\u00e4ss CE- Vorschriften.<\/li>\n<\/ul>\n<p><img loading=\"lazy\" decoding=\"async\" class=\"alignnone wp-image-7962 size-full\" src=\"https:\/\/www.simasa.com\/wp-content\/uploads\/2017\/12\/vorteile-leistungen.jpg\" alt=\"\" width=\"1121\" height=\"500\" srcset=\"https:\/\/www.simasa.com\/wp-content\/uploads\/2017\/12\/vorteile-leistungen.jpg 1121w, https:\/\/www.simasa.com\/wp-content\/uploads\/2017\/12\/vorteile-leistungen-416x186.jpg 416w\" sizes=\"auto, (max-width: 1121px) 100vw, 1121px\" \/><\/p>\n<p><img loading=\"lazy\" decoding=\"async\" class=\"alignnone wp-image-7930 size-full\" src=\"https:\/\/www.simasa.com\/wp-content\/uploads\/2017\/12\/blegformen.jpg\" alt=\"\" width=\"1119\" height=\"341\" srcset=\"https:\/\/www.simasa.com\/wp-content\/uploads\/2017\/12\/blegformen.jpg 1119w, https:\/\/www.simasa.com\/wp-content\/uploads\/2017\/12\/blegformen-416x127.jpg 416w\" sizes=\"auto, (max-width: 1119px) 100vw, 1119px\" \/><\/p>\n<p>&nbsp;<\/p>\n<p><img loading=\"lazy\" decoding=\"async\" class=\"alignnone wp-image-7922 size-full\" src=\"https:\/\/www.simasa.com\/wp-content\/uploads\/2017\/12\/ausstatung.jpg\" alt=\"\" width=\"1119\" height=\"172\" srcset=\"https:\/\/www.simasa.com\/wp-content\/uploads\/2017\/12\/ausstatung.jpg 1119w, https:\/\/www.simasa.com\/wp-content\/uploads\/2017\/12\/ausstatung-416x64.jpg 416w\" sizes=\"auto, (max-width: 1119px) 100vw, 1119px\" \/><\/p>\n<p>&nbsp;<\/p>\n<p><img loading=\"lazy\" decoding=\"async\" class=\"alignnone wp-image-7950 size-full\" src=\"https:\/\/www.simasa.com\/wp-content\/uploads\/2017\/12\/tabla-de-1.jpg\" alt=\"\" width=\"1120\" height=\"301\" srcset=\"https:\/\/www.simasa.com\/wp-content\/uploads\/2017\/12\/tabla-de-1.jpg 1120w, https:\/\/www.simasa.com\/wp-content\/uploads\/2017\/12\/tabla-de-1-416x112.jpg 416w\" sizes=\"auto, (max-width: 1120px) 100vw, 1120px\" \/><\/p>\n<p>&nbsp;<\/p>\n<p><iframe loading=\"lazy\" src=\"https:\/\/www.youtube.com\/embed\/EeXmfoXIqHI\" width=\"945\" height=\"540\" frameborder=\"0\" allowfullscreen=\"allowfullscreen\" data-mce-fragment=\"1\"><\/iframe><\/p>\n","protected":false},"excerpt":{"rendered":"<p>&nbsp;<\/p>\n<p>Die <strong>hohe Leistung<\/strong> der B\u00fcgel-Biegmaschinen <strong>STAR<\/strong><strong> 16<\/strong>, zeichnet sich durch ihr praktisches und bequemes Design, was die Produktion von 700 B\u00fcgel\/Std. mit geringen Aufwand erm\u00f6glicht. (Abh\u00e4ngig der Form des B\u00fcgels, die Dicke der Stahlstangen und die Handhabung des Benutzers.)<\/p>\n","protected":false},"featured_media":10785,"comment_status":"open","ping_status":"closed","template":"","meta":{"_acf_changed":false},"product_brand":[],"product_cat":[1780],"product_tag":[],"class_list":{"0":"post-7967","1":"product","2":"type-product","3":"status-publish","4":"has-post-thumbnail","6":"product_cat-betonstahl-bugel-biegmaschinen","7":"pa_max-bending-3820","8":"pa_power-electric-de","10":"first","11":"instock","12":"shipping-taxable","13":"product-type-simple"},"acf":[],"yoast_head":"<!-- This site is optimized with the Yoast SEO plugin v27.2 - https:\/\/yoast.com\/product\/yoast-seo-wordpress\/ -->\n<title>- STAR - 16 | Sima<\/title>\n<meta name=\"description\" content=\"STAR - 16. &nbsp;  Die hohe Leistung der B\u00fcgel-Biegmaschinen STAR 16, zeichnet sich durch ihr praktisches und bequemes Design, was die Produktion von 700 B\u00fcgel\/Std. mit geringen Aufwand erm\u00f6glicht. (Abh\u00e4ngig der Form des B\u00fcgels, die Dicke der Stahlstangen und die Handhabung des Benutzers.)\" \/>\n<meta name=\"robots\" content=\"noindex, follow\" \/>\n<meta property=\"og:locale\" content=\"de_DE\" \/>\n<meta property=\"og:type\" content=\"article\" \/>\n<meta property=\"og:title\" content=\"- STAR - 16 | Sima\" \/>\n<meta property=\"og:description\" content=\"STAR - 16. &nbsp;  Die hohe Leistung der B\u00fcgel-Biegmaschinen STAR 16, zeichnet sich durch ihr praktisches und bequemes Design, was die Produktion von 700 B\u00fcgel\/Std. mit geringen Aufwand erm\u00f6glicht. (Abh\u00e4ngig der Form des B\u00fcgels, die Dicke der Stahlstangen und die Handhabung des Benutzers.)\" \/>\n<meta property=\"og:url\" content=\"https:\/\/www.simasa.com\/de\/producto\/star-16\/\" \/>\n<meta property=\"og:site_name\" content=\"Sima\" \/>\n<meta property=\"article:modified_time\" content=\"2022-06-10T11:41:36+00:00\" \/>\n<meta property=\"og:image\" content=\"https:\/\/www.simasa.com\/wp-content\/uploads\/2017\/06\/STAR-16-GO-SILUETEADA-OK-578x1024.png\" \/>\n\t<meta property=\"og:image:width\" content=\"578\" \/>\n\t<meta property=\"og:image:height\" content=\"1024\" \/>\n\t<meta property=\"og:image:type\" content=\"image\/png\" \/>\n<meta name=\"twitter:card\" content=\"summary_large_image\" \/>\n<meta name=\"twitter:label1\" content=\"Gesch\u00e4tzte Lesezeit\" \/>\n\t<meta name=\"twitter:data1\" content=\"1\u00a0Minute\" \/>\n<script type=\"application\/ld+json\" class=\"yoast-schema-graph\">{\"@context\":\"https:\/\/schema.org\",\"@graph\":[{\"@type\":\"WebPage\",\"@id\":\"https:\/\/www.simasa.com\/de\/producto\/star-16\/\",\"url\":\"https:\/\/www.simasa.com\/de\/producto\/star-16\/\",\"name\":\"- STAR - 16 | Sima\",\"isPartOf\":{\"@id\":\"https:\/\/www.simasa.com\/de\/#website\"},\"primaryImageOfPage\":{\"@id\":\"https:\/\/www.simasa.com\/de\/producto\/star-16\/#primaryimage\"},\"image\":{\"@id\":\"https:\/\/www.simasa.com\/de\/producto\/star-16\/#primaryimage\"},\"thumbnailUrl\":\"https:\/\/www.simasa.com\/wp-content\/uploads\/2017\/06\/STAR-16-GO-SILUETEADA-OK.png\",\"datePublished\":\"2017-12-22T12:58:25+00:00\",\"dateModified\":\"2022-06-10T11:41:36+00:00\",\"description\":\"STAR - 16. &nbsp; Die hohe Leistung der B\u00fcgel-Biegmaschinen STAR 16, zeichnet sich durch ihr praktisches und bequemes Design, was die Produktion von 700 B\u00fcgel\/Std. mit geringen Aufwand erm\u00f6glicht. (Abh\u00e4ngig der Form des B\u00fcgels, die Dicke der Stahlstangen und die Handhabung des Benutzers.)\",\"breadcrumb\":{\"@id\":\"https:\/\/www.simasa.com\/de\/producto\/star-16\/#breadcrumb\"},\"inLanguage\":\"de\",\"potentialAction\":[{\"@type\":\"ReadAction\",\"target\":[\"https:\/\/www.simasa.com\/de\/producto\/star-16\/\"]}]},{\"@type\":\"ImageObject\",\"inLanguage\":\"de\",\"@id\":\"https:\/\/www.simasa.com\/de\/producto\/star-16\/#primaryimage\",\"url\":\"https:\/\/www.simasa.com\/wp-content\/uploads\/2017\/06\/STAR-16-GO-SILUETEADA-OK.png\",\"contentUrl\":\"https:\/\/www.simasa.com\/wp-content\/uploads\/2017\/06\/STAR-16-GO-SILUETEADA-OK.png\",\"width\":2009,\"height\":3557},{\"@type\":\"BreadcrumbList\",\"@id\":\"https:\/\/www.simasa.com\/de\/producto\/star-16\/#breadcrumb\",\"itemListElement\":[{\"@type\":\"ListItem\",\"position\":1,\"name\":\"Inicio\",\"item\":\"https:\/\/www.simasa.com\/de\/\"},{\"@type\":\"ListItem\",\"position\":2,\"name\":\"Katalog\",\"item\":\"https:\/\/www.simasa.com\/de\/katalog\/\"},{\"@type\":\"ListItem\",\"position\":3,\"name\":\"STAR &#8211; 16\"}]},{\"@type\":\"WebSite\",\"@id\":\"https:\/\/www.simasa.com\/de\/#website\",\"url\":\"https:\/\/www.simasa.com\/de\/\",\"name\":\"Sima\",\"description\":\"Fabricantes de maquinaria para la construcci\u00f3n\",\"publisher\":{\"@id\":\"https:\/\/www.simasa.com\/de\/#organization\"},\"potentialAction\":[{\"@type\":\"SearchAction\",\"target\":{\"@type\":\"EntryPoint\",\"urlTemplate\":\"https:\/\/www.simasa.com\/de\/?s={search_term_string}\"},\"query-input\":{\"@type\":\"PropertyValueSpecification\",\"valueRequired\":true,\"valueName\":\"search_term_string\"}}],\"inLanguage\":\"de\"},{\"@type\":\"Organization\",\"@id\":\"https:\/\/www.simasa.com\/de\/#organization\",\"name\":\"Sima\",\"url\":\"https:\/\/www.simasa.com\/de\/\",\"logo\":{\"@type\":\"ImageObject\",\"inLanguage\":\"de\",\"@id\":\"https:\/\/www.simasa.com\/de\/#\/schema\/logo\/image\/\",\"url\":\"https:\/\/www.simasa.com\/wp-content\/uploads\/2016\/03\/logo-1.jpg\",\"contentUrl\":\"https:\/\/www.simasa.com\/wp-content\/uploads\/2016\/03\/logo-1.jpg\",\"width\":121,\"height\":54,\"caption\":\"Sima\"},\"image\":{\"@id\":\"https:\/\/www.simasa.com\/de\/#\/schema\/logo\/image\/\"}}]}<\/script>\n<!-- \/ Yoast SEO plugin. -->","yoast_head_json":{"title":"- STAR - 16 | Sima","description":"STAR - 16. &nbsp;  Die hohe Leistung der B\u00fcgel-Biegmaschinen STAR 16, zeichnet sich durch ihr praktisches und bequemes Design, was die Produktion von 700 B\u00fcgel\/Std. mit geringen Aufwand erm\u00f6glicht. (Abh\u00e4ngig der Form des B\u00fcgels, die Dicke der Stahlstangen und die Handhabung des Benutzers.)","robots":{"index":"noindex","follow":"follow"},"og_locale":"de_DE","og_type":"article","og_title":"- STAR - 16 | Sima","og_description":"STAR - 16. &nbsp;  Die hohe Leistung der B\u00fcgel-Biegmaschinen STAR 16, zeichnet sich durch ihr praktisches und bequemes Design, was die Produktion von 700 B\u00fcgel\/Std. mit geringen Aufwand erm\u00f6glicht. (Abh\u00e4ngig der Form des B\u00fcgels, die Dicke der Stahlstangen und die Handhabung des Benutzers.)","og_url":"https:\/\/www.simasa.com\/de\/producto\/star-16\/","og_site_name":"Sima","article_modified_time":"2022-06-10T11:41:36+00:00","og_image":[{"width":578,"height":1024,"url":"https:\/\/www.simasa.com\/wp-content\/uploads\/2017\/06\/STAR-16-GO-SILUETEADA-OK-578x1024.png","type":"image\/png"}],"twitter_card":"summary_large_image","twitter_misc":{"Gesch\u00e4tzte Lesezeit":"1\u00a0Minute"},"schema":{"@context":"https:\/\/schema.org","@graph":[{"@type":"WebPage","@id":"https:\/\/www.simasa.com\/de\/producto\/star-16\/","url":"https:\/\/www.simasa.com\/de\/producto\/star-16\/","name":"- STAR - 16 | Sima","isPartOf":{"@id":"https:\/\/www.simasa.com\/de\/#website"},"primaryImageOfPage":{"@id":"https:\/\/www.simasa.com\/de\/producto\/star-16\/#primaryimage"},"image":{"@id":"https:\/\/www.simasa.com\/de\/producto\/star-16\/#primaryimage"},"thumbnailUrl":"https:\/\/www.simasa.com\/wp-content\/uploads\/2017\/06\/STAR-16-GO-SILUETEADA-OK.png","datePublished":"2017-12-22T12:58:25+00:00","dateModified":"2022-06-10T11:41:36+00:00","description":"STAR - 16. &nbsp; Die hohe Leistung der B\u00fcgel-Biegmaschinen STAR 16, zeichnet sich durch ihr praktisches und bequemes Design, was die Produktion von 700 B\u00fcgel\/Std. mit geringen Aufwand erm\u00f6glicht. (Abh\u00e4ngig der Form des B\u00fcgels, die Dicke der Stahlstangen und die Handhabung des Benutzers.)","breadcrumb":{"@id":"https:\/\/www.simasa.com\/de\/producto\/star-16\/#breadcrumb"},"inLanguage":"de","potentialAction":[{"@type":"ReadAction","target":["https:\/\/www.simasa.com\/de\/producto\/star-16\/"]}]},{"@type":"ImageObject","inLanguage":"de","@id":"https:\/\/www.simasa.com\/de\/producto\/star-16\/#primaryimage","url":"https:\/\/www.simasa.com\/wp-content\/uploads\/2017\/06\/STAR-16-GO-SILUETEADA-OK.png","contentUrl":"https:\/\/www.simasa.com\/wp-content\/uploads\/2017\/06\/STAR-16-GO-SILUETEADA-OK.png","width":2009,"height":3557},{"@type":"BreadcrumbList","@id":"https:\/\/www.simasa.com\/de\/producto\/star-16\/#breadcrumb","itemListElement":[{"@type":"ListItem","position":1,"name":"Inicio","item":"https:\/\/www.simasa.com\/de\/"},{"@type":"ListItem","position":2,"name":"Katalog","item":"https:\/\/www.simasa.com\/de\/katalog\/"},{"@type":"ListItem","position":3,"name":"STAR &#8211; 16"}]},{"@type":"WebSite","@id":"https:\/\/www.simasa.com\/de\/#website","url":"https:\/\/www.simasa.com\/de\/","name":"Sima","description":"Fabricantes de maquinaria para la construcci\u00f3n","publisher":{"@id":"https:\/\/www.simasa.com\/de\/#organization"},"potentialAction":[{"@type":"SearchAction","target":{"@type":"EntryPoint","urlTemplate":"https:\/\/www.simasa.com\/de\/?s={search_term_string}"},"query-input":{"@type":"PropertyValueSpecification","valueRequired":true,"valueName":"search_term_string"}}],"inLanguage":"de"},{"@type":"Organization","@id":"https:\/\/www.simasa.com\/de\/#organization","name":"Sima","url":"https:\/\/www.simasa.com\/de\/","logo":{"@type":"ImageObject","inLanguage":"de","@id":"https:\/\/www.simasa.com\/de\/#\/schema\/logo\/image\/","url":"https:\/\/www.simasa.com\/wp-content\/uploads\/2016\/03\/logo-1.jpg","contentUrl":"https:\/\/www.simasa.com\/wp-content\/uploads\/2016\/03\/logo-1.jpg","width":121,"height":54,"caption":"Sima"},"image":{"@id":"https:\/\/www.simasa.com\/de\/#\/schema\/logo\/image\/"}}]}},"_links":{"self":[{"href":"https:\/\/www.simasa.com\/de\/wp-json\/wp\/v2\/product\/7967","targetHints":{"allow":["GET"]}}],"collection":[{"href":"https:\/\/www.simasa.com\/de\/wp-json\/wp\/v2\/product"}],"about":[{"href":"https:\/\/www.simasa.com\/de\/wp-json\/wp\/v2\/types\/product"}],"replies":[{"embeddable":true,"href":"https:\/\/www.simasa.com\/de\/wp-json\/wp\/v2\/comments?post=7967"}],"wp:featuredmedia":[{"embeddable":true,"href":"https:\/\/www.simasa.com\/de\/wp-json\/wp\/v2\/media\/10785"}],"wp:attachment":[{"href":"https:\/\/www.simasa.com\/de\/wp-json\/wp\/v2\/media?parent=7967"}],"wp:term":[{"taxonomy":"product_brand","embeddable":true,"href":"https:\/\/www.simasa.com\/de\/wp-json\/wp\/v2\/product_brand?post=7967"},{"taxonomy":"product_cat","embeddable":true,"href":"https:\/\/www.simasa.com\/de\/wp-json\/wp\/v2\/product_cat?post=7967"},{"taxonomy":"product_tag","embeddable":true,"href":"https:\/\/www.simasa.com\/de\/wp-json\/wp\/v2\/product_tag?post=7967"}],"curies":[{"name":"wp","href":"https:\/\/api.w.org\/{rel}","templated":true}]}}