{"id":7817,"date":"2017-06-02T09:08:53","date_gmt":"2017-06-02T09:08:53","guid":{"rendered":"https:\/\/www.simasa.com\/?post_type=product&#038;p=7817"},"modified":"2026-03-19T16:41:44","modified_gmt":"2026-03-19T15:41:44","slug":"del-45","status":"publish","type":"product","link":"https:\/\/www.simasa.com\/de\/producto\/del-45\/","title":{"rendered":"DEL &#8211; 45"},"content":{"rendered":"<p>&nbsp;<\/p>\n<p>Die <strong>DEL-Serie<\/strong> verf\u00fcgt \u00fcber 4 verschiedene Maschinenmodelle, um die unterschiedlichen Biegbed\u00fcrfnissen des Eisenflechters zu decken. Geeignet f\u00fcr Arbeiten auf der Baustelle als auch in der Werkstatt.<\/p>\n<p>Biegebolzen und Dorne mit verschiede nen Durchmesser vorhanden, um den entsprechenden Biegeradius f\u00fcr jede Stahlstange zu verwenden. Damit wird gew\u00e4hrleistet, dass die geometrischen oder mechanischen Eigenschaften der Stahlstangen nicht beeinflusst werden (Mikrorisse oder Br\u00fcche).<\/p>\n<p>Alle Betonstahl Biegemaschinen der DEL-Serie erlauben das Biegen von poligonalen B\u00fcgeln, Spiralen f\u00fcr Pf\u00e4hle oder kreisf\u00f6rmige S\u00e4ulen und B\u00f6gen durch spezielle Biegvorrichtungen (optional).<\/p>\n<p>Einfache und kosteng\u00fcnstige Instandhaltung, durch den Anwender leicht auszuf\u00fchren. Verlangt keine Wartungsvertr\u00e4ge.<\/p>\n<p>Als Neuheit, z\u00e4hlt d ie Betonstahl Biegemaschine <strong>DEL 32<\/strong> mit Wechselstrom-Elektromotor von 220V mit einem Wechselrichter. Dank ihn erm\u00f6glicht die <strong>DEL 32<\/strong> in jeder Umgebung, die \u00fcber keine stabile Stromversorgung verf\u00fcgt oder keinen Stromgenerator mieten kann, Stahlstange zu biegen. Diese Maschine ist das perfekte Komplement f\u00fcr die Schneidemaschine <strong>CEL 36<\/strong> (Wechselstrom-Elektromotor) f\u00fcr Arbeiten mit mittlere Wichtigkeit.<\/p>\n<p>Alle Maschinenmodelle der <strong>DEL-Serie<\/strong> verf\u00fcgen \u00fcber Schutzeinrichtungen, welche von den Internationalen Sicherheitsbestimmungen erfordert werden:<\/p>\n<ul>\n<li><strong>Mechanische Sicherheit<\/strong> durch eine Schutzvorrichtung f\u00fcr den Zugriff an das innere der Maschine und einen Sicherheitsschalter, welche die Maschine anh\u00e4lt falls die T\u00fcr nicht geschlossen wird und die Schutzscheibe verhindert das Bet\u00e4tigen der Maschine durch den Pedal, wenn sie nicht richtig aufgestellt wurde.<\/li>\n<li><strong>Elektrische Sicherheit<\/strong>, mit dem kompletesten Bedienfeld auf dem Markt. Mit links-rechts Drehschalter, digitar leBildschirm mit Spannungs- und Stromst\u00e4rkeanzeiger. V e r f \u00fcgt \u00fcber einen Leitungsschutzschalter MCB um den Motor vor unstabilen Stromversorgungen z u s c h \u00fctzen und \u00fcber einen Stundenz\u00e4hler, welcher ab seinem ersten n Start funktionsf\u00e4hig ist.<\/li>\n<li><strong>Pr\u00e4zise und sichere Einstellung des Biegewinkels<\/strong> dank des Drehbolzen, welcher die induktiven Sensoren aktivieren und das Biegen anh\u00e4lt.<\/li>\n<li>Kurze und seitliche Lineale um die St\u00fctzbolzen und den Biegewinkel mit den Schiebebolzen der Maschinenmodelle <strong>DEL 32 und DEL 36<\/strong> auszurichten. Die Lineale erlauben eine milimeter genaue Einstellung.<\/li>\n<li>Die Maschinenmodelle <strong>DEL 45 und DEL 52<\/strong> sind umstellbar indem man lange Lineale integriert, um somit die Arbeit aus jedem Winkel zu vereinfachen. Diese Modelle erm\u00f6glichen das Biegen nach rechts\/links in einer einzigen Fukntion durchzuf\u00fchren (ZickZack oder Flaschenhals).<\/li>\n<li>Die Maschinen <strong>DEL 32,DEL 36 und DEL 45<\/strong> bieten (optional) einen Motor mit zwei Geschwindigkeiten an: Normal und schnell.<\/li>\n<\/ul>\n<p>&nbsp;<\/p>\n<p><img loading=\"lazy\" decoding=\"async\" class=\"alignnone wp-image-7751 size-full\" src=\"https:\/\/www.simasa.com\/wp-content\/uploads\/2016\/04\/vorteile-leistungen-del-maschinen.jpg\" alt=\"\" width=\"1119\" height=\"497\" srcset=\"https:\/\/www.simasa.com\/wp-content\/uploads\/2016\/04\/vorteile-leistungen-del-maschinen.jpg 1119w, https:\/\/www.simasa.com\/wp-content\/uploads\/2016\/04\/vorteile-leistungen-del-maschinen-416x185.jpg 416w\" sizes=\"auto, (max-width: 1119px) 100vw, 1119px\" \/><\/p>\n<p>&nbsp;<\/p>\n<p><img loading=\"lazy\" decoding=\"async\" class=\"alignnone wp-image-7727 size-full\" src=\"https:\/\/www.simasa.com\/wp-content\/uploads\/2016\/04\/biegekapazitat-ausstattung.jpg\" alt=\"\" width=\"1121\" height=\"516\" srcset=\"https:\/\/www.simasa.com\/wp-content\/uploads\/2016\/04\/biegekapazitat-ausstattung.jpg 1121w, https:\/\/www.simasa.com\/wp-content\/uploads\/2016\/04\/biegekapazitat-ausstattung-416x191.jpg 416w\" sizes=\"auto, (max-width: 1121px) 100vw, 1121px\" \/><\/p>\n<p>&nbsp;<\/p>\n<p><img loading=\"lazy\" decoding=\"async\" class=\"alignnone wp-image-7806 size-full\" src=\"https:\/\/www.simasa.com\/wp-content\/uploads\/2017\/12\/tabla2-de.jpg\" alt=\"\" width=\"1124\" height=\"295\" srcset=\"https:\/\/www.simasa.com\/wp-content\/uploads\/2017\/12\/tabla2-de.jpg 1124w, https:\/\/www.simasa.com\/wp-content\/uploads\/2017\/12\/tabla2-de-416x109.jpg 416w\" sizes=\"auto, (max-width: 1124px) 100vw, 1124px\" \/><\/p>\n<p>&nbsp;<\/p>\n<p>&nbsp;<\/p>\n<p><iframe loading=\"lazy\" src=\"https:\/\/www.youtube.com\/embed\/Bs1Dgoxypvk\" width=\"945\" height=\"540\" frameborder=\"0\" allowfullscreen=\"allowfullscreen\" data-mce-fragment=\"1\"><\/iframe><\/p>\n","protected":false},"excerpt":{"rendered":"<p>Die Betonstahl Biegemaschinen <strong>SIMA<\/strong> <strong>DEL 45<\/strong> erlauben das Biegen von poligonalen B\u00fcgeln, Spiralen f\u00fcr Pf\u00e4hle oder kreisf\u00f6rmige S\u00e4ulen und B\u00f6gen durch spezielle Biegvorrichtungen (optional). Alle Maschinenmodelle der <strong>DEL-Serie<\/strong> verf\u00fcgen \u00fcber Schutzeinrichtungen, welche von den Internationalen Sicherheitsbestimmungen erfordert werden.<\/p>\n","protected":false},"featured_media":6131,"comment_status":"open","ping_status":"closed","template":"","meta":{"_acf_changed":false},"product_brand":[],"product_cat":[1779],"product_tag":[3713],"class_list":{"0":"post-7817","1":"product","2":"type-product","3":"status-publish","4":"has-post-thumbnail","6":"product_cat-betonstahl-biegemaschinen-b","7":"product_tag-dobladoras-de-ferralla-de","8":"pa_max-bending-3832","9":"pa_power-electric-de","11":"first","12":"instock","13":"shipping-taxable","14":"product-type-simple"},"acf":[],"yoast_head":"<!-- This site is optimized with the Yoast SEO plugin v27.2 - https:\/\/yoast.com\/product\/yoast-seo-wordpress\/ -->\n<title>Dobladoras de Ferralla - DEL - 45 | Sima<\/title>\n<meta name=\"description\" content=\"DEL - 45. Die Betonstahl Biegemaschinen SIMA DEL 45 erlauben das Biegen von poligonalen B\u00fcgeln, Spiralen f\u00fcr Pf\u00e4hle oder kreisf\u00f6rmige S\u00e4ulen und B\u00f6gen durch spezielle Biegvorrichtungen (optional). Alle Maschinenmodelle der DEL-Serie verf\u00fcgen \u00fcber Schutzeinrichtungen, welche von den Internationalen Sicherheitsbestimmungen erfordert werden.\" \/>\n<meta name=\"robots\" content=\"noindex, follow\" \/>\n<meta property=\"og:locale\" content=\"de_DE\" \/>\n<meta property=\"og:type\" content=\"article\" \/>\n<meta property=\"og:title\" content=\"Dobladoras de Ferralla - DEL - 45 | Sima\" \/>\n<meta property=\"og:description\" content=\"DEL - 45. Die Betonstahl Biegemaschinen SIMA DEL 45 erlauben das Biegen von poligonalen B\u00fcgeln, Spiralen f\u00fcr Pf\u00e4hle oder kreisf\u00f6rmige S\u00e4ulen und B\u00f6gen durch spezielle Biegvorrichtungen (optional). Alle Maschinenmodelle der DEL-Serie verf\u00fcgen \u00fcber Schutzeinrichtungen, welche von den Internationalen Sicherheitsbestimmungen erfordert werden.\" \/>\n<meta property=\"og:url\" content=\"https:\/\/www.simasa.com\/de\/producto\/del-45\/\" \/>\n<meta property=\"og:site_name\" content=\"Sima\" \/>\n<meta property=\"article:modified_time\" content=\"2026-03-19T15:41:44+00:00\" \/>\n<meta property=\"og:image\" content=\"https:\/\/www.simasa.com\/wp-content\/uploads\/2017\/06\/SIMA-DEL-45.jpg\" \/>\n\t<meta property=\"og:image:width\" content=\"1396\" \/>\n\t<meta property=\"og:image:height\" content=\"1396\" \/>\n\t<meta property=\"og:image:type\" content=\"image\/jpeg\" \/>\n<meta name=\"twitter:card\" content=\"summary_large_image\" \/>\n<meta name=\"twitter:label1\" content=\"Gesch\u00e4tzte Lesezeit\" \/>\n\t<meta name=\"twitter:data1\" content=\"3\u00a0Minuten\" \/>\n<script type=\"application\/ld+json\" class=\"yoast-schema-graph\">{\"@context\":\"https:\/\/schema.org\",\"@graph\":[{\"@type\":\"WebPage\",\"@id\":\"https:\/\/www.simasa.com\/de\/producto\/del-45\/\",\"url\":\"https:\/\/www.simasa.com\/de\/producto\/del-45\/\",\"name\":\"Dobladoras de Ferralla - DEL - 45 | Sima\",\"isPartOf\":{\"@id\":\"https:\/\/www.simasa.com\/de\/#website\"},\"primaryImageOfPage\":{\"@id\":\"https:\/\/www.simasa.com\/de\/producto\/del-45\/#primaryimage\"},\"image\":{\"@id\":\"https:\/\/www.simasa.com\/de\/producto\/del-45\/#primaryimage\"},\"thumbnailUrl\":\"https:\/\/www.simasa.com\/wp-content\/uploads\/2017\/06\/SIMA-DEL-45.jpg\",\"datePublished\":\"2017-06-02T09:08:53+00:00\",\"dateModified\":\"2026-03-19T15:41:44+00:00\",\"description\":\"DEL - 45. Die Betonstahl Biegemaschinen SIMA DEL 45 erlauben das Biegen von poligonalen B\u00fcgeln, Spiralen f\u00fcr Pf\u00e4hle oder kreisf\u00f6rmige S\u00e4ulen und B\u00f6gen durch spezielle Biegvorrichtungen (optional). Alle Maschinenmodelle der DEL-Serie verf\u00fcgen \u00fcber Schutzeinrichtungen, welche von den Internationalen Sicherheitsbestimmungen erfordert werden.\",\"breadcrumb\":{\"@id\":\"https:\/\/www.simasa.com\/de\/producto\/del-45\/#breadcrumb\"},\"inLanguage\":\"de\",\"potentialAction\":[{\"@type\":\"ReadAction\",\"target\":[\"https:\/\/www.simasa.com\/de\/producto\/del-45\/\"]}]},{\"@type\":\"ImageObject\",\"inLanguage\":\"de\",\"@id\":\"https:\/\/www.simasa.com\/de\/producto\/del-45\/#primaryimage\",\"url\":\"https:\/\/www.simasa.com\/wp-content\/uploads\/2017\/06\/SIMA-DEL-45.jpg\",\"contentUrl\":\"https:\/\/www.simasa.com\/wp-content\/uploads\/2017\/06\/SIMA-DEL-45.jpg\",\"width\":1396,\"height\":1396},{\"@type\":\"BreadcrumbList\",\"@id\":\"https:\/\/www.simasa.com\/de\/producto\/del-45\/#breadcrumb\",\"itemListElement\":[{\"@type\":\"ListItem\",\"position\":1,\"name\":\"Inicio\",\"item\":\"https:\/\/www.simasa.com\/de\/\"},{\"@type\":\"ListItem\",\"position\":2,\"name\":\"Katalog\",\"item\":\"https:\/\/www.simasa.com\/de\/katalog\/\"},{\"@type\":\"ListItem\",\"position\":3,\"name\":\"DEL &#8211; 45\"}]},{\"@type\":\"WebSite\",\"@id\":\"https:\/\/www.simasa.com\/de\/#website\",\"url\":\"https:\/\/www.simasa.com\/de\/\",\"name\":\"Sima\",\"description\":\"Fabricantes de maquinaria para la construcci\u00f3n\",\"publisher\":{\"@id\":\"https:\/\/www.simasa.com\/de\/#organization\"},\"potentialAction\":[{\"@type\":\"SearchAction\",\"target\":{\"@type\":\"EntryPoint\",\"urlTemplate\":\"https:\/\/www.simasa.com\/de\/?s={search_term_string}\"},\"query-input\":{\"@type\":\"PropertyValueSpecification\",\"valueRequired\":true,\"valueName\":\"search_term_string\"}}],\"inLanguage\":\"de\"},{\"@type\":\"Organization\",\"@id\":\"https:\/\/www.simasa.com\/de\/#organization\",\"name\":\"Sima\",\"url\":\"https:\/\/www.simasa.com\/de\/\",\"logo\":{\"@type\":\"ImageObject\",\"inLanguage\":\"de\",\"@id\":\"https:\/\/www.simasa.com\/de\/#\/schema\/logo\/image\/\",\"url\":\"https:\/\/www.simasa.com\/wp-content\/uploads\/2016\/03\/logo-1.jpg\",\"contentUrl\":\"https:\/\/www.simasa.com\/wp-content\/uploads\/2016\/03\/logo-1.jpg\",\"width\":121,\"height\":54,\"caption\":\"Sima\"},\"image\":{\"@id\":\"https:\/\/www.simasa.com\/de\/#\/schema\/logo\/image\/\"}}]}<\/script>\n<!-- \/ Yoast SEO plugin. -->","yoast_head_json":{"title":"Dobladoras de Ferralla - DEL - 45 | Sima","description":"DEL - 45. Die Betonstahl Biegemaschinen SIMA DEL 45 erlauben das Biegen von poligonalen B\u00fcgeln, Spiralen f\u00fcr Pf\u00e4hle oder kreisf\u00f6rmige S\u00e4ulen und B\u00f6gen durch spezielle Biegvorrichtungen (optional). Alle Maschinenmodelle der DEL-Serie verf\u00fcgen \u00fcber Schutzeinrichtungen, welche von den Internationalen Sicherheitsbestimmungen erfordert werden.","robots":{"index":"noindex","follow":"follow"},"og_locale":"de_DE","og_type":"article","og_title":"Dobladoras de Ferralla - DEL - 45 | Sima","og_description":"DEL - 45. Die Betonstahl Biegemaschinen SIMA DEL 45 erlauben das Biegen von poligonalen B\u00fcgeln, Spiralen f\u00fcr Pf\u00e4hle oder kreisf\u00f6rmige S\u00e4ulen und B\u00f6gen durch spezielle Biegvorrichtungen (optional). Alle Maschinenmodelle der DEL-Serie verf\u00fcgen \u00fcber Schutzeinrichtungen, welche von den Internationalen Sicherheitsbestimmungen erfordert werden.","og_url":"https:\/\/www.simasa.com\/de\/producto\/del-45\/","og_site_name":"Sima","article_modified_time":"2026-03-19T15:41:44+00:00","og_image":[{"width":1396,"height":1396,"url":"https:\/\/www.simasa.com\/wp-content\/uploads\/2017\/06\/SIMA-DEL-45.jpg","type":"image\/jpeg"}],"twitter_card":"summary_large_image","twitter_misc":{"Gesch\u00e4tzte Lesezeit":"3\u00a0Minuten"},"schema":{"@context":"https:\/\/schema.org","@graph":[{"@type":"WebPage","@id":"https:\/\/www.simasa.com\/de\/producto\/del-45\/","url":"https:\/\/www.simasa.com\/de\/producto\/del-45\/","name":"Dobladoras de Ferralla - DEL - 45 | Sima","isPartOf":{"@id":"https:\/\/www.simasa.com\/de\/#website"},"primaryImageOfPage":{"@id":"https:\/\/www.simasa.com\/de\/producto\/del-45\/#primaryimage"},"image":{"@id":"https:\/\/www.simasa.com\/de\/producto\/del-45\/#primaryimage"},"thumbnailUrl":"https:\/\/www.simasa.com\/wp-content\/uploads\/2017\/06\/SIMA-DEL-45.jpg","datePublished":"2017-06-02T09:08:53+00:00","dateModified":"2026-03-19T15:41:44+00:00","description":"DEL - 45. Die Betonstahl Biegemaschinen SIMA DEL 45 erlauben das Biegen von poligonalen B\u00fcgeln, Spiralen f\u00fcr Pf\u00e4hle oder kreisf\u00f6rmige S\u00e4ulen und B\u00f6gen durch spezielle Biegvorrichtungen (optional). Alle Maschinenmodelle der DEL-Serie verf\u00fcgen \u00fcber Schutzeinrichtungen, welche von den Internationalen Sicherheitsbestimmungen erfordert werden.","breadcrumb":{"@id":"https:\/\/www.simasa.com\/de\/producto\/del-45\/#breadcrumb"},"inLanguage":"de","potentialAction":[{"@type":"ReadAction","target":["https:\/\/www.simasa.com\/de\/producto\/del-45\/"]}]},{"@type":"ImageObject","inLanguage":"de","@id":"https:\/\/www.simasa.com\/de\/producto\/del-45\/#primaryimage","url":"https:\/\/www.simasa.com\/wp-content\/uploads\/2017\/06\/SIMA-DEL-45.jpg","contentUrl":"https:\/\/www.simasa.com\/wp-content\/uploads\/2017\/06\/SIMA-DEL-45.jpg","width":1396,"height":1396},{"@type":"BreadcrumbList","@id":"https:\/\/www.simasa.com\/de\/producto\/del-45\/#breadcrumb","itemListElement":[{"@type":"ListItem","position":1,"name":"Inicio","item":"https:\/\/www.simasa.com\/de\/"},{"@type":"ListItem","position":2,"name":"Katalog","item":"https:\/\/www.simasa.com\/de\/katalog\/"},{"@type":"ListItem","position":3,"name":"DEL &#8211; 45"}]},{"@type":"WebSite","@id":"https:\/\/www.simasa.com\/de\/#website","url":"https:\/\/www.simasa.com\/de\/","name":"Sima","description":"Fabricantes de maquinaria para la construcci\u00f3n","publisher":{"@id":"https:\/\/www.simasa.com\/de\/#organization"},"potentialAction":[{"@type":"SearchAction","target":{"@type":"EntryPoint","urlTemplate":"https:\/\/www.simasa.com\/de\/?s={search_term_string}"},"query-input":{"@type":"PropertyValueSpecification","valueRequired":true,"valueName":"search_term_string"}}],"inLanguage":"de"},{"@type":"Organization","@id":"https:\/\/www.simasa.com\/de\/#organization","name":"Sima","url":"https:\/\/www.simasa.com\/de\/","logo":{"@type":"ImageObject","inLanguage":"de","@id":"https:\/\/www.simasa.com\/de\/#\/schema\/logo\/image\/","url":"https:\/\/www.simasa.com\/wp-content\/uploads\/2016\/03\/logo-1.jpg","contentUrl":"https:\/\/www.simasa.com\/wp-content\/uploads\/2016\/03\/logo-1.jpg","width":121,"height":54,"caption":"Sima"},"image":{"@id":"https:\/\/www.simasa.com\/de\/#\/schema\/logo\/image\/"}}]}},"_links":{"self":[{"href":"https:\/\/www.simasa.com\/de\/wp-json\/wp\/v2\/product\/7817","targetHints":{"allow":["GET"]}}],"collection":[{"href":"https:\/\/www.simasa.com\/de\/wp-json\/wp\/v2\/product"}],"about":[{"href":"https:\/\/www.simasa.com\/de\/wp-json\/wp\/v2\/types\/product"}],"replies":[{"embeddable":true,"href":"https:\/\/www.simasa.com\/de\/wp-json\/wp\/v2\/comments?post=7817"}],"wp:featuredmedia":[{"embeddable":true,"href":"https:\/\/www.simasa.com\/de\/wp-json\/wp\/v2\/media\/6131"}],"wp:attachment":[{"href":"https:\/\/www.simasa.com\/de\/wp-json\/wp\/v2\/media?parent=7817"}],"wp:term":[{"taxonomy":"product_brand","embeddable":true,"href":"https:\/\/www.simasa.com\/de\/wp-json\/wp\/v2\/product_brand?post=7817"},{"taxonomy":"product_cat","embeddable":true,"href":"https:\/\/www.simasa.com\/de\/wp-json\/wp\/v2\/product_cat?post=7817"},{"taxonomy":"product_tag","embeddable":true,"href":"https:\/\/www.simasa.com\/de\/wp-json\/wp\/v2\/product_tag?post=7817"}],"curies":[{"name":"wp","href":"https:\/\/api.w.org\/{rel}","templated":true}]}}