{"id":7696,"date":"2017-11-28T18:33:36","date_gmt":"2017-12-19T13:47:05","guid":{"rendered":"https:\/\/www.simasa.com\/?post_type=product&#038;p=7696"},"modified":"2017-12-19T13:47:05","modified_gmt":"2017-12-19T13:47:05","slug":"diamant-bohrkronen","status":"publish","type":"product","link":"https:\/\/www.simasa.com\/de\/producto\/diamant-bohrkronen\/","title":{"rendered":"Diamant-Bohrkronen"},"content":{"rendered":"<p>&nbsp;<\/p>\n<p>Eine <strong>DIAMANT-BOHRKRONE BESTEHT<\/strong> haupts\u00e4chlich aus zwei Komponenten, aus einem Stahlrohr mit Anschluss und der kontinuierliche Krone oder den Diamantsegmente (Mischung aus Diamant und Bindemittel).<\/p>\n<p>Sie k\u00f6nnen silbergeschweisst durch eine Tiefschweissung mit einem Silberdraht sein, dadurch werden die beiden Komponente fest verbunden. Manche sind lasergeschweisst, einer der sichersten Schweissungen und vorallem sehr pr\u00e4zise. Sie wurde mit der modernsten Technlogie hergestellt und erfordert hochwertigen Materialien, sowohl bei den Segmenten als auch beim Stammk\u00f6rper.<\/p>\n<p>Kernbohrungen mit <strong>Diamant-Bohrkronen<\/strong> erm\u00f6glichen das splitterfreie Bohren von sehr genauen Dimensionen. Es erlaubt auch vertikal, horizontal, geneigt und in reduzierte Zeitr\u00e4ume zu bohren.<\/p>\n<p>Die Kernbohrungen mit <strong>Diamant-Bohrkronen<\/strong> kann man mit oder ohne Wasser durchf\u00fchren, das h\u00e4ngt vom Material und Tiefe ab. In Materialien wie Beton (verst\u00e4rkt oder nicht) wird mit Wasser gebohrt und in weichen Materialien wie Ziegel- steine oder Bl\u00f6cke erzielt man gute Ergebnisse ohne Wasser zu verwenden. In flachen L\u00f6chern mit geringer Tiefe kann man ohne Wasser bohren, dagegen k\u00f6nnen tiefe L\u00f6cher nur mit Wasser gebohrt werden.<\/p>\n<p>Die Vorteile des trocken oder nass Bohren sind folgende:<\/p>\n<p>\u2022 <strong>Trockenbohren<\/strong>: vereinfachte Ausr\u00fcstung, gut f\u00fcr Schaltangelagen geeignet, ohne Abfallvertungsprobleme und ohne Sicherheitsrisiken (Wasser &#8211; Elektrizit\u00e4t).<\/p>\n<p>\u2022 <strong>Nassbohren<\/strong>: staublos, keine Einschr\u00e4nkungen beim Material, Durchmesser und Tiefe. Schnelleres schneiden m\u00f6glich.<\/p>\n<p>Um eine gute Arbeit zu gew\u00e4hrleisten, ist es wichtig die gen\u00fcgende Wassermengen zu verwenden. Falls man aber nicht gen\u00fcgend Wasser verwendet, besteht das Risiko, dass sich die Segmente schneller abn\u00fctzen und sogar verloren gehen oder sich die Krone \u00fcberhitzt.<\/p>\n<p>Aber falls man zu viel Wasser verwendet, kann das Risiko entstehen, dass sich die Krone abstumpft und der Schneide- antrieb reduziert wird.<\/p>\n<p>&nbsp;<\/p>\n<h4><strong>Anwendungen<\/strong>:<\/h4>\n<ul>\n<li>F\u00fcr Kernbohrungen auf Hartbeton oder verst\u00e4rkten Beton, welche hohe Abrasivit\u00e4t und Intesivit\u00e4t aufweisen.<\/li>\n<li>Kreisf\u00f6rmige Bohrungen f\u00fcr \u00d6ffnungen von Versorgungsleitungen (Wasser-, Gas- und Stromleitungen), Installationen f\u00fcr Klimaanlagen, elektrische Schaltanlagen, \u00d6ffnungen von T\u00fcren und Fenster, Beton- und Asphaltproben entnehmen.<\/li>\n<li>Sehr gute Leistungen beim Bohren von Asphalt .<\/li>\n<li>Kernbohrungen in W\u00e4nden, Betonr\u00f6hre, Betonplatten, Hohldecken, Fassaden usw.<\/li>\n<\/ul>\n<p>&nbsp;<\/p>\n<p><img loading=\"lazy\" decoding=\"async\" class=\"alignnone wp-image-7705 size-full\" src=\"https:\/\/www.simasa.com\/wp-content\/uploads\/2017\/12\/vorteile.jpg\" alt=\"\" width=\"1118\" height=\"261\" srcset=\"https:\/\/www.simasa.com\/wp-content\/uploads\/2017\/12\/vorteile.jpg 1118w, https:\/\/www.simasa.com\/wp-content\/uploads\/2017\/12\/vorteile-416x97.jpg 416w\" sizes=\"auto, (max-width: 1118px) 100vw, 1118px\" \/><\/p>\n<p>&nbsp;<\/p>\n<p><img loading=\"lazy\" decoding=\"async\" class=\"alignnone wp-image-7701 size-full\" src=\"https:\/\/www.simasa.com\/wp-content\/uploads\/2017\/12\/mehr-vorteile.jpg\" alt=\"\" width=\"1153\" height=\"697\" srcset=\"https:\/\/www.simasa.com\/wp-content\/uploads\/2017\/12\/mehr-vorteile.jpg 1153w, https:\/\/www.simasa.com\/wp-content\/uploads\/2017\/12\/mehr-vorteile-416x251.jpg 416w\" sizes=\"auto, (max-width: 1153px) 100vw, 1153px\" \/><\/p>\n<p>&nbsp;<\/p>\n<p><img loading=\"lazy\" decoding=\"async\" class=\"alignnone wp-image-7697 size-full\" src=\"https:\/\/www.simasa.com\/wp-content\/uploads\/2017\/12\/diamant-bohrkronen.jpg\" alt=\"\" width=\"1112\" height=\"367\" srcset=\"https:\/\/www.simasa.com\/wp-content\/uploads\/2017\/12\/diamant-bohrkronen.jpg 1112w, https:\/\/www.simasa.com\/wp-content\/uploads\/2017\/12\/diamant-bohrkronen-416x137.jpg 416w\" sizes=\"auto, (max-width: 1112px) 100vw, 1112px\" \/><\/p>\n<p>&nbsp;<\/p>\n<p>&nbsp;<\/p>\n<p>&nbsp;<\/p>\n","protected":false},"excerpt":{"rendered":"<p>Eine <strong>DIAMANT-BOHRKRONE<\/strong> BESTEHT haupts\u00e4chlich aus zwei Komponenten, aus einem Stahlrohr mit Anschluss und der kontinuierliche Krone oder den Diamantsegmente (Mischung aus Diamant und Bindemittel).<\/p>\n","protected":false},"featured_media":7127,"comment_status":"open","ping_status":"closed","template":"","meta":{"_acf_changed":false},"product_brand":[],"product_cat":[1770],"product_tag":[],"class_list":{"0":"post-7696","1":"product","2":"type-product","3":"status-publish","4":"has-post-thumbnail","6":"product_cat-diamant-bohrkronen","8":"first","9":"instock","10":"shipping-taxable","11":"product-type-simple"},"acf":[],"yoast_head":"<!-- This site is optimized with the Yoast SEO plugin v27.2 - https:\/\/yoast.com\/product\/yoast-seo-wordpress\/ -->\n<title>- Diamant-Bohrkronen | Sima<\/title>\n<meta name=\"description\" content=\"Diamant-Bohrkronen. Eine DIAMANT-BOHRKRONE BESTEHT haupts\u00e4chlich aus zwei Komponenten, aus einem Stahlrohr mit Anschluss und der kontinuierliche Krone oder den Diamantsegmente (Mischung aus Diamant und Bindemittel).\" \/>\n<meta name=\"robots\" content=\"noindex, follow\" \/>\n<meta property=\"og:locale\" content=\"de_DE\" \/>\n<meta property=\"og:type\" content=\"article\" \/>\n<meta property=\"og:title\" content=\"- Diamant-Bohrkronen | Sima\" \/>\n<meta property=\"og:description\" content=\"Diamant-Bohrkronen. Eine DIAMANT-BOHRKRONE BESTEHT haupts\u00e4chlich aus zwei Komponenten, aus einem Stahlrohr mit Anschluss und der kontinuierliche Krone oder den Diamantsegmente (Mischung aus Diamant und Bindemittel).\" \/>\n<meta property=\"og:url\" content=\"https:\/\/www.simasa.com\/de\/producto\/diamant-bohrkronen\/\" \/>\n<meta property=\"og:site_name\" content=\"Sima\" \/>\n<meta property=\"og:image\" content=\"https:\/\/www.simasa.com\/wp-content\/uploads\/2017\/11\/Corona.jpg\" \/>\n\t<meta property=\"og:image:width\" content=\"563\" \/>\n\t<meta property=\"og:image:height\" content=\"405\" \/>\n\t<meta property=\"og:image:type\" content=\"image\/jpeg\" \/>\n<meta name=\"twitter:card\" content=\"summary_large_image\" \/>\n<meta name=\"twitter:label1\" content=\"Gesch\u00e4tzte Lesezeit\" \/>\n\t<meta name=\"twitter:data1\" content=\"2\u00a0Minuten\" \/>\n<script type=\"application\/ld+json\" class=\"yoast-schema-graph\">{\"@context\":\"https:\/\/schema.org\",\"@graph\":[{\"@type\":\"WebPage\",\"@id\":\"https:\/\/www.simasa.com\/de\/producto\/diamant-bohrkronen\/\",\"url\":\"https:\/\/www.simasa.com\/de\/producto\/diamant-bohrkronen\/\",\"name\":\"- Diamant-Bohrkronen | Sima\",\"isPartOf\":{\"@id\":\"https:\/\/www.simasa.com\/de\/#website\"},\"primaryImageOfPage\":{\"@id\":\"https:\/\/www.simasa.com\/de\/producto\/diamant-bohrkronen\/#primaryimage\"},\"image\":{\"@id\":\"https:\/\/www.simasa.com\/de\/producto\/diamant-bohrkronen\/#primaryimage\"},\"thumbnailUrl\":\"https:\/\/www.simasa.com\/wp-content\/uploads\/2017\/11\/Corona.jpg\",\"datePublished\":\"2017-12-19T13:47:05+00:00\",\"description\":\"Diamant-Bohrkronen. Eine DIAMANT-BOHRKRONE BESTEHT haupts\u00e4chlich aus zwei Komponenten, aus einem Stahlrohr mit Anschluss und der kontinuierliche Krone oder den Diamantsegmente (Mischung aus Diamant und Bindemittel).\",\"breadcrumb\":{\"@id\":\"https:\/\/www.simasa.com\/de\/producto\/diamant-bohrkronen\/#breadcrumb\"},\"inLanguage\":\"de\",\"potentialAction\":[{\"@type\":\"ReadAction\",\"target\":[\"https:\/\/www.simasa.com\/de\/producto\/diamant-bohrkronen\/\"]}]},{\"@type\":\"ImageObject\",\"inLanguage\":\"de\",\"@id\":\"https:\/\/www.simasa.com\/de\/producto\/diamant-bohrkronen\/#primaryimage\",\"url\":\"https:\/\/www.simasa.com\/wp-content\/uploads\/2017\/11\/Corona.jpg\",\"contentUrl\":\"https:\/\/www.simasa.com\/wp-content\/uploads\/2017\/11\/Corona.jpg\",\"width\":563,\"height\":405},{\"@type\":\"BreadcrumbList\",\"@id\":\"https:\/\/www.simasa.com\/de\/producto\/diamant-bohrkronen\/#breadcrumb\",\"itemListElement\":[{\"@type\":\"ListItem\",\"position\":1,\"name\":\"Inicio\",\"item\":\"https:\/\/www.simasa.com\/de\/\"},{\"@type\":\"ListItem\",\"position\":2,\"name\":\"Katalog\",\"item\":\"https:\/\/www.simasa.com\/de\/katalog\/\"},{\"@type\":\"ListItem\",\"position\":3,\"name\":\"Diamant-Bohrkronen\"}]},{\"@type\":\"WebSite\",\"@id\":\"https:\/\/www.simasa.com\/de\/#website\",\"url\":\"https:\/\/www.simasa.com\/de\/\",\"name\":\"Sima\",\"description\":\"Fabricantes de maquinaria para la construcci\u00f3n\",\"publisher\":{\"@id\":\"https:\/\/www.simasa.com\/de\/#organization\"},\"potentialAction\":[{\"@type\":\"SearchAction\",\"target\":{\"@type\":\"EntryPoint\",\"urlTemplate\":\"https:\/\/www.simasa.com\/de\/?s={search_term_string}\"},\"query-input\":{\"@type\":\"PropertyValueSpecification\",\"valueRequired\":true,\"valueName\":\"search_term_string\"}}],\"inLanguage\":\"de\"},{\"@type\":\"Organization\",\"@id\":\"https:\/\/www.simasa.com\/de\/#organization\",\"name\":\"Sima\",\"url\":\"https:\/\/www.simasa.com\/de\/\",\"logo\":{\"@type\":\"ImageObject\",\"inLanguage\":\"de\",\"@id\":\"https:\/\/www.simasa.com\/de\/#\/schema\/logo\/image\/\",\"url\":\"https:\/\/www.simasa.com\/wp-content\/uploads\/2016\/03\/logo-1.jpg\",\"contentUrl\":\"https:\/\/www.simasa.com\/wp-content\/uploads\/2016\/03\/logo-1.jpg\",\"width\":121,\"height\":54,\"caption\":\"Sima\"},\"image\":{\"@id\":\"https:\/\/www.simasa.com\/de\/#\/schema\/logo\/image\/\"}}]}<\/script>\n<!-- \/ Yoast SEO plugin. -->","yoast_head_json":{"title":"- Diamant-Bohrkronen | Sima","description":"Diamant-Bohrkronen. Eine DIAMANT-BOHRKRONE BESTEHT haupts\u00e4chlich aus zwei Komponenten, aus einem Stahlrohr mit Anschluss und der kontinuierliche Krone oder den Diamantsegmente (Mischung aus Diamant und Bindemittel).","robots":{"index":"noindex","follow":"follow"},"og_locale":"de_DE","og_type":"article","og_title":"- Diamant-Bohrkronen | Sima","og_description":"Diamant-Bohrkronen. Eine DIAMANT-BOHRKRONE BESTEHT haupts\u00e4chlich aus zwei Komponenten, aus einem Stahlrohr mit Anschluss und der kontinuierliche Krone oder den Diamantsegmente (Mischung aus Diamant und Bindemittel).","og_url":"https:\/\/www.simasa.com\/de\/producto\/diamant-bohrkronen\/","og_site_name":"Sima","og_image":[{"width":563,"height":405,"url":"https:\/\/www.simasa.com\/wp-content\/uploads\/2017\/11\/Corona.jpg","type":"image\/jpeg"}],"twitter_card":"summary_large_image","twitter_misc":{"Gesch\u00e4tzte Lesezeit":"2\u00a0Minuten"},"schema":{"@context":"https:\/\/schema.org","@graph":[{"@type":"WebPage","@id":"https:\/\/www.simasa.com\/de\/producto\/diamant-bohrkronen\/","url":"https:\/\/www.simasa.com\/de\/producto\/diamant-bohrkronen\/","name":"- Diamant-Bohrkronen | Sima","isPartOf":{"@id":"https:\/\/www.simasa.com\/de\/#website"},"primaryImageOfPage":{"@id":"https:\/\/www.simasa.com\/de\/producto\/diamant-bohrkronen\/#primaryimage"},"image":{"@id":"https:\/\/www.simasa.com\/de\/producto\/diamant-bohrkronen\/#primaryimage"},"thumbnailUrl":"https:\/\/www.simasa.com\/wp-content\/uploads\/2017\/11\/Corona.jpg","datePublished":"2017-12-19T13:47:05+00:00","description":"Diamant-Bohrkronen. Eine DIAMANT-BOHRKRONE BESTEHT haupts\u00e4chlich aus zwei Komponenten, aus einem Stahlrohr mit Anschluss und der kontinuierliche Krone oder den Diamantsegmente (Mischung aus Diamant und Bindemittel).","breadcrumb":{"@id":"https:\/\/www.simasa.com\/de\/producto\/diamant-bohrkronen\/#breadcrumb"},"inLanguage":"de","potentialAction":[{"@type":"ReadAction","target":["https:\/\/www.simasa.com\/de\/producto\/diamant-bohrkronen\/"]}]},{"@type":"ImageObject","inLanguage":"de","@id":"https:\/\/www.simasa.com\/de\/producto\/diamant-bohrkronen\/#primaryimage","url":"https:\/\/www.simasa.com\/wp-content\/uploads\/2017\/11\/Corona.jpg","contentUrl":"https:\/\/www.simasa.com\/wp-content\/uploads\/2017\/11\/Corona.jpg","width":563,"height":405},{"@type":"BreadcrumbList","@id":"https:\/\/www.simasa.com\/de\/producto\/diamant-bohrkronen\/#breadcrumb","itemListElement":[{"@type":"ListItem","position":1,"name":"Inicio","item":"https:\/\/www.simasa.com\/de\/"},{"@type":"ListItem","position":2,"name":"Katalog","item":"https:\/\/www.simasa.com\/de\/katalog\/"},{"@type":"ListItem","position":3,"name":"Diamant-Bohrkronen"}]},{"@type":"WebSite","@id":"https:\/\/www.simasa.com\/de\/#website","url":"https:\/\/www.simasa.com\/de\/","name":"Sima","description":"Fabricantes de maquinaria para la construcci\u00f3n","publisher":{"@id":"https:\/\/www.simasa.com\/de\/#organization"},"potentialAction":[{"@type":"SearchAction","target":{"@type":"EntryPoint","urlTemplate":"https:\/\/www.simasa.com\/de\/?s={search_term_string}"},"query-input":{"@type":"PropertyValueSpecification","valueRequired":true,"valueName":"search_term_string"}}],"inLanguage":"de"},{"@type":"Organization","@id":"https:\/\/www.simasa.com\/de\/#organization","name":"Sima","url":"https:\/\/www.simasa.com\/de\/","logo":{"@type":"ImageObject","inLanguage":"de","@id":"https:\/\/www.simasa.com\/de\/#\/schema\/logo\/image\/","url":"https:\/\/www.simasa.com\/wp-content\/uploads\/2016\/03\/logo-1.jpg","contentUrl":"https:\/\/www.simasa.com\/wp-content\/uploads\/2016\/03\/logo-1.jpg","width":121,"height":54,"caption":"Sima"},"image":{"@id":"https:\/\/www.simasa.com\/de\/#\/schema\/logo\/image\/"}}]}},"_links":{"self":[{"href":"https:\/\/www.simasa.com\/de\/wp-json\/wp\/v2\/product\/7696","targetHints":{"allow":["GET"]}}],"collection":[{"href":"https:\/\/www.simasa.com\/de\/wp-json\/wp\/v2\/product"}],"about":[{"href":"https:\/\/www.simasa.com\/de\/wp-json\/wp\/v2\/types\/product"}],"replies":[{"embeddable":true,"href":"https:\/\/www.simasa.com\/de\/wp-json\/wp\/v2\/comments?post=7696"}],"wp:featuredmedia":[{"embeddable":true,"href":"https:\/\/www.simasa.com\/de\/wp-json\/wp\/v2\/media\/7127"}],"wp:attachment":[{"href":"https:\/\/www.simasa.com\/de\/wp-json\/wp\/v2\/media?parent=7696"}],"wp:term":[{"taxonomy":"product_brand","embeddable":true,"href":"https:\/\/www.simasa.com\/de\/wp-json\/wp\/v2\/product_brand?post=7696"},{"taxonomy":"product_cat","embeddable":true,"href":"https:\/\/www.simasa.com\/de\/wp-json\/wp\/v2\/product_cat?post=7696"},{"taxonomy":"product_tag","embeddable":true,"href":"https:\/\/www.simasa.com\/de\/wp-json\/wp\/v2\/product_tag?post=7696"}],"curies":[{"name":"wp","href":"https:\/\/api.w.org\/{rel}","templated":true}]}}