{"id":7662,"date":"2017-11-24T16:28:57","date_gmt":"2017-12-18T19:01:29","guid":{"rendered":"https:\/\/www.simasa.com\/?post_type=product&#038;p=7662"},"modified":"2017-12-29T10:41:04","modified_gmt":"2017-12-29T10:41:04","slug":"frischbeton","status":"publish","type":"product","link":"https:\/\/www.simasa.com\/de\/producto\/frischbeton\/","title":{"rendered":"Frischbeton"},"content":{"rendered":"<p>&nbsp;<\/p>\n<p>Schneidet Beton und andere abrasive Baustoffmaterialien: feuerferste Bl\u00f6cke und Fertigteile usw.<\/p>\n<p>Spezifisch f\u00fcr Fugenschneider auf Frischbeton, silikatische, kalkhaltigen oder abrasiven Oberfl\u00e4chen und Asphalt.<\/p>\n<p>&nbsp;<\/p>\n<p><img loading=\"lazy\" decoding=\"async\" class=\"alignnone wp-image-7554 size-full\" src=\"https:\/\/www.simasa.com\/wp-content\/uploads\/2017\/12\/frischbeton-plus.jpg\" alt=\"\" width=\"1112\" height=\"154\" srcset=\"https:\/\/www.simasa.com\/wp-content\/uploads\/2017\/12\/frischbeton-plus.jpg 1112w, https:\/\/www.simasa.com\/wp-content\/uploads\/2017\/12\/frischbeton-plus-416x58.jpg 416w\" sizes=\"auto, (max-width: 1112px) 100vw, 1112px\" \/><\/p>\n","protected":false},"excerpt":{"rendered":"<p>Schneidet Beton und andere abrasive Baustoffmaterialien: feuerferste Bl\u00f6cke und Fertigteile usw. Spezifisch f\u00fcr Fugenschneider auf Frischbeton, silikatische, kalkhaltigen oder abrasiven Oberfl\u00e4chen und Asphalt.<\/p>\n","protected":false},"featured_media":7016,"comment_status":"open","ping_status":"closed","template":"","meta":{"_acf_changed":false},"product_brand":[],"product_cat":[1771],"product_tag":[],"class_list":{"0":"post-7662","1":"product","2":"type-product","3":"status-publish","4":"has-post-thumbnail","6":"product_cat-plus-serie","7":"pa_aplication-frischbeton","8":"pa_blade-diameter-mm-3787","9":"pa_blade-diameter-mm-3790","10":"pa_blade-diameter-mm-3793","11":"pa_blade-diameter-mm-3811","12":"pa_blade-diameter-mm-3796","13":"pa_blade-diameter-mm-3814","15":"first","16":"instock","17":"shipping-taxable","18":"product-type-simple"},"acf":[],"yoast_head":"<!-- This site is optimized with the Yoast SEO plugin v27.2 - https:\/\/yoast.com\/product\/yoast-seo-wordpress\/ -->\n<title>- Frischbeton | Sima<\/title>\n<meta name=\"description\" content=\"Frischbeton. Schneidet Beton und andere abrasive Baustoffmaterialien: feuerferste Bl\u00f6cke und Fertigteile usw. Spezifisch f\u00fcr Fugenschneider auf Frischbeton, silikatische, kalkhaltigen oder abrasiven Oberfl\u00e4chen und Asphalt.\" \/>\n<meta name=\"robots\" content=\"noindex, follow\" \/>\n<meta property=\"og:locale\" content=\"de_DE\" \/>\n<meta property=\"og:type\" content=\"article\" \/>\n<meta property=\"og:title\" content=\"- Frischbeton | Sima\" \/>\n<meta property=\"og:description\" content=\"Frischbeton. Schneidet Beton und andere abrasive Baustoffmaterialien: feuerferste Bl\u00f6cke und Fertigteile usw. Spezifisch f\u00fcr Fugenschneider auf Frischbeton, silikatische, kalkhaltigen oder abrasiven Oberfl\u00e4chen und Asphalt.\" \/>\n<meta property=\"og:url\" content=\"https:\/\/www.simasa.com\/de\/producto\/frischbeton\/\" \/>\n<meta property=\"og:site_name\" content=\"Sima\" \/>\n<meta property=\"article:modified_time\" content=\"2017-12-29T10:41:04+00:00\" \/>\n<meta property=\"og:image\" content=\"https:\/\/www.simasa.com\/wp-content\/uploads\/2017\/11\/Hormigon-Curado-1-1.jpg\" \/>\n\t<meta property=\"og:image:width\" content=\"427\" \/>\n\t<meta property=\"og:image:height\" content=\"200\" \/>\n\t<meta property=\"og:image:type\" content=\"image\/jpeg\" \/>\n<meta name=\"twitter:card\" content=\"summary_large_image\" \/>\n<script type=\"application\/ld+json\" class=\"yoast-schema-graph\">{\"@context\":\"https:\/\/schema.org\",\"@graph\":[{\"@type\":\"WebPage\",\"@id\":\"https:\/\/www.simasa.com\/de\/producto\/frischbeton\/\",\"url\":\"https:\/\/www.simasa.com\/de\/producto\/frischbeton\/\",\"name\":\"- Frischbeton | Sima\",\"isPartOf\":{\"@id\":\"https:\/\/www.simasa.com\/de\/#website\"},\"primaryImageOfPage\":{\"@id\":\"https:\/\/www.simasa.com\/de\/producto\/frischbeton\/#primaryimage\"},\"image\":{\"@id\":\"https:\/\/www.simasa.com\/de\/producto\/frischbeton\/#primaryimage\"},\"thumbnailUrl\":\"https:\/\/www.simasa.com\/wp-content\/uploads\/2017\/11\/Hormigon-Curado-1-1.jpg\",\"datePublished\":\"2017-12-18T19:01:29+00:00\",\"dateModified\":\"2017-12-29T10:41:04+00:00\",\"description\":\"Frischbeton. Schneidet Beton und andere abrasive Baustoffmaterialien: feuerferste Bl\u00f6cke und Fertigteile usw. Spezifisch f\u00fcr Fugenschneider auf Frischbeton, silikatische, kalkhaltigen oder abrasiven Oberfl\u00e4chen und Asphalt.\",\"breadcrumb\":{\"@id\":\"https:\/\/www.simasa.com\/de\/producto\/frischbeton\/#breadcrumb\"},\"inLanguage\":\"de\",\"potentialAction\":[{\"@type\":\"ReadAction\",\"target\":[\"https:\/\/www.simasa.com\/de\/producto\/frischbeton\/\"]}]},{\"@type\":\"ImageObject\",\"inLanguage\":\"de\",\"@id\":\"https:\/\/www.simasa.com\/de\/producto\/frischbeton\/#primaryimage\",\"url\":\"https:\/\/www.simasa.com\/wp-content\/uploads\/2017\/11\/Hormigon-Curado-1-1.jpg\",\"contentUrl\":\"https:\/\/www.simasa.com\/wp-content\/uploads\/2017\/11\/Hormigon-Curado-1-1.jpg\",\"width\":427,\"height\":200},{\"@type\":\"BreadcrumbList\",\"@id\":\"https:\/\/www.simasa.com\/de\/producto\/frischbeton\/#breadcrumb\",\"itemListElement\":[{\"@type\":\"ListItem\",\"position\":1,\"name\":\"Inicio\",\"item\":\"https:\/\/www.simasa.com\/de\/\"},{\"@type\":\"ListItem\",\"position\":2,\"name\":\"Katalog\",\"item\":\"https:\/\/www.simasa.com\/de\/katalog\/\"},{\"@type\":\"ListItem\",\"position\":3,\"name\":\"Frischbeton\"}]},{\"@type\":\"WebSite\",\"@id\":\"https:\/\/www.simasa.com\/de\/#website\",\"url\":\"https:\/\/www.simasa.com\/de\/\",\"name\":\"Sima\",\"description\":\"Fabricantes de maquinaria para la construcci\u00f3n\",\"publisher\":{\"@id\":\"https:\/\/www.simasa.com\/de\/#organization\"},\"potentialAction\":[{\"@type\":\"SearchAction\",\"target\":{\"@type\":\"EntryPoint\",\"urlTemplate\":\"https:\/\/www.simasa.com\/de\/?s={search_term_string}\"},\"query-input\":{\"@type\":\"PropertyValueSpecification\",\"valueRequired\":true,\"valueName\":\"search_term_string\"}}],\"inLanguage\":\"de\"},{\"@type\":\"Organization\",\"@id\":\"https:\/\/www.simasa.com\/de\/#organization\",\"name\":\"Sima\",\"url\":\"https:\/\/www.simasa.com\/de\/\",\"logo\":{\"@type\":\"ImageObject\",\"inLanguage\":\"de\",\"@id\":\"https:\/\/www.simasa.com\/de\/#\/schema\/logo\/image\/\",\"url\":\"https:\/\/www.simasa.com\/wp-content\/uploads\/2016\/03\/logo-1.jpg\",\"contentUrl\":\"https:\/\/www.simasa.com\/wp-content\/uploads\/2016\/03\/logo-1.jpg\",\"width\":121,\"height\":54,\"caption\":\"Sima\"},\"image\":{\"@id\":\"https:\/\/www.simasa.com\/de\/#\/schema\/logo\/image\/\"}}]}<\/script>\n<!-- \/ Yoast SEO plugin. -->","yoast_head_json":{"title":"- Frischbeton | Sima","description":"Frischbeton. Schneidet Beton und andere abrasive Baustoffmaterialien: feuerferste Bl\u00f6cke und Fertigteile usw. Spezifisch f\u00fcr Fugenschneider auf Frischbeton, silikatische, kalkhaltigen oder abrasiven Oberfl\u00e4chen und Asphalt.","robots":{"index":"noindex","follow":"follow"},"og_locale":"de_DE","og_type":"article","og_title":"- Frischbeton | Sima","og_description":"Frischbeton. Schneidet Beton und andere abrasive Baustoffmaterialien: feuerferste Bl\u00f6cke und Fertigteile usw. Spezifisch f\u00fcr Fugenschneider auf Frischbeton, silikatische, kalkhaltigen oder abrasiven Oberfl\u00e4chen und Asphalt.","og_url":"https:\/\/www.simasa.com\/de\/producto\/frischbeton\/","og_site_name":"Sima","article_modified_time":"2017-12-29T10:41:04+00:00","og_image":[{"width":427,"height":200,"url":"https:\/\/www.simasa.com\/wp-content\/uploads\/2017\/11\/Hormigon-Curado-1-1.jpg","type":"image\/jpeg"}],"twitter_card":"summary_large_image","schema":{"@context":"https:\/\/schema.org","@graph":[{"@type":"WebPage","@id":"https:\/\/www.simasa.com\/de\/producto\/frischbeton\/","url":"https:\/\/www.simasa.com\/de\/producto\/frischbeton\/","name":"- Frischbeton | Sima","isPartOf":{"@id":"https:\/\/www.simasa.com\/de\/#website"},"primaryImageOfPage":{"@id":"https:\/\/www.simasa.com\/de\/producto\/frischbeton\/#primaryimage"},"image":{"@id":"https:\/\/www.simasa.com\/de\/producto\/frischbeton\/#primaryimage"},"thumbnailUrl":"https:\/\/www.simasa.com\/wp-content\/uploads\/2017\/11\/Hormigon-Curado-1-1.jpg","datePublished":"2017-12-18T19:01:29+00:00","dateModified":"2017-12-29T10:41:04+00:00","description":"Frischbeton. Schneidet Beton und andere abrasive Baustoffmaterialien: feuerferste Bl\u00f6cke und Fertigteile usw. Spezifisch f\u00fcr Fugenschneider auf Frischbeton, silikatische, kalkhaltigen oder abrasiven Oberfl\u00e4chen und Asphalt.","breadcrumb":{"@id":"https:\/\/www.simasa.com\/de\/producto\/frischbeton\/#breadcrumb"},"inLanguage":"de","potentialAction":[{"@type":"ReadAction","target":["https:\/\/www.simasa.com\/de\/producto\/frischbeton\/"]}]},{"@type":"ImageObject","inLanguage":"de","@id":"https:\/\/www.simasa.com\/de\/producto\/frischbeton\/#primaryimage","url":"https:\/\/www.simasa.com\/wp-content\/uploads\/2017\/11\/Hormigon-Curado-1-1.jpg","contentUrl":"https:\/\/www.simasa.com\/wp-content\/uploads\/2017\/11\/Hormigon-Curado-1-1.jpg","width":427,"height":200},{"@type":"BreadcrumbList","@id":"https:\/\/www.simasa.com\/de\/producto\/frischbeton\/#breadcrumb","itemListElement":[{"@type":"ListItem","position":1,"name":"Inicio","item":"https:\/\/www.simasa.com\/de\/"},{"@type":"ListItem","position":2,"name":"Katalog","item":"https:\/\/www.simasa.com\/de\/katalog\/"},{"@type":"ListItem","position":3,"name":"Frischbeton"}]},{"@type":"WebSite","@id":"https:\/\/www.simasa.com\/de\/#website","url":"https:\/\/www.simasa.com\/de\/","name":"Sima","description":"Fabricantes de maquinaria para la construcci\u00f3n","publisher":{"@id":"https:\/\/www.simasa.com\/de\/#organization"},"potentialAction":[{"@type":"SearchAction","target":{"@type":"EntryPoint","urlTemplate":"https:\/\/www.simasa.com\/de\/?s={search_term_string}"},"query-input":{"@type":"PropertyValueSpecification","valueRequired":true,"valueName":"search_term_string"}}],"inLanguage":"de"},{"@type":"Organization","@id":"https:\/\/www.simasa.com\/de\/#organization","name":"Sima","url":"https:\/\/www.simasa.com\/de\/","logo":{"@type":"ImageObject","inLanguage":"de","@id":"https:\/\/www.simasa.com\/de\/#\/schema\/logo\/image\/","url":"https:\/\/www.simasa.com\/wp-content\/uploads\/2016\/03\/logo-1.jpg","contentUrl":"https:\/\/www.simasa.com\/wp-content\/uploads\/2016\/03\/logo-1.jpg","width":121,"height":54,"caption":"Sima"},"image":{"@id":"https:\/\/www.simasa.com\/de\/#\/schema\/logo\/image\/"}}]}},"_links":{"self":[{"href":"https:\/\/www.simasa.com\/de\/wp-json\/wp\/v2\/product\/7662","targetHints":{"allow":["GET"]}}],"collection":[{"href":"https:\/\/www.simasa.com\/de\/wp-json\/wp\/v2\/product"}],"about":[{"href":"https:\/\/www.simasa.com\/de\/wp-json\/wp\/v2\/types\/product"}],"replies":[{"embeddable":true,"href":"https:\/\/www.simasa.com\/de\/wp-json\/wp\/v2\/comments?post=7662"}],"wp:featuredmedia":[{"embeddable":true,"href":"https:\/\/www.simasa.com\/de\/wp-json\/wp\/v2\/media\/7016"}],"wp:attachment":[{"href":"https:\/\/www.simasa.com\/de\/wp-json\/wp\/v2\/media?parent=7662"}],"wp:term":[{"taxonomy":"product_brand","embeddable":true,"href":"https:\/\/www.simasa.com\/de\/wp-json\/wp\/v2\/product_brand?post=7662"},{"taxonomy":"product_cat","embeddable":true,"href":"https:\/\/www.simasa.com\/de\/wp-json\/wp\/v2\/product_cat?post=7662"},{"taxonomy":"product_tag","embeddable":true,"href":"https:\/\/www.simasa.com\/de\/wp-json\/wp\/v2\/product_tag?post=7662"}],"curies":[{"name":"wp","href":"https:\/\/api.w.org\/{rel}","templated":true}]}}