{"id":7533,"date":"2017-11-28T18:21:32","date_gmt":"2017-12-18T17:27:25","guid":{"rendered":"https:\/\/www.simasa.com\/?post_type=product&#038;p=7533"},"modified":"2017-12-29T10:27:36","modified_gmt":"2017-12-29T10:27:36","slug":"hartbeton-hochleistung","status":"publish","type":"product","link":"https:\/\/www.simasa.com\/de\/producto\/hartbeton-hochleistung\/","title":{"rendered":"Hartbeton &#8211; Hochleistung"},"content":{"rendered":"<p>&nbsp;<\/p>\n<p>&nbsp;<\/p>\n<p>F\u00fcr intensive Schnitte auf Hartbeton.<\/p>\n<p>Geeignet f\u00fcr Tischs\u00e4gen um vorgefertigte abrasive Betonstrukturen zu schneiden: wir z.Bsp. Bl\u00f6cke, Pflastersteine, R\u00f6hre, usw.<\/p>\n<p>&nbsp;<\/p>\n<p><img loading=\"lazy\" decoding=\"async\" class=\"alignnone wp-image-7298 size-full\" src=\"https:\/\/www.simasa.com\/wp-content\/uploads\/2017\/12\/hartbeton-hochleistung.jpg\" alt=\"\" width=\"1110\" height=\"153\" srcset=\"https:\/\/www.simasa.com\/wp-content\/uploads\/2017\/12\/hartbeton-hochleistung.jpg 1110w, https:\/\/www.simasa.com\/wp-content\/uploads\/2017\/12\/hartbeton-hochleistung-416x57.jpg 416w\" sizes=\"auto, (max-width: 1110px) 100vw, 1110px\" \/><\/p>\n","protected":false},"excerpt":{"rendered":"<p>&nbsp;<\/p>\n<p>F\u00fcr intensive Schnitte auf Hartbeton. Geeignet f\u00fcr Tischs\u00e4gen um vorgefertigte abrasive Betonstrukturen zu schneiden: wir z.Bsp. Bl\u00f6cke, Pflastersteine, R\u00f6hre, usw.<\/p>\n","protected":false},"featured_media":7089,"comment_status":"open","ping_status":"closed","template":"","meta":{"_acf_changed":false},"product_brand":[],"product_cat":[1772],"product_tag":[],"class_list":{"0":"post-7533","1":"product","2":"type-product","3":"status-publish","4":"has-post-thumbnail","6":"product_cat-premium-serie","7":"pa_aplication-hartbeton-hochleistung","8":"pa_blade-diameter-mm-3787","9":"pa_blade-diameter-mm-3790","10":"pa_blade-diameter-mm-3793","11":"pa_blade-diameter-mm-3811","12":"pa_blade-diameter-mm-3796","14":"first","15":"instock","16":"shipping-taxable","17":"product-type-simple"},"acf":[],"yoast_head":"<!-- This site is optimized with the Yoast SEO plugin v27.2 - https:\/\/yoast.com\/product\/yoast-seo-wordpress\/ -->\n<title>- Hartbeton - Hochleistung | Sima<\/title>\n<meta name=\"description\" content=\"Hartbeton - Hochleistung. &nbsp;  F\u00fcr intensive Schnitte auf Hartbeton. Geeignet f\u00fcr Tischs\u00e4gen um vorgefertigte abrasive Betonstrukturen zu schneiden: wir z.Bsp. Bl\u00f6cke, Pflastersteine, R\u00f6hre, usw.\" \/>\n<meta name=\"robots\" content=\"noindex, follow\" \/>\n<meta property=\"og:locale\" content=\"de_DE\" \/>\n<meta property=\"og:type\" content=\"article\" \/>\n<meta property=\"og:title\" content=\"- Hartbeton - Hochleistung | Sima\" \/>\n<meta property=\"og:description\" content=\"Hartbeton - Hochleistung. &nbsp;  F\u00fcr intensive Schnitte auf Hartbeton. Geeignet f\u00fcr Tischs\u00e4gen um vorgefertigte abrasive Betonstrukturen zu schneiden: wir z.Bsp. Bl\u00f6cke, Pflastersteine, R\u00f6hre, usw.\" \/>\n<meta property=\"og:url\" content=\"https:\/\/www.simasa.com\/de\/producto\/hartbeton-hochleistung\/\" \/>\n<meta property=\"og:site_name\" content=\"Sima\" \/>\n<meta property=\"article:modified_time\" content=\"2017-12-29T10:27:36+00:00\" \/>\n<meta property=\"og:image\" content=\"https:\/\/www.simasa.com\/wp-content\/uploads\/2017\/11\/Hormigon-Corta-2.jpg\" \/>\n\t<meta property=\"og:image:width\" content=\"431\" \/>\n\t<meta property=\"og:image:height\" content=\"233\" \/>\n\t<meta property=\"og:image:type\" content=\"image\/jpeg\" \/>\n<meta name=\"twitter:card\" content=\"summary_large_image\" \/>\n<script type=\"application\/ld+json\" class=\"yoast-schema-graph\">{\"@context\":\"https:\/\/schema.org\",\"@graph\":[{\"@type\":\"WebPage\",\"@id\":\"https:\/\/www.simasa.com\/de\/producto\/hartbeton-hochleistung\/\",\"url\":\"https:\/\/www.simasa.com\/de\/producto\/hartbeton-hochleistung\/\",\"name\":\"- Hartbeton - Hochleistung | Sima\",\"isPartOf\":{\"@id\":\"https:\/\/www.simasa.com\/de\/#website\"},\"primaryImageOfPage\":{\"@id\":\"https:\/\/www.simasa.com\/de\/producto\/hartbeton-hochleistung\/#primaryimage\"},\"image\":{\"@id\":\"https:\/\/www.simasa.com\/de\/producto\/hartbeton-hochleistung\/#primaryimage\"},\"thumbnailUrl\":\"https:\/\/www.simasa.com\/wp-content\/uploads\/2017\/11\/Hormigon-Corta-2.jpg\",\"datePublished\":\"2017-12-18T17:27:25+00:00\",\"dateModified\":\"2017-12-29T10:27:36+00:00\",\"description\":\"Hartbeton - Hochleistung. &nbsp; F\u00fcr intensive Schnitte auf Hartbeton. Geeignet f\u00fcr Tischs\u00e4gen um vorgefertigte abrasive Betonstrukturen zu schneiden: wir z.Bsp. Bl\u00f6cke, Pflastersteine, R\u00f6hre, usw.\",\"breadcrumb\":{\"@id\":\"https:\/\/www.simasa.com\/de\/producto\/hartbeton-hochleistung\/#breadcrumb\"},\"inLanguage\":\"de\",\"potentialAction\":[{\"@type\":\"ReadAction\",\"target\":[\"https:\/\/www.simasa.com\/de\/producto\/hartbeton-hochleistung\/\"]}]},{\"@type\":\"ImageObject\",\"inLanguage\":\"de\",\"@id\":\"https:\/\/www.simasa.com\/de\/producto\/hartbeton-hochleistung\/#primaryimage\",\"url\":\"https:\/\/www.simasa.com\/wp-content\/uploads\/2017\/11\/Hormigon-Corta-2.jpg\",\"contentUrl\":\"https:\/\/www.simasa.com\/wp-content\/uploads\/2017\/11\/Hormigon-Corta-2.jpg\",\"width\":431,\"height\":233},{\"@type\":\"BreadcrumbList\",\"@id\":\"https:\/\/www.simasa.com\/de\/producto\/hartbeton-hochleistung\/#breadcrumb\",\"itemListElement\":[{\"@type\":\"ListItem\",\"position\":1,\"name\":\"Inicio\",\"item\":\"https:\/\/www.simasa.com\/de\/\"},{\"@type\":\"ListItem\",\"position\":2,\"name\":\"Katalog\",\"item\":\"https:\/\/www.simasa.com\/de\/katalog\/\"},{\"@type\":\"ListItem\",\"position\":3,\"name\":\"Hartbeton &#8211; Hochleistung\"}]},{\"@type\":\"WebSite\",\"@id\":\"https:\/\/www.simasa.com\/de\/#website\",\"url\":\"https:\/\/www.simasa.com\/de\/\",\"name\":\"Sima\",\"description\":\"Fabricantes de maquinaria para la construcci\u00f3n\",\"publisher\":{\"@id\":\"https:\/\/www.simasa.com\/de\/#organization\"},\"potentialAction\":[{\"@type\":\"SearchAction\",\"target\":{\"@type\":\"EntryPoint\",\"urlTemplate\":\"https:\/\/www.simasa.com\/de\/?s={search_term_string}\"},\"query-input\":{\"@type\":\"PropertyValueSpecification\",\"valueRequired\":true,\"valueName\":\"search_term_string\"}}],\"inLanguage\":\"de\"},{\"@type\":\"Organization\",\"@id\":\"https:\/\/www.simasa.com\/de\/#organization\",\"name\":\"Sima\",\"url\":\"https:\/\/www.simasa.com\/de\/\",\"logo\":{\"@type\":\"ImageObject\",\"inLanguage\":\"de\",\"@id\":\"https:\/\/www.simasa.com\/de\/#\/schema\/logo\/image\/\",\"url\":\"https:\/\/www.simasa.com\/wp-content\/uploads\/2016\/03\/logo-1.jpg\",\"contentUrl\":\"https:\/\/www.simasa.com\/wp-content\/uploads\/2016\/03\/logo-1.jpg\",\"width\":121,\"height\":54,\"caption\":\"Sima\"},\"image\":{\"@id\":\"https:\/\/www.simasa.com\/de\/#\/schema\/logo\/image\/\"}}]}<\/script>\n<!-- \/ Yoast SEO plugin. -->","yoast_head_json":{"title":"- Hartbeton - Hochleistung | Sima","description":"Hartbeton - Hochleistung. &nbsp;  F\u00fcr intensive Schnitte auf Hartbeton. Geeignet f\u00fcr Tischs\u00e4gen um vorgefertigte abrasive Betonstrukturen zu schneiden: wir z.Bsp. Bl\u00f6cke, Pflastersteine, R\u00f6hre, usw.","robots":{"index":"noindex","follow":"follow"},"og_locale":"de_DE","og_type":"article","og_title":"- Hartbeton - Hochleistung | Sima","og_description":"Hartbeton - Hochleistung. &nbsp;  F\u00fcr intensive Schnitte auf Hartbeton. Geeignet f\u00fcr Tischs\u00e4gen um vorgefertigte abrasive Betonstrukturen zu schneiden: wir z.Bsp. Bl\u00f6cke, Pflastersteine, R\u00f6hre, usw.","og_url":"https:\/\/www.simasa.com\/de\/producto\/hartbeton-hochleistung\/","og_site_name":"Sima","article_modified_time":"2017-12-29T10:27:36+00:00","og_image":[{"width":431,"height":233,"url":"https:\/\/www.simasa.com\/wp-content\/uploads\/2017\/11\/Hormigon-Corta-2.jpg","type":"image\/jpeg"}],"twitter_card":"summary_large_image","schema":{"@context":"https:\/\/schema.org","@graph":[{"@type":"WebPage","@id":"https:\/\/www.simasa.com\/de\/producto\/hartbeton-hochleistung\/","url":"https:\/\/www.simasa.com\/de\/producto\/hartbeton-hochleistung\/","name":"- Hartbeton - Hochleistung | Sima","isPartOf":{"@id":"https:\/\/www.simasa.com\/de\/#website"},"primaryImageOfPage":{"@id":"https:\/\/www.simasa.com\/de\/producto\/hartbeton-hochleistung\/#primaryimage"},"image":{"@id":"https:\/\/www.simasa.com\/de\/producto\/hartbeton-hochleistung\/#primaryimage"},"thumbnailUrl":"https:\/\/www.simasa.com\/wp-content\/uploads\/2017\/11\/Hormigon-Corta-2.jpg","datePublished":"2017-12-18T17:27:25+00:00","dateModified":"2017-12-29T10:27:36+00:00","description":"Hartbeton - Hochleistung. &nbsp; F\u00fcr intensive Schnitte auf Hartbeton. Geeignet f\u00fcr Tischs\u00e4gen um vorgefertigte abrasive Betonstrukturen zu schneiden: wir z.Bsp. Bl\u00f6cke, Pflastersteine, R\u00f6hre, usw.","breadcrumb":{"@id":"https:\/\/www.simasa.com\/de\/producto\/hartbeton-hochleistung\/#breadcrumb"},"inLanguage":"de","potentialAction":[{"@type":"ReadAction","target":["https:\/\/www.simasa.com\/de\/producto\/hartbeton-hochleistung\/"]}]},{"@type":"ImageObject","inLanguage":"de","@id":"https:\/\/www.simasa.com\/de\/producto\/hartbeton-hochleistung\/#primaryimage","url":"https:\/\/www.simasa.com\/wp-content\/uploads\/2017\/11\/Hormigon-Corta-2.jpg","contentUrl":"https:\/\/www.simasa.com\/wp-content\/uploads\/2017\/11\/Hormigon-Corta-2.jpg","width":431,"height":233},{"@type":"BreadcrumbList","@id":"https:\/\/www.simasa.com\/de\/producto\/hartbeton-hochleistung\/#breadcrumb","itemListElement":[{"@type":"ListItem","position":1,"name":"Inicio","item":"https:\/\/www.simasa.com\/de\/"},{"@type":"ListItem","position":2,"name":"Katalog","item":"https:\/\/www.simasa.com\/de\/katalog\/"},{"@type":"ListItem","position":3,"name":"Hartbeton &#8211; Hochleistung"}]},{"@type":"WebSite","@id":"https:\/\/www.simasa.com\/de\/#website","url":"https:\/\/www.simasa.com\/de\/","name":"Sima","description":"Fabricantes de maquinaria para la construcci\u00f3n","publisher":{"@id":"https:\/\/www.simasa.com\/de\/#organization"},"potentialAction":[{"@type":"SearchAction","target":{"@type":"EntryPoint","urlTemplate":"https:\/\/www.simasa.com\/de\/?s={search_term_string}"},"query-input":{"@type":"PropertyValueSpecification","valueRequired":true,"valueName":"search_term_string"}}],"inLanguage":"de"},{"@type":"Organization","@id":"https:\/\/www.simasa.com\/de\/#organization","name":"Sima","url":"https:\/\/www.simasa.com\/de\/","logo":{"@type":"ImageObject","inLanguage":"de","@id":"https:\/\/www.simasa.com\/de\/#\/schema\/logo\/image\/","url":"https:\/\/www.simasa.com\/wp-content\/uploads\/2016\/03\/logo-1.jpg","contentUrl":"https:\/\/www.simasa.com\/wp-content\/uploads\/2016\/03\/logo-1.jpg","width":121,"height":54,"caption":"Sima"},"image":{"@id":"https:\/\/www.simasa.com\/de\/#\/schema\/logo\/image\/"}}]}},"_links":{"self":[{"href":"https:\/\/www.simasa.com\/de\/wp-json\/wp\/v2\/product\/7533","targetHints":{"allow":["GET"]}}],"collection":[{"href":"https:\/\/www.simasa.com\/de\/wp-json\/wp\/v2\/product"}],"about":[{"href":"https:\/\/www.simasa.com\/de\/wp-json\/wp\/v2\/types\/product"}],"replies":[{"embeddable":true,"href":"https:\/\/www.simasa.com\/de\/wp-json\/wp\/v2\/comments?post=7533"}],"wp:featuredmedia":[{"embeddable":true,"href":"https:\/\/www.simasa.com\/de\/wp-json\/wp\/v2\/media\/7089"}],"wp:attachment":[{"href":"https:\/\/www.simasa.com\/de\/wp-json\/wp\/v2\/media?parent=7533"}],"wp:term":[{"taxonomy":"product_brand","embeddable":true,"href":"https:\/\/www.simasa.com\/de\/wp-json\/wp\/v2\/product_brand?post=7533"},{"taxonomy":"product_cat","embeddable":true,"href":"https:\/\/www.simasa.com\/de\/wp-json\/wp\/v2\/product_cat?post=7533"},{"taxonomy":"product_tag","embeddable":true,"href":"https:\/\/www.simasa.com\/de\/wp-json\/wp\/v2\/product_tag?post=7533"}],"curies":[{"name":"wp","href":"https:\/\/api.w.org\/{rel}","templated":true}]}}