{"id":7511,"date":"2017-11-27T17:51:47","date_gmt":"2017-12-18T12:56:27","guid":{"rendered":"https:\/\/www.simasa.com\/?post_type=product&#038;p=7511"},"modified":"2017-12-29T10:15:06","modified_gmt":"2017-12-29T10:15:06","slug":"marmor-mit-galvanischer-bindung","status":"publish","type":"product","link":"https:\/\/www.simasa.com\/de\/producto\/marmor-mit-galvanischer-bindung\/","title":{"rendered":"Marmor mit galvanischer Bindung"},"content":{"rendered":"<p>&nbsp;<\/p>\n<p>Speziell f\u00fcr professionellen Gebrauch f\u00fcr Steinmetz oder Bauunternehmen mit grosse Arbeiten mit Marmor.<\/p>\n<p>Nicht geeignet f\u00fcr andere Materialien.<\/p>\n<p>&nbsp;<\/p>\n<p><img loading=\"lazy\" decoding=\"async\" class=\"alignnone wp-image-7710 size-full\" src=\"https:\/\/www.simasa.com\/wp-content\/uploads\/2017\/11\/marmor-galvanischer-bildung.jpg\" alt=\"\" width=\"1656\" height=\"232\" srcset=\"https:\/\/www.simasa.com\/wp-content\/uploads\/2017\/11\/marmor-galvanischer-bildung.jpg 1656w, https:\/\/www.simasa.com\/wp-content\/uploads\/2017\/11\/marmor-galvanischer-bildung-416x58.jpg 416w\" sizes=\"auto, (max-width: 1656px) 100vw, 1656px\" \/><\/p>\n","protected":false},"excerpt":{"rendered":"<p>Speziell f\u00fcr professionellen Gebrauch f\u00fcr Steinmetz oder Bauunternehmen mit grosse Arbeiten mit Marmor. Nicht geeignet f\u00fcr andere Materialien.<\/p>\n","protected":false},"featured_media":7055,"comment_status":"open","ping_status":"closed","template":"","meta":{"_acf_changed":false},"product_brand":[],"product_cat":[1772],"product_tag":[],"class_list":{"0":"post-7511","1":"product","2":"type-product","3":"status-publish","4":"has-post-thumbnail","6":"product_cat-premium-serie","7":"pa_aplication-marmor-mit-galvanischer-bindung","8":"pa_blade-diameter-mm-3775","9":"pa_blade-diameter-mm-3778","10":"pa_blade-diameter-mm-3781","11":"pa_blade-diameter-mm-3784","13":"first","14":"instock","15":"shipping-taxable","16":"product-type-simple"},"acf":[],"yoast_head":"<!-- This site is optimized with the Yoast SEO plugin v27.2 - https:\/\/yoast.com\/product\/yoast-seo-wordpress\/ -->\n<title>- Marmor mit galvanischer Bindung | Sima<\/title>\n<meta name=\"description\" content=\"Marmor mit galvanischer Bindung. Speziell f\u00fcr professionellen Gebrauch f\u00fcr Steinmetz oder Bauunternehmen mit grosse Arbeiten mit Marmor. Nicht geeignet f\u00fcr andere Materialien.\" \/>\n<meta name=\"robots\" content=\"noindex, follow\" \/>\n<meta property=\"og:locale\" content=\"de_DE\" \/>\n<meta property=\"og:type\" content=\"article\" \/>\n<meta property=\"og:title\" content=\"- Marmor mit galvanischer Bindung | Sima\" \/>\n<meta property=\"og:description\" content=\"Marmor mit galvanischer Bindung. Speziell f\u00fcr professionellen Gebrauch f\u00fcr Steinmetz oder Bauunternehmen mit grosse Arbeiten mit Marmor. Nicht geeignet f\u00fcr andere Materialien.\" \/>\n<meta property=\"og:url\" content=\"https:\/\/www.simasa.com\/de\/producto\/marmor-mit-galvanischer-bindung\/\" \/>\n<meta property=\"og:site_name\" content=\"Sima\" \/>\n<meta property=\"article:modified_time\" content=\"2017-12-29T10:15:06+00:00\" \/>\n<meta property=\"og:image\" content=\"https:\/\/www.simasa.com\/wp-content\/uploads\/2017\/11\/Marmol-Elect-1.jpg\" \/>\n\t<meta property=\"og:image:width\" content=\"434\" \/>\n\t<meta property=\"og:image:height\" content=\"208\" \/>\n\t<meta property=\"og:image:type\" content=\"image\/jpeg\" \/>\n<meta name=\"twitter:card\" content=\"summary_large_image\" \/>\n<script type=\"application\/ld+json\" class=\"yoast-schema-graph\">{\"@context\":\"https:\/\/schema.org\",\"@graph\":[{\"@type\":\"WebPage\",\"@id\":\"https:\/\/www.simasa.com\/de\/producto\/marmor-mit-galvanischer-bindung\/\",\"url\":\"https:\/\/www.simasa.com\/de\/producto\/marmor-mit-galvanischer-bindung\/\",\"name\":\"- Marmor mit galvanischer Bindung | Sima\",\"isPartOf\":{\"@id\":\"https:\/\/www.simasa.com\/de\/#website\"},\"primaryImageOfPage\":{\"@id\":\"https:\/\/www.simasa.com\/de\/producto\/marmor-mit-galvanischer-bindung\/#primaryimage\"},\"image\":{\"@id\":\"https:\/\/www.simasa.com\/de\/producto\/marmor-mit-galvanischer-bindung\/#primaryimage\"},\"thumbnailUrl\":\"https:\/\/www.simasa.com\/wp-content\/uploads\/2017\/11\/Marmol-Elect-1.jpg\",\"datePublished\":\"2017-12-18T12:56:27+00:00\",\"dateModified\":\"2017-12-29T10:15:06+00:00\",\"description\":\"Marmor mit galvanischer Bindung. Speziell f\u00fcr professionellen Gebrauch f\u00fcr Steinmetz oder Bauunternehmen mit grosse Arbeiten mit Marmor. Nicht geeignet f\u00fcr andere Materialien.\",\"breadcrumb\":{\"@id\":\"https:\/\/www.simasa.com\/de\/producto\/marmor-mit-galvanischer-bindung\/#breadcrumb\"},\"inLanguage\":\"de\",\"potentialAction\":[{\"@type\":\"ReadAction\",\"target\":[\"https:\/\/www.simasa.com\/de\/producto\/marmor-mit-galvanischer-bindung\/\"]}]},{\"@type\":\"ImageObject\",\"inLanguage\":\"de\",\"@id\":\"https:\/\/www.simasa.com\/de\/producto\/marmor-mit-galvanischer-bindung\/#primaryimage\",\"url\":\"https:\/\/www.simasa.com\/wp-content\/uploads\/2017\/11\/Marmol-Elect-1.jpg\",\"contentUrl\":\"https:\/\/www.simasa.com\/wp-content\/uploads\/2017\/11\/Marmol-Elect-1.jpg\",\"width\":434,\"height\":208},{\"@type\":\"BreadcrumbList\",\"@id\":\"https:\/\/www.simasa.com\/de\/producto\/marmor-mit-galvanischer-bindung\/#breadcrumb\",\"itemListElement\":[{\"@type\":\"ListItem\",\"position\":1,\"name\":\"Inicio\",\"item\":\"https:\/\/www.simasa.com\/de\/\"},{\"@type\":\"ListItem\",\"position\":2,\"name\":\"Katalog\",\"item\":\"https:\/\/www.simasa.com\/de\/katalog\/\"},{\"@type\":\"ListItem\",\"position\":3,\"name\":\"Marmor mit galvanischer Bindung\"}]},{\"@type\":\"WebSite\",\"@id\":\"https:\/\/www.simasa.com\/de\/#website\",\"url\":\"https:\/\/www.simasa.com\/de\/\",\"name\":\"Sima\",\"description\":\"Fabricantes de maquinaria para la construcci\u00f3n\",\"publisher\":{\"@id\":\"https:\/\/www.simasa.com\/de\/#organization\"},\"potentialAction\":[{\"@type\":\"SearchAction\",\"target\":{\"@type\":\"EntryPoint\",\"urlTemplate\":\"https:\/\/www.simasa.com\/de\/?s={search_term_string}\"},\"query-input\":{\"@type\":\"PropertyValueSpecification\",\"valueRequired\":true,\"valueName\":\"search_term_string\"}}],\"inLanguage\":\"de\"},{\"@type\":\"Organization\",\"@id\":\"https:\/\/www.simasa.com\/de\/#organization\",\"name\":\"Sima\",\"url\":\"https:\/\/www.simasa.com\/de\/\",\"logo\":{\"@type\":\"ImageObject\",\"inLanguage\":\"de\",\"@id\":\"https:\/\/www.simasa.com\/de\/#\/schema\/logo\/image\/\",\"url\":\"https:\/\/www.simasa.com\/wp-content\/uploads\/2016\/03\/logo-1.jpg\",\"contentUrl\":\"https:\/\/www.simasa.com\/wp-content\/uploads\/2016\/03\/logo-1.jpg\",\"width\":121,\"height\":54,\"caption\":\"Sima\"},\"image\":{\"@id\":\"https:\/\/www.simasa.com\/de\/#\/schema\/logo\/image\/\"}}]}<\/script>\n<!-- \/ Yoast SEO plugin. -->","yoast_head_json":{"title":"- Marmor mit galvanischer Bindung | Sima","description":"Marmor mit galvanischer Bindung. Speziell f\u00fcr professionellen Gebrauch f\u00fcr Steinmetz oder Bauunternehmen mit grosse Arbeiten mit Marmor. Nicht geeignet f\u00fcr andere Materialien.","robots":{"index":"noindex","follow":"follow"},"og_locale":"de_DE","og_type":"article","og_title":"- Marmor mit galvanischer Bindung | Sima","og_description":"Marmor mit galvanischer Bindung. Speziell f\u00fcr professionellen Gebrauch f\u00fcr Steinmetz oder Bauunternehmen mit grosse Arbeiten mit Marmor. Nicht geeignet f\u00fcr andere Materialien.","og_url":"https:\/\/www.simasa.com\/de\/producto\/marmor-mit-galvanischer-bindung\/","og_site_name":"Sima","article_modified_time":"2017-12-29T10:15:06+00:00","og_image":[{"width":434,"height":208,"url":"https:\/\/www.simasa.com\/wp-content\/uploads\/2017\/11\/Marmol-Elect-1.jpg","type":"image\/jpeg"}],"twitter_card":"summary_large_image","schema":{"@context":"https:\/\/schema.org","@graph":[{"@type":"WebPage","@id":"https:\/\/www.simasa.com\/de\/producto\/marmor-mit-galvanischer-bindung\/","url":"https:\/\/www.simasa.com\/de\/producto\/marmor-mit-galvanischer-bindung\/","name":"- Marmor mit galvanischer Bindung | Sima","isPartOf":{"@id":"https:\/\/www.simasa.com\/de\/#website"},"primaryImageOfPage":{"@id":"https:\/\/www.simasa.com\/de\/producto\/marmor-mit-galvanischer-bindung\/#primaryimage"},"image":{"@id":"https:\/\/www.simasa.com\/de\/producto\/marmor-mit-galvanischer-bindung\/#primaryimage"},"thumbnailUrl":"https:\/\/www.simasa.com\/wp-content\/uploads\/2017\/11\/Marmol-Elect-1.jpg","datePublished":"2017-12-18T12:56:27+00:00","dateModified":"2017-12-29T10:15:06+00:00","description":"Marmor mit galvanischer Bindung. Speziell f\u00fcr professionellen Gebrauch f\u00fcr Steinmetz oder Bauunternehmen mit grosse Arbeiten mit Marmor. Nicht geeignet f\u00fcr andere Materialien.","breadcrumb":{"@id":"https:\/\/www.simasa.com\/de\/producto\/marmor-mit-galvanischer-bindung\/#breadcrumb"},"inLanguage":"de","potentialAction":[{"@type":"ReadAction","target":["https:\/\/www.simasa.com\/de\/producto\/marmor-mit-galvanischer-bindung\/"]}]},{"@type":"ImageObject","inLanguage":"de","@id":"https:\/\/www.simasa.com\/de\/producto\/marmor-mit-galvanischer-bindung\/#primaryimage","url":"https:\/\/www.simasa.com\/wp-content\/uploads\/2017\/11\/Marmol-Elect-1.jpg","contentUrl":"https:\/\/www.simasa.com\/wp-content\/uploads\/2017\/11\/Marmol-Elect-1.jpg","width":434,"height":208},{"@type":"BreadcrumbList","@id":"https:\/\/www.simasa.com\/de\/producto\/marmor-mit-galvanischer-bindung\/#breadcrumb","itemListElement":[{"@type":"ListItem","position":1,"name":"Inicio","item":"https:\/\/www.simasa.com\/de\/"},{"@type":"ListItem","position":2,"name":"Katalog","item":"https:\/\/www.simasa.com\/de\/katalog\/"},{"@type":"ListItem","position":3,"name":"Marmor mit galvanischer Bindung"}]},{"@type":"WebSite","@id":"https:\/\/www.simasa.com\/de\/#website","url":"https:\/\/www.simasa.com\/de\/","name":"Sima","description":"Fabricantes de maquinaria para la construcci\u00f3n","publisher":{"@id":"https:\/\/www.simasa.com\/de\/#organization"},"potentialAction":[{"@type":"SearchAction","target":{"@type":"EntryPoint","urlTemplate":"https:\/\/www.simasa.com\/de\/?s={search_term_string}"},"query-input":{"@type":"PropertyValueSpecification","valueRequired":true,"valueName":"search_term_string"}}],"inLanguage":"de"},{"@type":"Organization","@id":"https:\/\/www.simasa.com\/de\/#organization","name":"Sima","url":"https:\/\/www.simasa.com\/de\/","logo":{"@type":"ImageObject","inLanguage":"de","@id":"https:\/\/www.simasa.com\/de\/#\/schema\/logo\/image\/","url":"https:\/\/www.simasa.com\/wp-content\/uploads\/2016\/03\/logo-1.jpg","contentUrl":"https:\/\/www.simasa.com\/wp-content\/uploads\/2016\/03\/logo-1.jpg","width":121,"height":54,"caption":"Sima"},"image":{"@id":"https:\/\/www.simasa.com\/de\/#\/schema\/logo\/image\/"}}]}},"_links":{"self":[{"href":"https:\/\/www.simasa.com\/de\/wp-json\/wp\/v2\/product\/7511","targetHints":{"allow":["GET"]}}],"collection":[{"href":"https:\/\/www.simasa.com\/de\/wp-json\/wp\/v2\/product"}],"about":[{"href":"https:\/\/www.simasa.com\/de\/wp-json\/wp\/v2\/types\/product"}],"replies":[{"embeddable":true,"href":"https:\/\/www.simasa.com\/de\/wp-json\/wp\/v2\/comments?post=7511"}],"wp:featuredmedia":[{"embeddable":true,"href":"https:\/\/www.simasa.com\/de\/wp-json\/wp\/v2\/media\/7055"}],"wp:attachment":[{"href":"https:\/\/www.simasa.com\/de\/wp-json\/wp\/v2\/media?parent=7511"}],"wp:term":[{"taxonomy":"product_brand","embeddable":true,"href":"https:\/\/www.simasa.com\/de\/wp-json\/wp\/v2\/product_brand?post=7511"},{"taxonomy":"product_cat","embeddable":true,"href":"https:\/\/www.simasa.com\/de\/wp-json\/wp\/v2\/product_cat?post=7511"},{"taxonomy":"product_tag","embeddable":true,"href":"https:\/\/www.simasa.com\/de\/wp-json\/wp\/v2\/product_tag?post=7511"}],"curies":[{"name":"wp","href":"https:\/\/api.w.org\/{rel}","templated":true}]}}