{"id":5703,"date":"2017-05-26T15:03:31","date_gmt":"2017-05-26T15:03:32","guid":{"rendered":"https:\/\/www.simasa.com\/?post_type=product&#038;p=5703\/"},"modified":"2017-12-29T09:38:49","modified_gmt":"2017-12-29T09:38:49","slug":"perlanato-200-700","status":"publish","type":"product","link":"https:\/\/www.simasa.com\/de\/producto\/perlanato-200-700\/","title":{"rendered":"PERLANATO 200 700"},"content":{"rendered":"<p>&nbsp;<\/p>\n<div data-canvas-width=\"452.2056000000003\">Die neue <strong>PERLANATO<\/strong> ist eine spezielle Maschine, die daf\u00fcr entwickelt\u00a0wurde um <strong>keramische und porzellanische Platten perfekt zu schneiden<\/strong>.\u00a0Die verschiedenen Modelle erm\u00f6glichen es Ihnen, die am besten\u00a0geeignete Maschine je nach Ihren Bed\u00fcrfnissen zu w\u00e4hlen: ab 700 bis\u00a0zu 1000 mm Schnittl\u00e4nge und eine unterschiedliche Schnitttiefe, je\u00a0nachdem, ob Sie eine Diamanttrennscheibe von 200, 230 oder 250 mm\u00a0verwendet haben. (Durch ein Regulierungssystem kann man die H\u00f6he\u00a0des Schneidekofpes \u00e4ndern).<\/div>\n<div data-canvas-width=\"452.2056000000003\"><\/div>\n<div data-canvas-width=\"452.2056000000003\">Die Perlanato ist <strong>robust aber dennoch leicht<\/strong>, dank der Aluminiumprofile\u00a0mit denen sie ausgestattet wurde. Diese Aluminiumprofile sind\u00a0resistenter durch die Behandlung, um Rostbildung zu verhindern und\u00a0<strong>tragen zu einem pr\u00e4ziseren Schnitt<\/strong> bei.<\/div>\n<div data-canvas-width=\"452.2056000000003\"><\/div>\n<div data-canvas-width=\"452.2056000000003\">Die <strong>PERLANATO-Serie<\/strong> bietet vielseitige und praktische\u00a0Fliesentrennmaschinen mit einer <strong>hohe Arbeitsleistung und eine\u00a0sehr lange Lebensdauer<\/strong>.\u00a0Diese Maschinen wurden speziell um <strong>harte<\/strong><br \/>\n<strong>und grosse Feinsteinzeug-Schnitte<\/strong> zu\u00a0durchf\u00fchren, entwickelt.\u00a0Verf\u00fcgen \u00fcber zusammenklapbare<br \/>\nTischbiene um den Transport und die\u00a0Lagerung zu vereinfachen.<\/div>\n<div data-canvas-width=\"452.2056000000003\"><\/div>\n<div data-canvas-width=\"452.2056000000003\">Man kann auch\u00a0(optional) einen R\u00e4der-Set dazu bestellen.\u00a0Als weiteres Zubeh\u00f6r (auch optional)\u00a0besitzt die Perlanato, Tischverl\u00e4ngung mit\u00a0Klemmgriffen, um die grosse Schneide-St\u00fccke sicher und pr\u00e4zise schneiden zu\u00a0k\u00f6nnen.<\/div>\n<div data-canvas-width=\"452.2056000000003\"><\/div>\n<div data-canvas-width=\"452.2056000000003\"><strong>Schnelle L\u00f6sungen:<\/strong><\/div>\n<div data-canvas-width=\"452.2056000000003\"><\/div>\n<ul>\n<li data-canvas-width=\"452.2056000000003\">Die PERLANATO-Serie bietet <strong>schnelle, zuverl\u00e4ssige und\u00a0effiziente L\u00f6sungen<\/strong> f\u00fcr die zu ausf\u00fchrende Grundbed\u00fcrfnisse des\u00a0Fliesenlegers: <strong>Gehrungsschnitte und geradene Schnitte<\/strong>.<\/li>\n<li data-canvas-width=\"452.2056000000003\">Durch die Motorleistung (bis 1,5 PS) und den\u00a0Trennscheibendurchmesser (bis zu 250 mm.), erlauben es in\u00a0Materialien wie Fliesen, Terrazzo, rustikale Backsteine, Marmor usw.\u00a0bis zu 63 mm zu schneiden.<\/li>\n<li data-canvas-width=\"452.2056000000003\">Alle Modelle der Perlanato werden mit einer Diamanttrennscheibe\u00a0(f\u00fcr Feinsteinze ug) geliefert.<\/li>\n<li data-canvas-width=\"452.2056000000003\">Die PERLANATO Maschinen verf\u00fcgen \u00fcber ein Einsetzungs- und\u00a0Befestigungssystem, welches verhindert, dass die Kabeln sowie die\u00a0Wasserversorgungsleitung in den Schneidebereich gelangen.<\/li>\n<li data-canvas-width=\"452.2056000000003\">Wie alle Fliesentrennmaschinen von SIMA, die Schrauben, welche\u00a0die Trennscheibeschutzhaube halten, sind mit einem Gummiband\u00a0gewickelt um diese nicht zu verlieren.<\/li>\n<\/ul>\n<p><img loading=\"lazy\" decoding=\"async\" class=\"alignnone wp-image-9077 size-full\" src=\"https:\/\/www.simasa.com\/wp-content\/uploads\/2017\/05\/vorteile-perlanato.jpg\" alt=\"\" width=\"1120\" height=\"491\" srcset=\"https:\/\/www.simasa.com\/wp-content\/uploads\/2017\/05\/vorteile-perlanato.jpg 1120w, https:\/\/www.simasa.com\/wp-content\/uploads\/2017\/05\/vorteile-perlanato-416x182.jpg 416w\" sizes=\"auto, (max-width: 1120px) 100vw, 1120px\" \/><\/p>\n<p><img loading=\"lazy\" decoding=\"async\" class=\"alignnone wp-image-9053 size-full\" src=\"https:\/\/www.simasa.com\/wp-content\/uploads\/2017\/05\/tabla1-perlanato-de.jpg\" alt=\"\" width=\"1113\" height=\"329\" srcset=\"https:\/\/www.simasa.com\/wp-content\/uploads\/2017\/05\/tabla1-perlanato-de.jpg 1113w, https:\/\/www.simasa.com\/wp-content\/uploads\/2017\/05\/tabla1-perlanato-de-416x123.jpg 416w\" sizes=\"auto, (max-width: 1113px) 100vw, 1113px\" \/><\/p>\n<p><iframe loading=\"lazy\" src=\"https:\/\/www.youtube.com\/embed\/7BGO1DJNgmU\" width=\"700\" height=\"394\" frameborder=\"0\" allowfullscreen=\"allowfullscreen\"><\/iframe><\/p>\n","protected":false},"excerpt":{"rendered":"<p>Die neue <strong>PERLANATO 200 700<\/strong> ist eine spezielle Maschine, die daf\u00fcr entwickelt wurde um keramische und porzellanische Platten perfekt zu schneiden.<\/p>\n","protected":false},"featured_media":5713,"comment_status":"open","ping_status":"closed","template":"","meta":{"_acf_changed":false},"product_brand":[],"product_cat":[1765],"product_tag":[2792],"class_list":{"0":"post-5703","1":"product","2":"type-product","3":"status-publish","4":"has-post-thumbnail","6":"product_cat-fliesentrennmaschinen","7":"product_tag-cortadora-de-materiales-de","8":"pa_45-cutting-ja-45-cutting-de","9":"pa_max-blade-diameter-mm-3738","10":"pa_max-cutting-depth-mm-3866","11":"pa_max-cutting-length-mm-3930","13":"first","14":"instock","15":"shipping-taxable","16":"product-type-simple"},"acf":[],"yoast_head":"<!-- This site is optimized with the Yoast SEO plugin v27.2 - https:\/\/yoast.com\/product\/yoast-seo-wordpress\/ -->\n<title>Cortadora de Materiales - PERLANATO 200 700 | Sima<\/title>\n<meta name=\"description\" content=\"PERLANATO 200 700. Die neue PERLANATO 200 700 ist eine spezielle Maschine, die daf\u00fcr entwickelt wurde um keramische und porzellanische Platten perfekt zu schneiden.\" \/>\n<meta name=\"robots\" content=\"noindex, follow\" \/>\n<meta property=\"og:locale\" content=\"de_DE\" \/>\n<meta property=\"og:type\" content=\"article\" \/>\n<meta property=\"og:title\" content=\"Cortadora de Materiales - PERLANATO 200 700 | Sima\" \/>\n<meta property=\"og:description\" content=\"PERLANATO 200 700. Die neue PERLANATO 200 700 ist eine spezielle Maschine, die daf\u00fcr entwickelt wurde um keramische und porzellanische Platten perfekt zu schneiden.\" \/>\n<meta property=\"og:url\" content=\"https:\/\/www.simasa.com\/de\/producto\/perlanato-200-700\/\" \/>\n<meta property=\"og:site_name\" content=\"Sima\" \/>\n<meta property=\"article:modified_time\" content=\"2017-12-29T09:38:49+00:00\" \/>\n<meta property=\"og:image\" content=\"https:\/\/www.simasa.com\/wp-content\/uploads\/2017\/05\/Perlanato-200-700-1.jpg\" \/>\n\t<meta property=\"og:image:width\" content=\"800\" \/>\n\t<meta property=\"og:image:height\" content=\"800\" \/>\n\t<meta property=\"og:image:type\" content=\"image\/jpeg\" \/>\n<meta name=\"twitter:card\" content=\"summary_large_image\" \/>\n<meta name=\"twitter:label1\" content=\"Gesch\u00e4tzte Lesezeit\" \/>\n\t<meta name=\"twitter:data1\" content=\"1\u00a0Minute\" \/>\n<script type=\"application\/ld+json\" class=\"yoast-schema-graph\">{\"@context\":\"https:\/\/schema.org\",\"@graph\":[{\"@type\":\"WebPage\",\"@id\":\"https:\/\/www.simasa.com\/de\/producto\/perlanato-200-700\/\",\"url\":\"https:\/\/www.simasa.com\/de\/producto\/perlanato-200-700\/\",\"name\":\"Cortadora de Materiales - PERLANATO 200 700 | Sima\",\"isPartOf\":{\"@id\":\"https:\/\/www.simasa.com\/de\/#website\"},\"primaryImageOfPage\":{\"@id\":\"https:\/\/www.simasa.com\/de\/producto\/perlanato-200-700\/#primaryimage\"},\"image\":{\"@id\":\"https:\/\/www.simasa.com\/de\/producto\/perlanato-200-700\/#primaryimage\"},\"thumbnailUrl\":\"https:\/\/www.simasa.com\/wp-content\/uploads\/2017\/05\/Perlanato-200-700-1.jpg\",\"datePublished\":\"2017-05-26T15:03:32+00:00\",\"dateModified\":\"2017-12-29T09:38:49+00:00\",\"description\":\"PERLANATO 200 700. Die neue PERLANATO 200 700 ist eine spezielle Maschine, die daf\u00fcr entwickelt wurde um keramische und porzellanische Platten perfekt zu schneiden.\",\"breadcrumb\":{\"@id\":\"https:\/\/www.simasa.com\/de\/producto\/perlanato-200-700\/#breadcrumb\"},\"inLanguage\":\"de\",\"potentialAction\":[{\"@type\":\"ReadAction\",\"target\":[\"https:\/\/www.simasa.com\/de\/producto\/perlanato-200-700\/\"]}]},{\"@type\":\"ImageObject\",\"inLanguage\":\"de\",\"@id\":\"https:\/\/www.simasa.com\/de\/producto\/perlanato-200-700\/#primaryimage\",\"url\":\"https:\/\/www.simasa.com\/wp-content\/uploads\/2017\/05\/Perlanato-200-700-1.jpg\",\"contentUrl\":\"https:\/\/www.simasa.com\/wp-content\/uploads\/2017\/05\/Perlanato-200-700-1.jpg\",\"width\":800,\"height\":800},{\"@type\":\"BreadcrumbList\",\"@id\":\"https:\/\/www.simasa.com\/de\/producto\/perlanato-200-700\/#breadcrumb\",\"itemListElement\":[{\"@type\":\"ListItem\",\"position\":1,\"name\":\"Inicio\",\"item\":\"https:\/\/www.simasa.com\/de\/\"},{\"@type\":\"ListItem\",\"position\":2,\"name\":\"Katalog\",\"item\":\"https:\/\/www.simasa.com\/de\/katalog\/\"},{\"@type\":\"ListItem\",\"position\":3,\"name\":\"PERLANATO 200 700\"}]},{\"@type\":\"WebSite\",\"@id\":\"https:\/\/www.simasa.com\/de\/#website\",\"url\":\"https:\/\/www.simasa.com\/de\/\",\"name\":\"Sima\",\"description\":\"Fabricantes de maquinaria para la construcci\u00f3n\",\"publisher\":{\"@id\":\"https:\/\/www.simasa.com\/de\/#organization\"},\"potentialAction\":[{\"@type\":\"SearchAction\",\"target\":{\"@type\":\"EntryPoint\",\"urlTemplate\":\"https:\/\/www.simasa.com\/de\/?s={search_term_string}\"},\"query-input\":{\"@type\":\"PropertyValueSpecification\",\"valueRequired\":true,\"valueName\":\"search_term_string\"}}],\"inLanguage\":\"de\"},{\"@type\":\"Organization\",\"@id\":\"https:\/\/www.simasa.com\/de\/#organization\",\"name\":\"Sima\",\"url\":\"https:\/\/www.simasa.com\/de\/\",\"logo\":{\"@type\":\"ImageObject\",\"inLanguage\":\"de\",\"@id\":\"https:\/\/www.simasa.com\/de\/#\/schema\/logo\/image\/\",\"url\":\"https:\/\/www.simasa.com\/wp-content\/uploads\/2016\/03\/logo-1.jpg\",\"contentUrl\":\"https:\/\/www.simasa.com\/wp-content\/uploads\/2016\/03\/logo-1.jpg\",\"width\":121,\"height\":54,\"caption\":\"Sima\"},\"image\":{\"@id\":\"https:\/\/www.simasa.com\/de\/#\/schema\/logo\/image\/\"}}]}<\/script>\n<!-- \/ Yoast SEO plugin. -->","yoast_head_json":{"title":"Cortadora de Materiales - PERLANATO 200 700 | Sima","description":"PERLANATO 200 700. Die neue PERLANATO 200 700 ist eine spezielle Maschine, die daf\u00fcr entwickelt wurde um keramische und porzellanische Platten perfekt zu schneiden.","robots":{"index":"noindex","follow":"follow"},"og_locale":"de_DE","og_type":"article","og_title":"Cortadora de Materiales - PERLANATO 200 700 | Sima","og_description":"PERLANATO 200 700. Die neue PERLANATO 200 700 ist eine spezielle Maschine, die daf\u00fcr entwickelt wurde um keramische und porzellanische Platten perfekt zu schneiden.","og_url":"https:\/\/www.simasa.com\/de\/producto\/perlanato-200-700\/","og_site_name":"Sima","article_modified_time":"2017-12-29T09:38:49+00:00","og_image":[{"width":800,"height":800,"url":"https:\/\/www.simasa.com\/wp-content\/uploads\/2017\/05\/Perlanato-200-700-1.jpg","type":"image\/jpeg"}],"twitter_card":"summary_large_image","twitter_misc":{"Gesch\u00e4tzte Lesezeit":"1\u00a0Minute"},"schema":{"@context":"https:\/\/schema.org","@graph":[{"@type":"WebPage","@id":"https:\/\/www.simasa.com\/de\/producto\/perlanato-200-700\/","url":"https:\/\/www.simasa.com\/de\/producto\/perlanato-200-700\/","name":"Cortadora de Materiales - PERLANATO 200 700 | Sima","isPartOf":{"@id":"https:\/\/www.simasa.com\/de\/#website"},"primaryImageOfPage":{"@id":"https:\/\/www.simasa.com\/de\/producto\/perlanato-200-700\/#primaryimage"},"image":{"@id":"https:\/\/www.simasa.com\/de\/producto\/perlanato-200-700\/#primaryimage"},"thumbnailUrl":"https:\/\/www.simasa.com\/wp-content\/uploads\/2017\/05\/Perlanato-200-700-1.jpg","datePublished":"2017-05-26T15:03:32+00:00","dateModified":"2017-12-29T09:38:49+00:00","description":"PERLANATO 200 700. Die neue PERLANATO 200 700 ist eine spezielle Maschine, die daf\u00fcr entwickelt wurde um keramische und porzellanische Platten perfekt zu schneiden.","breadcrumb":{"@id":"https:\/\/www.simasa.com\/de\/producto\/perlanato-200-700\/#breadcrumb"},"inLanguage":"de","potentialAction":[{"@type":"ReadAction","target":["https:\/\/www.simasa.com\/de\/producto\/perlanato-200-700\/"]}]},{"@type":"ImageObject","inLanguage":"de","@id":"https:\/\/www.simasa.com\/de\/producto\/perlanato-200-700\/#primaryimage","url":"https:\/\/www.simasa.com\/wp-content\/uploads\/2017\/05\/Perlanato-200-700-1.jpg","contentUrl":"https:\/\/www.simasa.com\/wp-content\/uploads\/2017\/05\/Perlanato-200-700-1.jpg","width":800,"height":800},{"@type":"BreadcrumbList","@id":"https:\/\/www.simasa.com\/de\/producto\/perlanato-200-700\/#breadcrumb","itemListElement":[{"@type":"ListItem","position":1,"name":"Inicio","item":"https:\/\/www.simasa.com\/de\/"},{"@type":"ListItem","position":2,"name":"Katalog","item":"https:\/\/www.simasa.com\/de\/katalog\/"},{"@type":"ListItem","position":3,"name":"PERLANATO 200 700"}]},{"@type":"WebSite","@id":"https:\/\/www.simasa.com\/de\/#website","url":"https:\/\/www.simasa.com\/de\/","name":"Sima","description":"Fabricantes de maquinaria para la construcci\u00f3n","publisher":{"@id":"https:\/\/www.simasa.com\/de\/#organization"},"potentialAction":[{"@type":"SearchAction","target":{"@type":"EntryPoint","urlTemplate":"https:\/\/www.simasa.com\/de\/?s={search_term_string}"},"query-input":{"@type":"PropertyValueSpecification","valueRequired":true,"valueName":"search_term_string"}}],"inLanguage":"de"},{"@type":"Organization","@id":"https:\/\/www.simasa.com\/de\/#organization","name":"Sima","url":"https:\/\/www.simasa.com\/de\/","logo":{"@type":"ImageObject","inLanguage":"de","@id":"https:\/\/www.simasa.com\/de\/#\/schema\/logo\/image\/","url":"https:\/\/www.simasa.com\/wp-content\/uploads\/2016\/03\/logo-1.jpg","contentUrl":"https:\/\/www.simasa.com\/wp-content\/uploads\/2016\/03\/logo-1.jpg","width":121,"height":54,"caption":"Sima"},"image":{"@id":"https:\/\/www.simasa.com\/de\/#\/schema\/logo\/image\/"}}]}},"_links":{"self":[{"href":"https:\/\/www.simasa.com\/de\/wp-json\/wp\/v2\/product\/5703","targetHints":{"allow":["GET"]}}],"collection":[{"href":"https:\/\/www.simasa.com\/de\/wp-json\/wp\/v2\/product"}],"about":[{"href":"https:\/\/www.simasa.com\/de\/wp-json\/wp\/v2\/types\/product"}],"replies":[{"embeddable":true,"href":"https:\/\/www.simasa.com\/de\/wp-json\/wp\/v2\/comments?post=5703"}],"wp:featuredmedia":[{"embeddable":true,"href":"https:\/\/www.simasa.com\/de\/wp-json\/wp\/v2\/media\/5713"}],"wp:attachment":[{"href":"https:\/\/www.simasa.com\/de\/wp-json\/wp\/v2\/media?parent=5703"}],"wp:term":[{"taxonomy":"product_brand","embeddable":true,"href":"https:\/\/www.simasa.com\/de\/wp-json\/wp\/v2\/product_brand?post=5703"},{"taxonomy":"product_cat","embeddable":true,"href":"https:\/\/www.simasa.com\/de\/wp-json\/wp\/v2\/product_cat?post=5703"},{"taxonomy":"product_tag","embeddable":true,"href":"https:\/\/www.simasa.com\/de\/wp-json\/wp\/v2\/product_tag?post=5703"}],"curies":[{"name":"wp","href":"https:\/\/api.w.org\/{rel}","templated":true}]}}