{"id":5637,"date":"2017-05-26T11:20:15","date_gmt":"2017-05-26T11:20:15","guid":{"rendered":"https:\/\/www.simasa.com\/?post_type=product&#038;p=5637\/"},"modified":"2026-03-19T16:54:03","modified_gmt":"2026-03-19T15:54:03","slug":"venus-125-mekano","status":"publish","type":"product","link":"https:\/\/www.simasa.com\/de\/producto\/venus-125-mekano\/","title":{"rendered":"VENUS 125 MEKANO"},"content":{"rendered":"<p><strong>Die VENUS Mekano-Serie<\/strong> ist entworfen worden um hochwertige\u00a0Schnitte und Gehrungsschnitte in alle Materialien f\u00fcr den Bau, vor allem\u00a0Grossformate,<strong> schnell und pr\u00e4zise durchzuf\u00fchren<\/strong>. Die VENUS-Modelle (125, 150 und 200) sind mit Zahnriemen\u00a0f\u00fcr den Schneideantrieb ausgestattet, welcher durch ein\u00a0Lenkrad bet\u00e4tigt wird.<\/p>\n<p>Alle Modellen verf\u00fcgen \u00fcber ein\u00a0Selbstreinigungssystem aus Filzen und Klapp-Schutz auf der\u00a0F\u00fchrungsschiene.\u00a0Hergestellt, wie die ganze Mekano-Serie, aus <strong>90% von rostfreien\u00a0Materialien<\/strong>.\u00a0Diese Maschinen sind mit einem exklusiven\u00a0Verschiebungssystem f\u00fcr den Schneidekopf ausgestattet.\u00a0Hergestellt aus Aluminiumguss und mit Lagern\u00a0ausgestattet, welche bei 30\u00ba und 90\u00ba eingestellt wurden\u00a0um somit einen <strong>perfekten geraden Schnitt zu\u00a0gew\u00e4hrleisten<\/strong>.\u00a0Ideal f\u00fcr Feinsteinzeug.<\/p>\n<p>Die obere Schienef\u00fchrung aus eloxiertem,\u00a0stranggepresstem Aluminium mit einem innovativen\u00a0Design und einfache Schneidekopf-Einstellung,\u00a0erlaubt zwei verschiedene Diamanttrennscheiben\u00d8 zu<br \/>\nverwenden:<\/p>\n<ul>\n<li><strong>300mm <\/strong><\/li>\n<li><strong>350 mm.<\/strong><\/li>\n<\/ul>\n<p>Diese Maschinen sind sehr hilfreich vor Ort und in Werkst\u00e4tten um Marmor, Granit usw. zu verarbeiten.<\/p>\n<p>Es gibt ein <strong>spezielles Modell<\/strong> der VENUS MEKANO f\u00fcr das Schneiden von\u00a0<strong>Sandwichpaneele<\/strong>.<\/p>\n<p><img loading=\"lazy\" decoding=\"async\" class=\"alignnone wp-image-9017 size-full\" src=\"https:\/\/www.simasa.com\/wp-content\/uploads\/2016\/04\/vorteile-venus.jpg\" alt=\"\" width=\"1119\" height=\"493\" srcset=\"https:\/\/www.simasa.com\/wp-content\/uploads\/2016\/04\/vorteile-venus.jpg 1119w, https:\/\/www.simasa.com\/wp-content\/uploads\/2016\/04\/vorteile-venus-416x183.jpg 416w\" sizes=\"auto, (max-width: 1119px) 100vw, 1119px\" \/><\/p>\n<p><img loading=\"lazy\" decoding=\"async\" class=\"alignnone wp-image-8981 size-full\" src=\"https:\/\/www.simasa.com\/wp-content\/uploads\/2016\/04\/tabla-venus125-de.jpg\" alt=\"\" width=\"953\" height=\"332\" srcset=\"https:\/\/www.simasa.com\/wp-content\/uploads\/2016\/04\/tabla-venus125-de.jpg 953w, https:\/\/www.simasa.com\/wp-content\/uploads\/2016\/04\/tabla-venus125-de-416x145.jpg 416w\" sizes=\"auto, (max-width: 953px) 100vw, 953px\" \/><\/p>\n<p><iframe loading=\"lazy\" src=\"https:\/\/www.youtube.com\/embed\/-iqrdk7PGNM\" width=\"700\" height=\"394\" frameborder=\"0\" allowfullscreen=\"allowfullscreen\"><\/iframe><\/p>\n","protected":false},"excerpt":{"rendered":"<p>Die\u00a0<strong>VENUS 125 MEKANO<\/strong> <strong>eignet sich bestens<\/strong>, um\u00a0hochwertige Schnitte und Gehrungsschnitte in alle Materialien f\u00fcr den Bau, vor allem Grossformate,schnell und pr\u00e4zise durchzuf\u00fchren.<\/p>\n<p>&nbsp;<\/p>\n","protected":false},"featured_media":12581,"comment_status":"open","ping_status":"closed","template":"","meta":{"_acf_changed":false},"product_brand":[],"product_cat":[1764],"product_tag":[2792],"class_list":{"0":"post-5637","1":"product","2":"type-product","3":"status-publish","4":"has-post-thumbnail","6":"product_cat-steintrennmaschinen","7":"product_tag-cortadora-de-materiales-de","8":"pa_45-cutting-ja-45-cutting-de","9":"pa_max-blade-diameter-mm-3744","10":"pa_max-cutting-depth-mm-3880","11":"pa_max-cutting-length-mm-3929","13":"first","14":"instock","15":"shipping-taxable","16":"product-type-simple"},"acf":[],"yoast_head":"<!-- This site is optimized with the Yoast SEO plugin v27.2 - https:\/\/yoast.com\/product\/yoast-seo-wordpress\/ -->\n<title>Cortadora de Materiales - VENUS 125 MEKANO | Sima<\/title>\n<meta name=\"description\" content=\"VENUS 125 MEKANO. Die\u00a0VENUS 125 MEKANO eignet sich bestens, um\u00a0hochwertige Schnitte und Gehrungsschnitte in alle Materialien f\u00fcr den Bau, vor allem Grossformate,schnell und pr\u00e4zise durchzuf\u00fchren.  &nbsp;\" \/>\n<meta name=\"robots\" content=\"noindex, follow\" \/>\n<meta property=\"og:locale\" content=\"de_DE\" \/>\n<meta property=\"og:type\" content=\"article\" \/>\n<meta property=\"og:title\" content=\"Cortadora de Materiales - VENUS 125 MEKANO | Sima\" \/>\n<meta property=\"og:description\" content=\"VENUS 125 MEKANO. Die\u00a0VENUS 125 MEKANO eignet sich bestens, um\u00a0hochwertige Schnitte und Gehrungsschnitte in alle Materialien f\u00fcr den Bau, vor allem Grossformate,schnell und pr\u00e4zise durchzuf\u00fchren.  &nbsp;\" \/>\n<meta property=\"og:url\" content=\"https:\/\/www.simasa.com\/de\/producto\/venus-125-mekano\/\" \/>\n<meta property=\"og:site_name\" content=\"Sima\" \/>\n<meta property=\"article:modified_time\" content=\"2026-03-19T15:54:03+00:00\" \/>\n<meta property=\"og:image\" content=\"https:\/\/www.simasa.com\/wp-content\/uploads\/2025\/12\/Venus-125-mkno-01-copia.jpg\" \/>\n\t<meta property=\"og:image:width\" content=\"2455\" \/>\n\t<meta property=\"og:image:height\" content=\"2296\" \/>\n\t<meta property=\"og:image:type\" content=\"image\/jpeg\" \/>\n<meta name=\"twitter:card\" content=\"summary_large_image\" \/>\n<meta name=\"twitter:label1\" content=\"Gesch\u00e4tzte Lesezeit\" \/>\n\t<meta name=\"twitter:data1\" content=\"2\u00a0Minuten\" \/>\n<script type=\"application\/ld+json\" class=\"yoast-schema-graph\">{\"@context\":\"https:\/\/schema.org\",\"@graph\":[{\"@type\":\"WebPage\",\"@id\":\"https:\/\/www.simasa.com\/de\/producto\/venus-125-mekano\/\",\"url\":\"https:\/\/www.simasa.com\/de\/producto\/venus-125-mekano\/\",\"name\":\"Cortadora de Materiales - VENUS 125 MEKANO | Sima\",\"isPartOf\":{\"@id\":\"https:\/\/www.simasa.com\/de\/#website\"},\"primaryImageOfPage\":{\"@id\":\"https:\/\/www.simasa.com\/de\/producto\/venus-125-mekano\/#primaryimage\"},\"image\":{\"@id\":\"https:\/\/www.simasa.com\/de\/producto\/venus-125-mekano\/#primaryimage\"},\"thumbnailUrl\":\"https:\/\/www.simasa.com\/wp-content\/uploads\/2025\/12\/Venus-125-mkno-01-copia.jpg\",\"datePublished\":\"2017-05-26T11:20:15+00:00\",\"dateModified\":\"2026-03-19T15:54:03+00:00\",\"description\":\"VENUS 125 MEKANO. Die\u00a0VENUS 125 MEKANO eignet sich bestens, um\u00a0hochwertige Schnitte und Gehrungsschnitte in alle Materialien f\u00fcr den Bau, vor allem Grossformate,schnell und pr\u00e4zise durchzuf\u00fchren. &nbsp;\",\"breadcrumb\":{\"@id\":\"https:\/\/www.simasa.com\/de\/producto\/venus-125-mekano\/#breadcrumb\"},\"inLanguage\":\"de\",\"potentialAction\":[{\"@type\":\"ReadAction\",\"target\":[\"https:\/\/www.simasa.com\/de\/producto\/venus-125-mekano\/\"]}]},{\"@type\":\"ImageObject\",\"inLanguage\":\"de\",\"@id\":\"https:\/\/www.simasa.com\/de\/producto\/venus-125-mekano\/#primaryimage\",\"url\":\"https:\/\/www.simasa.com\/wp-content\/uploads\/2025\/12\/Venus-125-mkno-01-copia.jpg\",\"contentUrl\":\"https:\/\/www.simasa.com\/wp-content\/uploads\/2025\/12\/Venus-125-mkno-01-copia.jpg\",\"width\":2455,\"height\":2296},{\"@type\":\"BreadcrumbList\",\"@id\":\"https:\/\/www.simasa.com\/de\/producto\/venus-125-mekano\/#breadcrumb\",\"itemListElement\":[{\"@type\":\"ListItem\",\"position\":1,\"name\":\"Inicio\",\"item\":\"https:\/\/www.simasa.com\/de\/\"},{\"@type\":\"ListItem\",\"position\":2,\"name\":\"Katalog\",\"item\":\"https:\/\/www.simasa.com\/de\/katalog\/\"},{\"@type\":\"ListItem\",\"position\":3,\"name\":\"VENUS 125 MEKANO\"}]},{\"@type\":\"WebSite\",\"@id\":\"https:\/\/www.simasa.com\/de\/#website\",\"url\":\"https:\/\/www.simasa.com\/de\/\",\"name\":\"Sima\",\"description\":\"Fabricantes de maquinaria para la construcci\u00f3n\",\"publisher\":{\"@id\":\"https:\/\/www.simasa.com\/de\/#organization\"},\"potentialAction\":[{\"@type\":\"SearchAction\",\"target\":{\"@type\":\"EntryPoint\",\"urlTemplate\":\"https:\/\/www.simasa.com\/de\/?s={search_term_string}\"},\"query-input\":{\"@type\":\"PropertyValueSpecification\",\"valueRequired\":true,\"valueName\":\"search_term_string\"}}],\"inLanguage\":\"de\"},{\"@type\":\"Organization\",\"@id\":\"https:\/\/www.simasa.com\/de\/#organization\",\"name\":\"Sima\",\"url\":\"https:\/\/www.simasa.com\/de\/\",\"logo\":{\"@type\":\"ImageObject\",\"inLanguage\":\"de\",\"@id\":\"https:\/\/www.simasa.com\/de\/#\/schema\/logo\/image\/\",\"url\":\"https:\/\/www.simasa.com\/wp-content\/uploads\/2016\/03\/logo-1.jpg\",\"contentUrl\":\"https:\/\/www.simasa.com\/wp-content\/uploads\/2016\/03\/logo-1.jpg\",\"width\":121,\"height\":54,\"caption\":\"Sima\"},\"image\":{\"@id\":\"https:\/\/www.simasa.com\/de\/#\/schema\/logo\/image\/\"}}]}<\/script>\n<!-- \/ Yoast SEO plugin. -->","yoast_head_json":{"title":"Cortadora de Materiales - VENUS 125 MEKANO | Sima","description":"VENUS 125 MEKANO. Die\u00a0VENUS 125 MEKANO eignet sich bestens, um\u00a0hochwertige Schnitte und Gehrungsschnitte in alle Materialien f\u00fcr den Bau, vor allem Grossformate,schnell und pr\u00e4zise durchzuf\u00fchren.  &nbsp;","robots":{"index":"noindex","follow":"follow"},"og_locale":"de_DE","og_type":"article","og_title":"Cortadora de Materiales - VENUS 125 MEKANO | Sima","og_description":"VENUS 125 MEKANO. Die\u00a0VENUS 125 MEKANO eignet sich bestens, um\u00a0hochwertige Schnitte und Gehrungsschnitte in alle Materialien f\u00fcr den Bau, vor allem Grossformate,schnell und pr\u00e4zise durchzuf\u00fchren.  &nbsp;","og_url":"https:\/\/www.simasa.com\/de\/producto\/venus-125-mekano\/","og_site_name":"Sima","article_modified_time":"2026-03-19T15:54:03+00:00","og_image":[{"width":2455,"height":2296,"url":"https:\/\/www.simasa.com\/wp-content\/uploads\/2025\/12\/Venus-125-mkno-01-copia.jpg","type":"image\/jpeg"}],"twitter_card":"summary_large_image","twitter_misc":{"Gesch\u00e4tzte Lesezeit":"2\u00a0Minuten"},"schema":{"@context":"https:\/\/schema.org","@graph":[{"@type":"WebPage","@id":"https:\/\/www.simasa.com\/de\/producto\/venus-125-mekano\/","url":"https:\/\/www.simasa.com\/de\/producto\/venus-125-mekano\/","name":"Cortadora de Materiales - VENUS 125 MEKANO | Sima","isPartOf":{"@id":"https:\/\/www.simasa.com\/de\/#website"},"primaryImageOfPage":{"@id":"https:\/\/www.simasa.com\/de\/producto\/venus-125-mekano\/#primaryimage"},"image":{"@id":"https:\/\/www.simasa.com\/de\/producto\/venus-125-mekano\/#primaryimage"},"thumbnailUrl":"https:\/\/www.simasa.com\/wp-content\/uploads\/2025\/12\/Venus-125-mkno-01-copia.jpg","datePublished":"2017-05-26T11:20:15+00:00","dateModified":"2026-03-19T15:54:03+00:00","description":"VENUS 125 MEKANO. Die\u00a0VENUS 125 MEKANO eignet sich bestens, um\u00a0hochwertige Schnitte und Gehrungsschnitte in alle Materialien f\u00fcr den Bau, vor allem Grossformate,schnell und pr\u00e4zise durchzuf\u00fchren. &nbsp;","breadcrumb":{"@id":"https:\/\/www.simasa.com\/de\/producto\/venus-125-mekano\/#breadcrumb"},"inLanguage":"de","potentialAction":[{"@type":"ReadAction","target":["https:\/\/www.simasa.com\/de\/producto\/venus-125-mekano\/"]}]},{"@type":"ImageObject","inLanguage":"de","@id":"https:\/\/www.simasa.com\/de\/producto\/venus-125-mekano\/#primaryimage","url":"https:\/\/www.simasa.com\/wp-content\/uploads\/2025\/12\/Venus-125-mkno-01-copia.jpg","contentUrl":"https:\/\/www.simasa.com\/wp-content\/uploads\/2025\/12\/Venus-125-mkno-01-copia.jpg","width":2455,"height":2296},{"@type":"BreadcrumbList","@id":"https:\/\/www.simasa.com\/de\/producto\/venus-125-mekano\/#breadcrumb","itemListElement":[{"@type":"ListItem","position":1,"name":"Inicio","item":"https:\/\/www.simasa.com\/de\/"},{"@type":"ListItem","position":2,"name":"Katalog","item":"https:\/\/www.simasa.com\/de\/katalog\/"},{"@type":"ListItem","position":3,"name":"VENUS 125 MEKANO"}]},{"@type":"WebSite","@id":"https:\/\/www.simasa.com\/de\/#website","url":"https:\/\/www.simasa.com\/de\/","name":"Sima","description":"Fabricantes de maquinaria para la construcci\u00f3n","publisher":{"@id":"https:\/\/www.simasa.com\/de\/#organization"},"potentialAction":[{"@type":"SearchAction","target":{"@type":"EntryPoint","urlTemplate":"https:\/\/www.simasa.com\/de\/?s={search_term_string}"},"query-input":{"@type":"PropertyValueSpecification","valueRequired":true,"valueName":"search_term_string"}}],"inLanguage":"de"},{"@type":"Organization","@id":"https:\/\/www.simasa.com\/de\/#organization","name":"Sima","url":"https:\/\/www.simasa.com\/de\/","logo":{"@type":"ImageObject","inLanguage":"de","@id":"https:\/\/www.simasa.com\/de\/#\/schema\/logo\/image\/","url":"https:\/\/www.simasa.com\/wp-content\/uploads\/2016\/03\/logo-1.jpg","contentUrl":"https:\/\/www.simasa.com\/wp-content\/uploads\/2016\/03\/logo-1.jpg","width":121,"height":54,"caption":"Sima"},"image":{"@id":"https:\/\/www.simasa.com\/de\/#\/schema\/logo\/image\/"}}]}},"_links":{"self":[{"href":"https:\/\/www.simasa.com\/de\/wp-json\/wp\/v2\/product\/5637","targetHints":{"allow":["GET"]}}],"collection":[{"href":"https:\/\/www.simasa.com\/de\/wp-json\/wp\/v2\/product"}],"about":[{"href":"https:\/\/www.simasa.com\/de\/wp-json\/wp\/v2\/types\/product"}],"replies":[{"embeddable":true,"href":"https:\/\/www.simasa.com\/de\/wp-json\/wp\/v2\/comments?post=5637"}],"wp:featuredmedia":[{"embeddable":true,"href":"https:\/\/www.simasa.com\/de\/wp-json\/wp\/v2\/media\/12581"}],"wp:attachment":[{"href":"https:\/\/www.simasa.com\/de\/wp-json\/wp\/v2\/media?parent=5637"}],"wp:term":[{"taxonomy":"product_brand","embeddable":true,"href":"https:\/\/www.simasa.com\/de\/wp-json\/wp\/v2\/product_brand?post=5637"},{"taxonomy":"product_cat","embeddable":true,"href":"https:\/\/www.simasa.com\/de\/wp-json\/wp\/v2\/product_cat?post=5637"},{"taxonomy":"product_tag","embeddable":true,"href":"https:\/\/www.simasa.com\/de\/wp-json\/wp\/v2\/product_tag?post=5637"}],"curies":[{"name":"wp","href":"https:\/\/api.w.org\/{rel}","templated":true}]}}