{"id":5508,"date":"2017-05-25T16:26:30","date_gmt":"2017-05-25T16:26:33","guid":{"rendered":"https:\/\/www.simasa.com\/?post_type=product&#038;p=5508\/"},"modified":"2017-12-25T17:26:23","modified_gmt":"2017-12-25T17:26:23","slug":"dakar-400-mekano","status":"publish","type":"product","link":"https:\/\/www.simasa.com\/de\/producto\/dakar-400-mekano\/","title":{"rendered":"DAKAR 400 MEKANO"},"content":{"rendered":"<p><strong>Erzielt H\u00f6chstleitstungen<\/strong> vor Ort, da die <strong>Schnittl\u00e4nge bis zu 650 mm<\/strong> betr\u00e4gt.<\/p>\n<p>Die <strong>Dakar Mekano-Modelle<\/strong> stellen das perfekte Gleichgewicht von Preis-Leistungs-Verh\u00e4ltnis. Diese <em>Steintrennmaschinen<\/em> erm\u00f6glichen in allen Arten von Maerialien zu schneiden:<\/p>\n<ul>\n<li>Backsteine<\/li>\n<li>Terrazzo<\/li>\n<li>Ziegelsteine<\/li>\n<li>Pflastersteine<\/li>\n<li>Fliesen<\/li>\n<\/ul>\n<p><strong>Die \u00a0DAKAR MEKANO<\/strong>\u00a0<strong>400<\/strong> z\u00e4hlt mit feste Tischbeinen, hat aber die M\u00f6glichkeit optional zusammklappbare Tischbeine mit R\u00e4der zu integrieren.<\/p>\n<p>Die <strong>DAKAR Mekano 400<\/strong> ist eine robuste, einfach\u00a0zu handhabende und optimierte Maschine, um\u00a0ausgezeichnete Arbeitsleistung zu erzielen mit einem\u00a0sehr wettbewerbsf\u00e4higen Preis.<\/p>\n<p>Die Maschinenmodelle <strong>DAKAR MEKANO 45<\/strong> bieten\u00a0<em>grosse Schneidekapazit\u00e4t und Pr\u00e4zision<\/em>, so dass\u00a0Schnitte mit <em>45 \u00b0 Winkel<\/em> ausgef\u00fchrt werden sowie\u00a0die <em>H\u00f6he des Schneidekopfes eingestellt<\/em> werden kann.<\/p>\n<p>Hergestellt <strong>aus 90% rostfreie Materialie<\/strong>n, die restlichen 10% werden mit\u00a0Epoxy-Polyester Farbe behandelt, f\u00fcr einen dauerhaften Halt\u00a0und als ein wirksamer Schutz gegen Rost.<\/p>\n<p>Die Tischbeine und Schneidekopf sind abnehmbar um\u00a0den Transport und die Lagerung zu erleichtern. Seine aussergew\u00f6hnliche Vielseitigkeit zeigt sich in seiner\u00a0verstellbaren Schnittl\u00e4nge, indem man den <strong>Schneidekopf\u00a0f\u00fcr die verschiedene Bed\u00fcrfnisse verschieben kann und\u00a0sich an die Gr\u00f6sse des Schneidematerials bestens anpasst<\/strong>.\u00a0Sehr Benutzerfreundlich mit grossen Bedienkomfort und\u00a0reduzierte Arbeitszeiten.<\/p>\n<p><strong>Schnitte und Gehrungsschnitte in Grossformate:<\/strong><\/p>\n<ul>\n<li>Perfektes Gleichgewicht zwischen Preis-Leistungs-Verh\u00e4ltnis.<\/li>\n<li>Mit Wechselstrom- (3 PS) und Drehstrommotoren (4 PS) erh\u00e4ltlich,\u00a0um sich an jede Anforderungen anzupassen.<\/li>\n<li>Verf\u00fcgt \u00fcber H\u00f6henverstellung ( Modell DAKAR MK 45) um\u00a0Materialien unterschiedlicher Dicke zu schneiden.<\/li>\n<li>Die Schnitth\u00f6he ist 7,5 cm f\u00fcr Trennscheiben\u00d8 von 300 mm und 10\u00a0cm f\u00fcr Trennscheiben\u00d8 von 350 mm.<\/li>\n<li>Alle Modelle der DAKAR werden mit einer Diamanttrennscheibe\u00a0geliefert.<\/li>\n<\/ul>\n<p><img loading=\"lazy\" decoding=\"async\" class=\"alignnone wp-image-8898 size-full\" src=\"https:\/\/www.simasa.com\/wp-content\/uploads\/2016\/04\/vorteile-dakar.jpg\" alt=\"\" width=\"1115\" height=\"491\" srcset=\"https:\/\/www.simasa.com\/wp-content\/uploads\/2016\/04\/vorteile-dakar.jpg 1115w, https:\/\/www.simasa.com\/wp-content\/uploads\/2016\/04\/vorteile-dakar-416x183.jpg 416w\" sizes=\"auto, (max-width: 1115px) 100vw, 1115px\" \/><\/p>\n<p><img loading=\"lazy\" decoding=\"async\" class=\"alignnone wp-image-8862 size-full\" src=\"https:\/\/www.simasa.com\/wp-content\/uploads\/2016\/04\/tabla-dakar-400-de.jpg\" alt=\"\" width=\"1115\" height=\"330\" srcset=\"https:\/\/www.simasa.com\/wp-content\/uploads\/2016\/04\/tabla-dakar-400-de.jpg 1115w, https:\/\/www.simasa.com\/wp-content\/uploads\/2016\/04\/tabla-dakar-400-de-416x123.jpg 416w\" sizes=\"auto, (max-width: 1115px) 100vw, 1115px\" \/><\/p>\n<p>&nbsp;<\/p>\n<p><iframe loading=\"lazy\" src=\"https:\/\/www.youtube.com\/embed\/Zupzj-ajWiE\" width=\"700\" height=\"394\" frameborder=\"0\" allowfullscreen=\"allowfullscreen\"><\/iframe><\/p>\n","protected":false},"excerpt":{"rendered":"<p>Die <strong>DAKAR Mekano 400<\/strong> ist eine robuste, einfach zu handhabende und optimierte Maschine, um ausgezeichnete Arbeitsleistung zu erzielen mit einem sehr wettbewerbsf\u00e4higen Preis.<\/p>\n","protected":false},"featured_media":5522,"comment_status":"open","ping_status":"closed","template":"","meta":{"_acf_changed":false},"product_brand":[],"product_cat":[1764],"product_tag":[2792],"class_list":{"0":"post-5508","1":"product","2":"type-product","3":"status-publish","4":"has-post-thumbnail","6":"product_cat-steintrennmaschinen","7":"product_tag-cortadora-de-materiales-de","8":"pa_45-cutting-nein-45-cutting-de","9":"pa_max-blade-diameter-mm-3747","10":"pa_max-cutting-depth-mm-3883","11":"pa_max-cutting-length-mm-3924","13":"first","14":"instock","15":"shipping-taxable","16":"product-type-simple"},"acf":[],"yoast_head":"<!-- This site is optimized with the Yoast SEO plugin v27.2 - https:\/\/yoast.com\/product\/yoast-seo-wordpress\/ -->\n<title>Cortadora de Materiales - DAKAR 400 MEKANO | Sima<\/title>\n<meta name=\"description\" content=\"DAKAR 400 MEKANO. Die DAKAR Mekano 400 ist eine robuste, einfach zu handhabende und optimierte Maschine, um ausgezeichnete Arbeitsleistung zu erzielen mit einem sehr wettbewerbsf\u00e4higen Preis.\" \/>\n<meta name=\"robots\" content=\"noindex, follow\" \/>\n<meta property=\"og:locale\" content=\"de_DE\" \/>\n<meta property=\"og:type\" content=\"article\" \/>\n<meta property=\"og:title\" content=\"Cortadora de Materiales - DAKAR 400 MEKANO | Sima\" \/>\n<meta property=\"og:description\" content=\"DAKAR 400 MEKANO. Die DAKAR Mekano 400 ist eine robuste, einfach zu handhabende und optimierte Maschine, um ausgezeichnete Arbeitsleistung zu erzielen mit einem sehr wettbewerbsf\u00e4higen Preis.\" \/>\n<meta property=\"og:url\" content=\"https:\/\/www.simasa.com\/de\/producto\/dakar-400-mekano\/\" \/>\n<meta property=\"og:site_name\" content=\"Sima\" \/>\n<meta property=\"article:modified_time\" content=\"2017-12-25T17:26:23+00:00\" \/>\n<meta property=\"og:image\" content=\"https:\/\/www.simasa.com\/wp-content\/uploads\/2017\/05\/Dakar-400.jpg\" \/>\n\t<meta property=\"og:image:width\" content=\"850\" \/>\n\t<meta property=\"og:image:height\" content=\"850\" \/>\n\t<meta property=\"og:image:type\" content=\"image\/jpeg\" \/>\n<meta name=\"twitter:card\" content=\"summary_large_image\" \/>\n<meta name=\"twitter:label1\" content=\"Gesch\u00e4tzte Lesezeit\" \/>\n\t<meta name=\"twitter:data1\" content=\"1\u00a0Minute\" \/>\n<script type=\"application\/ld+json\" class=\"yoast-schema-graph\">{\"@context\":\"https:\/\/schema.org\",\"@graph\":[{\"@type\":\"WebPage\",\"@id\":\"https:\/\/www.simasa.com\/de\/producto\/dakar-400-mekano\/\",\"url\":\"https:\/\/www.simasa.com\/de\/producto\/dakar-400-mekano\/\",\"name\":\"Cortadora de Materiales - DAKAR 400 MEKANO | Sima\",\"isPartOf\":{\"@id\":\"https:\/\/www.simasa.com\/de\/#website\"},\"primaryImageOfPage\":{\"@id\":\"https:\/\/www.simasa.com\/de\/producto\/dakar-400-mekano\/#primaryimage\"},\"image\":{\"@id\":\"https:\/\/www.simasa.com\/de\/producto\/dakar-400-mekano\/#primaryimage\"},\"thumbnailUrl\":\"https:\/\/www.simasa.com\/wp-content\/uploads\/2017\/05\/Dakar-400.jpg\",\"datePublished\":\"2017-05-25T16:26:33+00:00\",\"dateModified\":\"2017-12-25T17:26:23+00:00\",\"description\":\"DAKAR 400 MEKANO. Die DAKAR Mekano 400 ist eine robuste, einfach zu handhabende und optimierte Maschine, um ausgezeichnete Arbeitsleistung zu erzielen mit einem sehr wettbewerbsf\u00e4higen Preis.\",\"breadcrumb\":{\"@id\":\"https:\/\/www.simasa.com\/de\/producto\/dakar-400-mekano\/#breadcrumb\"},\"inLanguage\":\"de\",\"potentialAction\":[{\"@type\":\"ReadAction\",\"target\":[\"https:\/\/www.simasa.com\/de\/producto\/dakar-400-mekano\/\"]}]},{\"@type\":\"ImageObject\",\"inLanguage\":\"de\",\"@id\":\"https:\/\/www.simasa.com\/de\/producto\/dakar-400-mekano\/#primaryimage\",\"url\":\"https:\/\/www.simasa.com\/wp-content\/uploads\/2017\/05\/Dakar-400.jpg\",\"contentUrl\":\"https:\/\/www.simasa.com\/wp-content\/uploads\/2017\/05\/Dakar-400.jpg\",\"width\":850,\"height\":850},{\"@type\":\"BreadcrumbList\",\"@id\":\"https:\/\/www.simasa.com\/de\/producto\/dakar-400-mekano\/#breadcrumb\",\"itemListElement\":[{\"@type\":\"ListItem\",\"position\":1,\"name\":\"Inicio\",\"item\":\"https:\/\/www.simasa.com\/de\/\"},{\"@type\":\"ListItem\",\"position\":2,\"name\":\"Katalog\",\"item\":\"https:\/\/www.simasa.com\/de\/katalog\/\"},{\"@type\":\"ListItem\",\"position\":3,\"name\":\"DAKAR 400 MEKANO\"}]},{\"@type\":\"WebSite\",\"@id\":\"https:\/\/www.simasa.com\/de\/#website\",\"url\":\"https:\/\/www.simasa.com\/de\/\",\"name\":\"Sima\",\"description\":\"Fabricantes de maquinaria para la construcci\u00f3n\",\"publisher\":{\"@id\":\"https:\/\/www.simasa.com\/de\/#organization\"},\"potentialAction\":[{\"@type\":\"SearchAction\",\"target\":{\"@type\":\"EntryPoint\",\"urlTemplate\":\"https:\/\/www.simasa.com\/de\/?s={search_term_string}\"},\"query-input\":{\"@type\":\"PropertyValueSpecification\",\"valueRequired\":true,\"valueName\":\"search_term_string\"}}],\"inLanguage\":\"de\"},{\"@type\":\"Organization\",\"@id\":\"https:\/\/www.simasa.com\/de\/#organization\",\"name\":\"Sima\",\"url\":\"https:\/\/www.simasa.com\/de\/\",\"logo\":{\"@type\":\"ImageObject\",\"inLanguage\":\"de\",\"@id\":\"https:\/\/www.simasa.com\/de\/#\/schema\/logo\/image\/\",\"url\":\"https:\/\/www.simasa.com\/wp-content\/uploads\/2016\/03\/logo-1.jpg\",\"contentUrl\":\"https:\/\/www.simasa.com\/wp-content\/uploads\/2016\/03\/logo-1.jpg\",\"width\":121,\"height\":54,\"caption\":\"Sima\"},\"image\":{\"@id\":\"https:\/\/www.simasa.com\/de\/#\/schema\/logo\/image\/\"}}]}<\/script>\n<!-- \/ Yoast SEO plugin. -->","yoast_head_json":{"title":"Cortadora de Materiales - DAKAR 400 MEKANO | Sima","description":"DAKAR 400 MEKANO. Die DAKAR Mekano 400 ist eine robuste, einfach zu handhabende und optimierte Maschine, um ausgezeichnete Arbeitsleistung zu erzielen mit einem sehr wettbewerbsf\u00e4higen Preis.","robots":{"index":"noindex","follow":"follow"},"og_locale":"de_DE","og_type":"article","og_title":"Cortadora de Materiales - DAKAR 400 MEKANO | Sima","og_description":"DAKAR 400 MEKANO. Die DAKAR Mekano 400 ist eine robuste, einfach zu handhabende und optimierte Maschine, um ausgezeichnete Arbeitsleistung zu erzielen mit einem sehr wettbewerbsf\u00e4higen Preis.","og_url":"https:\/\/www.simasa.com\/de\/producto\/dakar-400-mekano\/","og_site_name":"Sima","article_modified_time":"2017-12-25T17:26:23+00:00","og_image":[{"width":850,"height":850,"url":"https:\/\/www.simasa.com\/wp-content\/uploads\/2017\/05\/Dakar-400.jpg","type":"image\/jpeg"}],"twitter_card":"summary_large_image","twitter_misc":{"Gesch\u00e4tzte Lesezeit":"1\u00a0Minute"},"schema":{"@context":"https:\/\/schema.org","@graph":[{"@type":"WebPage","@id":"https:\/\/www.simasa.com\/de\/producto\/dakar-400-mekano\/","url":"https:\/\/www.simasa.com\/de\/producto\/dakar-400-mekano\/","name":"Cortadora de Materiales - DAKAR 400 MEKANO | Sima","isPartOf":{"@id":"https:\/\/www.simasa.com\/de\/#website"},"primaryImageOfPage":{"@id":"https:\/\/www.simasa.com\/de\/producto\/dakar-400-mekano\/#primaryimage"},"image":{"@id":"https:\/\/www.simasa.com\/de\/producto\/dakar-400-mekano\/#primaryimage"},"thumbnailUrl":"https:\/\/www.simasa.com\/wp-content\/uploads\/2017\/05\/Dakar-400.jpg","datePublished":"2017-05-25T16:26:33+00:00","dateModified":"2017-12-25T17:26:23+00:00","description":"DAKAR 400 MEKANO. Die DAKAR Mekano 400 ist eine robuste, einfach zu handhabende und optimierte Maschine, um ausgezeichnete Arbeitsleistung zu erzielen mit einem sehr wettbewerbsf\u00e4higen Preis.","breadcrumb":{"@id":"https:\/\/www.simasa.com\/de\/producto\/dakar-400-mekano\/#breadcrumb"},"inLanguage":"de","potentialAction":[{"@type":"ReadAction","target":["https:\/\/www.simasa.com\/de\/producto\/dakar-400-mekano\/"]}]},{"@type":"ImageObject","inLanguage":"de","@id":"https:\/\/www.simasa.com\/de\/producto\/dakar-400-mekano\/#primaryimage","url":"https:\/\/www.simasa.com\/wp-content\/uploads\/2017\/05\/Dakar-400.jpg","contentUrl":"https:\/\/www.simasa.com\/wp-content\/uploads\/2017\/05\/Dakar-400.jpg","width":850,"height":850},{"@type":"BreadcrumbList","@id":"https:\/\/www.simasa.com\/de\/producto\/dakar-400-mekano\/#breadcrumb","itemListElement":[{"@type":"ListItem","position":1,"name":"Inicio","item":"https:\/\/www.simasa.com\/de\/"},{"@type":"ListItem","position":2,"name":"Katalog","item":"https:\/\/www.simasa.com\/de\/katalog\/"},{"@type":"ListItem","position":3,"name":"DAKAR 400 MEKANO"}]},{"@type":"WebSite","@id":"https:\/\/www.simasa.com\/de\/#website","url":"https:\/\/www.simasa.com\/de\/","name":"Sima","description":"Fabricantes de maquinaria para la construcci\u00f3n","publisher":{"@id":"https:\/\/www.simasa.com\/de\/#organization"},"potentialAction":[{"@type":"SearchAction","target":{"@type":"EntryPoint","urlTemplate":"https:\/\/www.simasa.com\/de\/?s={search_term_string}"},"query-input":{"@type":"PropertyValueSpecification","valueRequired":true,"valueName":"search_term_string"}}],"inLanguage":"de"},{"@type":"Organization","@id":"https:\/\/www.simasa.com\/de\/#organization","name":"Sima","url":"https:\/\/www.simasa.com\/de\/","logo":{"@type":"ImageObject","inLanguage":"de","@id":"https:\/\/www.simasa.com\/de\/#\/schema\/logo\/image\/","url":"https:\/\/www.simasa.com\/wp-content\/uploads\/2016\/03\/logo-1.jpg","contentUrl":"https:\/\/www.simasa.com\/wp-content\/uploads\/2016\/03\/logo-1.jpg","width":121,"height":54,"caption":"Sima"},"image":{"@id":"https:\/\/www.simasa.com\/de\/#\/schema\/logo\/image\/"}}]}},"_links":{"self":[{"href":"https:\/\/www.simasa.com\/de\/wp-json\/wp\/v2\/product\/5508","targetHints":{"allow":["GET"]}}],"collection":[{"href":"https:\/\/www.simasa.com\/de\/wp-json\/wp\/v2\/product"}],"about":[{"href":"https:\/\/www.simasa.com\/de\/wp-json\/wp\/v2\/types\/product"}],"replies":[{"embeddable":true,"href":"https:\/\/www.simasa.com\/de\/wp-json\/wp\/v2\/comments?post=5508"}],"wp:featuredmedia":[{"embeddable":true,"href":"https:\/\/www.simasa.com\/de\/wp-json\/wp\/v2\/media\/5522"}],"wp:attachment":[{"href":"https:\/\/www.simasa.com\/de\/wp-json\/wp\/v2\/media?parent=5508"}],"wp:term":[{"taxonomy":"product_brand","embeddable":true,"href":"https:\/\/www.simasa.com\/de\/wp-json\/wp\/v2\/product_brand?post=5508"},{"taxonomy":"product_cat","embeddable":true,"href":"https:\/\/www.simasa.com\/de\/wp-json\/wp\/v2\/product_cat?post=5508"},{"taxonomy":"product_tag","embeddable":true,"href":"https:\/\/www.simasa.com\/de\/wp-json\/wp\/v2\/product_tag?post=5508"}],"curies":[{"name":"wp","href":"https:\/\/api.w.org\/{rel}","templated":true}]}}