{"id":1806,"date":"2016-05-03T06:39:52","date_gmt":"2016-05-03T06:39:52","guid":{"rendered":"https:\/\/www.simasa.com\/de\/product\/combi-36-52-230-400v-60hz-t\/"},"modified":"2017-12-24T17:01:39","modified_gmt":"2017-12-24T17:01:39","slug":"combi-36-52","status":"publish","type":"product","link":"https:\/\/www.simasa.com\/de\/producto\/combi-36-52\/","title":{"rendered":"COMBI 36-52"},"content":{"rendered":"<p>&nbsp;<\/p>\n<p>Besonders gut geeignet f\u00fcr den <strong>Aufbau von Strukturen mit Bewehrungsstahl<\/strong> mit einem Durchmesser bis zu3 6 mm (schneiden) und 52 mm (biegen). Eine multifunktionelle Maschine, die erlaubt B\u00fcgelbiegungen und <strong>Spiralen<\/strong> mit dem entsprechenden Biegevorrichtungen auszuf\u00fchren.<\/p>\n<p>Die <strong>COMBI<\/strong>-Serie stellt eine ideale L\u00f6sung f\u00fcr den Betonstahl- Experten dar. Damit dieser mit v\u00f6lliger <strong>Selbstst\u00e4ndigkeit und mit niedrigen Kosten<\/strong> arbeiten kann. (Die Kosten f\u00fcr Inversionen in verschiedenen Maschinen f\u00fcr spezielle Bed\u00fcrfnisse werden damit beseitigt.)<\/p>\n<p>Ausserdem, erm\u00f6glicht mit einer einzigen Maschine verschiedene Operationen mit Betonstahl durchzuf\u00fchren.<\/p>\n<p>Die kompletteste Maschine.<\/p>\n<ul>\n<li>Die <strong>COMBI<\/strong>-Maschinen erzielen <strong>die gleiche Arbeitleistung und Biegekapazit\u00e4t wie die DEL-Maschinen<\/strong>.<\/li>\n<li>Verf\u00fcgen \u00fcber die gleichen Sicherheitsmassnahmen und Schutzvorrichtungen wie die DEL-Maschinen. Die benutzten elektrischen Mechanismen sind aus der erstklassige und globalen Marke Schneider-Telemecanique.<\/li>\n<li>Verf\u00fcgen \u00fcber eine <strong>Schutzvorrichtung f\u00fcr die Schneideklingen<\/strong>, die nur mit dem Pedal bet\u00e4tigt werden k\u00f6nnen, falls die Schutzvorrichtung nicht aufgesetzt ist.<\/li>\n<li><strong>Einfache und kosteng\u00fcnstige Instandhaltung<\/strong> durch den Anwender leicht auszuf\u00fchren. Man sch\u00e4tzt eine Wartungszeit unter 15 min\/ woche, einschliesslich die Reinigung der Maschine und des Arbeitsbereichs.<\/li>\n<li>Das Maschinenmodell <strong>COMBI 25\/32 mit Wechselstrom- Elektromotor von 220V<\/strong> erlaubt die 4 Grundfunktionen f\u00fcr das Verarbeiten von Betonstahl ohne Drehstrom oder Stromgenerator zu benutzen. Das Wechselrichtugssystem stabilisiert den Energiezufluss und steigert damit die Lebensdauer des Motors. Die Maschinen <strong>COMBI 25\/32 und COMBI 30\/36<\/strong> , bieten (optional) einen Motor mit zwei Geschwindigkeiten an: Normal und schnell.<\/li>\n<\/ul>\n<p>&nbsp;<\/p>\n<p><img loading=\"lazy\" decoding=\"async\" class=\"alignnone wp-image-7902 size-full\" src=\"https:\/\/www.simasa.com\/wp-content\/uploads\/2017\/12\/vier-in-einer.jpg\" alt=\"\" width=\"1181\" height=\"693\" srcset=\"https:\/\/www.simasa.com\/wp-content\/uploads\/2017\/12\/vier-in-einer.jpg 1181w, https:\/\/www.simasa.com\/wp-content\/uploads\/2017\/12\/vier-in-einer-416x244.jpg 416w\" sizes=\"auto, (max-width: 1181px) 100vw, 1181px\" \/><\/p>\n<p><img loading=\"lazy\" decoding=\"async\" class=\"alignnone wp-image-7906 size-full\" src=\"https:\/\/www.simasa.com\/wp-content\/uploads\/2017\/12\/vorteile-combi-maschinen.jpg\" alt=\"\" width=\"1121\" height=\"496\" srcset=\"https:\/\/www.simasa.com\/wp-content\/uploads\/2017\/12\/vorteile-combi-maschinen.jpg 1121w, https:\/\/www.simasa.com\/wp-content\/uploads\/2017\/12\/vorteile-combi-maschinen-416x184.jpg 416w\" sizes=\"auto, (max-width: 1121px) 100vw, 1121px\" \/><\/p>\n<p>&nbsp;<\/p>\n<p><img loading=\"lazy\" decoding=\"async\" class=\"alignnone wp-image-7874 size-full\" src=\"https:\/\/www.simasa.com\/wp-content\/uploads\/2017\/12\/tabla-de.jpg\" alt=\"\" width=\"1125\" height=\"574\" srcset=\"https:\/\/www.simasa.com\/wp-content\/uploads\/2017\/12\/tabla-de.jpg 1125w, https:\/\/www.simasa.com\/wp-content\/uploads\/2017\/12\/tabla-de-416x212.jpg 416w\" sizes=\"auto, (max-width: 1125px) 100vw, 1125px\" \/><\/p>\n<p>&nbsp;<\/p>\n<p><img loading=\"lazy\" decoding=\"async\" class=\"alignnone wp-image-7886 size-full\" src=\"https:\/\/www.simasa.com\/wp-content\/uploads\/2017\/12\/tabla2-de-1.jpg\" alt=\"\" width=\"1124\" height=\"319\" srcset=\"https:\/\/www.simasa.com\/wp-content\/uploads\/2017\/12\/tabla2-de-1.jpg 1124w, https:\/\/www.simasa.com\/wp-content\/uploads\/2017\/12\/tabla2-de-1-416x118.jpg 416w\" sizes=\"auto, (max-width: 1124px) 100vw, 1124px\" \/><\/p>\n<p>&nbsp;<\/p>\n<p><iframe loading=\"lazy\" src=\"https:\/\/www.youtube.com\/embed\/Bs1Dgoxypvk\" width=\"945\" height=\"540\" frameborder=\"0\" allowfullscreen=\"allowfullscreen\" data-mce-fragment=\"1\"><\/iframe><\/p>\n","protected":false},"excerpt":{"rendered":"<p><strong>COMBI 36-52<\/strong> sind besonders gut geeignet<strong> f\u00fcr den Aufbau von Strukturen mit Bewehrungsstahl<\/strong> mit einem Durchmesser bis zu3 6 mm (schneiden) und 52 mm (biegen). Eine multifunktionelle Maschine, die erlaubt <strong>B\u00fcgelbiegungen und Spiralen<\/strong> mit dem entsprechenden Biegevorrichtungen auszuf\u00fchren.<\/p>\n<p>&nbsp;<\/p>\n","protected":false},"featured_media":6187,"comment_status":"open","ping_status":"closed","template":"","meta":{"_acf_changed":false},"product_brand":[],"product_cat":[1781],"product_tag":[],"class_list":{"0":"post-1806","1":"product","2":"type-product","3":"status-publish","4":"has-post-thumbnail","6":"product_cat-betonstahl-biege-und-schneidemaschinen","7":"pa_max-bending-3833","8":"pa_max-cutting-3863","9":"pa_power-electric-de","11":"first","12":"instock","13":"shipping-taxable","14":"product-type-simple"},"acf":[],"yoast_head":"<!-- This site is optimized with the Yoast SEO plugin v27.2 - https:\/\/yoast.com\/product\/yoast-seo-wordpress\/ -->\n<title>- COMBI 36-52 | Sima<\/title>\n<meta name=\"description\" content=\"COMBI 36-52. COMBI 36-52 sind besonders gut geeignet f\u00fcr den Aufbau von Strukturen mit Bewehrungsstahl mit einem Durchmesser bis zu3 6 mm (schneiden) und 52 mm (biegen). Eine multifunktionelle Maschine, die erlaubt B\u00fcgelbiegungen und Spiralen mit dem entsprechenden Biegevorrichtungen auszuf\u00fchren.  &nbsp;\" \/>\n<meta name=\"robots\" content=\"noindex, follow\" \/>\n<meta property=\"og:locale\" content=\"de_DE\" \/>\n<meta property=\"og:type\" content=\"article\" \/>\n<meta property=\"og:title\" content=\"- COMBI 36-52 | Sima\" \/>\n<meta property=\"og:description\" content=\"COMBI 36-52. COMBI 36-52 sind besonders gut geeignet f\u00fcr den Aufbau von Strukturen mit Bewehrungsstahl mit einem Durchmesser bis zu3 6 mm (schneiden) und 52 mm (biegen). Eine multifunktionelle Maschine, die erlaubt B\u00fcgelbiegungen und Spiralen mit dem entsprechenden Biegevorrichtungen auszuf\u00fchren.  &nbsp;\" \/>\n<meta property=\"og:url\" content=\"https:\/\/www.simasa.com\/de\/producto\/combi-36-52\/\" \/>\n<meta property=\"og:site_name\" content=\"Sima\" \/>\n<meta property=\"article:modified_time\" content=\"2017-12-24T17:01:39+00:00\" \/>\n<meta property=\"og:image\" content=\"https:\/\/www.simasa.com\/wp-content\/uploads\/2016\/05\/combi-36-52.jpg\" \/>\n\t<meta property=\"og:image:width\" content=\"800\" \/>\n\t<meta property=\"og:image:height\" content=\"800\" \/>\n\t<meta property=\"og:image:type\" content=\"image\/jpeg\" \/>\n<meta name=\"twitter:card\" content=\"summary_large_image\" \/>\n<meta name=\"twitter:label1\" content=\"Gesch\u00e4tzte Lesezeit\" \/>\n\t<meta name=\"twitter:data1\" content=\"1\u00a0Minute\" \/>\n<script type=\"application\/ld+json\" class=\"yoast-schema-graph\">{\"@context\":\"https:\/\/schema.org\",\"@graph\":[{\"@type\":\"WebPage\",\"@id\":\"https:\/\/www.simasa.com\/de\/producto\/combi-36-52\/\",\"url\":\"https:\/\/www.simasa.com\/de\/producto\/combi-36-52\/\",\"name\":\"- COMBI 36-52 | Sima\",\"isPartOf\":{\"@id\":\"https:\/\/www.simasa.com\/de\/#website\"},\"primaryImageOfPage\":{\"@id\":\"https:\/\/www.simasa.com\/de\/producto\/combi-36-52\/#primaryimage\"},\"image\":{\"@id\":\"https:\/\/www.simasa.com\/de\/producto\/combi-36-52\/#primaryimage\"},\"thumbnailUrl\":\"https:\/\/www.simasa.com\/wp-content\/uploads\/2016\/05\/combi-36-52.jpg\",\"datePublished\":\"2016-05-03T06:39:52+00:00\",\"dateModified\":\"2017-12-24T17:01:39+00:00\",\"description\":\"COMBI 36-52. COMBI 36-52 sind besonders gut geeignet f\u00fcr den Aufbau von Strukturen mit Bewehrungsstahl mit einem Durchmesser bis zu3 6 mm (schneiden) und 52 mm (biegen). Eine multifunktionelle Maschine, die erlaubt B\u00fcgelbiegungen und Spiralen mit dem entsprechenden Biegevorrichtungen auszuf\u00fchren. &nbsp;\",\"breadcrumb\":{\"@id\":\"https:\/\/www.simasa.com\/de\/producto\/combi-36-52\/#breadcrumb\"},\"inLanguage\":\"de\",\"potentialAction\":[{\"@type\":\"ReadAction\",\"target\":[\"https:\/\/www.simasa.com\/de\/producto\/combi-36-52\/\"]}]},{\"@type\":\"ImageObject\",\"inLanguage\":\"de\",\"@id\":\"https:\/\/www.simasa.com\/de\/producto\/combi-36-52\/#primaryimage\",\"url\":\"https:\/\/www.simasa.com\/wp-content\/uploads\/2016\/05\/combi-36-52.jpg\",\"contentUrl\":\"https:\/\/www.simasa.com\/wp-content\/uploads\/2016\/05\/combi-36-52.jpg\",\"width\":800,\"height\":800},{\"@type\":\"BreadcrumbList\",\"@id\":\"https:\/\/www.simasa.com\/de\/producto\/combi-36-52\/#breadcrumb\",\"itemListElement\":[{\"@type\":\"ListItem\",\"position\":1,\"name\":\"Inicio\",\"item\":\"https:\/\/www.simasa.com\/de\/\"},{\"@type\":\"ListItem\",\"position\":2,\"name\":\"Katalog\",\"item\":\"https:\/\/www.simasa.com\/de\/katalog\/\"},{\"@type\":\"ListItem\",\"position\":3,\"name\":\"COMBI 36-52\"}]},{\"@type\":\"WebSite\",\"@id\":\"https:\/\/www.simasa.com\/de\/#website\",\"url\":\"https:\/\/www.simasa.com\/de\/\",\"name\":\"Sima\",\"description\":\"Fabricantes de maquinaria para la construcci\u00f3n\",\"publisher\":{\"@id\":\"https:\/\/www.simasa.com\/de\/#organization\"},\"potentialAction\":[{\"@type\":\"SearchAction\",\"target\":{\"@type\":\"EntryPoint\",\"urlTemplate\":\"https:\/\/www.simasa.com\/de\/?s={search_term_string}\"},\"query-input\":{\"@type\":\"PropertyValueSpecification\",\"valueRequired\":true,\"valueName\":\"search_term_string\"}}],\"inLanguage\":\"de\"},{\"@type\":\"Organization\",\"@id\":\"https:\/\/www.simasa.com\/de\/#organization\",\"name\":\"Sima\",\"url\":\"https:\/\/www.simasa.com\/de\/\",\"logo\":{\"@type\":\"ImageObject\",\"inLanguage\":\"de\",\"@id\":\"https:\/\/www.simasa.com\/de\/#\/schema\/logo\/image\/\",\"url\":\"https:\/\/www.simasa.com\/wp-content\/uploads\/2016\/03\/logo-1.jpg\",\"contentUrl\":\"https:\/\/www.simasa.com\/wp-content\/uploads\/2016\/03\/logo-1.jpg\",\"width\":121,\"height\":54,\"caption\":\"Sima\"},\"image\":{\"@id\":\"https:\/\/www.simasa.com\/de\/#\/schema\/logo\/image\/\"}}]}<\/script>\n<!-- \/ Yoast SEO plugin. -->","yoast_head_json":{"title":"- COMBI 36-52 | Sima","description":"COMBI 36-52. COMBI 36-52 sind besonders gut geeignet f\u00fcr den Aufbau von Strukturen mit Bewehrungsstahl mit einem Durchmesser bis zu3 6 mm (schneiden) und 52 mm (biegen). Eine multifunktionelle Maschine, die erlaubt B\u00fcgelbiegungen und Spiralen mit dem entsprechenden Biegevorrichtungen auszuf\u00fchren.  &nbsp;","robots":{"index":"noindex","follow":"follow"},"og_locale":"de_DE","og_type":"article","og_title":"- COMBI 36-52 | Sima","og_description":"COMBI 36-52. COMBI 36-52 sind besonders gut geeignet f\u00fcr den Aufbau von Strukturen mit Bewehrungsstahl mit einem Durchmesser bis zu3 6 mm (schneiden) und 52 mm (biegen). Eine multifunktionelle Maschine, die erlaubt B\u00fcgelbiegungen und Spiralen mit dem entsprechenden Biegevorrichtungen auszuf\u00fchren.  &nbsp;","og_url":"https:\/\/www.simasa.com\/de\/producto\/combi-36-52\/","og_site_name":"Sima","article_modified_time":"2017-12-24T17:01:39+00:00","og_image":[{"width":800,"height":800,"url":"https:\/\/www.simasa.com\/wp-content\/uploads\/2016\/05\/combi-36-52.jpg","type":"image\/jpeg"}],"twitter_card":"summary_large_image","twitter_misc":{"Gesch\u00e4tzte Lesezeit":"1\u00a0Minute"},"schema":{"@context":"https:\/\/schema.org","@graph":[{"@type":"WebPage","@id":"https:\/\/www.simasa.com\/de\/producto\/combi-36-52\/","url":"https:\/\/www.simasa.com\/de\/producto\/combi-36-52\/","name":"- COMBI 36-52 | Sima","isPartOf":{"@id":"https:\/\/www.simasa.com\/de\/#website"},"primaryImageOfPage":{"@id":"https:\/\/www.simasa.com\/de\/producto\/combi-36-52\/#primaryimage"},"image":{"@id":"https:\/\/www.simasa.com\/de\/producto\/combi-36-52\/#primaryimage"},"thumbnailUrl":"https:\/\/www.simasa.com\/wp-content\/uploads\/2016\/05\/combi-36-52.jpg","datePublished":"2016-05-03T06:39:52+00:00","dateModified":"2017-12-24T17:01:39+00:00","description":"COMBI 36-52. COMBI 36-52 sind besonders gut geeignet f\u00fcr den Aufbau von Strukturen mit Bewehrungsstahl mit einem Durchmesser bis zu3 6 mm (schneiden) und 52 mm (biegen). Eine multifunktionelle Maschine, die erlaubt B\u00fcgelbiegungen und Spiralen mit dem entsprechenden Biegevorrichtungen auszuf\u00fchren. &nbsp;","breadcrumb":{"@id":"https:\/\/www.simasa.com\/de\/producto\/combi-36-52\/#breadcrumb"},"inLanguage":"de","potentialAction":[{"@type":"ReadAction","target":["https:\/\/www.simasa.com\/de\/producto\/combi-36-52\/"]}]},{"@type":"ImageObject","inLanguage":"de","@id":"https:\/\/www.simasa.com\/de\/producto\/combi-36-52\/#primaryimage","url":"https:\/\/www.simasa.com\/wp-content\/uploads\/2016\/05\/combi-36-52.jpg","contentUrl":"https:\/\/www.simasa.com\/wp-content\/uploads\/2016\/05\/combi-36-52.jpg","width":800,"height":800},{"@type":"BreadcrumbList","@id":"https:\/\/www.simasa.com\/de\/producto\/combi-36-52\/#breadcrumb","itemListElement":[{"@type":"ListItem","position":1,"name":"Inicio","item":"https:\/\/www.simasa.com\/de\/"},{"@type":"ListItem","position":2,"name":"Katalog","item":"https:\/\/www.simasa.com\/de\/katalog\/"},{"@type":"ListItem","position":3,"name":"COMBI 36-52"}]},{"@type":"WebSite","@id":"https:\/\/www.simasa.com\/de\/#website","url":"https:\/\/www.simasa.com\/de\/","name":"Sima","description":"Fabricantes de maquinaria para la construcci\u00f3n","publisher":{"@id":"https:\/\/www.simasa.com\/de\/#organization"},"potentialAction":[{"@type":"SearchAction","target":{"@type":"EntryPoint","urlTemplate":"https:\/\/www.simasa.com\/de\/?s={search_term_string}"},"query-input":{"@type":"PropertyValueSpecification","valueRequired":true,"valueName":"search_term_string"}}],"inLanguage":"de"},{"@type":"Organization","@id":"https:\/\/www.simasa.com\/de\/#organization","name":"Sima","url":"https:\/\/www.simasa.com\/de\/","logo":{"@type":"ImageObject","inLanguage":"de","@id":"https:\/\/www.simasa.com\/de\/#\/schema\/logo\/image\/","url":"https:\/\/www.simasa.com\/wp-content\/uploads\/2016\/03\/logo-1.jpg","contentUrl":"https:\/\/www.simasa.com\/wp-content\/uploads\/2016\/03\/logo-1.jpg","width":121,"height":54,"caption":"Sima"},"image":{"@id":"https:\/\/www.simasa.com\/de\/#\/schema\/logo\/image\/"}}]}},"_links":{"self":[{"href":"https:\/\/www.simasa.com\/de\/wp-json\/wp\/v2\/product\/1806","targetHints":{"allow":["GET"]}}],"collection":[{"href":"https:\/\/www.simasa.com\/de\/wp-json\/wp\/v2\/product"}],"about":[{"href":"https:\/\/www.simasa.com\/de\/wp-json\/wp\/v2\/types\/product"}],"replies":[{"embeddable":true,"href":"https:\/\/www.simasa.com\/de\/wp-json\/wp\/v2\/comments?post=1806"}],"wp:featuredmedia":[{"embeddable":true,"href":"https:\/\/www.simasa.com\/de\/wp-json\/wp\/v2\/media\/6187"}],"wp:attachment":[{"href":"https:\/\/www.simasa.com\/de\/wp-json\/wp\/v2\/media?parent=1806"}],"wp:term":[{"taxonomy":"product_brand","embeddable":true,"href":"https:\/\/www.simasa.com\/de\/wp-json\/wp\/v2\/product_brand?post=1806"},{"taxonomy":"product_cat","embeddable":true,"href":"https:\/\/www.simasa.com\/de\/wp-json\/wp\/v2\/product_cat?post=1806"},{"taxonomy":"product_tag","embeddable":true,"href":"https:\/\/www.simasa.com\/de\/wp-json\/wp\/v2\/product_tag?post=1806"}],"curies":[{"name":"wp","href":"https:\/\/api.w.org\/{rel}","templated":true}]}}