{"id":1651,"date":"2016-04-28T08:32:01","date_gmt":"2016-04-28T08:32:01","guid":{"rendered":"https:\/\/www.simasa.com\/de\/product\/aspirador-polvo-liquido-b50-i\/"},"modified":"2017-12-26T11:49:42","modified_gmt":"2017-12-26T11:49:42","slug":"b50-i","status":"publish","type":"product","link":"https:\/\/www.simasa.com\/de\/producto\/b50-i\/","title":{"rendered":"B50 I"},"content":{"rendered":"<p>&nbsp;<\/p>\n<p>In der Baubranche haben Staub- und Nasssauger mehrere\u00a0Anwendungen, indem sie:<\/p>\n<ul>\n<li><em> Bodenfr\u00e4smaschinen,<\/em><\/li>\n<li><em>Wands\u00e4gen,<\/em><\/li>\n<li><em>Winkelschleifer,<\/em><\/li>\n<li><em>Kernbohrger\u00e4te und Tischkreiss\u00e4gen bei der\u00a0Arbeit begleiten.<\/em><\/li>\n<\/ul>\n<p>Die strengen Vorschriften gegen die Umweltverschmutzung und\u00a0zum Schutz der Betreiber, machen diese Staub- und Nasssauger\u00a0zu einem <strong>unverzichtbaren Arbeitswerkzeug<\/strong>.\u00a0Mit verschiedenen Zubeh\u00f6r f\u00fcr jeden Bedarf ausgestattet (im\u00a0Leiferumfang enthalten). Tank aus Edelstahl.<\/p>\n<p>Verf\u00fcgt \u00fcber ein By-Pass System, um zu <strong>verhindern dass die\u00a0Fl\u00fcssigkeit von den Motoren absorbiert wird<\/strong>. Ist einmal den\u00a0maximalen Fl\u00fcssigkeitstand \u00fcberschritten, begintnt das System\u00a0es auszupumpen.<\/p>\n<p>Mit 3 unabh\u00e4ngige Motoren von 1000W, die individuell\u00a0funktioneren k\u00f6nnen, damit der Benutzer mit der geeigneteste\u00a0Leistung arbeiten kann.<\/p>\n<p><img loading=\"lazy\" decoding=\"async\" class=\"aligncenter wp-image-8318 size-full\" src=\"https:\/\/www.simasa.com\/wp-content\/uploads\/2017\/12\/c50-ib-de.jpg\" alt=\"\" width=\"565\" height=\"593\" srcset=\"https:\/\/www.simasa.com\/wp-content\/uploads\/2017\/12\/c50-ib-de.jpg 565w, https:\/\/www.simasa.com\/wp-content\/uploads\/2017\/12\/c50-ib-de-416x437.jpg 416w\" sizes=\"auto, (max-width: 565px) 100vw, 565px\" \/><\/p>\n<p><iframe loading=\"lazy\" src=\"https:\/\/www.youtube.com\/embed\/Fn7O2W43Hrg\" width=\"700\" height=\"394\" frameborder=\"0\" allowfullscreen=\"allowfullscreen\"><\/iframe><\/p>\n","protected":false},"excerpt":{"rendered":"<p>In der Baubranche haben Staub- und Nasssauger mehrere Anwendungen,\u00a0indem sie Bodenfr\u00e4smaschinen, Wands\u00e4gen, Winkelschleifer, Kernbohrger\u00e4te\u00a0und Tischkreiss\u00e4gen bei der Arbeit begleiten.<\/p>\n<p>&nbsp;<\/p>\n<p>&nbsp;<\/p>\n","protected":false},"featured_media":6870,"comment_status":"open","ping_status":"closed","template":"","meta":{"_acf_changed":false},"product_brand":[],"product_cat":[1785],"product_tag":[],"class_list":{"0":"post-1651","1":"product","2":"type-product","3":"status-publish","4":"has-post-thumbnail","6":"product_cat-staub-und-nasssauger","7":"pa_power-electric-de","9":"first","10":"instock","11":"shipping-taxable","12":"product-type-simple"},"acf":[],"yoast_head":"<!-- This site is optimized with the Yoast SEO plugin v27.2 - https:\/\/yoast.com\/product\/yoast-seo-wordpress\/ -->\n<title>- B50 I | Sima<\/title>\n<meta name=\"description\" content=\"B50 I. In der Baubranche haben Staub- und Nasssauger mehrere Anwendungen,\u00a0indem sie Bodenfr\u00e4smaschinen, Wands\u00e4gen, Winkelschleifer, Kernbohrger\u00e4te\u00a0und Tischkreiss\u00e4gen bei der Arbeit begleiten.  &nbsp;  &nbsp;\" \/>\n<meta name=\"robots\" content=\"noindex, follow\" \/>\n<meta property=\"og:locale\" content=\"de_DE\" \/>\n<meta property=\"og:type\" content=\"article\" \/>\n<meta property=\"og:title\" content=\"- B50 I | Sima\" \/>\n<meta property=\"og:description\" content=\"B50 I. In der Baubranche haben Staub- und Nasssauger mehrere Anwendungen,\u00a0indem sie Bodenfr\u00e4smaschinen, Wands\u00e4gen, Winkelschleifer, Kernbohrger\u00e4te\u00a0und Tischkreiss\u00e4gen bei der Arbeit begleiten.  &nbsp;  &nbsp;\" \/>\n<meta property=\"og:url\" content=\"https:\/\/www.simasa.com\/de\/producto\/b50-i\/\" \/>\n<meta property=\"og:site_name\" content=\"Sima\" \/>\n<meta property=\"article:modified_time\" content=\"2017-12-26T11:49:42+00:00\" \/>\n<meta property=\"og:image\" content=\"https:\/\/www.simasa.com\/wp-content\/uploads\/2016\/04\/aspirador.jpg\" \/>\n\t<meta property=\"og:image:width\" content=\"800\" \/>\n\t<meta property=\"og:image:height\" content=\"800\" \/>\n\t<meta property=\"og:image:type\" content=\"image\/jpeg\" \/>\n<meta name=\"twitter:card\" content=\"summary_large_image\" \/>\n<meta name=\"twitter:label1\" content=\"Gesch\u00e4tzte Lesezeit\" \/>\n\t<meta name=\"twitter:data1\" content=\"1\u00a0Minute\" \/>\n<script type=\"application\/ld+json\" class=\"yoast-schema-graph\">{\"@context\":\"https:\/\/schema.org\",\"@graph\":[{\"@type\":\"WebPage\",\"@id\":\"https:\/\/www.simasa.com\/de\/producto\/b50-i\/\",\"url\":\"https:\/\/www.simasa.com\/de\/producto\/b50-i\/\",\"name\":\"- B50 I | Sima\",\"isPartOf\":{\"@id\":\"https:\/\/www.simasa.com\/de\/#website\"},\"primaryImageOfPage\":{\"@id\":\"https:\/\/www.simasa.com\/de\/producto\/b50-i\/#primaryimage\"},\"image\":{\"@id\":\"https:\/\/www.simasa.com\/de\/producto\/b50-i\/#primaryimage\"},\"thumbnailUrl\":\"https:\/\/www.simasa.com\/wp-content\/uploads\/2016\/04\/aspirador.jpg\",\"datePublished\":\"2016-04-28T08:32:01+00:00\",\"dateModified\":\"2017-12-26T11:49:42+00:00\",\"description\":\"B50 I. In der Baubranche haben Staub- und Nasssauger mehrere Anwendungen,\u00a0indem sie Bodenfr\u00e4smaschinen, Wands\u00e4gen, Winkelschleifer, Kernbohrger\u00e4te\u00a0und Tischkreiss\u00e4gen bei der Arbeit begleiten. &nbsp; &nbsp;\",\"breadcrumb\":{\"@id\":\"https:\/\/www.simasa.com\/de\/producto\/b50-i\/#breadcrumb\"},\"inLanguage\":\"de\",\"potentialAction\":[{\"@type\":\"ReadAction\",\"target\":[\"https:\/\/www.simasa.com\/de\/producto\/b50-i\/\"]}]},{\"@type\":\"ImageObject\",\"inLanguage\":\"de\",\"@id\":\"https:\/\/www.simasa.com\/de\/producto\/b50-i\/#primaryimage\",\"url\":\"https:\/\/www.simasa.com\/wp-content\/uploads\/2016\/04\/aspirador.jpg\",\"contentUrl\":\"https:\/\/www.simasa.com\/wp-content\/uploads\/2016\/04\/aspirador.jpg\",\"width\":800,\"height\":800},{\"@type\":\"BreadcrumbList\",\"@id\":\"https:\/\/www.simasa.com\/de\/producto\/b50-i\/#breadcrumb\",\"itemListElement\":[{\"@type\":\"ListItem\",\"position\":1,\"name\":\"Inicio\",\"item\":\"https:\/\/www.simasa.com\/de\/\"},{\"@type\":\"ListItem\",\"position\":2,\"name\":\"Katalog\",\"item\":\"https:\/\/www.simasa.com\/de\/katalog\/\"},{\"@type\":\"ListItem\",\"position\":3,\"name\":\"B50 I\"}]},{\"@type\":\"WebSite\",\"@id\":\"https:\/\/www.simasa.com\/de\/#website\",\"url\":\"https:\/\/www.simasa.com\/de\/\",\"name\":\"Sima\",\"description\":\"Fabricantes de maquinaria para la construcci\u00f3n\",\"publisher\":{\"@id\":\"https:\/\/www.simasa.com\/de\/#organization\"},\"potentialAction\":[{\"@type\":\"SearchAction\",\"target\":{\"@type\":\"EntryPoint\",\"urlTemplate\":\"https:\/\/www.simasa.com\/de\/?s={search_term_string}\"},\"query-input\":{\"@type\":\"PropertyValueSpecification\",\"valueRequired\":true,\"valueName\":\"search_term_string\"}}],\"inLanguage\":\"de\"},{\"@type\":\"Organization\",\"@id\":\"https:\/\/www.simasa.com\/de\/#organization\",\"name\":\"Sima\",\"url\":\"https:\/\/www.simasa.com\/de\/\",\"logo\":{\"@type\":\"ImageObject\",\"inLanguage\":\"de\",\"@id\":\"https:\/\/www.simasa.com\/de\/#\/schema\/logo\/image\/\",\"url\":\"https:\/\/www.simasa.com\/wp-content\/uploads\/2016\/03\/logo-1.jpg\",\"contentUrl\":\"https:\/\/www.simasa.com\/wp-content\/uploads\/2016\/03\/logo-1.jpg\",\"width\":121,\"height\":54,\"caption\":\"Sima\"},\"image\":{\"@id\":\"https:\/\/www.simasa.com\/de\/#\/schema\/logo\/image\/\"}}]}<\/script>\n<!-- \/ Yoast SEO plugin. -->","yoast_head_json":{"title":"- B50 I | Sima","description":"B50 I. In der Baubranche haben Staub- und Nasssauger mehrere Anwendungen,\u00a0indem sie Bodenfr\u00e4smaschinen, Wands\u00e4gen, Winkelschleifer, Kernbohrger\u00e4te\u00a0und Tischkreiss\u00e4gen bei der Arbeit begleiten.  &nbsp;  &nbsp;","robots":{"index":"noindex","follow":"follow"},"og_locale":"de_DE","og_type":"article","og_title":"- B50 I | Sima","og_description":"B50 I. In der Baubranche haben Staub- und Nasssauger mehrere Anwendungen,\u00a0indem sie Bodenfr\u00e4smaschinen, Wands\u00e4gen, Winkelschleifer, Kernbohrger\u00e4te\u00a0und Tischkreiss\u00e4gen bei der Arbeit begleiten.  &nbsp;  &nbsp;","og_url":"https:\/\/www.simasa.com\/de\/producto\/b50-i\/","og_site_name":"Sima","article_modified_time":"2017-12-26T11:49:42+00:00","og_image":[{"width":800,"height":800,"url":"https:\/\/www.simasa.com\/wp-content\/uploads\/2016\/04\/aspirador.jpg","type":"image\/jpeg"}],"twitter_card":"summary_large_image","twitter_misc":{"Gesch\u00e4tzte Lesezeit":"1\u00a0Minute"},"schema":{"@context":"https:\/\/schema.org","@graph":[{"@type":"WebPage","@id":"https:\/\/www.simasa.com\/de\/producto\/b50-i\/","url":"https:\/\/www.simasa.com\/de\/producto\/b50-i\/","name":"- B50 I | Sima","isPartOf":{"@id":"https:\/\/www.simasa.com\/de\/#website"},"primaryImageOfPage":{"@id":"https:\/\/www.simasa.com\/de\/producto\/b50-i\/#primaryimage"},"image":{"@id":"https:\/\/www.simasa.com\/de\/producto\/b50-i\/#primaryimage"},"thumbnailUrl":"https:\/\/www.simasa.com\/wp-content\/uploads\/2016\/04\/aspirador.jpg","datePublished":"2016-04-28T08:32:01+00:00","dateModified":"2017-12-26T11:49:42+00:00","description":"B50 I. In der Baubranche haben Staub- und Nasssauger mehrere Anwendungen,\u00a0indem sie Bodenfr\u00e4smaschinen, Wands\u00e4gen, Winkelschleifer, Kernbohrger\u00e4te\u00a0und Tischkreiss\u00e4gen bei der Arbeit begleiten. &nbsp; &nbsp;","breadcrumb":{"@id":"https:\/\/www.simasa.com\/de\/producto\/b50-i\/#breadcrumb"},"inLanguage":"de","potentialAction":[{"@type":"ReadAction","target":["https:\/\/www.simasa.com\/de\/producto\/b50-i\/"]}]},{"@type":"ImageObject","inLanguage":"de","@id":"https:\/\/www.simasa.com\/de\/producto\/b50-i\/#primaryimage","url":"https:\/\/www.simasa.com\/wp-content\/uploads\/2016\/04\/aspirador.jpg","contentUrl":"https:\/\/www.simasa.com\/wp-content\/uploads\/2016\/04\/aspirador.jpg","width":800,"height":800},{"@type":"BreadcrumbList","@id":"https:\/\/www.simasa.com\/de\/producto\/b50-i\/#breadcrumb","itemListElement":[{"@type":"ListItem","position":1,"name":"Inicio","item":"https:\/\/www.simasa.com\/de\/"},{"@type":"ListItem","position":2,"name":"Katalog","item":"https:\/\/www.simasa.com\/de\/katalog\/"},{"@type":"ListItem","position":3,"name":"B50 I"}]},{"@type":"WebSite","@id":"https:\/\/www.simasa.com\/de\/#website","url":"https:\/\/www.simasa.com\/de\/","name":"Sima","description":"Fabricantes de maquinaria para la construcci\u00f3n","publisher":{"@id":"https:\/\/www.simasa.com\/de\/#organization"},"potentialAction":[{"@type":"SearchAction","target":{"@type":"EntryPoint","urlTemplate":"https:\/\/www.simasa.com\/de\/?s={search_term_string}"},"query-input":{"@type":"PropertyValueSpecification","valueRequired":true,"valueName":"search_term_string"}}],"inLanguage":"de"},{"@type":"Organization","@id":"https:\/\/www.simasa.com\/de\/#organization","name":"Sima","url":"https:\/\/www.simasa.com\/de\/","logo":{"@type":"ImageObject","inLanguage":"de","@id":"https:\/\/www.simasa.com\/de\/#\/schema\/logo\/image\/","url":"https:\/\/www.simasa.com\/wp-content\/uploads\/2016\/03\/logo-1.jpg","contentUrl":"https:\/\/www.simasa.com\/wp-content\/uploads\/2016\/03\/logo-1.jpg","width":121,"height":54,"caption":"Sima"},"image":{"@id":"https:\/\/www.simasa.com\/de\/#\/schema\/logo\/image\/"}}]}},"_links":{"self":[{"href":"https:\/\/www.simasa.com\/de\/wp-json\/wp\/v2\/product\/1651","targetHints":{"allow":["GET"]}}],"collection":[{"href":"https:\/\/www.simasa.com\/de\/wp-json\/wp\/v2\/product"}],"about":[{"href":"https:\/\/www.simasa.com\/de\/wp-json\/wp\/v2\/types\/product"}],"replies":[{"embeddable":true,"href":"https:\/\/www.simasa.com\/de\/wp-json\/wp\/v2\/comments?post=1651"}],"wp:featuredmedia":[{"embeddable":true,"href":"https:\/\/www.simasa.com\/de\/wp-json\/wp\/v2\/media\/6870"}],"wp:attachment":[{"href":"https:\/\/www.simasa.com\/de\/wp-json\/wp\/v2\/media?parent=1651"}],"wp:term":[{"taxonomy":"product_brand","embeddable":true,"href":"https:\/\/www.simasa.com\/de\/wp-json\/wp\/v2\/product_brand?post=1651"},{"taxonomy":"product_cat","embeddable":true,"href":"https:\/\/www.simasa.com\/de\/wp-json\/wp\/v2\/product_cat?post=1651"},{"taxonomy":"product_tag","embeddable":true,"href":"https:\/\/www.simasa.com\/de\/wp-json\/wp\/v2\/product_tag?post=1651"}],"curies":[{"name":"wp","href":"https:\/\/api.w.org\/{rel}","templated":true}]}}