{"id":1647,"date":"2016-04-27T11:12:55","date_gmt":"2016-04-27T11:12:55","guid":{"rendered":"https:\/\/www.simasa.com\/de\/product\/halcon-duplo\/"},"modified":"2017-12-26T11:25:01","modified_gmt":"2017-12-26T11:25:01","slug":"halcon-duplo","status":"publish","type":"product","link":"https:\/\/www.simasa.com\/de\/producto\/halcon-duplo\/","title":{"rendered":"HALCON DUPLO"},"content":{"rendered":"<p>F\u00fcr Beton-, Industrie- und Estrichfl\u00e4chen: Gl\u00e4tten erfolgt sofort nach dem Einbau. Somit ist das Ziel, <strong>h\u00f6here Qualit\u00e4t und l\u00e4ngere Lebensdaue<\/strong>r durch bessere Oberfl\u00e4cheverdichtung der B\u00f6den zu erreichen. <strong>Und das gelangen Sie mit der Betongl\u00e4ttmaschine mit Doppelaufsitz Halcon Duplo von SIMA.<\/strong><\/p>\n<p>Die Halcon Duplo ist eine Betongl\u00e4ttmaschine mit Doppelfl\u00fcgel, welche durch <strong>Drehbewegungen gleichm\u00e4ssig<\/strong> f\u00fcr die Verdichtung des Betons auf die gesamte Arbeitsbreite von frischen Betonfl\u00e4chen verantwortlich ist. Und weil sich die <strong>G\u00e4ttfl\u00fcgel nicht \u00fcberlappen<\/strong>, k\u00f6nnen wir mit den Gl\u00e4ttteller und mit den Vorbereitungsfl\u00fcgel gleichzeitig arbeiten (Optional).<\/p>\n<p>Weitere <strong>Vorteile der Halcon Duplo<\/strong> sind\u00a0die optimale Rundumsicht, den\u00a0bequemen, komfortablen und gepolsterten Sitz und eine Zweihebelsteuerung f\u00fcr mehr Kniefreiheit. Durch das integrierte Fahrwerk ist es m\u00f6glich, die Maschine zu transportieren.<\/p>\n<p><em>EIGENSCHAFTEN HALC\u00d3N DUPLO:<\/em><\/p>\n<ul>\n<li>\u00a0Wasserzufuhr mit Pumpe<\/li>\n<li>Umschaltgriffe f\u00fcr Sicherheitstopp<\/li>\n<li>3 Scheinwerfer f\u00fcr optimale Beleuchtung<\/li>\n<li>Motor Honda 20 HP mit elektrischen Start und\u00a0Batterie.<\/li>\n<li>Regulierbarer Aufsitz.<\/li>\n<\/ul>\n<p><img loading=\"lazy\" decoding=\"async\" class=\"alignnone wp-image-9314 size-full\" src=\"https:\/\/www.simasa.com\/wp-content\/uploads\/2016\/04\/vorteile-halcon.jpg\" alt=\"\" width=\"1121\" height=\"495\" \/><\/p>\n<p><img loading=\"lazy\" decoding=\"async\" class=\"alignnone wp-image-9302 size-full\" src=\"https:\/\/www.simasa.com\/wp-content\/uploads\/2016\/04\/tabla-halcon125-de.jpg\" alt=\"\" width=\"1116\" height=\"264\" srcset=\"https:\/\/www.simasa.com\/wp-content\/uploads\/2016\/04\/tabla-halcon125-de.jpg 1116w, https:\/\/www.simasa.com\/wp-content\/uploads\/2016\/04\/tabla-halcon125-de-416x98.jpg 416w\" sizes=\"auto, (max-width: 1116px) 100vw, 1116px\" \/><\/p>\n<p><iframe loading=\"lazy\" src=\"https:\/\/www.youtube.com\/embed\/Qw1SZTyuAjM\" width=\"700\" height=\"394\" frameborder=\"0\" allowfullscreen=\"allowfullscreen\"><\/iframe><\/p>\n","protected":false},"excerpt":{"rendered":"<p>Die <strong>HALCON DUPLO<\/strong> ist eine Betongl\u00e4ttma- schine mit Aufsitz und Doppelgl\u00e4tter. Besitzt Rotoren mit 90 cm Durchmesser, die sich auch nach Innen richten. Diese Maschine hat eine lange Lebensdauer und sind sehr einfach zu benutzen.<\/p>\n","protected":false},"featured_media":4951,"comment_status":"open","ping_status":"closed","template":"","meta":{"_acf_changed":false},"product_brand":[],"product_cat":[1787],"product_tag":[],"class_list":{"0":"post-1647","1":"product","2":"type-product","3":"status-publish","4":"has-post-thumbnail","6":"product_cat-betonglaettmaschinen","7":"pa_max-blade-diameter-mm-3764","8":"pa_power-petrol","10":"first","11":"instock","12":"shipping-taxable","13":"product-type-simple"},"acf":[],"yoast_head":"<!-- This site is optimized with the Yoast SEO plugin v27.2 - https:\/\/yoast.com\/product\/yoast-seo-wordpress\/ -->\n<title>- HALCON DUPLO | Sima<\/title>\n<meta name=\"description\" content=\"HALCON DUPLO. Die HALCON DUPLO ist eine Betongl\u00e4ttma- schine mit Aufsitz und Doppelgl\u00e4tter. Besitzt Rotoren mit 90 cm Durchmesser, die sich auch nach Innen richten. Diese Maschine hat eine lange Lebensdauer und sind sehr einfach zu benutzen.\" \/>\n<meta name=\"robots\" content=\"noindex, follow\" \/>\n<meta property=\"og:locale\" content=\"de_DE\" \/>\n<meta property=\"og:type\" content=\"article\" \/>\n<meta property=\"og:title\" content=\"- HALCON DUPLO | Sima\" \/>\n<meta property=\"og:description\" content=\"HALCON DUPLO. Die HALCON DUPLO ist eine Betongl\u00e4ttma- schine mit Aufsitz und Doppelgl\u00e4tter. Besitzt Rotoren mit 90 cm Durchmesser, die sich auch nach Innen richten. Diese Maschine hat eine lange Lebensdauer und sind sehr einfach zu benutzen.\" \/>\n<meta property=\"og:url\" content=\"https:\/\/www.simasa.com\/de\/producto\/halcon-duplo\/\" \/>\n<meta property=\"og:site_name\" content=\"Sima\" \/>\n<meta property=\"article:modified_time\" content=\"2017-12-26T11:25:01+00:00\" \/>\n<meta property=\"og:image\" content=\"https:\/\/www.simasa.com\/wp-content\/uploads\/2016\/04\/02030400000FWCAL.jpg\" \/>\n\t<meta property=\"og:image:width\" content=\"800\" \/>\n\t<meta property=\"og:image:height\" content=\"800\" \/>\n\t<meta property=\"og:image:type\" content=\"image\/jpeg\" \/>\n<meta name=\"twitter:card\" content=\"summary_large_image\" \/>\n<meta name=\"twitter:label1\" content=\"Gesch\u00e4tzte Lesezeit\" \/>\n\t<meta name=\"twitter:data1\" content=\"1\u00a0Minute\" \/>\n<script type=\"application\/ld+json\" class=\"yoast-schema-graph\">{\"@context\":\"https:\/\/schema.org\",\"@graph\":[{\"@type\":\"WebPage\",\"@id\":\"https:\/\/www.simasa.com\/de\/producto\/halcon-duplo\/\",\"url\":\"https:\/\/www.simasa.com\/de\/producto\/halcon-duplo\/\",\"name\":\"- HALCON DUPLO | Sima\",\"isPartOf\":{\"@id\":\"https:\/\/www.simasa.com\/de\/#website\"},\"primaryImageOfPage\":{\"@id\":\"https:\/\/www.simasa.com\/de\/producto\/halcon-duplo\/#primaryimage\"},\"image\":{\"@id\":\"https:\/\/www.simasa.com\/de\/producto\/halcon-duplo\/#primaryimage\"},\"thumbnailUrl\":\"https:\/\/www.simasa.com\/wp-content\/uploads\/2016\/04\/02030400000FWCAL.jpg\",\"datePublished\":\"2016-04-27T11:12:55+00:00\",\"dateModified\":\"2017-12-26T11:25:01+00:00\",\"description\":\"HALCON DUPLO. Die HALCON DUPLO ist eine Betongl\u00e4ttma- schine mit Aufsitz und Doppelgl\u00e4tter. Besitzt Rotoren mit 90 cm Durchmesser, die sich auch nach Innen richten. Diese Maschine hat eine lange Lebensdauer und sind sehr einfach zu benutzen.\",\"breadcrumb\":{\"@id\":\"https:\/\/www.simasa.com\/de\/producto\/halcon-duplo\/#breadcrumb\"},\"inLanguage\":\"de\",\"potentialAction\":[{\"@type\":\"ReadAction\",\"target\":[\"https:\/\/www.simasa.com\/de\/producto\/halcon-duplo\/\"]}]},{\"@type\":\"ImageObject\",\"inLanguage\":\"de\",\"@id\":\"https:\/\/www.simasa.com\/de\/producto\/halcon-duplo\/#primaryimage\",\"url\":\"https:\/\/www.simasa.com\/wp-content\/uploads\/2016\/04\/02030400000FWCAL.jpg\",\"contentUrl\":\"https:\/\/www.simasa.com\/wp-content\/uploads\/2016\/04\/02030400000FWCAL.jpg\",\"width\":800,\"height\":800},{\"@type\":\"BreadcrumbList\",\"@id\":\"https:\/\/www.simasa.com\/de\/producto\/halcon-duplo\/#breadcrumb\",\"itemListElement\":[{\"@type\":\"ListItem\",\"position\":1,\"name\":\"Inicio\",\"item\":\"https:\/\/www.simasa.com\/de\/\"},{\"@type\":\"ListItem\",\"position\":2,\"name\":\"Katalog\",\"item\":\"https:\/\/www.simasa.com\/de\/katalog\/\"},{\"@type\":\"ListItem\",\"position\":3,\"name\":\"HALCON DUPLO\"}]},{\"@type\":\"WebSite\",\"@id\":\"https:\/\/www.simasa.com\/de\/#website\",\"url\":\"https:\/\/www.simasa.com\/de\/\",\"name\":\"Sima\",\"description\":\"Fabricantes de maquinaria para la construcci\u00f3n\",\"publisher\":{\"@id\":\"https:\/\/www.simasa.com\/de\/#organization\"},\"potentialAction\":[{\"@type\":\"SearchAction\",\"target\":{\"@type\":\"EntryPoint\",\"urlTemplate\":\"https:\/\/www.simasa.com\/de\/?s={search_term_string}\"},\"query-input\":{\"@type\":\"PropertyValueSpecification\",\"valueRequired\":true,\"valueName\":\"search_term_string\"}}],\"inLanguage\":\"de\"},{\"@type\":\"Organization\",\"@id\":\"https:\/\/www.simasa.com\/de\/#organization\",\"name\":\"Sima\",\"url\":\"https:\/\/www.simasa.com\/de\/\",\"logo\":{\"@type\":\"ImageObject\",\"inLanguage\":\"de\",\"@id\":\"https:\/\/www.simasa.com\/de\/#\/schema\/logo\/image\/\",\"url\":\"https:\/\/www.simasa.com\/wp-content\/uploads\/2016\/03\/logo-1.jpg\",\"contentUrl\":\"https:\/\/www.simasa.com\/wp-content\/uploads\/2016\/03\/logo-1.jpg\",\"width\":121,\"height\":54,\"caption\":\"Sima\"},\"image\":{\"@id\":\"https:\/\/www.simasa.com\/de\/#\/schema\/logo\/image\/\"}}]}<\/script>\n<!-- \/ Yoast SEO plugin. -->","yoast_head_json":{"title":"- HALCON DUPLO | Sima","description":"HALCON DUPLO. Die HALCON DUPLO ist eine Betongl\u00e4ttma- schine mit Aufsitz und Doppelgl\u00e4tter. Besitzt Rotoren mit 90 cm Durchmesser, die sich auch nach Innen richten. Diese Maschine hat eine lange Lebensdauer und sind sehr einfach zu benutzen.","robots":{"index":"noindex","follow":"follow"},"og_locale":"de_DE","og_type":"article","og_title":"- HALCON DUPLO | Sima","og_description":"HALCON DUPLO. Die HALCON DUPLO ist eine Betongl\u00e4ttma- schine mit Aufsitz und Doppelgl\u00e4tter. Besitzt Rotoren mit 90 cm Durchmesser, die sich auch nach Innen richten. Diese Maschine hat eine lange Lebensdauer und sind sehr einfach zu benutzen.","og_url":"https:\/\/www.simasa.com\/de\/producto\/halcon-duplo\/","og_site_name":"Sima","article_modified_time":"2017-12-26T11:25:01+00:00","og_image":[{"width":800,"height":800,"url":"https:\/\/www.simasa.com\/wp-content\/uploads\/2016\/04\/02030400000FWCAL.jpg","type":"image\/jpeg"}],"twitter_card":"summary_large_image","twitter_misc":{"Gesch\u00e4tzte Lesezeit":"1\u00a0Minute"},"schema":{"@context":"https:\/\/schema.org","@graph":[{"@type":"WebPage","@id":"https:\/\/www.simasa.com\/de\/producto\/halcon-duplo\/","url":"https:\/\/www.simasa.com\/de\/producto\/halcon-duplo\/","name":"- HALCON DUPLO | Sima","isPartOf":{"@id":"https:\/\/www.simasa.com\/de\/#website"},"primaryImageOfPage":{"@id":"https:\/\/www.simasa.com\/de\/producto\/halcon-duplo\/#primaryimage"},"image":{"@id":"https:\/\/www.simasa.com\/de\/producto\/halcon-duplo\/#primaryimage"},"thumbnailUrl":"https:\/\/www.simasa.com\/wp-content\/uploads\/2016\/04\/02030400000FWCAL.jpg","datePublished":"2016-04-27T11:12:55+00:00","dateModified":"2017-12-26T11:25:01+00:00","description":"HALCON DUPLO. Die HALCON DUPLO ist eine Betongl\u00e4ttma- schine mit Aufsitz und Doppelgl\u00e4tter. Besitzt Rotoren mit 90 cm Durchmesser, die sich auch nach Innen richten. Diese Maschine hat eine lange Lebensdauer und sind sehr einfach zu benutzen.","breadcrumb":{"@id":"https:\/\/www.simasa.com\/de\/producto\/halcon-duplo\/#breadcrumb"},"inLanguage":"de","potentialAction":[{"@type":"ReadAction","target":["https:\/\/www.simasa.com\/de\/producto\/halcon-duplo\/"]}]},{"@type":"ImageObject","inLanguage":"de","@id":"https:\/\/www.simasa.com\/de\/producto\/halcon-duplo\/#primaryimage","url":"https:\/\/www.simasa.com\/wp-content\/uploads\/2016\/04\/02030400000FWCAL.jpg","contentUrl":"https:\/\/www.simasa.com\/wp-content\/uploads\/2016\/04\/02030400000FWCAL.jpg","width":800,"height":800},{"@type":"BreadcrumbList","@id":"https:\/\/www.simasa.com\/de\/producto\/halcon-duplo\/#breadcrumb","itemListElement":[{"@type":"ListItem","position":1,"name":"Inicio","item":"https:\/\/www.simasa.com\/de\/"},{"@type":"ListItem","position":2,"name":"Katalog","item":"https:\/\/www.simasa.com\/de\/katalog\/"},{"@type":"ListItem","position":3,"name":"HALCON DUPLO"}]},{"@type":"WebSite","@id":"https:\/\/www.simasa.com\/de\/#website","url":"https:\/\/www.simasa.com\/de\/","name":"Sima","description":"Fabricantes de maquinaria para la construcci\u00f3n","publisher":{"@id":"https:\/\/www.simasa.com\/de\/#organization"},"potentialAction":[{"@type":"SearchAction","target":{"@type":"EntryPoint","urlTemplate":"https:\/\/www.simasa.com\/de\/?s={search_term_string}"},"query-input":{"@type":"PropertyValueSpecification","valueRequired":true,"valueName":"search_term_string"}}],"inLanguage":"de"},{"@type":"Organization","@id":"https:\/\/www.simasa.com\/de\/#organization","name":"Sima","url":"https:\/\/www.simasa.com\/de\/","logo":{"@type":"ImageObject","inLanguage":"de","@id":"https:\/\/www.simasa.com\/de\/#\/schema\/logo\/image\/","url":"https:\/\/www.simasa.com\/wp-content\/uploads\/2016\/03\/logo-1.jpg","contentUrl":"https:\/\/www.simasa.com\/wp-content\/uploads\/2016\/03\/logo-1.jpg","width":121,"height":54,"caption":"Sima"},"image":{"@id":"https:\/\/www.simasa.com\/de\/#\/schema\/logo\/image\/"}}]}},"_links":{"self":[{"href":"https:\/\/www.simasa.com\/de\/wp-json\/wp\/v2\/product\/1647","targetHints":{"allow":["GET"]}}],"collection":[{"href":"https:\/\/www.simasa.com\/de\/wp-json\/wp\/v2\/product"}],"about":[{"href":"https:\/\/www.simasa.com\/de\/wp-json\/wp\/v2\/types\/product"}],"replies":[{"embeddable":true,"href":"https:\/\/www.simasa.com\/de\/wp-json\/wp\/v2\/comments?post=1647"}],"wp:featuredmedia":[{"embeddable":true,"href":"https:\/\/www.simasa.com\/de\/wp-json\/wp\/v2\/media\/4951"}],"wp:attachment":[{"href":"https:\/\/www.simasa.com\/de\/wp-json\/wp\/v2\/media?parent=1647"}],"wp:term":[{"taxonomy":"product_brand","embeddable":true,"href":"https:\/\/www.simasa.com\/de\/wp-json\/wp\/v2\/product_brand?post=1647"},{"taxonomy":"product_cat","embeddable":true,"href":"https:\/\/www.simasa.com\/de\/wp-json\/wp\/v2\/product_cat?post=1647"},{"taxonomy":"product_tag","embeddable":true,"href":"https:\/\/www.simasa.com\/de\/wp-json\/wp\/v2\/product_tag?post=1647"}],"curies":[{"name":"wp","href":"https:\/\/api.w.org\/{rel}","templated":true}]}}