{"id":1644,"date":"2016-04-27T11:09:56","date_gmt":"2016-04-27T11:09:56","guid":{"rendered":"https:\/\/www.simasa.com\/de\/product\/halcon-125-honda-gx390\/"},"modified":"2017-12-26T11:23:13","modified_gmt":"2017-12-26T11:23:13","slug":"halcon-125","status":"publish","type":"product","link":"https:\/\/www.simasa.com\/de\/producto\/halcon-125\/","title":{"rendered":"HALCON 125"},"content":{"rendered":"<p>Diese Betongl\u00e4ttmaschine wird f\u00fcr schnelle und <strong>perfekte\u00a0Endresultate auf Betonoberfl\u00e4chen in jeder Dimension<\/strong> verwendet.\u00a0Die Eigenschaften der HALCON 95 sind die gleichen<br \/>\nwie bei der <strong>HALCON 125<\/strong>. Sie unterscheiden sich im\u00a0Durchmesser der Gl\u00e4ttfl\u00fcgel, da diese bei der HALCON 125\u00a0gr\u00f6sser sind.<\/p>\n<p>Die verchromte Fliehkraftkupplung sorgt f\u00fcr <strong>maximale Hochleistung<\/strong> bei hohe, mittlere und niedrige Motordrehzahlen.<\/p>\n<p><strong>Einzigartig auf dem Markt<\/strong>, dank des aus der Sitzposition des Benutzers kontrollierbaren Wassertank (<strong>HALCON 95<\/strong> und <strong>HALC\u00d3N 125<\/strong>).<\/p>\n<p>Mit <strong>einfacher Zugriff an die Gl\u00e4ttfl\u00fcgel<\/strong> f\u00fcr die Regulierung.\u00a0Notfall-Halt gem\u00e4ss EU-Vorschriften f\u00fcr die\u00a0Sicherheit des Benutzers.<\/p>\n<p><img loading=\"lazy\" decoding=\"async\" class=\"alignnone wp-image-9314 size-full\" src=\"https:\/\/www.simasa.com\/wp-content\/uploads\/2016\/04\/vorteile-halcon.jpg\" alt=\"\" width=\"1121\" height=\"495\" \/><\/p>\n<p><img loading=\"lazy\" decoding=\"async\" class=\"alignnone wp-image-9302 size-full\" src=\"https:\/\/www.simasa.com\/wp-content\/uploads\/2016\/04\/tabla-halcon125-de.jpg\" alt=\"\" width=\"1116\" height=\"264\" srcset=\"https:\/\/www.simasa.com\/wp-content\/uploads\/2016\/04\/tabla-halcon125-de.jpg 1116w, https:\/\/www.simasa.com\/wp-content\/uploads\/2016\/04\/tabla-halcon125-de-416x98.jpg 416w\" sizes=\"auto, (max-width: 1116px) 100vw, 1116px\" \/><\/p>\n<p><iframe loading=\"lazy\" src=\"https:\/\/www.youtube.com\/embed\/5DIPLXVlwxY\" width=\"700\" height=\"394\" frameborder=\"0\" allowfullscreen=\"allowfullscreen\"><\/iframe><\/p>\n","protected":false},"excerpt":{"rendered":"<p>Die Eigenschaften der HALCON 95 sind die gleichen wie bei der <strong>HALCON 125<\/strong>. Sie unterscheiden sich im Durchmesser der Gl\u00e4ttfl\u00fcgel, da diese bei der <strong>HALCON 125<\/strong> gr\u00f6sser sind, und beim Motorstart.<\/p>\n<p>&nbsp;<\/p>\n","protected":false},"featured_media":6547,"comment_status":"open","ping_status":"closed","template":"","meta":{"_acf_changed":false},"product_brand":[],"product_cat":[1787],"product_tag":[],"class_list":{"0":"post-1644","1":"product","2":"type-product","3":"status-publish","4":"has-post-thumbnail","6":"product_cat-betonglaettmaschinen","7":"pa_max-blade-diameter-mm-3767","8":"pa_power-petrol","10":"first","11":"instock","12":"shipping-taxable","13":"product-type-simple"},"acf":[],"yoast_head":"<!-- This site is optimized with the Yoast SEO plugin v27.2 - https:\/\/yoast.com\/product\/yoast-seo-wordpress\/ -->\n<title>- HALCON 125 | Sima<\/title>\n<meta name=\"description\" content=\"HALCON 125. Die Eigenschaften der HALCON 95 sind die gleichen wie bei der HALCON 125. Sie unterscheiden sich im Durchmesser der Gl\u00e4ttfl\u00fcgel, da diese bei der HALCON 125 gr\u00f6sser sind, und beim Motorstart.  &nbsp;\" \/>\n<meta name=\"robots\" content=\"noindex, follow\" \/>\n<meta property=\"og:locale\" content=\"de_DE\" \/>\n<meta property=\"og:type\" content=\"article\" \/>\n<meta property=\"og:title\" content=\"- HALCON 125 | Sima\" \/>\n<meta property=\"og:description\" content=\"HALCON 125. Die Eigenschaften der HALCON 95 sind die gleichen wie bei der HALCON 125. Sie unterscheiden sich im Durchmesser der Gl\u00e4ttfl\u00fcgel, da diese bei der HALCON 125 gr\u00f6sser sind, und beim Motorstart.  &nbsp;\" \/>\n<meta property=\"og:url\" content=\"https:\/\/www.simasa.com\/de\/producto\/halcon-125\/\" \/>\n<meta property=\"og:site_name\" content=\"Sima\" \/>\n<meta property=\"article:modified_time\" content=\"2017-12-26T11:23:13+00:00\" \/>\n<meta property=\"og:image\" content=\"https:\/\/www.simasa.com\/wp-content\/uploads\/2016\/04\/HALCON-95-MCM-deposito-CAL.jpg\" \/>\n\t<meta property=\"og:image:width\" content=\"800\" \/>\n\t<meta property=\"og:image:height\" content=\"800\" \/>\n\t<meta property=\"og:image:type\" content=\"image\/jpeg\" \/>\n<meta name=\"twitter:card\" content=\"summary_large_image\" \/>\n<script type=\"application\/ld+json\" class=\"yoast-schema-graph\">{\"@context\":\"https:\/\/schema.org\",\"@graph\":[{\"@type\":\"WebPage\",\"@id\":\"https:\/\/www.simasa.com\/de\/producto\/halcon-125\/\",\"url\":\"https:\/\/www.simasa.com\/de\/producto\/halcon-125\/\",\"name\":\"- HALCON 125 | Sima\",\"isPartOf\":{\"@id\":\"https:\/\/www.simasa.com\/de\/#website\"},\"primaryImageOfPage\":{\"@id\":\"https:\/\/www.simasa.com\/de\/producto\/halcon-125\/#primaryimage\"},\"image\":{\"@id\":\"https:\/\/www.simasa.com\/de\/producto\/halcon-125\/#primaryimage\"},\"thumbnailUrl\":\"https:\/\/www.simasa.com\/wp-content\/uploads\/2016\/04\/HALCON-95-MCM-deposito-CAL.jpg\",\"datePublished\":\"2016-04-27T11:09:56+00:00\",\"dateModified\":\"2017-12-26T11:23:13+00:00\",\"description\":\"HALCON 125. Die Eigenschaften der HALCON 95 sind die gleichen wie bei der HALCON 125. Sie unterscheiden sich im Durchmesser der Gl\u00e4ttfl\u00fcgel, da diese bei der HALCON 125 gr\u00f6sser sind, und beim Motorstart. &nbsp;\",\"breadcrumb\":{\"@id\":\"https:\/\/www.simasa.com\/de\/producto\/halcon-125\/#breadcrumb\"},\"inLanguage\":\"de\",\"potentialAction\":[{\"@type\":\"ReadAction\",\"target\":[\"https:\/\/www.simasa.com\/de\/producto\/halcon-125\/\"]}]},{\"@type\":\"ImageObject\",\"inLanguage\":\"de\",\"@id\":\"https:\/\/www.simasa.com\/de\/producto\/halcon-125\/#primaryimage\",\"url\":\"https:\/\/www.simasa.com\/wp-content\/uploads\/2016\/04\/HALCON-95-MCM-deposito-CAL.jpg\",\"contentUrl\":\"https:\/\/www.simasa.com\/wp-content\/uploads\/2016\/04\/HALCON-95-MCM-deposito-CAL.jpg\",\"width\":800,\"height\":800},{\"@type\":\"BreadcrumbList\",\"@id\":\"https:\/\/www.simasa.com\/de\/producto\/halcon-125\/#breadcrumb\",\"itemListElement\":[{\"@type\":\"ListItem\",\"position\":1,\"name\":\"Inicio\",\"item\":\"https:\/\/www.simasa.com\/de\/\"},{\"@type\":\"ListItem\",\"position\":2,\"name\":\"Katalog\",\"item\":\"https:\/\/www.simasa.com\/de\/katalog\/\"},{\"@type\":\"ListItem\",\"position\":3,\"name\":\"HALCON 125\"}]},{\"@type\":\"WebSite\",\"@id\":\"https:\/\/www.simasa.com\/de\/#website\",\"url\":\"https:\/\/www.simasa.com\/de\/\",\"name\":\"Sima\",\"description\":\"Fabricantes de maquinaria para la construcci\u00f3n\",\"publisher\":{\"@id\":\"https:\/\/www.simasa.com\/de\/#organization\"},\"potentialAction\":[{\"@type\":\"SearchAction\",\"target\":{\"@type\":\"EntryPoint\",\"urlTemplate\":\"https:\/\/www.simasa.com\/de\/?s={search_term_string}\"},\"query-input\":{\"@type\":\"PropertyValueSpecification\",\"valueRequired\":true,\"valueName\":\"search_term_string\"}}],\"inLanguage\":\"de\"},{\"@type\":\"Organization\",\"@id\":\"https:\/\/www.simasa.com\/de\/#organization\",\"name\":\"Sima\",\"url\":\"https:\/\/www.simasa.com\/de\/\",\"logo\":{\"@type\":\"ImageObject\",\"inLanguage\":\"de\",\"@id\":\"https:\/\/www.simasa.com\/de\/#\/schema\/logo\/image\/\",\"url\":\"https:\/\/www.simasa.com\/wp-content\/uploads\/2016\/03\/logo-1.jpg\",\"contentUrl\":\"https:\/\/www.simasa.com\/wp-content\/uploads\/2016\/03\/logo-1.jpg\",\"width\":121,\"height\":54,\"caption\":\"Sima\"},\"image\":{\"@id\":\"https:\/\/www.simasa.com\/de\/#\/schema\/logo\/image\/\"}}]}<\/script>\n<!-- \/ Yoast SEO plugin. -->","yoast_head_json":{"title":"- HALCON 125 | Sima","description":"HALCON 125. Die Eigenschaften der HALCON 95 sind die gleichen wie bei der HALCON 125. Sie unterscheiden sich im Durchmesser der Gl\u00e4ttfl\u00fcgel, da diese bei der HALCON 125 gr\u00f6sser sind, und beim Motorstart.  &nbsp;","robots":{"index":"noindex","follow":"follow"},"og_locale":"de_DE","og_type":"article","og_title":"- HALCON 125 | Sima","og_description":"HALCON 125. Die Eigenschaften der HALCON 95 sind die gleichen wie bei der HALCON 125. Sie unterscheiden sich im Durchmesser der Gl\u00e4ttfl\u00fcgel, da diese bei der HALCON 125 gr\u00f6sser sind, und beim Motorstart.  &nbsp;","og_url":"https:\/\/www.simasa.com\/de\/producto\/halcon-125\/","og_site_name":"Sima","article_modified_time":"2017-12-26T11:23:13+00:00","og_image":[{"width":800,"height":800,"url":"https:\/\/www.simasa.com\/wp-content\/uploads\/2016\/04\/HALCON-95-MCM-deposito-CAL.jpg","type":"image\/jpeg"}],"twitter_card":"summary_large_image","schema":{"@context":"https:\/\/schema.org","@graph":[{"@type":"WebPage","@id":"https:\/\/www.simasa.com\/de\/producto\/halcon-125\/","url":"https:\/\/www.simasa.com\/de\/producto\/halcon-125\/","name":"- HALCON 125 | Sima","isPartOf":{"@id":"https:\/\/www.simasa.com\/de\/#website"},"primaryImageOfPage":{"@id":"https:\/\/www.simasa.com\/de\/producto\/halcon-125\/#primaryimage"},"image":{"@id":"https:\/\/www.simasa.com\/de\/producto\/halcon-125\/#primaryimage"},"thumbnailUrl":"https:\/\/www.simasa.com\/wp-content\/uploads\/2016\/04\/HALCON-95-MCM-deposito-CAL.jpg","datePublished":"2016-04-27T11:09:56+00:00","dateModified":"2017-12-26T11:23:13+00:00","description":"HALCON 125. Die Eigenschaften der HALCON 95 sind die gleichen wie bei der HALCON 125. Sie unterscheiden sich im Durchmesser der Gl\u00e4ttfl\u00fcgel, da diese bei der HALCON 125 gr\u00f6sser sind, und beim Motorstart. &nbsp;","breadcrumb":{"@id":"https:\/\/www.simasa.com\/de\/producto\/halcon-125\/#breadcrumb"},"inLanguage":"de","potentialAction":[{"@type":"ReadAction","target":["https:\/\/www.simasa.com\/de\/producto\/halcon-125\/"]}]},{"@type":"ImageObject","inLanguage":"de","@id":"https:\/\/www.simasa.com\/de\/producto\/halcon-125\/#primaryimage","url":"https:\/\/www.simasa.com\/wp-content\/uploads\/2016\/04\/HALCON-95-MCM-deposito-CAL.jpg","contentUrl":"https:\/\/www.simasa.com\/wp-content\/uploads\/2016\/04\/HALCON-95-MCM-deposito-CAL.jpg","width":800,"height":800},{"@type":"BreadcrumbList","@id":"https:\/\/www.simasa.com\/de\/producto\/halcon-125\/#breadcrumb","itemListElement":[{"@type":"ListItem","position":1,"name":"Inicio","item":"https:\/\/www.simasa.com\/de\/"},{"@type":"ListItem","position":2,"name":"Katalog","item":"https:\/\/www.simasa.com\/de\/katalog\/"},{"@type":"ListItem","position":3,"name":"HALCON 125"}]},{"@type":"WebSite","@id":"https:\/\/www.simasa.com\/de\/#website","url":"https:\/\/www.simasa.com\/de\/","name":"Sima","description":"Fabricantes de maquinaria para la construcci\u00f3n","publisher":{"@id":"https:\/\/www.simasa.com\/de\/#organization"},"potentialAction":[{"@type":"SearchAction","target":{"@type":"EntryPoint","urlTemplate":"https:\/\/www.simasa.com\/de\/?s={search_term_string}"},"query-input":{"@type":"PropertyValueSpecification","valueRequired":true,"valueName":"search_term_string"}}],"inLanguage":"de"},{"@type":"Organization","@id":"https:\/\/www.simasa.com\/de\/#organization","name":"Sima","url":"https:\/\/www.simasa.com\/de\/","logo":{"@type":"ImageObject","inLanguage":"de","@id":"https:\/\/www.simasa.com\/de\/#\/schema\/logo\/image\/","url":"https:\/\/www.simasa.com\/wp-content\/uploads\/2016\/03\/logo-1.jpg","contentUrl":"https:\/\/www.simasa.com\/wp-content\/uploads\/2016\/03\/logo-1.jpg","width":121,"height":54,"caption":"Sima"},"image":{"@id":"https:\/\/www.simasa.com\/de\/#\/schema\/logo\/image\/"}}]}},"_links":{"self":[{"href":"https:\/\/www.simasa.com\/de\/wp-json\/wp\/v2\/product\/1644","targetHints":{"allow":["GET"]}}],"collection":[{"href":"https:\/\/www.simasa.com\/de\/wp-json\/wp\/v2\/product"}],"about":[{"href":"https:\/\/www.simasa.com\/de\/wp-json\/wp\/v2\/types\/product"}],"replies":[{"embeddable":true,"href":"https:\/\/www.simasa.com\/de\/wp-json\/wp\/v2\/comments?post=1644"}],"wp:featuredmedia":[{"embeddable":true,"href":"https:\/\/www.simasa.com\/de\/wp-json\/wp\/v2\/media\/6547"}],"wp:attachment":[{"href":"https:\/\/www.simasa.com\/de\/wp-json\/wp\/v2\/media?parent=1644"}],"wp:term":[{"taxonomy":"product_brand","embeddable":true,"href":"https:\/\/www.simasa.com\/de\/wp-json\/wp\/v2\/product_brand?post=1644"},{"taxonomy":"product_cat","embeddable":true,"href":"https:\/\/www.simasa.com\/de\/wp-json\/wp\/v2\/product_cat?post=1644"},{"taxonomy":"product_tag","embeddable":true,"href":"https:\/\/www.simasa.com\/de\/wp-json\/wp\/v2\/product_tag?post=1644"}],"curies":[{"name":"wp","href":"https:\/\/api.w.org\/{rel}","templated":true}]}}