{"id":1617,"date":"2016-04-27T08:43:01","date_gmt":"2016-04-27T08:43:01","guid":{"rendered":"https:\/\/www.simasa.com\/de\/product\/halcon-65-honda-gx160\/"},"modified":"2017-12-26T11:00:15","modified_gmt":"2017-12-26T11:00:15","slug":"halcon-65","status":"publish","type":"product","link":"https:\/\/www.simasa.com\/de\/producto\/halcon-65\/","title":{"rendered":"HALCON 65"},"content":{"rendered":"<p>Die<strong> HALCON 65<\/strong> f\u00fchrt zwei Funktionen aus, denn sie gl\u00e4ttet und trimmt\u00a0gleichzeitig.\u00a0Sie ist eine spezielle Maschine f\u00fcr kleine Oberfl\u00e4chen,sowohl f\u00fcr das\u00a0Gl\u00e4tten als auch f\u00fcr das Trimmen, dank seinen oberen Schutzring,\u00a0welcher uns erlaubt so nah wie m\u00f6glich and W\u00e4nden ran zu kommen\u00a0und durch T\u00fcren vorbeizugehen.<\/p>\n<p>Die verchromte Fliehkraftkupplung sorgt f\u00fcr <strong>maximale Hochleistung<\/strong> bei hohe, mittlere und niedrige Motordrehzahlen.<\/p>\n<p><strong>Einzigartig auf dem Markt<\/strong>, dank des aus der Sitzposition des Benutzers kontrollierbaren Wassertank (<strong>HALCON 95<\/strong> und <strong>HALC\u00d3N 125<\/strong>).<\/p>\n<p>Mit <strong>einfacher Zugriff an die Gl\u00e4ttfl\u00fcgel<\/strong> f\u00fcr die Regulierung.\u00a0Notfall-Halt gem\u00e4ss EU-Vorschriften f\u00fcr die\u00a0Sicherheit des Benutzers.<\/p>\n<p><img loading=\"lazy\" decoding=\"async\" class=\"alignnone wp-image-9314 size-full\" src=\"https:\/\/www.simasa.com\/wp-content\/uploads\/2016\/04\/vorteile-halcon.jpg\" alt=\"\" width=\"1121\" height=\"495\" \/><\/p>\n<p><img loading=\"lazy\" decoding=\"async\" class=\"alignnone wp-image-9278 size-full\" src=\"https:\/\/www.simasa.com\/wp-content\/uploads\/2016\/04\/tabla-halcon65-de.jpg\" alt=\"\" width=\"1116\" height=\"288\" srcset=\"https:\/\/www.simasa.com\/wp-content\/uploads\/2016\/04\/tabla-halcon65-de.jpg 1116w, https:\/\/www.simasa.com\/wp-content\/uploads\/2016\/04\/tabla-halcon65-de-416x107.jpg 416w\" sizes=\"auto, (max-width: 1116px) 100vw, 1116px\" \/><\/p>\n<p><iframe loading=\"lazy\" src=\"https:\/\/www.youtube.com\/embed\/5DIPLXVlwxY\" width=\"700\" height=\"394\" frameborder=\"0\" allowfullscreen=\"allowfullscreen\"><\/iframe><\/p>\n","protected":false},"excerpt":{"rendered":"<p><strong>HALCON 65<\/strong> sind spezielle Maschine f\u00fcr<strong> kleine Oberfl\u00e4chen<\/strong>, sowohl f\u00fcr das Gl\u00e4tten als auch f\u00fcr das Trimmen, dank seinen oberen Schutzring, <em>welcher uns erlaubt so nah wie m\u00f6glich and W\u00e4nden ran zu kommenund durch T\u00fcren vorbeizugehen.<\/em><\/p>\n<p>&nbsp;<\/p>\n","protected":false},"featured_media":6550,"comment_status":"open","ping_status":"closed","template":"","meta":{"_acf_changed":false},"product_brand":[],"product_cat":[1787],"product_tag":[],"class_list":{"0":"post-1617","1":"product","2":"type-product","3":"status-publish","4":"has-post-thumbnail","6":"product_cat-betonglaettmaschinen","7":"pa_max-blade-diameter-mm-3761","8":"pa_power-electric-de","9":"pa_power-petrol","11":"first","12":"instock","13":"shipping-taxable","14":"product-type-simple"},"acf":[],"yoast_head":"<!-- This site is optimized with the Yoast SEO plugin v27.2 - https:\/\/yoast.com\/product\/yoast-seo-wordpress\/ -->\n<title>- HALCON 65 | Sima<\/title>\n<meta name=\"description\" content=\"HALCON 65. HALCON 65 sind spezielle Maschine f\u00fcr kleine Oberfl\u00e4chen, sowohl f\u00fcr das Gl\u00e4tten als auch f\u00fcr das Trimmen, dank seinen oberen Schutzring, welcher uns erlaubt so nah wie m\u00f6glich and W\u00e4nden ran zu kommenund durch T\u00fcren vorbeizugehen.  &nbsp;\" \/>\n<meta name=\"robots\" content=\"noindex, follow\" \/>\n<meta property=\"og:locale\" content=\"de_DE\" \/>\n<meta property=\"og:type\" content=\"article\" \/>\n<meta property=\"og:title\" content=\"- HALCON 65 | Sima\" \/>\n<meta property=\"og:description\" content=\"HALCON 65. HALCON 65 sind spezielle Maschine f\u00fcr kleine Oberfl\u00e4chen, sowohl f\u00fcr das Gl\u00e4tten als auch f\u00fcr das Trimmen, dank seinen oberen Schutzring, welcher uns erlaubt so nah wie m\u00f6glich and W\u00e4nden ran zu kommenund durch T\u00fcren vorbeizugehen.  &nbsp;\" \/>\n<meta property=\"og:url\" content=\"https:\/\/www.simasa.com\/de\/producto\/halcon-65\/\" \/>\n<meta property=\"og:site_name\" content=\"Sima\" \/>\n<meta property=\"article:modified_time\" content=\"2017-12-26T11:00:15+00:00\" \/>\n<meta property=\"og:image\" content=\"https:\/\/www.simasa.com\/wp-content\/uploads\/2016\/04\/HALCON-65-CAL.jpg\" \/>\n\t<meta property=\"og:image:width\" content=\"800\" \/>\n\t<meta property=\"og:image:height\" content=\"800\" \/>\n\t<meta property=\"og:image:type\" content=\"image\/jpeg\" \/>\n<meta name=\"twitter:card\" content=\"summary_large_image\" \/>\n<meta name=\"twitter:label1\" content=\"Gesch\u00e4tzte Lesezeit\" \/>\n\t<meta name=\"twitter:data1\" content=\"1\u00a0Minute\" \/>\n<script type=\"application\/ld+json\" class=\"yoast-schema-graph\">{\"@context\":\"https:\/\/schema.org\",\"@graph\":[{\"@type\":\"WebPage\",\"@id\":\"https:\/\/www.simasa.com\/de\/producto\/halcon-65\/\",\"url\":\"https:\/\/www.simasa.com\/de\/producto\/halcon-65\/\",\"name\":\"- HALCON 65 | Sima\",\"isPartOf\":{\"@id\":\"https:\/\/www.simasa.com\/de\/#website\"},\"primaryImageOfPage\":{\"@id\":\"https:\/\/www.simasa.com\/de\/producto\/halcon-65\/#primaryimage\"},\"image\":{\"@id\":\"https:\/\/www.simasa.com\/de\/producto\/halcon-65\/#primaryimage\"},\"thumbnailUrl\":\"https:\/\/www.simasa.com\/wp-content\/uploads\/2016\/04\/HALCON-65-CAL.jpg\",\"datePublished\":\"2016-04-27T08:43:01+00:00\",\"dateModified\":\"2017-12-26T11:00:15+00:00\",\"description\":\"HALCON 65. HALCON 65 sind spezielle Maschine f\u00fcr kleine Oberfl\u00e4chen, sowohl f\u00fcr das Gl\u00e4tten als auch f\u00fcr das Trimmen, dank seinen oberen Schutzring, welcher uns erlaubt so nah wie m\u00f6glich and W\u00e4nden ran zu kommenund durch T\u00fcren vorbeizugehen. &nbsp;\",\"breadcrumb\":{\"@id\":\"https:\/\/www.simasa.com\/de\/producto\/halcon-65\/#breadcrumb\"},\"inLanguage\":\"de\",\"potentialAction\":[{\"@type\":\"ReadAction\",\"target\":[\"https:\/\/www.simasa.com\/de\/producto\/halcon-65\/\"]}]},{\"@type\":\"ImageObject\",\"inLanguage\":\"de\",\"@id\":\"https:\/\/www.simasa.com\/de\/producto\/halcon-65\/#primaryimage\",\"url\":\"https:\/\/www.simasa.com\/wp-content\/uploads\/2016\/04\/HALCON-65-CAL.jpg\",\"contentUrl\":\"https:\/\/www.simasa.com\/wp-content\/uploads\/2016\/04\/HALCON-65-CAL.jpg\",\"width\":800,\"height\":800},{\"@type\":\"BreadcrumbList\",\"@id\":\"https:\/\/www.simasa.com\/de\/producto\/halcon-65\/#breadcrumb\",\"itemListElement\":[{\"@type\":\"ListItem\",\"position\":1,\"name\":\"Inicio\",\"item\":\"https:\/\/www.simasa.com\/de\/\"},{\"@type\":\"ListItem\",\"position\":2,\"name\":\"Katalog\",\"item\":\"https:\/\/www.simasa.com\/de\/katalog\/\"},{\"@type\":\"ListItem\",\"position\":3,\"name\":\"HALCON 65\"}]},{\"@type\":\"WebSite\",\"@id\":\"https:\/\/www.simasa.com\/de\/#website\",\"url\":\"https:\/\/www.simasa.com\/de\/\",\"name\":\"Sima\",\"description\":\"Fabricantes de maquinaria para la construcci\u00f3n\",\"publisher\":{\"@id\":\"https:\/\/www.simasa.com\/de\/#organization\"},\"potentialAction\":[{\"@type\":\"SearchAction\",\"target\":{\"@type\":\"EntryPoint\",\"urlTemplate\":\"https:\/\/www.simasa.com\/de\/?s={search_term_string}\"},\"query-input\":{\"@type\":\"PropertyValueSpecification\",\"valueRequired\":true,\"valueName\":\"search_term_string\"}}],\"inLanguage\":\"de\"},{\"@type\":\"Organization\",\"@id\":\"https:\/\/www.simasa.com\/de\/#organization\",\"name\":\"Sima\",\"url\":\"https:\/\/www.simasa.com\/de\/\",\"logo\":{\"@type\":\"ImageObject\",\"inLanguage\":\"de\",\"@id\":\"https:\/\/www.simasa.com\/de\/#\/schema\/logo\/image\/\",\"url\":\"https:\/\/www.simasa.com\/wp-content\/uploads\/2016\/03\/logo-1.jpg\",\"contentUrl\":\"https:\/\/www.simasa.com\/wp-content\/uploads\/2016\/03\/logo-1.jpg\",\"width\":121,\"height\":54,\"caption\":\"Sima\"},\"image\":{\"@id\":\"https:\/\/www.simasa.com\/de\/#\/schema\/logo\/image\/\"}}]}<\/script>\n<!-- \/ Yoast SEO plugin. -->","yoast_head_json":{"title":"- HALCON 65 | Sima","description":"HALCON 65. HALCON 65 sind spezielle Maschine f\u00fcr kleine Oberfl\u00e4chen, sowohl f\u00fcr das Gl\u00e4tten als auch f\u00fcr das Trimmen, dank seinen oberen Schutzring, welcher uns erlaubt so nah wie m\u00f6glich and W\u00e4nden ran zu kommenund durch T\u00fcren vorbeizugehen.  &nbsp;","robots":{"index":"noindex","follow":"follow"},"og_locale":"de_DE","og_type":"article","og_title":"- HALCON 65 | Sima","og_description":"HALCON 65. HALCON 65 sind spezielle Maschine f\u00fcr kleine Oberfl\u00e4chen, sowohl f\u00fcr das Gl\u00e4tten als auch f\u00fcr das Trimmen, dank seinen oberen Schutzring, welcher uns erlaubt so nah wie m\u00f6glich and W\u00e4nden ran zu kommenund durch T\u00fcren vorbeizugehen.  &nbsp;","og_url":"https:\/\/www.simasa.com\/de\/producto\/halcon-65\/","og_site_name":"Sima","article_modified_time":"2017-12-26T11:00:15+00:00","og_image":[{"width":800,"height":800,"url":"https:\/\/www.simasa.com\/wp-content\/uploads\/2016\/04\/HALCON-65-CAL.jpg","type":"image\/jpeg"}],"twitter_card":"summary_large_image","twitter_misc":{"Gesch\u00e4tzte Lesezeit":"1\u00a0Minute"},"schema":{"@context":"https:\/\/schema.org","@graph":[{"@type":"WebPage","@id":"https:\/\/www.simasa.com\/de\/producto\/halcon-65\/","url":"https:\/\/www.simasa.com\/de\/producto\/halcon-65\/","name":"- HALCON 65 | Sima","isPartOf":{"@id":"https:\/\/www.simasa.com\/de\/#website"},"primaryImageOfPage":{"@id":"https:\/\/www.simasa.com\/de\/producto\/halcon-65\/#primaryimage"},"image":{"@id":"https:\/\/www.simasa.com\/de\/producto\/halcon-65\/#primaryimage"},"thumbnailUrl":"https:\/\/www.simasa.com\/wp-content\/uploads\/2016\/04\/HALCON-65-CAL.jpg","datePublished":"2016-04-27T08:43:01+00:00","dateModified":"2017-12-26T11:00:15+00:00","description":"HALCON 65. HALCON 65 sind spezielle Maschine f\u00fcr kleine Oberfl\u00e4chen, sowohl f\u00fcr das Gl\u00e4tten als auch f\u00fcr das Trimmen, dank seinen oberen Schutzring, welcher uns erlaubt so nah wie m\u00f6glich and W\u00e4nden ran zu kommenund durch T\u00fcren vorbeizugehen. &nbsp;","breadcrumb":{"@id":"https:\/\/www.simasa.com\/de\/producto\/halcon-65\/#breadcrumb"},"inLanguage":"de","potentialAction":[{"@type":"ReadAction","target":["https:\/\/www.simasa.com\/de\/producto\/halcon-65\/"]}]},{"@type":"ImageObject","inLanguage":"de","@id":"https:\/\/www.simasa.com\/de\/producto\/halcon-65\/#primaryimage","url":"https:\/\/www.simasa.com\/wp-content\/uploads\/2016\/04\/HALCON-65-CAL.jpg","contentUrl":"https:\/\/www.simasa.com\/wp-content\/uploads\/2016\/04\/HALCON-65-CAL.jpg","width":800,"height":800},{"@type":"BreadcrumbList","@id":"https:\/\/www.simasa.com\/de\/producto\/halcon-65\/#breadcrumb","itemListElement":[{"@type":"ListItem","position":1,"name":"Inicio","item":"https:\/\/www.simasa.com\/de\/"},{"@type":"ListItem","position":2,"name":"Katalog","item":"https:\/\/www.simasa.com\/de\/katalog\/"},{"@type":"ListItem","position":3,"name":"HALCON 65"}]},{"@type":"WebSite","@id":"https:\/\/www.simasa.com\/de\/#website","url":"https:\/\/www.simasa.com\/de\/","name":"Sima","description":"Fabricantes de maquinaria para la construcci\u00f3n","publisher":{"@id":"https:\/\/www.simasa.com\/de\/#organization"},"potentialAction":[{"@type":"SearchAction","target":{"@type":"EntryPoint","urlTemplate":"https:\/\/www.simasa.com\/de\/?s={search_term_string}"},"query-input":{"@type":"PropertyValueSpecification","valueRequired":true,"valueName":"search_term_string"}}],"inLanguage":"de"},{"@type":"Organization","@id":"https:\/\/www.simasa.com\/de\/#organization","name":"Sima","url":"https:\/\/www.simasa.com\/de\/","logo":{"@type":"ImageObject","inLanguage":"de","@id":"https:\/\/www.simasa.com\/de\/#\/schema\/logo\/image\/","url":"https:\/\/www.simasa.com\/wp-content\/uploads\/2016\/03\/logo-1.jpg","contentUrl":"https:\/\/www.simasa.com\/wp-content\/uploads\/2016\/03\/logo-1.jpg","width":121,"height":54,"caption":"Sima"},"image":{"@id":"https:\/\/www.simasa.com\/de\/#\/schema\/logo\/image\/"}}]}},"_links":{"self":[{"href":"https:\/\/www.simasa.com\/de\/wp-json\/wp\/v2\/product\/1617","targetHints":{"allow":["GET"]}}],"collection":[{"href":"https:\/\/www.simasa.com\/de\/wp-json\/wp\/v2\/product"}],"about":[{"href":"https:\/\/www.simasa.com\/de\/wp-json\/wp\/v2\/types\/product"}],"replies":[{"embeddable":true,"href":"https:\/\/www.simasa.com\/de\/wp-json\/wp\/v2\/comments?post=1617"}],"wp:featuredmedia":[{"embeddable":true,"href":"https:\/\/www.simasa.com\/de\/wp-json\/wp\/v2\/media\/6550"}],"wp:attachment":[{"href":"https:\/\/www.simasa.com\/de\/wp-json\/wp\/v2\/media?parent=1617"}],"wp:term":[{"taxonomy":"product_brand","embeddable":true,"href":"https:\/\/www.simasa.com\/de\/wp-json\/wp\/v2\/product_brand?post=1617"},{"taxonomy":"product_cat","embeddable":true,"href":"https:\/\/www.simasa.com\/de\/wp-json\/wp\/v2\/product_cat?post=1617"},{"taxonomy":"product_tag","embeddable":true,"href":"https:\/\/www.simasa.com\/de\/wp-json\/wp\/v2\/product_tag?post=1617"}],"curies":[{"name":"wp","href":"https:\/\/api.w.org\/{rel}","templated":true}]}}