{"id":1602,"date":"2016-04-27T08:36:33","date_gmt":"2016-04-27T08:36:33","guid":{"rendered":"https:\/\/www.simasa.com\/de\/product\/trencher-6070-lombardini-25-ld\/"},"modified":"2017-12-26T10:38:19","modified_gmt":"2017-12-26T10:38:19","slug":"trencher-6070","status":"publish","type":"product","link":"https:\/\/www.simasa.com\/de\/producto\/trencher-6070\/","title":{"rendered":"TRENCHER 60\/70"},"content":{"rendered":"<p>Die<strong> TRENCHER<\/strong>\u00a0ist ein Parallelfugenschneider, welcher mit <strong>zwei oder einer Trennscheibe<\/strong> arbeiten kann. Ist f\u00e4hig Trennscheiben mit Durchmesssern von:<\/p>\n<ul>\n<li>\u00d8400<\/li>\n<li>\u00d8350 mm zu verwenden und mit einer Regulierung f\u00fcr die <em>Schnittbreite zwischen 60, 65 und 70 cm<\/em> ausgestattet.<\/li>\n<\/ul>\n<p>Ist eine sehr <strong>robuste und vielseitige<\/strong> Maschine, ausgesstattet\u00a0mit vielen technischen Neuheiten, um<em> eine vielseitige\u00a0Dienstleistung<\/em> und <em>kontiuierliche Arbeit<\/em> bieten zu\u00a0k\u00f6nnen und <em>sehr harte Arbeitsverh\u00e4ltnisse<\/em> stand zu\u00a0halten.<\/p>\n<p>Man kann aber auch diese Maschine <strong>als\u00a0herk\u00f6mlicher Fugenscheider benutzen<\/strong>, indem\u00a0man die Trennscheibe auf die rechte oder\u00a0linke Seite stellt. Damit vermeidet man, dass die\u00a0Maschine bei Steigungen geschoben werden muss.<\/p>\n<p>Ausserdem, kann man die TRENCHER mit den\u00a0notwendigen Separatoren so anpassen, dass man ganz\u00a0<strong>naheliegende Parallelschnitte (5, 8 oder 10 cm)<\/strong>\u00a0machen kann.<\/p>\n<p><strong>Parallelschnitte in einem Durchgang:<\/strong><\/p>\n<ul>\n<li>Doppelter Trennscheibenschutz<\/li>\n<li>Doppelter Wassertank<\/li>\n<li>Beidseitige oder nur rechts\/links Schnitte<\/li>\n<li>Schnitth\u00f6he-Blockierung<\/li>\n<li>Der Honda-Motor ist mit Zyklonfilter erh\u00e4ltlich<\/li>\n<li>Sichtger\u00e4t f\u00fcr \u00d6lf\u00fcllung, \u00d6lstand und Entleerung<\/li>\n<li>Feststellbremse<\/li>\n<li>Vorderes und hinteres Schutzgeh\u00e4use<\/li>\n<li>Schutzeinrichtung f\u00fcr die Radlager<\/li>\n<\/ul>\n<p><img loading=\"lazy\" decoding=\"async\" class=\"alignnone wp-image-9244 size-full\" src=\"https:\/\/www.simasa.com\/wp-content\/uploads\/2016\/04\/vorteile-trencher.jpg\" alt=\"\" width=\"1118\" height=\"498\" srcset=\"https:\/\/www.simasa.com\/wp-content\/uploads\/2016\/04\/vorteile-trencher.jpg 1118w, https:\/\/www.simasa.com\/wp-content\/uploads\/2016\/04\/vorteile-trencher-416x185.jpg 416w\" sizes=\"auto, (max-width: 1118px) 100vw, 1118px\" \/><\/p>\n<p><img loading=\"lazy\" decoding=\"async\" class=\"alignnone wp-image-9224 size-full\" src=\"https:\/\/www.simasa.com\/wp-content\/uploads\/2016\/04\/tabla-trencher-de.jpg\" alt=\"\" width=\"1115\" height=\"288\" srcset=\"https:\/\/www.simasa.com\/wp-content\/uploads\/2016\/04\/tabla-trencher-de.jpg 1115w, https:\/\/www.simasa.com\/wp-content\/uploads\/2016\/04\/tabla-trencher-de-416x107.jpg 416w\" sizes=\"auto, (max-width: 1115px) 100vw, 1115px\" \/><\/p>\n<p><img loading=\"lazy\" decoding=\"async\" class=\"alignnone wp-image-9220 size-full\" src=\"https:\/\/www.simasa.com\/wp-content\/uploads\/2016\/04\/laufzeit-trencher.jpg\" alt=\"\" width=\"1135\" height=\"358\" srcset=\"https:\/\/www.simasa.com\/wp-content\/uploads\/2016\/04\/laufzeit-trencher.jpg 1135w, https:\/\/www.simasa.com\/wp-content\/uploads\/2016\/04\/laufzeit-trencher-416x131.jpg 416w\" sizes=\"auto, (max-width: 1135px) 100vw, 1135px\" \/><\/p>\n<p><img loading=\"lazy\" decoding=\"async\" class=\"alignnone wp-image-9240 size-full\" src=\"https:\/\/www.simasa.com\/wp-content\/uploads\/2016\/04\/vergleich-trencher.jpg\" alt=\"\" width=\"1115\" height=\"358\" srcset=\"https:\/\/www.simasa.com\/wp-content\/uploads\/2016\/04\/vergleich-trencher.jpg 1115w, https:\/\/www.simasa.com\/wp-content\/uploads\/2016\/04\/vergleich-trencher-416x134.jpg 416w\" sizes=\"auto, (max-width: 1115px) 100vw, 1115px\" \/><\/p>\n<p><iframe loading=\"lazy\" src=\"https:\/\/www.youtube.com\/embed\/IeBDBd0vdqo\" width=\"700\" height=\"394\" frameborder=\"0\" allowfullscreen=\"allowfullscreen\"><\/iframe><\/p>\n","protected":false},"excerpt":{"rendered":"<p>Die<strong> TRENCHER<\/strong>\u00a0ist ein Parallelfugenschneider, welcher mit <strong>zwei oder einer Trennscheibe<\/strong> arbeiten kann.<\/p>\n<p>&nbsp;<\/p>\n","protected":false},"featured_media":6776,"comment_status":"open","ping_status":"closed","template":"","meta":{"_acf_changed":false},"product_brand":[],"product_cat":[1786],"product_tag":[3705],"class_list":{"0":"post-1602","1":"product","2":"type-product","3":"status-publish","4":"has-post-thumbnail","6":"product_cat-fugenschneider","7":"product_tag-cortadoras-de-pavimento-de","8":"pa_blade-included-no-de","9":"pa_max-blade-diameter-mm-3747","10":"pa_max-cutting-depth-mm-3907","11":"pa_power-diesel-de","12":"pa_power-petrol","14":"first","15":"instock","16":"shipping-taxable","17":"product-type-simple"},"acf":[],"yoast_head":"<!-- This site is optimized with the Yoast SEO plugin v27.4 - https:\/\/yoast.com\/product\/yoast-seo-wordpress\/ -->\n<title>Cortadoras de Pavimento - TRENCHER 60\/70 | Sima<\/title>\n<meta name=\"description\" content=\"TRENCHER 60\/70. Die TRENCHER\u00a0ist ein Parallelfugenschneider, welcher mit zwei oder einer Trennscheibe arbeiten kann.  &nbsp;\" \/>\n<meta name=\"robots\" content=\"noindex, follow\" \/>\n<meta property=\"og:locale\" content=\"de_DE\" \/>\n<meta property=\"og:type\" content=\"article\" \/>\n<meta property=\"og:title\" content=\"Cortadoras de Pavimento - TRENCHER 60\/70 | Sima\" \/>\n<meta property=\"og:description\" content=\"TRENCHER 60\/70. Die TRENCHER\u00a0ist ein Parallelfugenschneider, welcher mit zwei oder einer Trennscheibe arbeiten kann.  &nbsp;\" \/>\n<meta property=\"og:url\" content=\"https:\/\/www.simasa.com\/de\/producto\/trencher-6070\/\" \/>\n<meta property=\"og:site_name\" content=\"Sima\" \/>\n<meta property=\"article:modified_time\" content=\"2017-12-26T10:38:19+00:00\" \/>\n<meta property=\"og:image\" content=\"https:\/\/www.simasa.com\/wp-content\/uploads\/2016\/04\/Trencher-3.jpg\" \/>\n\t<meta property=\"og:image:width\" content=\"1189\" \/>\n\t<meta property=\"og:image:height\" content=\"1024\" \/>\n\t<meta property=\"og:image:type\" content=\"image\/jpeg\" \/>\n<meta name=\"twitter:card\" content=\"summary_large_image\" \/>\n<meta name=\"twitter:label1\" content=\"Gesch\u00e4tzte Lesezeit\" \/>\n\t<meta name=\"twitter:data1\" content=\"1\u00a0Minute\" \/>\n<script type=\"application\/ld+json\" class=\"yoast-schema-graph\">{\"@context\":\"https:\\\/\\\/schema.org\",\"@graph\":[{\"@type\":\"WebPage\",\"@id\":\"https:\\\/\\\/www.simasa.com\\\/de\\\/producto\\\/trencher-6070\\\/\",\"url\":\"https:\\\/\\\/www.simasa.com\\\/de\\\/producto\\\/trencher-6070\\\/\",\"name\":\"Cortadoras de Pavimento - TRENCHER 60\\\/70 | Sima\",\"isPartOf\":{\"@id\":\"https:\\\/\\\/www.simasa.com\\\/de\\\/#website\"},\"primaryImageOfPage\":{\"@id\":\"https:\\\/\\\/www.simasa.com\\\/de\\\/producto\\\/trencher-6070\\\/#primaryimage\"},\"image\":{\"@id\":\"https:\\\/\\\/www.simasa.com\\\/de\\\/producto\\\/trencher-6070\\\/#primaryimage\"},\"thumbnailUrl\":\"https:\\\/\\\/www.simasa.com\\\/wp-content\\\/uploads\\\/2016\\\/04\\\/Trencher-3.jpg\",\"datePublished\":\"2016-04-27T08:36:33+00:00\",\"dateModified\":\"2017-12-26T10:38:19+00:00\",\"description\":\"TRENCHER 60\\\/70. Die TRENCHER\u00a0ist ein Parallelfugenschneider, welcher mit zwei oder einer Trennscheibe arbeiten kann. &nbsp;\",\"breadcrumb\":{\"@id\":\"https:\\\/\\\/www.simasa.com\\\/de\\\/producto\\\/trencher-6070\\\/#breadcrumb\"},\"inLanguage\":\"de\",\"potentialAction\":[{\"@type\":\"ReadAction\",\"target\":[\"https:\\\/\\\/www.simasa.com\\\/de\\\/producto\\\/trencher-6070\\\/\"]}]},{\"@type\":\"ImageObject\",\"inLanguage\":\"de\",\"@id\":\"https:\\\/\\\/www.simasa.com\\\/de\\\/producto\\\/trencher-6070\\\/#primaryimage\",\"url\":\"https:\\\/\\\/www.simasa.com\\\/wp-content\\\/uploads\\\/2016\\\/04\\\/Trencher-3.jpg\",\"contentUrl\":\"https:\\\/\\\/www.simasa.com\\\/wp-content\\\/uploads\\\/2016\\\/04\\\/Trencher-3.jpg\",\"width\":1189,\"height\":1024},{\"@type\":\"BreadcrumbList\",\"@id\":\"https:\\\/\\\/www.simasa.com\\\/de\\\/producto\\\/trencher-6070\\\/#breadcrumb\",\"itemListElement\":[{\"@type\":\"ListItem\",\"position\":1,\"name\":\"Inicio\",\"item\":\"https:\\\/\\\/www.simasa.com\\\/de\\\/\"},{\"@type\":\"ListItem\",\"position\":2,\"name\":\"Katalog\",\"item\":\"https:\\\/\\\/www.simasa.com\\\/de\\\/katalog\\\/\"},{\"@type\":\"ListItem\",\"position\":3,\"name\":\"TRENCHER 60\\\/70\"}]},{\"@type\":\"WebSite\",\"@id\":\"https:\\\/\\\/www.simasa.com\\\/de\\\/#website\",\"url\":\"https:\\\/\\\/www.simasa.com\\\/de\\\/\",\"name\":\"Sima\",\"description\":\"Fabricantes de maquinaria para la construcci\u00f3n\",\"publisher\":{\"@id\":\"https:\\\/\\\/www.simasa.com\\\/de\\\/#organization\"},\"potentialAction\":[{\"@type\":\"SearchAction\",\"target\":{\"@type\":\"EntryPoint\",\"urlTemplate\":\"https:\\\/\\\/www.simasa.com\\\/de\\\/?s={search_term_string}\"},\"query-input\":{\"@type\":\"PropertyValueSpecification\",\"valueRequired\":true,\"valueName\":\"search_term_string\"}}],\"inLanguage\":\"de\"},{\"@type\":\"Organization\",\"@id\":\"https:\\\/\\\/www.simasa.com\\\/de\\\/#organization\",\"name\":\"Sima\",\"url\":\"https:\\\/\\\/www.simasa.com\\\/de\\\/\",\"logo\":{\"@type\":\"ImageObject\",\"inLanguage\":\"de\",\"@id\":\"https:\\\/\\\/www.simasa.com\\\/de\\\/#\\\/schema\\\/logo\\\/image\\\/\",\"url\":\"https:\\\/\\\/www.simasa.com\\\/wp-content\\\/uploads\\\/2016\\\/03\\\/logo-1.jpg\",\"contentUrl\":\"https:\\\/\\\/www.simasa.com\\\/wp-content\\\/uploads\\\/2016\\\/03\\\/logo-1.jpg\",\"width\":121,\"height\":54,\"caption\":\"Sima\"},\"image\":{\"@id\":\"https:\\\/\\\/www.simasa.com\\\/de\\\/#\\\/schema\\\/logo\\\/image\\\/\"}}]}<\/script>\n<!-- \/ Yoast SEO plugin. -->","yoast_head_json":{"title":"Cortadoras de Pavimento - TRENCHER 60\/70 | Sima","description":"TRENCHER 60\/70. Die TRENCHER\u00a0ist ein Parallelfugenschneider, welcher mit zwei oder einer Trennscheibe arbeiten kann.  &nbsp;","robots":{"index":"noindex","follow":"follow"},"og_locale":"de_DE","og_type":"article","og_title":"Cortadoras de Pavimento - TRENCHER 60\/70 | Sima","og_description":"TRENCHER 60\/70. Die TRENCHER\u00a0ist ein Parallelfugenschneider, welcher mit zwei oder einer Trennscheibe arbeiten kann.  &nbsp;","og_url":"https:\/\/www.simasa.com\/de\/producto\/trencher-6070\/","og_site_name":"Sima","article_modified_time":"2017-12-26T10:38:19+00:00","og_image":[{"width":1189,"height":1024,"url":"https:\/\/www.simasa.com\/wp-content\/uploads\/2016\/04\/Trencher-3.jpg","type":"image\/jpeg"}],"twitter_card":"summary_large_image","twitter_misc":{"Gesch\u00e4tzte Lesezeit":"1\u00a0Minute"},"schema":{"@context":"https:\/\/schema.org","@graph":[{"@type":"WebPage","@id":"https:\/\/www.simasa.com\/de\/producto\/trencher-6070\/","url":"https:\/\/www.simasa.com\/de\/producto\/trencher-6070\/","name":"Cortadoras de Pavimento - TRENCHER 60\/70 | Sima","isPartOf":{"@id":"https:\/\/www.simasa.com\/de\/#website"},"primaryImageOfPage":{"@id":"https:\/\/www.simasa.com\/de\/producto\/trencher-6070\/#primaryimage"},"image":{"@id":"https:\/\/www.simasa.com\/de\/producto\/trencher-6070\/#primaryimage"},"thumbnailUrl":"https:\/\/www.simasa.com\/wp-content\/uploads\/2016\/04\/Trencher-3.jpg","datePublished":"2016-04-27T08:36:33+00:00","dateModified":"2017-12-26T10:38:19+00:00","description":"TRENCHER 60\/70. Die TRENCHER\u00a0ist ein Parallelfugenschneider, welcher mit zwei oder einer Trennscheibe arbeiten kann. &nbsp;","breadcrumb":{"@id":"https:\/\/www.simasa.com\/de\/producto\/trencher-6070\/#breadcrumb"},"inLanguage":"de","potentialAction":[{"@type":"ReadAction","target":["https:\/\/www.simasa.com\/de\/producto\/trencher-6070\/"]}]},{"@type":"ImageObject","inLanguage":"de","@id":"https:\/\/www.simasa.com\/de\/producto\/trencher-6070\/#primaryimage","url":"https:\/\/www.simasa.com\/wp-content\/uploads\/2016\/04\/Trencher-3.jpg","contentUrl":"https:\/\/www.simasa.com\/wp-content\/uploads\/2016\/04\/Trencher-3.jpg","width":1189,"height":1024},{"@type":"BreadcrumbList","@id":"https:\/\/www.simasa.com\/de\/producto\/trencher-6070\/#breadcrumb","itemListElement":[{"@type":"ListItem","position":1,"name":"Inicio","item":"https:\/\/www.simasa.com\/de\/"},{"@type":"ListItem","position":2,"name":"Katalog","item":"https:\/\/www.simasa.com\/de\/katalog\/"},{"@type":"ListItem","position":3,"name":"TRENCHER 60\/70"}]},{"@type":"WebSite","@id":"https:\/\/www.simasa.com\/de\/#website","url":"https:\/\/www.simasa.com\/de\/","name":"Sima","description":"Fabricantes de maquinaria para la construcci\u00f3n","publisher":{"@id":"https:\/\/www.simasa.com\/de\/#organization"},"potentialAction":[{"@type":"SearchAction","target":{"@type":"EntryPoint","urlTemplate":"https:\/\/www.simasa.com\/de\/?s={search_term_string}"},"query-input":{"@type":"PropertyValueSpecification","valueRequired":true,"valueName":"search_term_string"}}],"inLanguage":"de"},{"@type":"Organization","@id":"https:\/\/www.simasa.com\/de\/#organization","name":"Sima","url":"https:\/\/www.simasa.com\/de\/","logo":{"@type":"ImageObject","inLanguage":"de","@id":"https:\/\/www.simasa.com\/de\/#\/schema\/logo\/image\/","url":"https:\/\/www.simasa.com\/wp-content\/uploads\/2016\/03\/logo-1.jpg","contentUrl":"https:\/\/www.simasa.com\/wp-content\/uploads\/2016\/03\/logo-1.jpg","width":121,"height":54,"caption":"Sima"},"image":{"@id":"https:\/\/www.simasa.com\/de\/#\/schema\/logo\/image\/"}}]}},"_links":{"self":[{"href":"https:\/\/www.simasa.com\/de\/wp-json\/wp\/v2\/product\/1602","targetHints":{"allow":["GET"]}}],"collection":[{"href":"https:\/\/www.simasa.com\/de\/wp-json\/wp\/v2\/product"}],"about":[{"href":"https:\/\/www.simasa.com\/de\/wp-json\/wp\/v2\/types\/product"}],"replies":[{"embeddable":true,"href":"https:\/\/www.simasa.com\/de\/wp-json\/wp\/v2\/comments?post=1602"}],"wp:featuredmedia":[{"embeddable":true,"href":"https:\/\/www.simasa.com\/de\/wp-json\/wp\/v2\/media\/6776"}],"wp:attachment":[{"href":"https:\/\/www.simasa.com\/de\/wp-json\/wp\/v2\/media?parent=1602"}],"wp:term":[{"taxonomy":"product_brand","embeddable":true,"href":"https:\/\/www.simasa.com\/de\/wp-json\/wp\/v2\/product_brand?post=1602"},{"taxonomy":"product_cat","embeddable":true,"href":"https:\/\/www.simasa.com\/de\/wp-json\/wp\/v2\/product_cat?post=1602"},{"taxonomy":"product_tag","embeddable":true,"href":"https:\/\/www.simasa.com\/de\/wp-json\/wp\/v2\/product_tag?post=1602"}],"curies":[{"name":"wp","href":"https:\/\/api.w.org\/{rel}","templated":true}]}}