{"id":1367,"date":"2016-04-25T06:55:06","date_gmt":"2016-04-25T06:55:06","guid":{"rendered":"https:\/\/www.simasa.com\/de\/product\/bali-700-mk-230v-60hz-t\/"},"modified":"2017-12-25T16:50:04","modified_gmt":"2017-12-25T16:50:04","slug":"bali-700","status":"publish","type":"product","link":"https:\/\/www.simasa.com\/de\/producto\/bali-700\/","title":{"rendered":"BALI 700"},"content":{"rendered":"<p>Das innovative Konzept der Mekano wird f\u00fcr die <strong>BALI<\/strong> Maschinen angewendet, um eine grosse Vielzahl von Blocksteins\u00e4gen in einer Maschine zu erm\u00f6glichen, welche dann 100% konfigurierbar sind und sich an den Bed\u00fcrfnissen der Kunden bestens anpasssen.<\/p>\n<p>Entwickelt um jede Art von Blocksteinen aus <strong>Beton,\u00a0Poroton<\/strong> oder andere \u00fcblichen Baumaterialien wie:<\/p>\n<ul>\n<li><strong> Ziegel<\/strong><\/li>\n<li><strong>Fliesen<\/strong><\/li>\n<li><strong>und Terrazzo<\/strong> zu schneiden.<\/li>\n<\/ul>\n<p>Diese Maschinen sind so entworfen worden, dass sie\u00a0auch f\u00fcr verschiedene Arbeiten verwendet werden<br \/>\nk\u00f6nnen. Da die Schnittl\u00e4nge und -h\u00f6he je nach Bedarf\u00a0reguliert werden kann.<br \/>\nDie BALI Mekano Modelle bestehen aus <strong>60-90%\u00a0rostfreien<\/strong> und ekologische Materialien, die der<br \/>\nMaschine mehr Effizienz verleihen.<\/p>\n<p>Built to Last: Chassis aus Aluminium und Wanne aus\u00a0verzinktem Stahl <strong>f\u00fcr eine hohe Oxidationsbest\u00e4ndigkeit.\u00a0<\/strong><\/p>\n<p>Die Maschinenmodelle <strong>BALI 700<\/strong> sind eine <strong>leichtere und\u00a0tragbare L\u00f6sung<\/strong> zum Schneiden von grossen Bl\u00f6cken.\u00a0Man kann zwischen Wechselstrom- und Drehstrommotoren\u00a0w\u00e4hlen, welche eine normale Verbindung mit dem Netzwerk\u00a0erm\u00f6glichen.<\/p>\n<p>Die <strong>BALI 700\u00a0<\/strong>verwendet Diamanttrennscheiben mit:<\/p>\n<ul>\n<li><em>600<\/em><\/li>\n<li><em>650<\/em><\/li>\n<li><em>und 700 mm<\/em> Durchmesser und bietet eine\u00a0max. Schnitth\u00f6he von 270 mm in einem einzigen\u00a0Durchgang.<\/li>\n<\/ul>\n<p><strong>Robuste und vielf\u00e4ltige Blocksteins\u00e4gen:<\/strong><\/p>\n<ul>\n<li>Die passende Gr\u00f6sse der Maschinen vereinfachen die Lagerung.<\/li>\n<li>Chassis aus extrudiertem und eloxiertem Aluminium f\u00fcr eine lange\u00a0Haltbarkeit und geringeren Gewicht, was den Transport und die\u00a0Arbeit vor Ort sehr vereinfacht.<\/li>\n<li>Die Wasserwanne besteht aus verzinktem Stahl um Rostbildung zu\u00a0verhindern.<\/li>\n<li>Die F\u00fchrungsrollen des Arbeitstisches sind aus verst\u00e4rktem und\u00a0eloxierten Stahl, was die Genauigkeit und Pr\u00e4zision des Schnittes\u00a0gew\u00e4hrleisten und verhindert Rostbildung durch den Kontakt mit\u00a0dem Wasser.<\/li>\n<li>Grosse Schnitth\u00f6he, die 200 mm bei der BALI 500 und 350 mm bei\u00a0der BALI 700 erreicht werden.<\/li>\n<li>Erm\u00f6glicht den Schneidekopf in verschiedenen H\u00f6hen schnell und\u00a0einfach einzustellen.<\/li>\n<li>Diese Maschinen sind sehr robust, was Vibrationen w\u00e4hrend des\u00a0Schneidens verhindert und deshalbt eine h\u00f6here Leistung von den\u00a0Diamanttrennscheiben erzielt werden.<\/li>\n<li>Diese Maschinenmodelle sind ideal zum Schneiden von Granit mi 2,\u00a04, 6, 8 und 10 cm H\u00f6he.<\/li>\n<\/ul>\n<p><img loading=\"lazy\" decoding=\"async\" class=\"alignnone wp-image-8676 size-full\" src=\"https:\/\/www.simasa.com\/wp-content\/uploads\/2017\/05\/vorteile-bali.jpg\" alt=\"\" width=\"1120\" height=\"494\" srcset=\"https:\/\/www.simasa.com\/wp-content\/uploads\/2017\/05\/vorteile-bali.jpg 1120w, https:\/\/www.simasa.com\/wp-content\/uploads\/2017\/05\/vorteile-bali-416x183.jpg 416w\" sizes=\"auto, (max-width: 1120px) 100vw, 1120px\" \/><\/p>\n<p><img loading=\"lazy\" decoding=\"async\" class=\"alignnone wp-image-8640 size-full\" src=\"https:\/\/www.simasa.com\/wp-content\/uploads\/2017\/05\/materialien-bali.jpg\" alt=\"\" width=\"1119\" height=\"145\" srcset=\"https:\/\/www.simasa.com\/wp-content\/uploads\/2017\/05\/materialien-bali.jpg 1119w, https:\/\/www.simasa.com\/wp-content\/uploads\/2017\/05\/materialien-bali-416x54.jpg 416w\" sizes=\"auto, (max-width: 1119px) 100vw, 1119px\" \/><\/p>\n<p><img loading=\"lazy\" decoding=\"async\" class=\"alignnone wp-image-8664 size-full\" src=\"https:\/\/www.simasa.com\/wp-content\/uploads\/2017\/05\/tabla-bali700-de.jpg\" alt=\"\" width=\"1118\" height=\"351\" srcset=\"https:\/\/www.simasa.com\/wp-content\/uploads\/2017\/05\/tabla-bali700-de.jpg 1118w, https:\/\/www.simasa.com\/wp-content\/uploads\/2017\/05\/tabla-bali700-de-416x131.jpg 416w\" sizes=\"auto, (max-width: 1118px) 100vw, 1118px\" \/><\/p>\n<p><iframe loading=\"lazy\" src=\"https:\/\/www.youtube.com\/embed\/47j12H7Cqbg\" width=\"700\" height=\"394\" frameborder=\"0\" allowfullscreen=\"allowfullscreen\"><\/iframe><\/p>\n","protected":false},"excerpt":{"rendered":"<p>Die <strong>BALI 700<\/strong> verwendet Diamanttrennscheiben mit 600, 650 und 700 mm Durchmesser und bietet eine max. Schnitth\u00f6he von 270 mm in einem einzigen Durchgang.<\/p>\n<p>&nbsp;<\/p>\n","protected":false},"featured_media":5455,"comment_status":"open","ping_status":"closed","template":"","meta":{"_acf_changed":false},"product_brand":[],"product_cat":[1766],"product_tag":[2792],"class_list":{"0":"post-1367","1":"product","2":"type-product","3":"status-publish","4":"has-post-thumbnail","6":"product_cat-blocksteinsagen","7":"product_tag-cortadora-de-materiales-de","8":"pa_45-cutting-nein-45-cutting-de","9":"pa_blade-included-no-de","10":"pa_max-blade-diameter-mm-3753","11":"pa_max-cutting-depth-mm-3875","12":"pa_max-cutting-length-mm-3918","14":"first","15":"instock","16":"shipping-taxable","17":"product-type-simple"},"acf":[],"yoast_head":"<!-- This site is optimized with the Yoast SEO plugin v27.2 - https:\/\/yoast.com\/product\/yoast-seo-wordpress\/ -->\n<title>Cortadora de Materiales - BALI 700 | Sima<\/title>\n<meta name=\"description\" content=\"BALI 700. Die BALI 700 verwendet Diamanttrennscheiben mit 600, 650 und 700 mm Durchmesser und bietet eine max. Schnitth\u00f6he von 270 mm in einem einzigen Durchgang.  &nbsp;\" \/>\n<meta name=\"robots\" content=\"noindex, follow\" \/>\n<meta property=\"og:locale\" content=\"de_DE\" \/>\n<meta property=\"og:type\" content=\"article\" \/>\n<meta property=\"og:title\" content=\"Cortadora de Materiales - BALI 700 | Sima\" \/>\n<meta property=\"og:description\" content=\"BALI 700. Die BALI 700 verwendet Diamanttrennscheiben mit 600, 650 und 700 mm Durchmesser und bietet eine max. Schnitth\u00f6he von 270 mm in einem einzigen Durchgang.  &nbsp;\" \/>\n<meta property=\"og:url\" content=\"https:\/\/www.simasa.com\/de\/producto\/bali-700\/\" \/>\n<meta property=\"og:site_name\" content=\"Sima\" \/>\n<meta property=\"article:modified_time\" content=\"2017-12-25T16:50:04+00:00\" \/>\n<meta property=\"og:image\" content=\"https:\/\/www.simasa.com\/wp-content\/uploads\/2016\/04\/SIMA-BALI-700.png\" \/>\n\t<meta property=\"og:image:width\" content=\"980\" \/>\n\t<meta property=\"og:image:height\" content=\"980\" \/>\n\t<meta property=\"og:image:type\" content=\"image\/png\" \/>\n<meta name=\"twitter:card\" content=\"summary_large_image\" \/>\n<meta name=\"twitter:label1\" content=\"Gesch\u00e4tzte Lesezeit\" \/>\n\t<meta name=\"twitter:data1\" content=\"2\u00a0Minuten\" \/>\n<script type=\"application\/ld+json\" class=\"yoast-schema-graph\">{\"@context\":\"https:\/\/schema.org\",\"@graph\":[{\"@type\":\"WebPage\",\"@id\":\"https:\/\/www.simasa.com\/de\/producto\/bali-700\/\",\"url\":\"https:\/\/www.simasa.com\/de\/producto\/bali-700\/\",\"name\":\"Cortadora de Materiales - BALI 700 | Sima\",\"isPartOf\":{\"@id\":\"https:\/\/www.simasa.com\/de\/#website\"},\"primaryImageOfPage\":{\"@id\":\"https:\/\/www.simasa.com\/de\/producto\/bali-700\/#primaryimage\"},\"image\":{\"@id\":\"https:\/\/www.simasa.com\/de\/producto\/bali-700\/#primaryimage\"},\"thumbnailUrl\":\"https:\/\/www.simasa.com\/wp-content\/uploads\/2016\/04\/SIMA-BALI-700.png\",\"datePublished\":\"2016-04-25T06:55:06+00:00\",\"dateModified\":\"2017-12-25T16:50:04+00:00\",\"description\":\"BALI 700. Die BALI 700 verwendet Diamanttrennscheiben mit 600, 650 und 700 mm Durchmesser und bietet eine max. Schnitth\u00f6he von 270 mm in einem einzigen Durchgang. &nbsp;\",\"breadcrumb\":{\"@id\":\"https:\/\/www.simasa.com\/de\/producto\/bali-700\/#breadcrumb\"},\"inLanguage\":\"de\",\"potentialAction\":[{\"@type\":\"ReadAction\",\"target\":[\"https:\/\/www.simasa.com\/de\/producto\/bali-700\/\"]}]},{\"@type\":\"ImageObject\",\"inLanguage\":\"de\",\"@id\":\"https:\/\/www.simasa.com\/de\/producto\/bali-700\/#primaryimage\",\"url\":\"https:\/\/www.simasa.com\/wp-content\/uploads\/2016\/04\/SIMA-BALI-700.png\",\"contentUrl\":\"https:\/\/www.simasa.com\/wp-content\/uploads\/2016\/04\/SIMA-BALI-700.png\",\"width\":2466,\"height\":2466},{\"@type\":\"BreadcrumbList\",\"@id\":\"https:\/\/www.simasa.com\/de\/producto\/bali-700\/#breadcrumb\",\"itemListElement\":[{\"@type\":\"ListItem\",\"position\":1,\"name\":\"Inicio\",\"item\":\"https:\/\/www.simasa.com\/de\/\"},{\"@type\":\"ListItem\",\"position\":2,\"name\":\"Katalog\",\"item\":\"https:\/\/www.simasa.com\/de\/katalog\/\"},{\"@type\":\"ListItem\",\"position\":3,\"name\":\"BALI 700\"}]},{\"@type\":\"WebSite\",\"@id\":\"https:\/\/www.simasa.com\/de\/#website\",\"url\":\"https:\/\/www.simasa.com\/de\/\",\"name\":\"Sima\",\"description\":\"Fabricantes de maquinaria para la construcci\u00f3n\",\"publisher\":{\"@id\":\"https:\/\/www.simasa.com\/de\/#organization\"},\"potentialAction\":[{\"@type\":\"SearchAction\",\"target\":{\"@type\":\"EntryPoint\",\"urlTemplate\":\"https:\/\/www.simasa.com\/de\/?s={search_term_string}\"},\"query-input\":{\"@type\":\"PropertyValueSpecification\",\"valueRequired\":true,\"valueName\":\"search_term_string\"}}],\"inLanguage\":\"de\"},{\"@type\":\"Organization\",\"@id\":\"https:\/\/www.simasa.com\/de\/#organization\",\"name\":\"Sima\",\"url\":\"https:\/\/www.simasa.com\/de\/\",\"logo\":{\"@type\":\"ImageObject\",\"inLanguage\":\"de\",\"@id\":\"https:\/\/www.simasa.com\/de\/#\/schema\/logo\/image\/\",\"url\":\"https:\/\/www.simasa.com\/wp-content\/uploads\/2016\/03\/logo-1.jpg\",\"contentUrl\":\"https:\/\/www.simasa.com\/wp-content\/uploads\/2016\/03\/logo-1.jpg\",\"width\":121,\"height\":54,\"caption\":\"Sima\"},\"image\":{\"@id\":\"https:\/\/www.simasa.com\/de\/#\/schema\/logo\/image\/\"}}]}<\/script>\n<!-- \/ Yoast SEO plugin. -->","yoast_head_json":{"title":"Cortadora de Materiales - BALI 700 | Sima","description":"BALI 700. Die BALI 700 verwendet Diamanttrennscheiben mit 600, 650 und 700 mm Durchmesser und bietet eine max. Schnitth\u00f6he von 270 mm in einem einzigen Durchgang.  &nbsp;","robots":{"index":"noindex","follow":"follow"},"og_locale":"de_DE","og_type":"article","og_title":"Cortadora de Materiales - BALI 700 | Sima","og_description":"BALI 700. Die BALI 700 verwendet Diamanttrennscheiben mit 600, 650 und 700 mm Durchmesser und bietet eine max. Schnitth\u00f6he von 270 mm in einem einzigen Durchgang.  &nbsp;","og_url":"https:\/\/www.simasa.com\/de\/producto\/bali-700\/","og_site_name":"Sima","article_modified_time":"2017-12-25T16:50:04+00:00","og_image":[{"url":"https:\/\/www.simasa.com\/wp-content\/uploads\/2016\/04\/SIMA-BALI-700.png","width":980,"height":980,"type":"image\/png"}],"twitter_card":"summary_large_image","twitter_misc":{"Gesch\u00e4tzte Lesezeit":"2\u00a0Minuten"},"schema":{"@context":"https:\/\/schema.org","@graph":[{"@type":"WebPage","@id":"https:\/\/www.simasa.com\/de\/producto\/bali-700\/","url":"https:\/\/www.simasa.com\/de\/producto\/bali-700\/","name":"Cortadora de Materiales - BALI 700 | Sima","isPartOf":{"@id":"https:\/\/www.simasa.com\/de\/#website"},"primaryImageOfPage":{"@id":"https:\/\/www.simasa.com\/de\/producto\/bali-700\/#primaryimage"},"image":{"@id":"https:\/\/www.simasa.com\/de\/producto\/bali-700\/#primaryimage"},"thumbnailUrl":"https:\/\/www.simasa.com\/wp-content\/uploads\/2016\/04\/SIMA-BALI-700.png","datePublished":"2016-04-25T06:55:06+00:00","dateModified":"2017-12-25T16:50:04+00:00","description":"BALI 700. Die BALI 700 verwendet Diamanttrennscheiben mit 600, 650 und 700 mm Durchmesser und bietet eine max. Schnitth\u00f6he von 270 mm in einem einzigen Durchgang. &nbsp;","breadcrumb":{"@id":"https:\/\/www.simasa.com\/de\/producto\/bali-700\/#breadcrumb"},"inLanguage":"de","potentialAction":[{"@type":"ReadAction","target":["https:\/\/www.simasa.com\/de\/producto\/bali-700\/"]}]},{"@type":"ImageObject","inLanguage":"de","@id":"https:\/\/www.simasa.com\/de\/producto\/bali-700\/#primaryimage","url":"https:\/\/www.simasa.com\/wp-content\/uploads\/2016\/04\/SIMA-BALI-700.png","contentUrl":"https:\/\/www.simasa.com\/wp-content\/uploads\/2016\/04\/SIMA-BALI-700.png","width":2466,"height":2466},{"@type":"BreadcrumbList","@id":"https:\/\/www.simasa.com\/de\/producto\/bali-700\/#breadcrumb","itemListElement":[{"@type":"ListItem","position":1,"name":"Inicio","item":"https:\/\/www.simasa.com\/de\/"},{"@type":"ListItem","position":2,"name":"Katalog","item":"https:\/\/www.simasa.com\/de\/katalog\/"},{"@type":"ListItem","position":3,"name":"BALI 700"}]},{"@type":"WebSite","@id":"https:\/\/www.simasa.com\/de\/#website","url":"https:\/\/www.simasa.com\/de\/","name":"Sima","description":"Fabricantes de maquinaria para la construcci\u00f3n","publisher":{"@id":"https:\/\/www.simasa.com\/de\/#organization"},"potentialAction":[{"@type":"SearchAction","target":{"@type":"EntryPoint","urlTemplate":"https:\/\/www.simasa.com\/de\/?s={search_term_string}"},"query-input":{"@type":"PropertyValueSpecification","valueRequired":true,"valueName":"search_term_string"}}],"inLanguage":"de"},{"@type":"Organization","@id":"https:\/\/www.simasa.com\/de\/#organization","name":"Sima","url":"https:\/\/www.simasa.com\/de\/","logo":{"@type":"ImageObject","inLanguage":"de","@id":"https:\/\/www.simasa.com\/de\/#\/schema\/logo\/image\/","url":"https:\/\/www.simasa.com\/wp-content\/uploads\/2016\/03\/logo-1.jpg","contentUrl":"https:\/\/www.simasa.com\/wp-content\/uploads\/2016\/03\/logo-1.jpg","width":121,"height":54,"caption":"Sima"},"image":{"@id":"https:\/\/www.simasa.com\/de\/#\/schema\/logo\/image\/"}}]}},"_links":{"self":[{"href":"https:\/\/www.simasa.com\/de\/wp-json\/wp\/v2\/product\/1367","targetHints":{"allow":["GET"]}}],"collection":[{"href":"https:\/\/www.simasa.com\/de\/wp-json\/wp\/v2\/product"}],"about":[{"href":"https:\/\/www.simasa.com\/de\/wp-json\/wp\/v2\/types\/product"}],"replies":[{"embeddable":true,"href":"https:\/\/www.simasa.com\/de\/wp-json\/wp\/v2\/comments?post=1367"}],"wp:featuredmedia":[{"embeddable":true,"href":"https:\/\/www.simasa.com\/de\/wp-json\/wp\/v2\/media\/5455"}],"wp:attachment":[{"href":"https:\/\/www.simasa.com\/de\/wp-json\/wp\/v2\/media?parent=1367"}],"wp:term":[{"taxonomy":"product_brand","embeddable":true,"href":"https:\/\/www.simasa.com\/de\/wp-json\/wp\/v2\/product_brand?post=1367"},{"taxonomy":"product_cat","embeddable":true,"href":"https:\/\/www.simasa.com\/de\/wp-json\/wp\/v2\/product_cat?post=1367"},{"taxonomy":"product_tag","embeddable":true,"href":"https:\/\/www.simasa.com\/de\/wp-json\/wp\/v2\/product_tag?post=1367"}],"curies":[{"name":"wp","href":"https:\/\/api.w.org\/{rel}","templated":true}]}}