{"id":12795,"date":"2026-03-18T14:25:45","date_gmt":"2026-03-18T13:25:45","guid":{"rendered":"https:\/\/www.simasa.com\/?post_type=product&#038;p=12795"},"modified":"2026-03-18T16:49:02","modified_gmt":"2026-03-18T15:49:02","slug":"dakar-plus-450","status":"publish","type":"product","link":"https:\/\/www.simasa.com\/de\/producto\/dakar-plus-450\/","title":{"rendered":"DAKAR PLUS 450"},"content":{"rendered":"<p>&nbsp;<\/p>\n<p data-path-to-node=\"11\">Die <b data-path-to-node=\"11\" data-index-in-node=\"4\">SIMA Dakar Plus 450<\/b> ist eine professionelle Steintrenns\u00e4ge f\u00fcr hochfeste Materialien wie Beton, Marmor und Granit. Sie verf\u00fcgt \u00fcber einen robusten Rohrrahmen, einen Einphasenmotor und einen verstellbaren Schneidkopf mit Federsystem. Geeignet f\u00fcr Trennscheiben bis zu <b data-path-to-node=\"11\" data-index-in-node=\"271\">\u00d8450 mm<\/b>, bietet sie eine maximale Schnitth\u00f6he von <b data-path-to-node=\"11\" data-index-in-node=\"321\">148 mm<\/b> und l\u00e4sst sich dank der abnehmbaren Standf\u00fc\u00dfe leicht transportieren.<\/p>\n<ul data-path-to-node=\"12\">\n<li>\n<p data-path-to-node=\"12,0,0\"><b data-path-to-node=\"12,0,0\" data-index-in-node=\"0\">Materialien:<\/b> Beton, Thermoziegel, Marmor und Granit.<\/p>\n<\/li>\n<li>\n<p data-path-to-node=\"12,1,0\"><b data-path-to-node=\"12,1,0\" data-index-in-node=\"0\">Kapazit\u00e4t:<\/b> Schnitth\u00f6he bis zu <b data-path-to-node=\"12,1,0\" data-index-in-node=\"30\">148 mm<\/b> (Scheiben von \u00d8350 bis \u00d8450).<\/p>\n<\/li>\n<li>\n<p data-path-to-node=\"12,2,0\"><b data-path-to-node=\"12,2,0\" data-index-in-node=\"0\">Design:<\/b> Leichter Rohrrahmen mit abnehmbaren F\u00fc\u00dfen f\u00fcr einfachen Transport.<\/p>\n<\/li>\n<li>\n<p data-path-to-node=\"12,3,0\"><b data-path-to-node=\"12,3,0\" data-index-in-node=\"0\">Anschluss:<\/b> Einphasenmotor, kompatibel mit dem herk\u00f6mmlichen Stromnetz.<\/p>\n<\/li>\n<li>\n<p data-path-to-node=\"12,4,0\"><b data-path-to-node=\"12,4,0\" data-index-in-node=\"0\">Schnitt:<\/b> Federsystem f\u00fcr kontrolliertes Absenken und H\u00f6henarretierung.<\/p>\n<\/li>\n<\/ul>\n<p>&nbsp;<\/p>\n<p><img loading=\"lazy\" decoding=\"async\" class=\"alignnone wp-image-12827\" src=\"https:\/\/www.simasa.com\/wp-content\/uploads\/2026\/03\/Dakar-Plus-450-EN-3.png\" alt=\"\" width=\"946\" height=\"1258\" srcset=\"https:\/\/www.simasa.com\/wp-content\/uploads\/2026\/03\/Dakar-Plus-450-EN-3.png 843w, https:\/\/www.simasa.com\/wp-content\/uploads\/2026\/03\/Dakar-Plus-450-EN-3-226x300.png 226w, https:\/\/www.simasa.com\/wp-content\/uploads\/2026\/03\/Dakar-Plus-450-EN-3-770x1024.png 770w, https:\/\/www.simasa.com\/wp-content\/uploads\/2026\/03\/Dakar-Plus-450-EN-3-768x1021.png 768w, https:\/\/www.simasa.com\/wp-content\/uploads\/2026\/03\/Dakar-Plus-450-EN-3-416x553.png 416w\" sizes=\"auto, (max-width: 946px) 100vw, 946px\" \/><\/p>\n<p>&nbsp;<\/p>\n<p><iframe loading=\"lazy\" src=\"https:\/\/www.youtube.com\/embed\/GCKkcDD0qd4\" width=\"945\" height=\"540\" frameborder=\"0\" allowfullscreen=\"allowfullscreen\"><span data-mce-type=\"bookmark\" style=\"display: inline-block; width: 0px; overflow: hidden; line-height: 0;\" class=\"mce_SELRES_start\">\ufeff<\/span><\/iframe><\/p>\n","protected":false},"excerpt":{"rendered":"<p><b data-path-to-node=\"7\" data-index-in-node=\"0\">SIMA Dakar Plus 450:<\/b> Diese Block- und Natursteins\u00e4ge ist eine leichte, widerstandsf\u00e4hige und leicht zu lagernde L\u00f6sung, die ein kontrolliertes Absenken und Schnitte bis zu <b data-path-to-node=\"7\" data-index-in-node=\"172\">148 mm<\/b> garantiert.<\/p>\n<p>&nbsp;<\/p>\n","protected":false},"featured_media":12808,"comment_status":"open","ping_status":"closed","template":"","meta":{"_acf_changed":false},"product_brand":[],"product_cat":[1764],"product_tag":[2792],"class_list":{"0":"post-12795","1":"product","2":"type-product","3":"status-publish","4":"has-post-thumbnail","6":"product_cat-steintrennmaschinen","7":"product_tag-cortadora-de-materiales-de","8":"pa_45-cutting-nein-45-cutting-de","9":"pa_max-blade-diameter-mm-3772","10":"pa_max-cutting-depth-mm-3917","11":"pa_max-cutting-length-mm-3948","13":"first","14":"instock","15":"shipping-taxable","16":"product-type-simple"},"acf":[],"yoast_head":"<!-- This site is optimized with the Yoast SEO plugin v27.2 - https:\/\/yoast.com\/product\/yoast-seo-wordpress\/ -->\n<title>Cortadora de Materiales - DAKAR PLUS 450 | Sima<\/title>\n<meta name=\"description\" content=\"DAKAR PLUS 450. SIMA Dakar Plus 450: Diese Block- und Natursteins\u00e4ge ist eine leichte, widerstandsf\u00e4hige und leicht zu lagernde L\u00f6sung, die ein kontrolliertes Absenken und Schnitte bis zu 148 mm garantiert.  &nbsp;\" \/>\n<meta name=\"robots\" content=\"noindex, follow\" \/>\n<meta property=\"og:locale\" content=\"de_DE\" \/>\n<meta property=\"og:type\" content=\"article\" \/>\n<meta property=\"og:title\" content=\"Cortadora de Materiales - DAKAR PLUS 450 | Sima\" \/>\n<meta property=\"og:description\" content=\"DAKAR PLUS 450. SIMA Dakar Plus 450: Diese Block- und Natursteins\u00e4ge ist eine leichte, widerstandsf\u00e4hige und leicht zu lagernde L\u00f6sung, die ein kontrolliertes Absenken und Schnitte bis zu 148 mm garantiert.  &nbsp;\" \/>\n<meta property=\"og:url\" content=\"https:\/\/www.simasa.com\/de\/producto\/dakar-plus-450\/\" \/>\n<meta property=\"og:site_name\" content=\"Sima\" \/>\n<meta property=\"article:modified_time\" content=\"2026-03-18T15:49:02+00:00\" \/>\n<meta property=\"og:image\" content=\"https:\/\/www.simasa.com\/wp-content\/uploads\/2026\/03\/DAKAR-PLUS-450-CAL-2-scaled.jpg\" \/>\n\t<meta property=\"og:image:width\" content=\"2560\" \/>\n\t<meta property=\"og:image:height\" content=\"2560\" \/>\n\t<meta property=\"og:image:type\" content=\"image\/jpeg\" \/>\n<meta name=\"twitter:card\" content=\"summary_large_image\" \/>\n<meta name=\"twitter:label1\" content=\"Gesch\u00e4tzte Lesezeit\" \/>\n\t<meta name=\"twitter:data1\" content=\"1\u00a0Minute\" \/>\n<script type=\"application\/ld+json\" class=\"yoast-schema-graph\">{\"@context\":\"https:\/\/schema.org\",\"@graph\":[{\"@type\":\"WebPage\",\"@id\":\"https:\/\/www.simasa.com\/de\/producto\/dakar-plus-450\/\",\"url\":\"https:\/\/www.simasa.com\/de\/producto\/dakar-plus-450\/\",\"name\":\"Cortadora de Materiales - DAKAR PLUS 450 | Sima\",\"isPartOf\":{\"@id\":\"https:\/\/www.simasa.com\/de\/#website\"},\"primaryImageOfPage\":{\"@id\":\"https:\/\/www.simasa.com\/de\/producto\/dakar-plus-450\/#primaryimage\"},\"image\":{\"@id\":\"https:\/\/www.simasa.com\/de\/producto\/dakar-plus-450\/#primaryimage\"},\"thumbnailUrl\":\"https:\/\/www.simasa.com\/wp-content\/uploads\/2026\/03\/DAKAR-PLUS-450-CAL-2-scaled.jpg\",\"datePublished\":\"2026-03-18T13:25:45+00:00\",\"dateModified\":\"2026-03-18T15:49:02+00:00\",\"description\":\"DAKAR PLUS 450. SIMA Dakar Plus 450: Diese Block- und Natursteins\u00e4ge ist eine leichte, widerstandsf\u00e4hige und leicht zu lagernde L\u00f6sung, die ein kontrolliertes Absenken und Schnitte bis zu 148 mm garantiert. &nbsp;\",\"breadcrumb\":{\"@id\":\"https:\/\/www.simasa.com\/de\/producto\/dakar-plus-450\/#breadcrumb\"},\"inLanguage\":\"de\",\"potentialAction\":[{\"@type\":\"ReadAction\",\"target\":[\"https:\/\/www.simasa.com\/de\/producto\/dakar-plus-450\/\"]}]},{\"@type\":\"ImageObject\",\"inLanguage\":\"de\",\"@id\":\"https:\/\/www.simasa.com\/de\/producto\/dakar-plus-450\/#primaryimage\",\"url\":\"https:\/\/www.simasa.com\/wp-content\/uploads\/2026\/03\/DAKAR-PLUS-450-CAL-2-scaled.jpg\",\"contentUrl\":\"https:\/\/www.simasa.com\/wp-content\/uploads\/2026\/03\/DAKAR-PLUS-450-CAL-2-scaled.jpg\",\"width\":2560,\"height\":2560},{\"@type\":\"BreadcrumbList\",\"@id\":\"https:\/\/www.simasa.com\/de\/producto\/dakar-plus-450\/#breadcrumb\",\"itemListElement\":[{\"@type\":\"ListItem\",\"position\":1,\"name\":\"Inicio\",\"item\":\"https:\/\/www.simasa.com\/de\/\"},{\"@type\":\"ListItem\",\"position\":2,\"name\":\"Katalog\",\"item\":\"https:\/\/www.simasa.com\/de\/katalog\/\"},{\"@type\":\"ListItem\",\"position\":3,\"name\":\"DAKAR PLUS 450\"}]},{\"@type\":\"WebSite\",\"@id\":\"https:\/\/www.simasa.com\/de\/#website\",\"url\":\"https:\/\/www.simasa.com\/de\/\",\"name\":\"Sima\",\"description\":\"Fabricantes de maquinaria para la construcci\u00f3n\",\"publisher\":{\"@id\":\"https:\/\/www.simasa.com\/de\/#organization\"},\"potentialAction\":[{\"@type\":\"SearchAction\",\"target\":{\"@type\":\"EntryPoint\",\"urlTemplate\":\"https:\/\/www.simasa.com\/de\/?s={search_term_string}\"},\"query-input\":{\"@type\":\"PropertyValueSpecification\",\"valueRequired\":true,\"valueName\":\"search_term_string\"}}],\"inLanguage\":\"de\"},{\"@type\":\"Organization\",\"@id\":\"https:\/\/www.simasa.com\/de\/#organization\",\"name\":\"Sima\",\"url\":\"https:\/\/www.simasa.com\/de\/\",\"logo\":{\"@type\":\"ImageObject\",\"inLanguage\":\"de\",\"@id\":\"https:\/\/www.simasa.com\/de\/#\/schema\/logo\/image\/\",\"url\":\"https:\/\/www.simasa.com\/wp-content\/uploads\/2016\/03\/logo-1.jpg\",\"contentUrl\":\"https:\/\/www.simasa.com\/wp-content\/uploads\/2016\/03\/logo-1.jpg\",\"width\":121,\"height\":54,\"caption\":\"Sima\"},\"image\":{\"@id\":\"https:\/\/www.simasa.com\/de\/#\/schema\/logo\/image\/\"}}]}<\/script>\n<!-- \/ Yoast SEO plugin. -->","yoast_head_json":{"title":"Cortadora de Materiales - DAKAR PLUS 450 | Sima","description":"DAKAR PLUS 450. SIMA Dakar Plus 450: Diese Block- und Natursteins\u00e4ge ist eine leichte, widerstandsf\u00e4hige und leicht zu lagernde L\u00f6sung, die ein kontrolliertes Absenken und Schnitte bis zu 148 mm garantiert.  &nbsp;","robots":{"index":"noindex","follow":"follow"},"og_locale":"de_DE","og_type":"article","og_title":"Cortadora de Materiales - DAKAR PLUS 450 | Sima","og_description":"DAKAR PLUS 450. SIMA Dakar Plus 450: Diese Block- und Natursteins\u00e4ge ist eine leichte, widerstandsf\u00e4hige und leicht zu lagernde L\u00f6sung, die ein kontrolliertes Absenken und Schnitte bis zu 148 mm garantiert.  &nbsp;","og_url":"https:\/\/www.simasa.com\/de\/producto\/dakar-plus-450\/","og_site_name":"Sima","article_modified_time":"2026-03-18T15:49:02+00:00","og_image":[{"width":2560,"height":2560,"url":"https:\/\/www.simasa.com\/wp-content\/uploads\/2026\/03\/DAKAR-PLUS-450-CAL-2-scaled.jpg","type":"image\/jpeg"}],"twitter_card":"summary_large_image","twitter_misc":{"Gesch\u00e4tzte Lesezeit":"1\u00a0Minute"},"schema":{"@context":"https:\/\/schema.org","@graph":[{"@type":"WebPage","@id":"https:\/\/www.simasa.com\/de\/producto\/dakar-plus-450\/","url":"https:\/\/www.simasa.com\/de\/producto\/dakar-plus-450\/","name":"Cortadora de Materiales - DAKAR PLUS 450 | Sima","isPartOf":{"@id":"https:\/\/www.simasa.com\/de\/#website"},"primaryImageOfPage":{"@id":"https:\/\/www.simasa.com\/de\/producto\/dakar-plus-450\/#primaryimage"},"image":{"@id":"https:\/\/www.simasa.com\/de\/producto\/dakar-plus-450\/#primaryimage"},"thumbnailUrl":"https:\/\/www.simasa.com\/wp-content\/uploads\/2026\/03\/DAKAR-PLUS-450-CAL-2-scaled.jpg","datePublished":"2026-03-18T13:25:45+00:00","dateModified":"2026-03-18T15:49:02+00:00","description":"DAKAR PLUS 450. SIMA Dakar Plus 450: Diese Block- und Natursteins\u00e4ge ist eine leichte, widerstandsf\u00e4hige und leicht zu lagernde L\u00f6sung, die ein kontrolliertes Absenken und Schnitte bis zu 148 mm garantiert. &nbsp;","breadcrumb":{"@id":"https:\/\/www.simasa.com\/de\/producto\/dakar-plus-450\/#breadcrumb"},"inLanguage":"de","potentialAction":[{"@type":"ReadAction","target":["https:\/\/www.simasa.com\/de\/producto\/dakar-plus-450\/"]}]},{"@type":"ImageObject","inLanguage":"de","@id":"https:\/\/www.simasa.com\/de\/producto\/dakar-plus-450\/#primaryimage","url":"https:\/\/www.simasa.com\/wp-content\/uploads\/2026\/03\/DAKAR-PLUS-450-CAL-2-scaled.jpg","contentUrl":"https:\/\/www.simasa.com\/wp-content\/uploads\/2026\/03\/DAKAR-PLUS-450-CAL-2-scaled.jpg","width":2560,"height":2560},{"@type":"BreadcrumbList","@id":"https:\/\/www.simasa.com\/de\/producto\/dakar-plus-450\/#breadcrumb","itemListElement":[{"@type":"ListItem","position":1,"name":"Inicio","item":"https:\/\/www.simasa.com\/de\/"},{"@type":"ListItem","position":2,"name":"Katalog","item":"https:\/\/www.simasa.com\/de\/katalog\/"},{"@type":"ListItem","position":3,"name":"DAKAR PLUS 450"}]},{"@type":"WebSite","@id":"https:\/\/www.simasa.com\/de\/#website","url":"https:\/\/www.simasa.com\/de\/","name":"Sima","description":"Fabricantes de maquinaria para la construcci\u00f3n","publisher":{"@id":"https:\/\/www.simasa.com\/de\/#organization"},"potentialAction":[{"@type":"SearchAction","target":{"@type":"EntryPoint","urlTemplate":"https:\/\/www.simasa.com\/de\/?s={search_term_string}"},"query-input":{"@type":"PropertyValueSpecification","valueRequired":true,"valueName":"search_term_string"}}],"inLanguage":"de"},{"@type":"Organization","@id":"https:\/\/www.simasa.com\/de\/#organization","name":"Sima","url":"https:\/\/www.simasa.com\/de\/","logo":{"@type":"ImageObject","inLanguage":"de","@id":"https:\/\/www.simasa.com\/de\/#\/schema\/logo\/image\/","url":"https:\/\/www.simasa.com\/wp-content\/uploads\/2016\/03\/logo-1.jpg","contentUrl":"https:\/\/www.simasa.com\/wp-content\/uploads\/2016\/03\/logo-1.jpg","width":121,"height":54,"caption":"Sima"},"image":{"@id":"https:\/\/www.simasa.com\/de\/#\/schema\/logo\/image\/"}}]}},"_links":{"self":[{"href":"https:\/\/www.simasa.com\/de\/wp-json\/wp\/v2\/product\/12795","targetHints":{"allow":["GET"]}}],"collection":[{"href":"https:\/\/www.simasa.com\/de\/wp-json\/wp\/v2\/product"}],"about":[{"href":"https:\/\/www.simasa.com\/de\/wp-json\/wp\/v2\/types\/product"}],"replies":[{"embeddable":true,"href":"https:\/\/www.simasa.com\/de\/wp-json\/wp\/v2\/comments?post=12795"}],"wp:featuredmedia":[{"embeddable":true,"href":"https:\/\/www.simasa.com\/de\/wp-json\/wp\/v2\/media\/12808"}],"wp:attachment":[{"href":"https:\/\/www.simasa.com\/de\/wp-json\/wp\/v2\/media?parent=12795"}],"wp:term":[{"taxonomy":"product_brand","embeddable":true,"href":"https:\/\/www.simasa.com\/de\/wp-json\/wp\/v2\/product_brand?post=12795"},{"taxonomy":"product_cat","embeddable":true,"href":"https:\/\/www.simasa.com\/de\/wp-json\/wp\/v2\/product_cat?post=12795"},{"taxonomy":"product_tag","embeddable":true,"href":"https:\/\/www.simasa.com\/de\/wp-json\/wp\/v2\/product_tag?post=12795"}],"curies":[{"name":"wp","href":"https:\/\/api.w.org\/{rel}","templated":true}]}}