{"id":12767,"date":"2026-03-17T17:20:46","date_gmt":"2026-03-17T16:20:46","guid":{"rendered":"https:\/\/www.simasa.com\/?post_type=product&#038;p=12767"},"modified":"2026-03-18T17:48:10","modified_gmt":"2026-03-18T16:48:10","slug":"dakar-plus-350","status":"publish","type":"product","link":"https:\/\/www.simasa.com\/de\/producto\/dakar-plus-350\/","title":{"rendered":"DAKAR PLUS 350"},"content":{"rendered":"<p>&nbsp;<\/p>\n<p data-path-to-node=\"11\">Die <b data-path-to-node=\"11\" data-index-in-node=\"4\">SIMA Dakar Plus 350<\/b> ist eine professionelle Steintrenns\u00e4ge im klassischen Design f\u00fcr Ziegel, Terrazzo, Marmor und Granit. Sie kombiniert ein <b data-path-to-node=\"11\" data-index-in-node=\"145\">geschwei\u00dftes Blech- und Rohrrahmen-Chassis<\/b> f\u00fcr optimale Leichtigkeit und Widerstandsf\u00e4higkeit mit einem einfach anzuschlie\u00dfenden Einphasenmotor. Ihr <b data-path-to-node=\"11\" data-index-in-node=\"294\">h\u00f6henarretierbarer Schneidkopf<\/b> erm\u00f6glicht Ausschnitte in Fliesen, w\u00e4hrend das integrierte Federsystem ein kontrolliertes Absenken und ein schnelles R\u00fcckstellen garantiert.<\/p>\n<ul data-path-to-node=\"12\">\n<li>\n<p data-path-to-node=\"12,0,0\"><b data-path-to-node=\"12,0,0\" data-index-in-node=\"0\">Materialien:<\/b> Ziegel, Terrazzo, Marmor, Granit und mehr.<\/p>\n<\/li>\n<li>\n<p data-path-to-node=\"12,1,0\"><b data-path-to-node=\"12,1,0\" data-index-in-node=\"0\">Design:<\/b> Leichtes und robustes Chassis mit abnehmbaren F\u00fc\u00dfen f\u00fcr einfachen Transport.<\/p>\n<\/li>\n<li>\n<p data-path-to-node=\"12,2,0\"><b data-path-to-node=\"12,2,0\" data-index-in-node=\"0\">Vielseitigkeit:<\/b> H\u00f6henarretierbarer Kopf f\u00fcr Fensterschnitte in Fliesen.<\/p>\n<\/li>\n<li>\n<p data-path-to-node=\"12,3,0\"><b data-path-to-node=\"12,3,0\" data-index-in-node=\"0\">Ergonomie:<\/b> Federsystem f\u00fcr kontrolliertes Absenken und schnelles R\u00fcckstellen.<\/p>\n<\/li>\n<li>\n<p data-path-to-node=\"12,4,0\"><b data-path-to-node=\"12,4,0\" data-index-in-node=\"0\">Anschluss:<\/b> Einphasenmotor, kompatibel mit dem Standard-Stromnetz.<\/p>\n<\/li>\n<\/ul>\n<p>&nbsp;<\/p>\n<p><img loading=\"lazy\" decoding=\"async\" class=\"alignnone wp-image-12793\" src=\"https:\/\/www.simasa.com\/wp-content\/uploads\/2026\/03\/Dakar-Plus-350-EN-1.png\" alt=\"\" width=\"947\" height=\"1285\" srcset=\"https:\/\/www.simasa.com\/wp-content\/uploads\/2026\/03\/Dakar-Plus-350-EN-1.png 827w, https:\/\/www.simasa.com\/wp-content\/uploads\/2026\/03\/Dakar-Plus-350-EN-1-221x300.png 221w, https:\/\/www.simasa.com\/wp-content\/uploads\/2026\/03\/Dakar-Plus-350-EN-1-755x1024.png 755w, https:\/\/www.simasa.com\/wp-content\/uploads\/2026\/03\/Dakar-Plus-350-EN-1-768x1042.png 768w, https:\/\/www.simasa.com\/wp-content\/uploads\/2026\/03\/Dakar-Plus-350-EN-1-416x564.png 416w\" sizes=\"auto, (max-width: 947px) 100vw, 947px\" \/><\/p>\n<p><iframe loading=\"lazy\" src=\"https:\/\/www.youtube.com\/embed\/GCKkcDD0qd4\" width=\"945\" height=\"540\" frameborder=\"0\" allowfullscreen=\"allowfullscreen\"><span data-mce-type=\"bookmark\" style=\"display: inline-block; width: 0px; overflow: hidden; line-height: 0;\" class=\"mce_SELRES_start\">\ufeff<\/span><\/iframe><\/p>\n","protected":false},"excerpt":{"rendered":"<p>Profi-Steins\u00e4ge <b data-path-to-node=\"8\" data-index-in-node=\"16\">SIMA Dakar Plus 350<\/b> f\u00fcr Betonbl\u00f6cke, Naturstein und Granit. Bietet eine Schnitth\u00f6he bis zu <b data-path-to-node=\"8\" data-index-in-node=\"102\">148 mm<\/b>, einen Einphasenmotor und ein kompaktes Design mit abnehmbaren F\u00fc\u00dfen f\u00fcr m\u00fchelosen Transport.<\/p>\n<p>&nbsp;<\/p>\n","protected":false},"featured_media":12774,"comment_status":"open","ping_status":"closed","template":"","meta":{"_acf_changed":false},"product_brand":[],"product_cat":[1764],"product_tag":[2792],"class_list":{"0":"post-12767","1":"product","2":"type-product","3":"status-publish","4":"has-post-thumbnail","6":"product_cat-steintrennmaschinen","7":"product_tag-cortadora-de-materiales-de","8":"pa_45-cutting-ja-45-cutting-de","9":"pa_max-blade-diameter-mm-3744","10":"pa_max-cutting-depth-mm-3880","11":"pa_max-cutting-length-mm-3964","13":"first","14":"instock","15":"shipping-taxable","16":"product-type-simple"},"acf":[],"yoast_head":"<!-- This site is optimized with the Yoast SEO plugin v27.2 - https:\/\/yoast.com\/product\/yoast-seo-wordpress\/ -->\n<title>Cortadora de Materiales - DAKAR PLUS 350 | Sima<\/title>\n<meta name=\"description\" content=\"DAKAR PLUS 350. Profi-Steins\u00e4ge SIMA Dakar Plus 350 f\u00fcr Betonbl\u00f6cke, Naturstein und Granit. Bietet eine Schnitth\u00f6he bis zu 148 mm, einen Einphasenmotor und ein kompaktes Design mit abnehmbaren F\u00fc\u00dfen f\u00fcr m\u00fchelosen Transport.  &nbsp;\" \/>\n<meta name=\"robots\" content=\"noindex, follow\" \/>\n<meta property=\"og:locale\" content=\"de_DE\" \/>\n<meta property=\"og:type\" content=\"article\" \/>\n<meta property=\"og:title\" content=\"Cortadora de Materiales - DAKAR PLUS 350 | Sima\" \/>\n<meta property=\"og:description\" content=\"DAKAR PLUS 350. Profi-Steins\u00e4ge SIMA Dakar Plus 350 f\u00fcr Betonbl\u00f6cke, Naturstein und Granit. Bietet eine Schnitth\u00f6he bis zu 148 mm, einen Einphasenmotor und ein kompaktes Design mit abnehmbaren F\u00fc\u00dfen f\u00fcr m\u00fchelosen Transport.  &nbsp;\" \/>\n<meta property=\"og:url\" content=\"https:\/\/www.simasa.com\/de\/producto\/dakar-plus-350\/\" \/>\n<meta property=\"og:site_name\" content=\"Sima\" \/>\n<meta property=\"article:modified_time\" content=\"2026-03-18T16:48:10+00:00\" \/>\n<meta property=\"og:image\" content=\"https:\/\/www.simasa.com\/wp-content\/uploads\/2026\/03\/DAKAR-PLUS_1-CAL-1024x1024.png\" \/>\n\t<meta property=\"og:image:width\" content=\"1024\" \/>\n\t<meta property=\"og:image:height\" content=\"1024\" \/>\n\t<meta property=\"og:image:type\" content=\"image\/png\" \/>\n<meta name=\"twitter:card\" content=\"summary_large_image\" \/>\n<meta name=\"twitter:label1\" content=\"Gesch\u00e4tzte Lesezeit\" \/>\n\t<meta name=\"twitter:data1\" content=\"1\u00a0Minute\" \/>\n<script type=\"application\/ld+json\" class=\"yoast-schema-graph\">{\"@context\":\"https:\/\/schema.org\",\"@graph\":[{\"@type\":\"WebPage\",\"@id\":\"https:\/\/www.simasa.com\/de\/producto\/dakar-plus-350\/\",\"url\":\"https:\/\/www.simasa.com\/de\/producto\/dakar-plus-350\/\",\"name\":\"Cortadora de Materiales - DAKAR PLUS 350 | Sima\",\"isPartOf\":{\"@id\":\"https:\/\/www.simasa.com\/de\/#website\"},\"primaryImageOfPage\":{\"@id\":\"https:\/\/www.simasa.com\/de\/producto\/dakar-plus-350\/#primaryimage\"},\"image\":{\"@id\":\"https:\/\/www.simasa.com\/de\/producto\/dakar-plus-350\/#primaryimage\"},\"thumbnailUrl\":\"https:\/\/www.simasa.com\/wp-content\/uploads\/2026\/03\/DAKAR-PLUS_1-CAL.png\",\"datePublished\":\"2026-03-17T16:20:46+00:00\",\"dateModified\":\"2026-03-18T16:48:10+00:00\",\"description\":\"DAKAR PLUS 350. Profi-Steins\u00e4ge SIMA Dakar Plus 350 f\u00fcr Betonbl\u00f6cke, Naturstein und Granit. Bietet eine Schnitth\u00f6he bis zu 148 mm, einen Einphasenmotor und ein kompaktes Design mit abnehmbaren F\u00fc\u00dfen f\u00fcr m\u00fchelosen Transport. &nbsp;\",\"breadcrumb\":{\"@id\":\"https:\/\/www.simasa.com\/de\/producto\/dakar-plus-350\/#breadcrumb\"},\"inLanguage\":\"de\",\"potentialAction\":[{\"@type\":\"ReadAction\",\"target\":[\"https:\/\/www.simasa.com\/de\/producto\/dakar-plus-350\/\"]}]},{\"@type\":\"ImageObject\",\"inLanguage\":\"de\",\"@id\":\"https:\/\/www.simasa.com\/de\/producto\/dakar-plus-350\/#primaryimage\",\"url\":\"https:\/\/www.simasa.com\/wp-content\/uploads\/2026\/03\/DAKAR-PLUS_1-CAL.png\",\"contentUrl\":\"https:\/\/www.simasa.com\/wp-content\/uploads\/2026\/03\/DAKAR-PLUS_1-CAL.png\",\"width\":1460,\"height\":1460},{\"@type\":\"BreadcrumbList\",\"@id\":\"https:\/\/www.simasa.com\/de\/producto\/dakar-plus-350\/#breadcrumb\",\"itemListElement\":[{\"@type\":\"ListItem\",\"position\":1,\"name\":\"Inicio\",\"item\":\"https:\/\/www.simasa.com\/de\/\"},{\"@type\":\"ListItem\",\"position\":2,\"name\":\"Katalog\",\"item\":\"https:\/\/www.simasa.com\/de\/katalog\/\"},{\"@type\":\"ListItem\",\"position\":3,\"name\":\"DAKAR PLUS 350\"}]},{\"@type\":\"WebSite\",\"@id\":\"https:\/\/www.simasa.com\/de\/#website\",\"url\":\"https:\/\/www.simasa.com\/de\/\",\"name\":\"Sima\",\"description\":\"Fabricantes de maquinaria para la construcci\u00f3n\",\"publisher\":{\"@id\":\"https:\/\/www.simasa.com\/de\/#organization\"},\"potentialAction\":[{\"@type\":\"SearchAction\",\"target\":{\"@type\":\"EntryPoint\",\"urlTemplate\":\"https:\/\/www.simasa.com\/de\/?s={search_term_string}\"},\"query-input\":{\"@type\":\"PropertyValueSpecification\",\"valueRequired\":true,\"valueName\":\"search_term_string\"}}],\"inLanguage\":\"de\"},{\"@type\":\"Organization\",\"@id\":\"https:\/\/www.simasa.com\/de\/#organization\",\"name\":\"Sima\",\"url\":\"https:\/\/www.simasa.com\/de\/\",\"logo\":{\"@type\":\"ImageObject\",\"inLanguage\":\"de\",\"@id\":\"https:\/\/www.simasa.com\/de\/#\/schema\/logo\/image\/\",\"url\":\"https:\/\/www.simasa.com\/wp-content\/uploads\/2016\/03\/logo-1.jpg\",\"contentUrl\":\"https:\/\/www.simasa.com\/wp-content\/uploads\/2016\/03\/logo-1.jpg\",\"width\":121,\"height\":54,\"caption\":\"Sima\"},\"image\":{\"@id\":\"https:\/\/www.simasa.com\/de\/#\/schema\/logo\/image\/\"}}]}<\/script>\n<!-- \/ Yoast SEO plugin. -->","yoast_head_json":{"title":"Cortadora de Materiales - DAKAR PLUS 350 | Sima","description":"DAKAR PLUS 350. Profi-Steins\u00e4ge SIMA Dakar Plus 350 f\u00fcr Betonbl\u00f6cke, Naturstein und Granit. Bietet eine Schnitth\u00f6he bis zu 148 mm, einen Einphasenmotor und ein kompaktes Design mit abnehmbaren F\u00fc\u00dfen f\u00fcr m\u00fchelosen Transport.  &nbsp;","robots":{"index":"noindex","follow":"follow"},"og_locale":"de_DE","og_type":"article","og_title":"Cortadora de Materiales - DAKAR PLUS 350 | Sima","og_description":"DAKAR PLUS 350. Profi-Steins\u00e4ge SIMA Dakar Plus 350 f\u00fcr Betonbl\u00f6cke, Naturstein und Granit. Bietet eine Schnitth\u00f6he bis zu 148 mm, einen Einphasenmotor und ein kompaktes Design mit abnehmbaren F\u00fc\u00dfen f\u00fcr m\u00fchelosen Transport.  &nbsp;","og_url":"https:\/\/www.simasa.com\/de\/producto\/dakar-plus-350\/","og_site_name":"Sima","article_modified_time":"2026-03-18T16:48:10+00:00","og_image":[{"width":1024,"height":1024,"url":"https:\/\/www.simasa.com\/wp-content\/uploads\/2026\/03\/DAKAR-PLUS_1-CAL-1024x1024.png","type":"image\/png"}],"twitter_card":"summary_large_image","twitter_misc":{"Gesch\u00e4tzte Lesezeit":"1\u00a0Minute"},"schema":{"@context":"https:\/\/schema.org","@graph":[{"@type":"WebPage","@id":"https:\/\/www.simasa.com\/de\/producto\/dakar-plus-350\/","url":"https:\/\/www.simasa.com\/de\/producto\/dakar-plus-350\/","name":"Cortadora de Materiales - DAKAR PLUS 350 | Sima","isPartOf":{"@id":"https:\/\/www.simasa.com\/de\/#website"},"primaryImageOfPage":{"@id":"https:\/\/www.simasa.com\/de\/producto\/dakar-plus-350\/#primaryimage"},"image":{"@id":"https:\/\/www.simasa.com\/de\/producto\/dakar-plus-350\/#primaryimage"},"thumbnailUrl":"https:\/\/www.simasa.com\/wp-content\/uploads\/2026\/03\/DAKAR-PLUS_1-CAL.png","datePublished":"2026-03-17T16:20:46+00:00","dateModified":"2026-03-18T16:48:10+00:00","description":"DAKAR PLUS 350. Profi-Steins\u00e4ge SIMA Dakar Plus 350 f\u00fcr Betonbl\u00f6cke, Naturstein und Granit. Bietet eine Schnitth\u00f6he bis zu 148 mm, einen Einphasenmotor und ein kompaktes Design mit abnehmbaren F\u00fc\u00dfen f\u00fcr m\u00fchelosen Transport. &nbsp;","breadcrumb":{"@id":"https:\/\/www.simasa.com\/de\/producto\/dakar-plus-350\/#breadcrumb"},"inLanguage":"de","potentialAction":[{"@type":"ReadAction","target":["https:\/\/www.simasa.com\/de\/producto\/dakar-plus-350\/"]}]},{"@type":"ImageObject","inLanguage":"de","@id":"https:\/\/www.simasa.com\/de\/producto\/dakar-plus-350\/#primaryimage","url":"https:\/\/www.simasa.com\/wp-content\/uploads\/2026\/03\/DAKAR-PLUS_1-CAL.png","contentUrl":"https:\/\/www.simasa.com\/wp-content\/uploads\/2026\/03\/DAKAR-PLUS_1-CAL.png","width":1460,"height":1460},{"@type":"BreadcrumbList","@id":"https:\/\/www.simasa.com\/de\/producto\/dakar-plus-350\/#breadcrumb","itemListElement":[{"@type":"ListItem","position":1,"name":"Inicio","item":"https:\/\/www.simasa.com\/de\/"},{"@type":"ListItem","position":2,"name":"Katalog","item":"https:\/\/www.simasa.com\/de\/katalog\/"},{"@type":"ListItem","position":3,"name":"DAKAR PLUS 350"}]},{"@type":"WebSite","@id":"https:\/\/www.simasa.com\/de\/#website","url":"https:\/\/www.simasa.com\/de\/","name":"Sima","description":"Fabricantes de maquinaria para la construcci\u00f3n","publisher":{"@id":"https:\/\/www.simasa.com\/de\/#organization"},"potentialAction":[{"@type":"SearchAction","target":{"@type":"EntryPoint","urlTemplate":"https:\/\/www.simasa.com\/de\/?s={search_term_string}"},"query-input":{"@type":"PropertyValueSpecification","valueRequired":true,"valueName":"search_term_string"}}],"inLanguage":"de"},{"@type":"Organization","@id":"https:\/\/www.simasa.com\/de\/#organization","name":"Sima","url":"https:\/\/www.simasa.com\/de\/","logo":{"@type":"ImageObject","inLanguage":"de","@id":"https:\/\/www.simasa.com\/de\/#\/schema\/logo\/image\/","url":"https:\/\/www.simasa.com\/wp-content\/uploads\/2016\/03\/logo-1.jpg","contentUrl":"https:\/\/www.simasa.com\/wp-content\/uploads\/2016\/03\/logo-1.jpg","width":121,"height":54,"caption":"Sima"},"image":{"@id":"https:\/\/www.simasa.com\/de\/#\/schema\/logo\/image\/"}}]}},"_links":{"self":[{"href":"https:\/\/www.simasa.com\/de\/wp-json\/wp\/v2\/product\/12767","targetHints":{"allow":["GET"]}}],"collection":[{"href":"https:\/\/www.simasa.com\/de\/wp-json\/wp\/v2\/product"}],"about":[{"href":"https:\/\/www.simasa.com\/de\/wp-json\/wp\/v2\/types\/product"}],"replies":[{"embeddable":true,"href":"https:\/\/www.simasa.com\/de\/wp-json\/wp\/v2\/comments?post=12767"}],"wp:featuredmedia":[{"embeddable":true,"href":"https:\/\/www.simasa.com\/de\/wp-json\/wp\/v2\/media\/12774"}],"wp:attachment":[{"href":"https:\/\/www.simasa.com\/de\/wp-json\/wp\/v2\/media?parent=12767"}],"wp:term":[{"taxonomy":"product_brand","embeddable":true,"href":"https:\/\/www.simasa.com\/de\/wp-json\/wp\/v2\/product_brand?post=12767"},{"taxonomy":"product_cat","embeddable":true,"href":"https:\/\/www.simasa.com\/de\/wp-json\/wp\/v2\/product_cat?post=12767"},{"taxonomy":"product_tag","embeddable":true,"href":"https:\/\/www.simasa.com\/de\/wp-json\/wp\/v2\/product_tag?post=12767"}],"curies":[{"name":"wp","href":"https:\/\/api.w.org\/{rel}","templated":true}]}}