{"id":12315,"date":"2025-04-10T18:46:35","date_gmt":"2025-04-10T16:46:35","guid":{"rendered":"https:\/\/www.simasa.com\/?post_type=product&#038;p=12315"},"modified":"2025-04-11T15:23:37","modified_gmt":"2025-04-11T13:23:37","slug":"eurotron-handsafe-350-2025","status":"publish","type":"product","link":"https:\/\/www.simasa.com\/de\/producto\/eurotron-handsafe-350-2025\/","title":{"rendered":"Eurotron HandSafe 350"},"content":{"rendered":"<h3 class=\"\" data-start=\"177\" data-end=\"204\">EUROTRON 350 HANDSAFE\u00a0<strong data-start=\"205\" data-end=\"252\">Intelligente Sicherheit \u2013 immer griffbereit<\/strong><\/h3>\n<h3 data-start=\"259\" data-end=\"292\"><\/h3>\n<h3 class=\"\" data-start=\"259\" data-end=\"292\">&#x1f916; Technologie, die sch\u00fctzt<\/h3>\n<p class=\"\" data-start=\"293\" data-end=\"441\">Das HANDSAFE-System vereint menschliche Intelligenz mit k\u00fcnstlicher Intelligenz, um h\u00f6chste Sicherheit in industriellen Umgebungen zu gew\u00e4hrleisten:<\/p>\n<ul data-start=\"443\" data-end=\"664\">\n<li class=\"\" data-start=\"443\" data-end=\"500\">\n<p class=\"\" data-start=\"445\" data-end=\"500\"><strong data-start=\"448\" data-end=\"471\">Intelligente Kamera<\/strong> zur Echtzeit-Handerkennung<\/p>\n<\/li>\n<li class=\"\" data-start=\"501\" data-end=\"556\">\n<p class=\"\" data-start=\"503\" data-end=\"556\"><strong data-start=\"506\" data-end=\"531\">Trainierte KI-Einheit<\/strong> erkennt Risiken sofort<\/p>\n<\/li>\n<li class=\"\" data-start=\"557\" data-end=\"604\">\n<p class=\"\" data-start=\"559\" data-end=\"604\"><strong data-start=\"562\" data-end=\"581\">Sicherheitszone<\/strong> mit sofortigem Stopp<\/p>\n<\/li>\n<li class=\"\" data-start=\"605\" data-end=\"664\">\n<p class=\"\" data-start=\"607\" data-end=\"664\">\u00a0Vollst\u00e4ndig integriert in die <strong data-start=\"640\" data-end=\"658\">Eurotron Smart<\/strong>-Reihe<\/p>\n<\/li>\n<\/ul>\n<p class=\"\" data-start=\"666\" data-end=\"770\">Ideal f\u00fcr Einsatzbereiche, in denen <strong data-start=\"702\" data-end=\"727\">Mitarbeitersicherheit<\/strong> und <strong data-start=\"732\" data-end=\"745\">Effizienz<\/strong> oberste Priorit\u00e4t haben.<\/p>\n<p><img loading=\"lazy\" decoding=\"async\" class=\"alignnone size-full wp-image-12298\" src=\"https:\/\/www.simasa.com\/wp-content\/uploads\/2025\/04\/HandSafe-1.jpg\" alt=\"\" width=\"863\" height=\"1223\" srcset=\"https:\/\/www.simasa.com\/wp-content\/uploads\/2025\/04\/HandSafe-1.jpg 863w, https:\/\/www.simasa.com\/wp-content\/uploads\/2025\/04\/HandSafe-1-212x300.jpg 212w, https:\/\/www.simasa.com\/wp-content\/uploads\/2025\/04\/HandSafe-1-723x1024.jpg 723w, https:\/\/www.simasa.com\/wp-content\/uploads\/2025\/04\/HandSafe-1-768x1088.jpg 768w, https:\/\/www.simasa.com\/wp-content\/uploads\/2025\/04\/HandSafe-1-416x590.jpg 416w\" sizes=\"auto, (max-width: 863px) 100vw, 863px\" \/><\/p>\n<p><img loading=\"lazy\" decoding=\"async\" class=\"alignnone size-full wp-image-12302\" src=\"https:\/\/www.simasa.com\/wp-content\/uploads\/2025\/04\/HandSafe-2.jpg\" alt=\"\" width=\"857\" height=\"522\" srcset=\"https:\/\/www.simasa.com\/wp-content\/uploads\/2025\/04\/HandSafe-2.jpg 857w, https:\/\/www.simasa.com\/wp-content\/uploads\/2025\/04\/HandSafe-2-300x183.jpg 300w, https:\/\/www.simasa.com\/wp-content\/uploads\/2025\/04\/HandSafe-2-768x468.jpg 768w, https:\/\/www.simasa.com\/wp-content\/uploads\/2025\/04\/HandSafe-2-416x253.jpg 416w\" sizes=\"auto, (max-width: 857px) 100vw, 857px\" \/><\/p>\n<p>&nbsp;<\/p>\n<p><iframe loading=\"lazy\" src=\"https:\/\/www.youtube.com\/embed\/7_yTyDNEdkc\" width=\"945\" height=\"540\" frameborder=\"0\" allowfullscreen=\"allowfullscreen\"><\/iframe><\/p>\n<p>&nbsp;<\/p>\n","protected":false},"excerpt":{"rendered":"<p><strong>EUROTRON 350 HANDSAFE\u00a0<\/strong>Die Holzs\u00e4ge mit intelligenter Sicherheit \u2013 immer griffbereit<\/p>\n<p>&nbsp;<\/p>\n<p>&nbsp;<\/p>\n","protected":false},"featured_media":12289,"comment_status":"open","ping_status":"closed","template":"","meta":{"_acf_changed":false},"product_brand":[],"product_cat":[1768],"product_tag":[],"class_list":{"0":"post-12315","1":"product","2":"type-product","3":"status-publish","4":"has-post-thumbnail","6":"product_cat-tischkreissage-fur-holz","7":"pa_45-cutting-nein-45-cutting-de","8":"pa_blade-included-no-de","9":"pa_max-blade-diameter-mm-3744","10":"pa_max-cutting-depth-mm-3880","12":"first","13":"instock","14":"shipping-taxable","15":"product-type-simple"},"acf":[],"yoast_head":"<!-- This site is optimized with the Yoast SEO plugin v27.2 - https:\/\/yoast.com\/product\/yoast-seo-wordpress\/ -->\n<title>- Eurotron HandSafe 350 | Sima<\/title>\n<meta name=\"description\" content=\"Eurotron HandSafe 350. EUROTRON 350 HANDSAFE\u00a0Die Holzs\u00e4ge mit intelligenter Sicherheit \u2013 immer griffbereit  &nbsp;  &nbsp;\" \/>\n<meta name=\"robots\" content=\"noindex, follow\" \/>\n<meta property=\"og:locale\" content=\"de_DE\" \/>\n<meta property=\"og:type\" content=\"article\" \/>\n<meta property=\"og:title\" content=\"- Eurotron HandSafe 350 | Sima\" \/>\n<meta property=\"og:description\" content=\"Eurotron HandSafe 350. EUROTRON 350 HANDSAFE\u00a0Die Holzs\u00e4ge mit intelligenter Sicherheit \u2013 immer griffbereit  &nbsp;  &nbsp;\" \/>\n<meta property=\"og:url\" content=\"https:\/\/www.simasa.com\/de\/producto\/eurotron-handsafe-350-2025\/\" \/>\n<meta property=\"og:site_name\" content=\"Sima\" \/>\n<meta property=\"article:modified_time\" content=\"2025-04-11T13:23:37+00:00\" \/>\n<meta property=\"og:image\" content=\"https:\/\/www.simasa.com\/wp-content\/uploads\/2025\/04\/HAND-SAFE-350-CAL-1024x1024.png\" \/>\n\t<meta property=\"og:image:width\" content=\"1024\" \/>\n\t<meta property=\"og:image:height\" content=\"1024\" \/>\n\t<meta property=\"og:image:type\" content=\"image\/png\" \/>\n<meta name=\"twitter:card\" content=\"summary_large_image\" \/>\n<meta name=\"twitter:label1\" content=\"Gesch\u00e4tzte Lesezeit\" \/>\n\t<meta name=\"twitter:data1\" content=\"1\u00a0Minute\" \/>\n<script type=\"application\/ld+json\" class=\"yoast-schema-graph\">{\"@context\":\"https:\/\/schema.org\",\"@graph\":[{\"@type\":\"WebPage\",\"@id\":\"https:\/\/www.simasa.com\/de\/producto\/eurotron-handsafe-350-2025\/\",\"url\":\"https:\/\/www.simasa.com\/de\/producto\/eurotron-handsafe-350-2025\/\",\"name\":\"- Eurotron HandSafe 350 | Sima\",\"isPartOf\":{\"@id\":\"https:\/\/www.simasa.com\/de\/#website\"},\"primaryImageOfPage\":{\"@id\":\"https:\/\/www.simasa.com\/de\/producto\/eurotron-handsafe-350-2025\/#primaryimage\"},\"image\":{\"@id\":\"https:\/\/www.simasa.com\/de\/producto\/eurotron-handsafe-350-2025\/#primaryimage\"},\"thumbnailUrl\":\"https:\/\/www.simasa.com\/wp-content\/uploads\/2025\/04\/HAND-SAFE-350-CAL.png\",\"datePublished\":\"2025-04-10T16:46:35+00:00\",\"dateModified\":\"2025-04-11T13:23:37+00:00\",\"description\":\"Eurotron HandSafe 350. EUROTRON 350 HANDSAFE\u00a0Die Holzs\u00e4ge mit intelligenter Sicherheit \u2013 immer griffbereit &nbsp; &nbsp;\",\"breadcrumb\":{\"@id\":\"https:\/\/www.simasa.com\/de\/producto\/eurotron-handsafe-350-2025\/#breadcrumb\"},\"inLanguage\":\"de\",\"potentialAction\":[{\"@type\":\"ReadAction\",\"target\":[\"https:\/\/www.simasa.com\/de\/producto\/eurotron-handsafe-350-2025\/\"]}]},{\"@type\":\"ImageObject\",\"inLanguage\":\"de\",\"@id\":\"https:\/\/www.simasa.com\/de\/producto\/eurotron-handsafe-350-2025\/#primaryimage\",\"url\":\"https:\/\/www.simasa.com\/wp-content\/uploads\/2025\/04\/HAND-SAFE-350-CAL.png\",\"contentUrl\":\"https:\/\/www.simasa.com\/wp-content\/uploads\/2025\/04\/HAND-SAFE-350-CAL.png\",\"width\":1710,\"height\":1710},{\"@type\":\"BreadcrumbList\",\"@id\":\"https:\/\/www.simasa.com\/de\/producto\/eurotron-handsafe-350-2025\/#breadcrumb\",\"itemListElement\":[{\"@type\":\"ListItem\",\"position\":1,\"name\":\"Inicio\",\"item\":\"https:\/\/www.simasa.com\/de\/\"},{\"@type\":\"ListItem\",\"position\":2,\"name\":\"Katalog\",\"item\":\"https:\/\/www.simasa.com\/de\/katalog\/\"},{\"@type\":\"ListItem\",\"position\":3,\"name\":\"Eurotron HandSafe 350\"}]},{\"@type\":\"WebSite\",\"@id\":\"https:\/\/www.simasa.com\/de\/#website\",\"url\":\"https:\/\/www.simasa.com\/de\/\",\"name\":\"Sima\",\"description\":\"Fabricantes de maquinaria para la construcci\u00f3n\",\"publisher\":{\"@id\":\"https:\/\/www.simasa.com\/de\/#organization\"},\"potentialAction\":[{\"@type\":\"SearchAction\",\"target\":{\"@type\":\"EntryPoint\",\"urlTemplate\":\"https:\/\/www.simasa.com\/de\/?s={search_term_string}\"},\"query-input\":{\"@type\":\"PropertyValueSpecification\",\"valueRequired\":true,\"valueName\":\"search_term_string\"}}],\"inLanguage\":\"de\"},{\"@type\":\"Organization\",\"@id\":\"https:\/\/www.simasa.com\/de\/#organization\",\"name\":\"Sima\",\"url\":\"https:\/\/www.simasa.com\/de\/\",\"logo\":{\"@type\":\"ImageObject\",\"inLanguage\":\"de\",\"@id\":\"https:\/\/www.simasa.com\/de\/#\/schema\/logo\/image\/\",\"url\":\"https:\/\/www.simasa.com\/wp-content\/uploads\/2016\/03\/logo-1.jpg\",\"contentUrl\":\"https:\/\/www.simasa.com\/wp-content\/uploads\/2016\/03\/logo-1.jpg\",\"width\":121,\"height\":54,\"caption\":\"Sima\"},\"image\":{\"@id\":\"https:\/\/www.simasa.com\/de\/#\/schema\/logo\/image\/\"}}]}<\/script>\n<!-- \/ Yoast SEO plugin. -->","yoast_head_json":{"title":"- Eurotron HandSafe 350 | Sima","description":"Eurotron HandSafe 350. EUROTRON 350 HANDSAFE\u00a0Die Holzs\u00e4ge mit intelligenter Sicherheit \u2013 immer griffbereit  &nbsp;  &nbsp;","robots":{"index":"noindex","follow":"follow"},"og_locale":"de_DE","og_type":"article","og_title":"- Eurotron HandSafe 350 | Sima","og_description":"Eurotron HandSafe 350. EUROTRON 350 HANDSAFE\u00a0Die Holzs\u00e4ge mit intelligenter Sicherheit \u2013 immer griffbereit  &nbsp;  &nbsp;","og_url":"https:\/\/www.simasa.com\/de\/producto\/eurotron-handsafe-350-2025\/","og_site_name":"Sima","article_modified_time":"2025-04-11T13:23:37+00:00","og_image":[{"width":1024,"height":1024,"url":"https:\/\/www.simasa.com\/wp-content\/uploads\/2025\/04\/HAND-SAFE-350-CAL-1024x1024.png","type":"image\/png"}],"twitter_card":"summary_large_image","twitter_misc":{"Gesch\u00e4tzte Lesezeit":"1\u00a0Minute"},"schema":{"@context":"https:\/\/schema.org","@graph":[{"@type":"WebPage","@id":"https:\/\/www.simasa.com\/de\/producto\/eurotron-handsafe-350-2025\/","url":"https:\/\/www.simasa.com\/de\/producto\/eurotron-handsafe-350-2025\/","name":"- Eurotron HandSafe 350 | Sima","isPartOf":{"@id":"https:\/\/www.simasa.com\/de\/#website"},"primaryImageOfPage":{"@id":"https:\/\/www.simasa.com\/de\/producto\/eurotron-handsafe-350-2025\/#primaryimage"},"image":{"@id":"https:\/\/www.simasa.com\/de\/producto\/eurotron-handsafe-350-2025\/#primaryimage"},"thumbnailUrl":"https:\/\/www.simasa.com\/wp-content\/uploads\/2025\/04\/HAND-SAFE-350-CAL.png","datePublished":"2025-04-10T16:46:35+00:00","dateModified":"2025-04-11T13:23:37+00:00","description":"Eurotron HandSafe 350. EUROTRON 350 HANDSAFE\u00a0Die Holzs\u00e4ge mit intelligenter Sicherheit \u2013 immer griffbereit &nbsp; &nbsp;","breadcrumb":{"@id":"https:\/\/www.simasa.com\/de\/producto\/eurotron-handsafe-350-2025\/#breadcrumb"},"inLanguage":"de","potentialAction":[{"@type":"ReadAction","target":["https:\/\/www.simasa.com\/de\/producto\/eurotron-handsafe-350-2025\/"]}]},{"@type":"ImageObject","inLanguage":"de","@id":"https:\/\/www.simasa.com\/de\/producto\/eurotron-handsafe-350-2025\/#primaryimage","url":"https:\/\/www.simasa.com\/wp-content\/uploads\/2025\/04\/HAND-SAFE-350-CAL.png","contentUrl":"https:\/\/www.simasa.com\/wp-content\/uploads\/2025\/04\/HAND-SAFE-350-CAL.png","width":1710,"height":1710},{"@type":"BreadcrumbList","@id":"https:\/\/www.simasa.com\/de\/producto\/eurotron-handsafe-350-2025\/#breadcrumb","itemListElement":[{"@type":"ListItem","position":1,"name":"Inicio","item":"https:\/\/www.simasa.com\/de\/"},{"@type":"ListItem","position":2,"name":"Katalog","item":"https:\/\/www.simasa.com\/de\/katalog\/"},{"@type":"ListItem","position":3,"name":"Eurotron HandSafe 350"}]},{"@type":"WebSite","@id":"https:\/\/www.simasa.com\/de\/#website","url":"https:\/\/www.simasa.com\/de\/","name":"Sima","description":"Fabricantes de maquinaria para la construcci\u00f3n","publisher":{"@id":"https:\/\/www.simasa.com\/de\/#organization"},"potentialAction":[{"@type":"SearchAction","target":{"@type":"EntryPoint","urlTemplate":"https:\/\/www.simasa.com\/de\/?s={search_term_string}"},"query-input":{"@type":"PropertyValueSpecification","valueRequired":true,"valueName":"search_term_string"}}],"inLanguage":"de"},{"@type":"Organization","@id":"https:\/\/www.simasa.com\/de\/#organization","name":"Sima","url":"https:\/\/www.simasa.com\/de\/","logo":{"@type":"ImageObject","inLanguage":"de","@id":"https:\/\/www.simasa.com\/de\/#\/schema\/logo\/image\/","url":"https:\/\/www.simasa.com\/wp-content\/uploads\/2016\/03\/logo-1.jpg","contentUrl":"https:\/\/www.simasa.com\/wp-content\/uploads\/2016\/03\/logo-1.jpg","width":121,"height":54,"caption":"Sima"},"image":{"@id":"https:\/\/www.simasa.com\/de\/#\/schema\/logo\/image\/"}}]}},"_links":{"self":[{"href":"https:\/\/www.simasa.com\/de\/wp-json\/wp\/v2\/product\/12315","targetHints":{"allow":["GET"]}}],"collection":[{"href":"https:\/\/www.simasa.com\/de\/wp-json\/wp\/v2\/product"}],"about":[{"href":"https:\/\/www.simasa.com\/de\/wp-json\/wp\/v2\/types\/product"}],"replies":[{"embeddable":true,"href":"https:\/\/www.simasa.com\/de\/wp-json\/wp\/v2\/comments?post=12315"}],"wp:featuredmedia":[{"embeddable":true,"href":"https:\/\/www.simasa.com\/de\/wp-json\/wp\/v2\/media\/12289"}],"wp:attachment":[{"href":"https:\/\/www.simasa.com\/de\/wp-json\/wp\/v2\/media?parent=12315"}],"wp:term":[{"taxonomy":"product_brand","embeddable":true,"href":"https:\/\/www.simasa.com\/de\/wp-json\/wp\/v2\/product_brand?post=12315"},{"taxonomy":"product_cat","embeddable":true,"href":"https:\/\/www.simasa.com\/de\/wp-json\/wp\/v2\/product_cat?post=12315"},{"taxonomy":"product_tag","embeddable":true,"href":"https:\/\/www.simasa.com\/de\/wp-json\/wp\/v2\/product_tag?post=12315"}],"curies":[{"name":"wp","href":"https:\/\/api.w.org\/{rel}","templated":true}]}}