{"id":11018,"date":"2023-03-15T15:53:38","date_gmt":"2023-03-15T14:53:38","guid":{"rendered":"https:\/\/www.simasa.com\/?post_type=product&#038;p=11018"},"modified":"2024-04-12T11:31:40","modified_gmt":"2024-04-12T09:31:40","slug":"cobra-45-vario","status":"publish","type":"product","link":"https:\/\/www.simasa.com\/de\/producto\/cobra-45-vario\/","title":{"rendered":"COBRA 45 VARIO"},"content":{"rendered":"<p>Der SIMA <strong>Cobra 45 VARIO<\/strong> Pflasterschneider erg\u00e4nzt die Cobra 45 Reihe um eine Erweiterung der M\u00f6glichkeiten zum Schneiden von Bel\u00e4gen (Asphalt, Beton, Zement, etc&#8230;).<\/p>\n<p><strong>Er macht parallele Schnitte von 5 cm und 10 cm in einem einzigen Durchgang<\/strong> !!! und steigert so Ihre Produktivit\u00e4t und Rentabilit\u00e4t pro Arbeitsstunde.<\/p>\n<h2 style=\"text-align: center;\">Sparen Sie Zeit und M\u00fche mit dem SIMA <strong>Cobra 45 VARIO<\/strong> Pflasterschneider.<\/h2>\n<p><img loading=\"lazy\" decoding=\"async\" class=\"size-full wp-image-11973 aligncenter\" src=\"https:\/\/www.simasa.com\/wp-content\/uploads\/2024\/04\/FLYER-Cobra-45-VARIO-ENG-1-.jpg\" alt=\"\" width=\"740\" height=\"1052\" srcset=\"https:\/\/www.simasa.com\/wp-content\/uploads\/2024\/04\/FLYER-Cobra-45-VARIO-ENG-1-.jpg 740w, https:\/\/www.simasa.com\/wp-content\/uploads\/2024\/04\/FLYER-Cobra-45-VARIO-ENG-1--211x300.jpg 211w, https:\/\/www.simasa.com\/wp-content\/uploads\/2024\/04\/FLYER-Cobra-45-VARIO-ENG-1--720x1024.jpg 720w, https:\/\/www.simasa.com\/wp-content\/uploads\/2024\/04\/FLYER-Cobra-45-VARIO-ENG-1--416x591.jpg 416w\" sizes=\"auto, (max-width: 740px) 100vw, 740px\" \/><\/p>\n<h2 style=\"text-align: center;\">SIMA <strong>Cobra 45 VARIO<\/strong> Pflasterschneider: Kraft und Pr\u00e4zision<\/h2>\n<p><img loading=\"lazy\" decoding=\"async\" class=\"size-full wp-image-11966 aligncenter\" src=\"https:\/\/www.simasa.com\/wp-content\/uploads\/2024\/04\/FLYER-Cobra-45-VARIO-ENG-2-.jpg\" alt=\"\" width=\"871\" height=\"1227\" \/><\/p>\n<p><iframe loading=\"lazy\" title=\"YouTube video player\" src=\"https:\/\/www.youtube.com\/embed\/uvQpcd-pHc0\" width=\"960\" height=\"615\" frameborder=\"0\" allowfullscreen=\"allowfullscreen\"><span data-mce-type=\"bookmark\" style=\"display: inline-block; width: 0px; overflow: hidden; line-height: 0;\" class=\"mce_SELRES_start\">\ufeff<\/span><\/iframe><\/p>\n","protected":false},"excerpt":{"rendered":"<p>La gama <strong>COBRA<\/strong> cuenta con m\u00e1quinas de gran capacidad de trabajo y a la vez muy vers\u00e1tiles.<br \/>\n<strong>COBRA 45<\/strong> incorpora un dep\u00f3sito de polipropileno de 45 litros.<\/p>\n","protected":false},"featured_media":11036,"comment_status":"open","ping_status":"closed","template":"","meta":{"_acf_changed":false},"product_brand":[],"product_cat":[1786,1784],"product_tag":[3705],"class_list":{"0":"post-11018","1":"product","2":"type-product","3":"status-publish","4":"has-post-thumbnail","6":"product_cat-fugenschneider","7":"product_cat-oberflachen-bearbeitung","8":"product_tag-cortadoras-de-pavimento-de","9":"pa_max-blade-diameter-mm-3750","10":"pa_max-cutting-depth-mm-3914","11":"pa_power-petrol","13":"first","14":"instock","15":"shipping-taxable","16":"product-type-simple"},"acf":[],"yoast_head":"<!-- This site is optimized with the Yoast SEO plugin v27.2 - https:\/\/yoast.com\/product\/yoast-seo-wordpress\/ -->\n<title>Cortadoras de Pavimento - COBRA 45 VARIO | Sima<\/title>\n<meta name=\"description\" content=\"COBRA 45 VARIO. La gama COBRA cuenta con m\u00e1quinas de gran capacidad de trabajo y a la vez muy vers\u00e1tiles. COBRA 45 incorpora un dep\u00f3sito de polipropileno de 45 litros.\" \/>\n<meta name=\"robots\" content=\"noindex, follow\" \/>\n<meta property=\"og:locale\" content=\"de_DE\" \/>\n<meta property=\"og:type\" content=\"article\" \/>\n<meta property=\"og:title\" content=\"Cortadoras de Pavimento - COBRA 45 VARIO | Sima\" \/>\n<meta property=\"og:description\" content=\"COBRA 45 VARIO. La gama COBRA cuenta con m\u00e1quinas de gran capacidad de trabajo y a la vez muy vers\u00e1tiles. COBRA 45 incorpora un dep\u00f3sito de polipropileno de 45 litros.\" \/>\n<meta property=\"og:url\" content=\"https:\/\/www.simasa.com\/de\/producto\/cobra-45-vario\/\" \/>\n<meta property=\"og:site_name\" content=\"Sima\" \/>\n<meta property=\"article:modified_time\" content=\"2024-04-12T09:31:40+00:00\" \/>\n<meta property=\"og:image\" content=\"https:\/\/www.simasa.com\/wp-content\/uploads\/2023\/03\/Cobra-45-PRO-VARIO.jpg\" \/>\n\t<meta property=\"og:image:width\" content=\"2246\" \/>\n\t<meta property=\"og:image:height\" content=\"2246\" \/>\n\t<meta property=\"og:image:type\" content=\"image\/jpeg\" \/>\n<meta name=\"twitter:card\" content=\"summary_large_image\" \/>\n<meta name=\"twitter:label1\" content=\"Gesch\u00e4tzte Lesezeit\" \/>\n\t<meta name=\"twitter:data1\" content=\"1\u00a0Minute\" \/>\n<script type=\"application\/ld+json\" class=\"yoast-schema-graph\">{\"@context\":\"https:\/\/schema.org\",\"@graph\":[{\"@type\":\"WebPage\",\"@id\":\"https:\/\/www.simasa.com\/de\/producto\/cobra-45-vario\/\",\"url\":\"https:\/\/www.simasa.com\/de\/producto\/cobra-45-vario\/\",\"name\":\"Cortadoras de Pavimento - COBRA 45 VARIO | Sima\",\"isPartOf\":{\"@id\":\"https:\/\/www.simasa.com\/de\/#website\"},\"primaryImageOfPage\":{\"@id\":\"https:\/\/www.simasa.com\/de\/producto\/cobra-45-vario\/#primaryimage\"},\"image\":{\"@id\":\"https:\/\/www.simasa.com\/de\/producto\/cobra-45-vario\/#primaryimage\"},\"thumbnailUrl\":\"https:\/\/www.simasa.com\/wp-content\/uploads\/2023\/03\/Cobra-45-PRO-VARIO.jpg\",\"datePublished\":\"2023-03-15T14:53:38+00:00\",\"dateModified\":\"2024-04-12T09:31:40+00:00\",\"description\":\"COBRA 45 VARIO. La gama COBRA cuenta con m\u00e1quinas de gran capacidad de trabajo y a la vez muy vers\u00e1tiles. COBRA 45 incorpora un dep\u00f3sito de polipropileno de 45 litros.\",\"breadcrumb\":{\"@id\":\"https:\/\/www.simasa.com\/de\/producto\/cobra-45-vario\/#breadcrumb\"},\"inLanguage\":\"de\",\"potentialAction\":[{\"@type\":\"ReadAction\",\"target\":[\"https:\/\/www.simasa.com\/de\/producto\/cobra-45-vario\/\"]}]},{\"@type\":\"ImageObject\",\"inLanguage\":\"de\",\"@id\":\"https:\/\/www.simasa.com\/de\/producto\/cobra-45-vario\/#primaryimage\",\"url\":\"https:\/\/www.simasa.com\/wp-content\/uploads\/2023\/03\/Cobra-45-PRO-VARIO.jpg\",\"contentUrl\":\"https:\/\/www.simasa.com\/wp-content\/uploads\/2023\/03\/Cobra-45-PRO-VARIO.jpg\",\"width\":2246,\"height\":2246},{\"@type\":\"BreadcrumbList\",\"@id\":\"https:\/\/www.simasa.com\/de\/producto\/cobra-45-vario\/#breadcrumb\",\"itemListElement\":[{\"@type\":\"ListItem\",\"position\":1,\"name\":\"Inicio\",\"item\":\"https:\/\/www.simasa.com\/de\/\"},{\"@type\":\"ListItem\",\"position\":2,\"name\":\"Katalog\",\"item\":\"https:\/\/www.simasa.com\/de\/katalog\/\"},{\"@type\":\"ListItem\",\"position\":3,\"name\":\"COBRA 45 VARIO\"}]},{\"@type\":\"WebSite\",\"@id\":\"https:\/\/www.simasa.com\/de\/#website\",\"url\":\"https:\/\/www.simasa.com\/de\/\",\"name\":\"Sima\",\"description\":\"Fabricantes de maquinaria para la construcci\u00f3n\",\"publisher\":{\"@id\":\"https:\/\/www.simasa.com\/de\/#organization\"},\"potentialAction\":[{\"@type\":\"SearchAction\",\"target\":{\"@type\":\"EntryPoint\",\"urlTemplate\":\"https:\/\/www.simasa.com\/de\/?s={search_term_string}\"},\"query-input\":{\"@type\":\"PropertyValueSpecification\",\"valueRequired\":true,\"valueName\":\"search_term_string\"}}],\"inLanguage\":\"de\"},{\"@type\":\"Organization\",\"@id\":\"https:\/\/www.simasa.com\/de\/#organization\",\"name\":\"Sima\",\"url\":\"https:\/\/www.simasa.com\/de\/\",\"logo\":{\"@type\":\"ImageObject\",\"inLanguage\":\"de\",\"@id\":\"https:\/\/www.simasa.com\/de\/#\/schema\/logo\/image\/\",\"url\":\"https:\/\/www.simasa.com\/wp-content\/uploads\/2016\/03\/logo-1.jpg\",\"contentUrl\":\"https:\/\/www.simasa.com\/wp-content\/uploads\/2016\/03\/logo-1.jpg\",\"width\":121,\"height\":54,\"caption\":\"Sima\"},\"image\":{\"@id\":\"https:\/\/www.simasa.com\/de\/#\/schema\/logo\/image\/\"}}]}<\/script>\n<!-- \/ Yoast SEO plugin. -->","yoast_head_json":{"title":"Cortadoras de Pavimento - COBRA 45 VARIO | Sima","description":"COBRA 45 VARIO. La gama COBRA cuenta con m\u00e1quinas de gran capacidad de trabajo y a la vez muy vers\u00e1tiles. COBRA 45 incorpora un dep\u00f3sito de polipropileno de 45 litros.","robots":{"index":"noindex","follow":"follow"},"og_locale":"de_DE","og_type":"article","og_title":"Cortadoras de Pavimento - COBRA 45 VARIO | Sima","og_description":"COBRA 45 VARIO. La gama COBRA cuenta con m\u00e1quinas de gran capacidad de trabajo y a la vez muy vers\u00e1tiles. COBRA 45 incorpora un dep\u00f3sito de polipropileno de 45 litros.","og_url":"https:\/\/www.simasa.com\/de\/producto\/cobra-45-vario\/","og_site_name":"Sima","article_modified_time":"2024-04-12T09:31:40+00:00","og_image":[{"width":2246,"height":2246,"url":"https:\/\/www.simasa.com\/wp-content\/uploads\/2023\/03\/Cobra-45-PRO-VARIO.jpg","type":"image\/jpeg"}],"twitter_card":"summary_large_image","twitter_misc":{"Gesch\u00e4tzte Lesezeit":"1\u00a0Minute"},"schema":{"@context":"https:\/\/schema.org","@graph":[{"@type":"WebPage","@id":"https:\/\/www.simasa.com\/de\/producto\/cobra-45-vario\/","url":"https:\/\/www.simasa.com\/de\/producto\/cobra-45-vario\/","name":"Cortadoras de Pavimento - COBRA 45 VARIO | Sima","isPartOf":{"@id":"https:\/\/www.simasa.com\/de\/#website"},"primaryImageOfPage":{"@id":"https:\/\/www.simasa.com\/de\/producto\/cobra-45-vario\/#primaryimage"},"image":{"@id":"https:\/\/www.simasa.com\/de\/producto\/cobra-45-vario\/#primaryimage"},"thumbnailUrl":"https:\/\/www.simasa.com\/wp-content\/uploads\/2023\/03\/Cobra-45-PRO-VARIO.jpg","datePublished":"2023-03-15T14:53:38+00:00","dateModified":"2024-04-12T09:31:40+00:00","description":"COBRA 45 VARIO. La gama COBRA cuenta con m\u00e1quinas de gran capacidad de trabajo y a la vez muy vers\u00e1tiles. COBRA 45 incorpora un dep\u00f3sito de polipropileno de 45 litros.","breadcrumb":{"@id":"https:\/\/www.simasa.com\/de\/producto\/cobra-45-vario\/#breadcrumb"},"inLanguage":"de","potentialAction":[{"@type":"ReadAction","target":["https:\/\/www.simasa.com\/de\/producto\/cobra-45-vario\/"]}]},{"@type":"ImageObject","inLanguage":"de","@id":"https:\/\/www.simasa.com\/de\/producto\/cobra-45-vario\/#primaryimage","url":"https:\/\/www.simasa.com\/wp-content\/uploads\/2023\/03\/Cobra-45-PRO-VARIO.jpg","contentUrl":"https:\/\/www.simasa.com\/wp-content\/uploads\/2023\/03\/Cobra-45-PRO-VARIO.jpg","width":2246,"height":2246},{"@type":"BreadcrumbList","@id":"https:\/\/www.simasa.com\/de\/producto\/cobra-45-vario\/#breadcrumb","itemListElement":[{"@type":"ListItem","position":1,"name":"Inicio","item":"https:\/\/www.simasa.com\/de\/"},{"@type":"ListItem","position":2,"name":"Katalog","item":"https:\/\/www.simasa.com\/de\/katalog\/"},{"@type":"ListItem","position":3,"name":"COBRA 45 VARIO"}]},{"@type":"WebSite","@id":"https:\/\/www.simasa.com\/de\/#website","url":"https:\/\/www.simasa.com\/de\/","name":"Sima","description":"Fabricantes de maquinaria para la construcci\u00f3n","publisher":{"@id":"https:\/\/www.simasa.com\/de\/#organization"},"potentialAction":[{"@type":"SearchAction","target":{"@type":"EntryPoint","urlTemplate":"https:\/\/www.simasa.com\/de\/?s={search_term_string}"},"query-input":{"@type":"PropertyValueSpecification","valueRequired":true,"valueName":"search_term_string"}}],"inLanguage":"de"},{"@type":"Organization","@id":"https:\/\/www.simasa.com\/de\/#organization","name":"Sima","url":"https:\/\/www.simasa.com\/de\/","logo":{"@type":"ImageObject","inLanguage":"de","@id":"https:\/\/www.simasa.com\/de\/#\/schema\/logo\/image\/","url":"https:\/\/www.simasa.com\/wp-content\/uploads\/2016\/03\/logo-1.jpg","contentUrl":"https:\/\/www.simasa.com\/wp-content\/uploads\/2016\/03\/logo-1.jpg","width":121,"height":54,"caption":"Sima"},"image":{"@id":"https:\/\/www.simasa.com\/de\/#\/schema\/logo\/image\/"}}]}},"_links":{"self":[{"href":"https:\/\/www.simasa.com\/de\/wp-json\/wp\/v2\/product\/11018","targetHints":{"allow":["GET"]}}],"collection":[{"href":"https:\/\/www.simasa.com\/de\/wp-json\/wp\/v2\/product"}],"about":[{"href":"https:\/\/www.simasa.com\/de\/wp-json\/wp\/v2\/types\/product"}],"replies":[{"embeddable":true,"href":"https:\/\/www.simasa.com\/de\/wp-json\/wp\/v2\/comments?post=11018"}],"wp:featuredmedia":[{"embeddable":true,"href":"https:\/\/www.simasa.com\/de\/wp-json\/wp\/v2\/media\/11036"}],"wp:attachment":[{"href":"https:\/\/www.simasa.com\/de\/wp-json\/wp\/v2\/media?parent=11018"}],"wp:term":[{"taxonomy":"product_brand","embeddable":true,"href":"https:\/\/www.simasa.com\/de\/wp-json\/wp\/v2\/product_brand?post=11018"},{"taxonomy":"product_cat","embeddable":true,"href":"https:\/\/www.simasa.com\/de\/wp-json\/wp\/v2\/product_cat?post=11018"},{"taxonomy":"product_tag","embeddable":true,"href":"https:\/\/www.simasa.com\/de\/wp-json\/wp\/v2\/product_tag?post=11018"}],"curies":[{"name":"wp","href":"https:\/\/api.w.org\/{rel}","templated":true}]}}