{"id":10964,"date":"2023-03-10T14:44:51","date_gmt":"2023-03-10T13:44:51","guid":{"rendered":"https:\/\/www.simasa.com\/?post_type=product&#038;p=10964"},"modified":"2024-04-12T10:56:09","modified_gmt":"2024-04-12T08:56:09","slug":"cobra-45-pro","status":"publish","type":"product","link":"https:\/\/www.simasa.com\/de\/producto\/cobra-45-pro\/","title":{"rendered":"COBRA 45 PRO"},"content":{"rendered":"<p><strong>Hochpr\u00e4zises und effizientes Schneiden<\/strong> von Bel\u00e4gen mit dem SIMA <strong>Cobra 45 PRO<\/strong> Pflasterschneider. Mit seinem 13 PS starken Honda GX390 CYC Benzinmotor f\u00fcr Diamantbl\u00e4tter mit einem Durchmesser von bis zu 500 mm k\u00f6nnen Sie jede Art von Belag, ob Asphalt oder Beton, mit Leichtigkeit und Geschwindigkeit schneiden.<\/p>\n<p>Die SIMA Cobra 45 PRO ist mit ihrer robusten Konstruktion und den hochwertigen Materialien auf maximale <strong>Haltbarkeit<\/strong> und <strong>Leistung<\/strong> ausgelegt. Das Wasserk\u00fchlsystem gew\u00e4hrleistet einen kontinuierlichen und langen Einsatz ohne \u00dcberhitzung. Dar\u00fcber hinaus erm\u00f6glicht der verstellbare Lenker ein bequemes Arbeiten in verschiedenen Positionen.<\/p>\n<p>Mit dem SIMA Cobra 45 PRO Pflasterschneider k\u00f6nnen Sie auf jeder Baustelle pr\u00e4zise und gleichm\u00e4\u00dfige Schnitte erzielen, sei es bei der Herstellung von Dehnungsfugen, bei der Verlegung von Rohren und Kabeln oder bei jeder anderen Anwendung, die einen sauberen und effizienten Schnitt erfordert.<\/p>\n<p>&nbsp;<\/p>\n<p><img loading=\"lazy\" decoding=\"async\" class=\"size-full wp-image-11936 aligncenter\" src=\"https:\/\/www.simasa.com\/wp-content\/uploads\/2024\/04\/FLYER-Cobra-45-PRO-ENG-1-1-2.jpg\" alt=\"\" width=\"746\" height=\"1042\" srcset=\"https:\/\/www.simasa.com\/wp-content\/uploads\/2024\/04\/FLYER-Cobra-45-PRO-ENG-1-1-2.jpg 746w, https:\/\/www.simasa.com\/wp-content\/uploads\/2024\/04\/FLYER-Cobra-45-PRO-ENG-1-1-2-215x300.jpg 215w, https:\/\/www.simasa.com\/wp-content\/uploads\/2024\/04\/FLYER-Cobra-45-PRO-ENG-1-1-2-733x1024.jpg 733w, https:\/\/www.simasa.com\/wp-content\/uploads\/2024\/04\/FLYER-Cobra-45-PRO-ENG-1-1-2-416x581.jpg 416w\" sizes=\"auto, (max-width: 746px) 100vw, 746px\" \/><br \/>\n<img loading=\"lazy\" decoding=\"async\" class=\"size-full wp-image-11940 aligncenter\" src=\"https:\/\/www.simasa.com\/wp-content\/uploads\/2024\/04\/FLYER-Cobra-45-PRO-ENG-2-1-2.jpg\" alt=\"\" width=\"742\" height=\"1051\" srcset=\"https:\/\/www.simasa.com\/wp-content\/uploads\/2024\/04\/FLYER-Cobra-45-PRO-ENG-2-1-2.jpg 742w, https:\/\/www.simasa.com\/wp-content\/uploads\/2024\/04\/FLYER-Cobra-45-PRO-ENG-2-1-2-212x300.jpg 212w, https:\/\/www.simasa.com\/wp-content\/uploads\/2024\/04\/FLYER-Cobra-45-PRO-ENG-2-1-2-723x1024.jpg 723w, https:\/\/www.simasa.com\/wp-content\/uploads\/2024\/04\/FLYER-Cobra-45-PRO-ENG-2-1-2-416x589.jpg 416w\" sizes=\"auto, (max-width: 742px) 100vw, 742px\" \/><\/p>\n<p>&nbsp;<\/p>\n<p><iframe loading=\"lazy\" title=\"YouTube video player\" src=\"https:\/\/www.youtube.com\/embed\/uvQpcd-pHc0\" width=\"960\" height=\"615\" frameborder=\"0\" allowfullscreen=\"allowfullscreen\"><span data-mce-type=\"bookmark\" style=\"display: inline-block; width: 0px; overflow: hidden; line-height: 0;\" class=\"mce_SELRES_start\">\ufeff<\/span><\/iframe><\/p>\n","protected":false},"excerpt":{"rendered":"<p><strong>Hochpr\u00e4zises und effizientes Schneiden<\/strong> von Bel\u00e4gen mit dem SIMA <strong>Cobra 45 PRO<\/strong> Pflasterschneider.<\/p>\n","protected":false},"featured_media":11878,"comment_status":"open","ping_status":"closed","template":"","meta":{"_acf_changed":false},"product_brand":[],"product_cat":[1786,1784],"product_tag":[3705],"class_list":{"0":"post-10964","1":"product","2":"type-product","3":"status-publish","4":"has-post-thumbnail","6":"product_cat-fugenschneider","7":"product_cat-oberflachen-bearbeitung","8":"product_tag-cortadoras-de-pavimento-de","9":"pa_max-blade-diameter-mm-3750","10":"pa_max-cutting-depth-mm-3914","11":"pa_power-petrol","13":"first","14":"instock","15":"shipping-taxable","16":"product-type-simple"},"acf":[],"yoast_head":"<!-- This site is optimized with the Yoast SEO plugin v27.2 - https:\/\/yoast.com\/product\/yoast-seo-wordpress\/ -->\n<title>Cortadoras de Pavimento - COBRA 45 PRO | Sima<\/title>\n<meta name=\"description\" content=\"COBRA 45 PRO. Hochpr\u00e4zises und effizientes Schneiden von Bel\u00e4gen mit dem SIMA Cobra 45 PRO Pflasterschneider.\" \/>\n<meta name=\"robots\" content=\"noindex, follow\" \/>\n<meta property=\"og:locale\" content=\"de_DE\" \/>\n<meta property=\"og:type\" content=\"article\" \/>\n<meta property=\"og:title\" content=\"Cortadoras de Pavimento - COBRA 45 PRO | Sima\" \/>\n<meta property=\"og:description\" content=\"COBRA 45 PRO. Hochpr\u00e4zises und effizientes Schneiden von Bel\u00e4gen mit dem SIMA Cobra 45 PRO Pflasterschneider.\" \/>\n<meta property=\"og:url\" content=\"https:\/\/www.simasa.com\/de\/producto\/cobra-45-pro\/\" \/>\n<meta property=\"og:site_name\" content=\"Sima\" \/>\n<meta property=\"article:modified_time\" content=\"2024-04-12T08:56:09+00:00\" \/>\n<meta property=\"og:image\" content=\"https:\/\/www.simasa.com\/wp-content\/uploads\/2024\/04\/Cobra-45-pro-proteccion-chapa-01.jpg\" \/>\n\t<meta property=\"og:image:width\" content=\"2544\" \/>\n\t<meta property=\"og:image:height\" content=\"2544\" \/>\n\t<meta property=\"og:image:type\" content=\"image\/jpeg\" \/>\n<meta name=\"twitter:card\" content=\"summary_large_image\" \/>\n<meta name=\"twitter:label1\" content=\"Gesch\u00e4tzte Lesezeit\" \/>\n\t<meta name=\"twitter:data1\" content=\"2\u00a0Minuten\" \/>\n<script type=\"application\/ld+json\" class=\"yoast-schema-graph\">{\"@context\":\"https:\/\/schema.org\",\"@graph\":[{\"@type\":\"WebPage\",\"@id\":\"https:\/\/www.simasa.com\/de\/producto\/cobra-45-pro\/\",\"url\":\"https:\/\/www.simasa.com\/de\/producto\/cobra-45-pro\/\",\"name\":\"Cortadoras de Pavimento - COBRA 45 PRO | Sima\",\"isPartOf\":{\"@id\":\"https:\/\/www.simasa.com\/de\/#website\"},\"primaryImageOfPage\":{\"@id\":\"https:\/\/www.simasa.com\/de\/producto\/cobra-45-pro\/#primaryimage\"},\"image\":{\"@id\":\"https:\/\/www.simasa.com\/de\/producto\/cobra-45-pro\/#primaryimage\"},\"thumbnailUrl\":\"https:\/\/www.simasa.com\/wp-content\/uploads\/2024\/04\/Cobra-45-pro-proteccion-chapa-01.jpg\",\"datePublished\":\"2023-03-10T13:44:51+00:00\",\"dateModified\":\"2024-04-12T08:56:09+00:00\",\"description\":\"COBRA 45 PRO. Hochpr\u00e4zises und effizientes Schneiden von Bel\u00e4gen mit dem SIMA Cobra 45 PRO Pflasterschneider.\",\"breadcrumb\":{\"@id\":\"https:\/\/www.simasa.com\/de\/producto\/cobra-45-pro\/#breadcrumb\"},\"inLanguage\":\"de\",\"potentialAction\":[{\"@type\":\"ReadAction\",\"target\":[\"https:\/\/www.simasa.com\/de\/producto\/cobra-45-pro\/\"]}]},{\"@type\":\"ImageObject\",\"inLanguage\":\"de\",\"@id\":\"https:\/\/www.simasa.com\/de\/producto\/cobra-45-pro\/#primaryimage\",\"url\":\"https:\/\/www.simasa.com\/wp-content\/uploads\/2024\/04\/Cobra-45-pro-proteccion-chapa-01.jpg\",\"contentUrl\":\"https:\/\/www.simasa.com\/wp-content\/uploads\/2024\/04\/Cobra-45-pro-proteccion-chapa-01.jpg\",\"width\":2544,\"height\":2544},{\"@type\":\"BreadcrumbList\",\"@id\":\"https:\/\/www.simasa.com\/de\/producto\/cobra-45-pro\/#breadcrumb\",\"itemListElement\":[{\"@type\":\"ListItem\",\"position\":1,\"name\":\"Inicio\",\"item\":\"https:\/\/www.simasa.com\/de\/\"},{\"@type\":\"ListItem\",\"position\":2,\"name\":\"Katalog\",\"item\":\"https:\/\/www.simasa.com\/de\/katalog\/\"},{\"@type\":\"ListItem\",\"position\":3,\"name\":\"COBRA 45 PRO\"}]},{\"@type\":\"WebSite\",\"@id\":\"https:\/\/www.simasa.com\/de\/#website\",\"url\":\"https:\/\/www.simasa.com\/de\/\",\"name\":\"Sima\",\"description\":\"Fabricantes de maquinaria para la construcci\u00f3n\",\"publisher\":{\"@id\":\"https:\/\/www.simasa.com\/de\/#organization\"},\"potentialAction\":[{\"@type\":\"SearchAction\",\"target\":{\"@type\":\"EntryPoint\",\"urlTemplate\":\"https:\/\/www.simasa.com\/de\/?s={search_term_string}\"},\"query-input\":{\"@type\":\"PropertyValueSpecification\",\"valueRequired\":true,\"valueName\":\"search_term_string\"}}],\"inLanguage\":\"de\"},{\"@type\":\"Organization\",\"@id\":\"https:\/\/www.simasa.com\/de\/#organization\",\"name\":\"Sima\",\"url\":\"https:\/\/www.simasa.com\/de\/\",\"logo\":{\"@type\":\"ImageObject\",\"inLanguage\":\"de\",\"@id\":\"https:\/\/www.simasa.com\/de\/#\/schema\/logo\/image\/\",\"url\":\"https:\/\/www.simasa.com\/wp-content\/uploads\/2016\/03\/logo-1.jpg\",\"contentUrl\":\"https:\/\/www.simasa.com\/wp-content\/uploads\/2016\/03\/logo-1.jpg\",\"width\":121,\"height\":54,\"caption\":\"Sima\"},\"image\":{\"@id\":\"https:\/\/www.simasa.com\/de\/#\/schema\/logo\/image\/\"}}]}<\/script>\n<!-- \/ Yoast SEO plugin. -->","yoast_head_json":{"title":"Cortadoras de Pavimento - COBRA 45 PRO | Sima","description":"COBRA 45 PRO. Hochpr\u00e4zises und effizientes Schneiden von Bel\u00e4gen mit dem SIMA Cobra 45 PRO Pflasterschneider.","robots":{"index":"noindex","follow":"follow"},"og_locale":"de_DE","og_type":"article","og_title":"Cortadoras de Pavimento - COBRA 45 PRO | Sima","og_description":"COBRA 45 PRO. Hochpr\u00e4zises und effizientes Schneiden von Bel\u00e4gen mit dem SIMA Cobra 45 PRO Pflasterschneider.","og_url":"https:\/\/www.simasa.com\/de\/producto\/cobra-45-pro\/","og_site_name":"Sima","article_modified_time":"2024-04-12T08:56:09+00:00","og_image":[{"width":2544,"height":2544,"url":"https:\/\/www.simasa.com\/wp-content\/uploads\/2024\/04\/Cobra-45-pro-proteccion-chapa-01.jpg","type":"image\/jpeg"}],"twitter_card":"summary_large_image","twitter_misc":{"Gesch\u00e4tzte Lesezeit":"2\u00a0Minuten"},"schema":{"@context":"https:\/\/schema.org","@graph":[{"@type":"WebPage","@id":"https:\/\/www.simasa.com\/de\/producto\/cobra-45-pro\/","url":"https:\/\/www.simasa.com\/de\/producto\/cobra-45-pro\/","name":"Cortadoras de Pavimento - COBRA 45 PRO | Sima","isPartOf":{"@id":"https:\/\/www.simasa.com\/de\/#website"},"primaryImageOfPage":{"@id":"https:\/\/www.simasa.com\/de\/producto\/cobra-45-pro\/#primaryimage"},"image":{"@id":"https:\/\/www.simasa.com\/de\/producto\/cobra-45-pro\/#primaryimage"},"thumbnailUrl":"https:\/\/www.simasa.com\/wp-content\/uploads\/2024\/04\/Cobra-45-pro-proteccion-chapa-01.jpg","datePublished":"2023-03-10T13:44:51+00:00","dateModified":"2024-04-12T08:56:09+00:00","description":"COBRA 45 PRO. Hochpr\u00e4zises und effizientes Schneiden von Bel\u00e4gen mit dem SIMA Cobra 45 PRO Pflasterschneider.","breadcrumb":{"@id":"https:\/\/www.simasa.com\/de\/producto\/cobra-45-pro\/#breadcrumb"},"inLanguage":"de","potentialAction":[{"@type":"ReadAction","target":["https:\/\/www.simasa.com\/de\/producto\/cobra-45-pro\/"]}]},{"@type":"ImageObject","inLanguage":"de","@id":"https:\/\/www.simasa.com\/de\/producto\/cobra-45-pro\/#primaryimage","url":"https:\/\/www.simasa.com\/wp-content\/uploads\/2024\/04\/Cobra-45-pro-proteccion-chapa-01.jpg","contentUrl":"https:\/\/www.simasa.com\/wp-content\/uploads\/2024\/04\/Cobra-45-pro-proteccion-chapa-01.jpg","width":2544,"height":2544},{"@type":"BreadcrumbList","@id":"https:\/\/www.simasa.com\/de\/producto\/cobra-45-pro\/#breadcrumb","itemListElement":[{"@type":"ListItem","position":1,"name":"Inicio","item":"https:\/\/www.simasa.com\/de\/"},{"@type":"ListItem","position":2,"name":"Katalog","item":"https:\/\/www.simasa.com\/de\/katalog\/"},{"@type":"ListItem","position":3,"name":"COBRA 45 PRO"}]},{"@type":"WebSite","@id":"https:\/\/www.simasa.com\/de\/#website","url":"https:\/\/www.simasa.com\/de\/","name":"Sima","description":"Fabricantes de maquinaria para la construcci\u00f3n","publisher":{"@id":"https:\/\/www.simasa.com\/de\/#organization"},"potentialAction":[{"@type":"SearchAction","target":{"@type":"EntryPoint","urlTemplate":"https:\/\/www.simasa.com\/de\/?s={search_term_string}"},"query-input":{"@type":"PropertyValueSpecification","valueRequired":true,"valueName":"search_term_string"}}],"inLanguage":"de"},{"@type":"Organization","@id":"https:\/\/www.simasa.com\/de\/#organization","name":"Sima","url":"https:\/\/www.simasa.com\/de\/","logo":{"@type":"ImageObject","inLanguage":"de","@id":"https:\/\/www.simasa.com\/de\/#\/schema\/logo\/image\/","url":"https:\/\/www.simasa.com\/wp-content\/uploads\/2016\/03\/logo-1.jpg","contentUrl":"https:\/\/www.simasa.com\/wp-content\/uploads\/2016\/03\/logo-1.jpg","width":121,"height":54,"caption":"Sima"},"image":{"@id":"https:\/\/www.simasa.com\/de\/#\/schema\/logo\/image\/"}}]}},"_links":{"self":[{"href":"https:\/\/www.simasa.com\/de\/wp-json\/wp\/v2\/product\/10964","targetHints":{"allow":["GET"]}}],"collection":[{"href":"https:\/\/www.simasa.com\/de\/wp-json\/wp\/v2\/product"}],"about":[{"href":"https:\/\/www.simasa.com\/de\/wp-json\/wp\/v2\/types\/product"}],"replies":[{"embeddable":true,"href":"https:\/\/www.simasa.com\/de\/wp-json\/wp\/v2\/comments?post=10964"}],"wp:featuredmedia":[{"embeddable":true,"href":"https:\/\/www.simasa.com\/de\/wp-json\/wp\/v2\/media\/11878"}],"wp:attachment":[{"href":"https:\/\/www.simasa.com\/de\/wp-json\/wp\/v2\/media?parent=10964"}],"wp:term":[{"taxonomy":"product_brand","embeddable":true,"href":"https:\/\/www.simasa.com\/de\/wp-json\/wp\/v2\/product_brand?post=10964"},{"taxonomy":"product_cat","embeddable":true,"href":"https:\/\/www.simasa.com\/de\/wp-json\/wp\/v2\/product_cat?post=10964"},{"taxonomy":"product_tag","embeddable":true,"href":"https:\/\/www.simasa.com\/de\/wp-json\/wp\/v2\/product_tag?post=10964"}],"curies":[{"name":"wp","href":"https:\/\/api.w.org\/{rel}","templated":true}]}}