{"id":10776,"date":"2019-07-19T12:35:03","date_gmt":"2022-05-31T14:30:57","guid":{"rendered":"https:\/\/www.simasa.com\/?post_type=product&#038;p=10776"},"modified":"2022-05-31T16:33:52","modified_gmt":"2022-05-31T14:33:52","slug":"triton","status":"publish","type":"product","link":"https:\/\/www.simasa.com\/de\/producto\/triton\/","title":{"rendered":"TRIT\u00d3N"},"content":{"rendered":"<h2>TRIT\u00d3N, Tr\u00fcmmer Zerkleinerungsmaschine f\u00fcr das Recycling<\/h2>\n<p>&nbsp;<\/p>\n<ul>\n<li>Die Triton zerkleinert den Tr\u00fcmmer, welcher in Renovationsarbeiten erzeugt wird und reduziert ihn ein 1\/3 von seinen urspr\u00fcnglichen Volumen.<\/li>\n<li>Einfache Entnahme und Abstapelung<\/li>\n<li>Den erhaltenen Sand (aus Tr\u00fcmmer ohne Gips, Metall oder Holz), kann als F\u00fcllstoff f\u00fcr M\u00f6rtelmischungen verwendet werden.<\/li>\n<\/ul>\n<h3>Portabilit\u00e4t<\/h3>\n<ul>\n<li>Auf pannensicheren R\u00e4dern montiert, passt durch den Aufzug und durch die T\u00fcren jeden Hauses.<\/li>\n<\/ul>\n<h3>Vielseitigkeit<\/h3>\n<ul>\n<li>Zwei Standardsiebe, um die gew\u00fcnschte Partikelgr\u00f6sse des Sandes zu erhalten.<\/li>\n<li>Erh\u00e4ltlich in Dreiphasen- und Einphasenversionen (letztere mit Wechselrichter), kompatibel mit Heimnetzwerk.<\/li>\n<\/ul>\n<h3>Dreifache Einsparung<\/h3>\n<ul>\n<li>Raum. Der entstandener Sand wird in ein 1\/3 von seinen urspr\u00fcnglichen Volumen reduziert.<\/li>\n<li>Personal. Verringerungs des Personals, welcher die Tr\u00fcmmer entfernt.<\/li>\n<li>Wiederverwendung. Mit dem erhaltenen Sand muss kein M\u00f6rtel gekauft werden.<\/li>\n<\/ul>\n<p>&nbsp;<\/p>\n<p><img loading=\"lazy\" decoding=\"async\" class=\"size-full wp-image-10165 aligncenter\" src=\"https:\/\/www.simasa.com\/wp-content\/uploads\/2019\/07\/Triton_1_ENG.jpg\" alt=\"\" width=\"794\" height=\"870\" srcset=\"https:\/\/www.simasa.com\/wp-content\/uploads\/2019\/07\/Triton_1_ENG.jpg 794w, https:\/\/www.simasa.com\/wp-content\/uploads\/2019\/07\/Triton_1_ENG-416x456.jpg 416w\" sizes=\"auto, (max-width: 794px) 100vw, 794px\" \/><\/p>\n<p>&nbsp;<\/p>\n<p><img loading=\"lazy\" decoding=\"async\" class=\"size-full wp-image-10161 aligncenter\" src=\"https:\/\/www.simasa.com\/wp-content\/uploads\/2019\/07\/Triton_2_ENG.jpg\" alt=\"\" width=\"773\" height=\"257\" srcset=\"https:\/\/www.simasa.com\/wp-content\/uploads\/2019\/07\/Triton_2_ENG.jpg 773w, https:\/\/www.simasa.com\/wp-content\/uploads\/2019\/07\/Triton_2_ENG-416x138.jpg 416w\" sizes=\"auto, (max-width: 773px) 100vw, 773px\" \/><\/p>\n<p><a href=\"https:\/\/www.simasa.com\/wp-content\/uploads\/2019\/07\/Triton_2_ESP.jpg\"><img loading=\"lazy\" decoding=\"async\" class=\"wp-image-10152 aligncenter\" src=\"https:\/\/www.simasa.com\/wp-content\/uploads\/2019\/07\/Triton_2_ESP.jpg\" alt=\"\" width=\"744\" height=\"256\" srcset=\"https:\/\/www.simasa.com\/wp-content\/uploads\/2019\/07\/Triton_2_ESP.jpg 1041w, https:\/\/www.simasa.com\/wp-content\/uploads\/2019\/07\/Triton_2_ESP-416x143.jpg 416w\" sizes=\"auto, (max-width: 744px) 100vw, 744px\" \/><\/a><\/p>\n<p><iframe loading=\"lazy\" title=\"SIMA Trit\u00f3n , a debris crusher\" width=\"980\" height=\"551\" src=\"https:\/\/www.youtube.com\/embed\/YpY_K1tGrmk?feature=oembed\" frameborder=\"0\" allow=\"accelerometer; autoplay; clipboard-write; encrypted-media; gyroscope; picture-in-picture\" allowfullscreen><\/iframe><\/p>\n<p>&nbsp;<\/p>\n","protected":false},"excerpt":{"rendered":"<p><strong>TRITON<\/strong>,\u00a0Tr\u00fcmmer Zerkleinerungsmaschine f\u00fcr das <strong>Recycling<\/strong><\/p>\n","protected":false},"featured_media":10122,"comment_status":"open","ping_status":"closed","template":"","meta":{"_acf_changed":false},"product_brand":[],"product_cat":[3688],"product_tag":[],"class_list":{"0":"post-10776","1":"product","2":"type-product","3":"status-publish","4":"has-post-thumbnail","6":"product_cat-brecher","7":"pa_power-electric-de","9":"first","10":"instock","11":"shipping-taxable","12":"product-type-simple"},"acf":[],"yoast_head":"<!-- This site is optimized with the Yoast SEO plugin v27.4 - https:\/\/yoast.com\/product\/yoast-seo-wordpress\/ -->\n<title>- TRIT\u00d3N | Sima %<\/title>\n<meta name=\"description\" content=\"TRIT\u00d3N. TRITON,\u00a0Tr\u00fcmmer Zerkleinerungsmaschine f\u00fcr das Recycling\" \/>\n<meta name=\"robots\" content=\"noindex, follow\" \/>\n<meta property=\"og:locale\" content=\"de_DE\" \/>\n<meta property=\"og:type\" content=\"article\" \/>\n<meta property=\"og:title\" content=\"- TRIT\u00d3N | Sima %\" \/>\n<meta property=\"og:description\" content=\"TRIT\u00d3N. TRITON,\u00a0Tr\u00fcmmer Zerkleinerungsmaschine f\u00fcr das Recycling\" \/>\n<meta property=\"og:url\" content=\"https:\/\/www.simasa.com\/de\/producto\/triton\/\" \/>\n<meta property=\"og:site_name\" content=\"Sima\" \/>\n<meta property=\"article:modified_time\" content=\"2022-05-31T14:33:52+00:00\" \/>\n<meta property=\"og:image\" content=\"https:\/\/www.simasa.com\/wp-content\/uploads\/2019\/07\/Foto-Calidad-Trit\u00f3n-scaled.jpg\" \/>\n\t<meta property=\"og:image:width\" content=\"2560\" \/>\n\t<meta property=\"og:image:height\" content=\"2560\" \/>\n\t<meta property=\"og:image:type\" content=\"image\/jpeg\" \/>\n<meta name=\"twitter:card\" content=\"summary_large_image\" \/>\n<meta name=\"twitter:label1\" content=\"Gesch\u00e4tzte Lesezeit\" \/>\n\t<meta name=\"twitter:data1\" content=\"2\u00a0Minuten\" \/>\n<script type=\"application\/ld+json\" class=\"yoast-schema-graph\">{\"@context\":\"https:\\\/\\\/schema.org\",\"@graph\":[{\"@type\":\"WebPage\",\"@id\":\"https:\\\/\\\/www.simasa.com\\\/de\\\/producto\\\/triton\\\/\",\"url\":\"https:\\\/\\\/www.simasa.com\\\/de\\\/producto\\\/triton\\\/\",\"name\":\"- TRIT\u00d3N | Sima %\",\"isPartOf\":{\"@id\":\"https:\\\/\\\/www.simasa.com\\\/de\\\/#website\"},\"primaryImageOfPage\":{\"@id\":\"https:\\\/\\\/www.simasa.com\\\/de\\\/producto\\\/triton\\\/#primaryimage\"},\"image\":{\"@id\":\"https:\\\/\\\/www.simasa.com\\\/de\\\/producto\\\/triton\\\/#primaryimage\"},\"thumbnailUrl\":\"https:\\\/\\\/www.simasa.com\\\/wp-content\\\/uploads\\\/2019\\\/07\\\/Foto-Calidad-Trit\u00f3n-scaled.jpg\",\"datePublished\":\"2022-05-31T14:30:57+00:00\",\"dateModified\":\"2022-05-31T14:33:52+00:00\",\"description\":\"TRIT\u00d3N. TRITON,\u00a0Tr\u00fcmmer Zerkleinerungsmaschine f\u00fcr das Recycling\",\"breadcrumb\":{\"@id\":\"https:\\\/\\\/www.simasa.com\\\/de\\\/producto\\\/triton\\\/#breadcrumb\"},\"inLanguage\":\"de\",\"potentialAction\":[{\"@type\":\"ReadAction\",\"target\":[\"https:\\\/\\\/www.simasa.com\\\/de\\\/producto\\\/triton\\\/\"]}]},{\"@type\":\"ImageObject\",\"inLanguage\":\"de\",\"@id\":\"https:\\\/\\\/www.simasa.com\\\/de\\\/producto\\\/triton\\\/#primaryimage\",\"url\":\"https:\\\/\\\/www.simasa.com\\\/wp-content\\\/uploads\\\/2019\\\/07\\\/Foto-Calidad-Trit\u00f3n-scaled.jpg\",\"contentUrl\":\"https:\\\/\\\/www.simasa.com\\\/wp-content\\\/uploads\\\/2019\\\/07\\\/Foto-Calidad-Trit\u00f3n-scaled.jpg\",\"width\":2560,\"height\":2560},{\"@type\":\"BreadcrumbList\",\"@id\":\"https:\\\/\\\/www.simasa.com\\\/de\\\/producto\\\/triton\\\/#breadcrumb\",\"itemListElement\":[{\"@type\":\"ListItem\",\"position\":1,\"name\":\"Inicio\",\"item\":\"https:\\\/\\\/www.simasa.com\\\/de\\\/\"},{\"@type\":\"ListItem\",\"position\":2,\"name\":\"Katalog\",\"item\":\"https:\\\/\\\/www.simasa.com\\\/de\\\/katalog\\\/\"},{\"@type\":\"ListItem\",\"position\":3,\"name\":\"TRIT\u00d3N\"}]},{\"@type\":\"WebSite\",\"@id\":\"https:\\\/\\\/www.simasa.com\\\/de\\\/#website\",\"url\":\"https:\\\/\\\/www.simasa.com\\\/de\\\/\",\"name\":\"Sima\",\"description\":\"Fabricantes de maquinaria para la construcci\u00f3n\",\"publisher\":{\"@id\":\"https:\\\/\\\/www.simasa.com\\\/de\\\/#organization\"},\"potentialAction\":[{\"@type\":\"SearchAction\",\"target\":{\"@type\":\"EntryPoint\",\"urlTemplate\":\"https:\\\/\\\/www.simasa.com\\\/de\\\/?s={search_term_string}\"},\"query-input\":{\"@type\":\"PropertyValueSpecification\",\"valueRequired\":true,\"valueName\":\"search_term_string\"}}],\"inLanguage\":\"de\"},{\"@type\":\"Organization\",\"@id\":\"https:\\\/\\\/www.simasa.com\\\/de\\\/#organization\",\"name\":\"Sima\",\"url\":\"https:\\\/\\\/www.simasa.com\\\/de\\\/\",\"logo\":{\"@type\":\"ImageObject\",\"inLanguage\":\"de\",\"@id\":\"https:\\\/\\\/www.simasa.com\\\/de\\\/#\\\/schema\\\/logo\\\/image\\\/\",\"url\":\"https:\\\/\\\/www.simasa.com\\\/wp-content\\\/uploads\\\/2016\\\/03\\\/logo-1.jpg\",\"contentUrl\":\"https:\\\/\\\/www.simasa.com\\\/wp-content\\\/uploads\\\/2016\\\/03\\\/logo-1.jpg\",\"width\":121,\"height\":54,\"caption\":\"Sima\"},\"image\":{\"@id\":\"https:\\\/\\\/www.simasa.com\\\/de\\\/#\\\/schema\\\/logo\\\/image\\\/\"}}]}<\/script>\n<!-- \/ Yoast SEO plugin. -->","yoast_head_json":{"title":"- TRIT\u00d3N | Sima %","description":"TRIT\u00d3N. TRITON,\u00a0Tr\u00fcmmer Zerkleinerungsmaschine f\u00fcr das Recycling","robots":{"index":"noindex","follow":"follow"},"og_locale":"de_DE","og_type":"article","og_title":"- TRIT\u00d3N | Sima %","og_description":"TRIT\u00d3N. TRITON,\u00a0Tr\u00fcmmer Zerkleinerungsmaschine f\u00fcr das Recycling","og_url":"https:\/\/www.simasa.com\/de\/producto\/triton\/","og_site_name":"Sima","article_modified_time":"2022-05-31T14:33:52+00:00","og_image":[{"width":2560,"height":2560,"url":"https:\/\/www.simasa.com\/wp-content\/uploads\/2019\/07\/Foto-Calidad-Trit\u00f3n-scaled.jpg","type":"image\/jpeg"}],"twitter_card":"summary_large_image","twitter_misc":{"Gesch\u00e4tzte Lesezeit":"2\u00a0Minuten"},"schema":{"@context":"https:\/\/schema.org","@graph":[{"@type":"WebPage","@id":"https:\/\/www.simasa.com\/de\/producto\/triton\/","url":"https:\/\/www.simasa.com\/de\/producto\/triton\/","name":"- TRIT\u00d3N | Sima %","isPartOf":{"@id":"https:\/\/www.simasa.com\/de\/#website"},"primaryImageOfPage":{"@id":"https:\/\/www.simasa.com\/de\/producto\/triton\/#primaryimage"},"image":{"@id":"https:\/\/www.simasa.com\/de\/producto\/triton\/#primaryimage"},"thumbnailUrl":"https:\/\/www.simasa.com\/wp-content\/uploads\/2019\/07\/Foto-Calidad-Trit\u00f3n-scaled.jpg","datePublished":"2022-05-31T14:30:57+00:00","dateModified":"2022-05-31T14:33:52+00:00","description":"TRIT\u00d3N. TRITON,\u00a0Tr\u00fcmmer Zerkleinerungsmaschine f\u00fcr das Recycling","breadcrumb":{"@id":"https:\/\/www.simasa.com\/de\/producto\/triton\/#breadcrumb"},"inLanguage":"de","potentialAction":[{"@type":"ReadAction","target":["https:\/\/www.simasa.com\/de\/producto\/triton\/"]}]},{"@type":"ImageObject","inLanguage":"de","@id":"https:\/\/www.simasa.com\/de\/producto\/triton\/#primaryimage","url":"https:\/\/www.simasa.com\/wp-content\/uploads\/2019\/07\/Foto-Calidad-Trit\u00f3n-scaled.jpg","contentUrl":"https:\/\/www.simasa.com\/wp-content\/uploads\/2019\/07\/Foto-Calidad-Trit\u00f3n-scaled.jpg","width":2560,"height":2560},{"@type":"BreadcrumbList","@id":"https:\/\/www.simasa.com\/de\/producto\/triton\/#breadcrumb","itemListElement":[{"@type":"ListItem","position":1,"name":"Inicio","item":"https:\/\/www.simasa.com\/de\/"},{"@type":"ListItem","position":2,"name":"Katalog","item":"https:\/\/www.simasa.com\/de\/katalog\/"},{"@type":"ListItem","position":3,"name":"TRIT\u00d3N"}]},{"@type":"WebSite","@id":"https:\/\/www.simasa.com\/de\/#website","url":"https:\/\/www.simasa.com\/de\/","name":"Sima","description":"Fabricantes de maquinaria para la construcci\u00f3n","publisher":{"@id":"https:\/\/www.simasa.com\/de\/#organization"},"potentialAction":[{"@type":"SearchAction","target":{"@type":"EntryPoint","urlTemplate":"https:\/\/www.simasa.com\/de\/?s={search_term_string}"},"query-input":{"@type":"PropertyValueSpecification","valueRequired":true,"valueName":"search_term_string"}}],"inLanguage":"de"},{"@type":"Organization","@id":"https:\/\/www.simasa.com\/de\/#organization","name":"Sima","url":"https:\/\/www.simasa.com\/de\/","logo":{"@type":"ImageObject","inLanguage":"de","@id":"https:\/\/www.simasa.com\/de\/#\/schema\/logo\/image\/","url":"https:\/\/www.simasa.com\/wp-content\/uploads\/2016\/03\/logo-1.jpg","contentUrl":"https:\/\/www.simasa.com\/wp-content\/uploads\/2016\/03\/logo-1.jpg","width":121,"height":54,"caption":"Sima"},"image":{"@id":"https:\/\/www.simasa.com\/de\/#\/schema\/logo\/image\/"}}]}},"_links":{"self":[{"href":"https:\/\/www.simasa.com\/de\/wp-json\/wp\/v2\/product\/10776","targetHints":{"allow":["GET"]}}],"collection":[{"href":"https:\/\/www.simasa.com\/de\/wp-json\/wp\/v2\/product"}],"about":[{"href":"https:\/\/www.simasa.com\/de\/wp-json\/wp\/v2\/types\/product"}],"replies":[{"embeddable":true,"href":"https:\/\/www.simasa.com\/de\/wp-json\/wp\/v2\/comments?post=10776"}],"wp:featuredmedia":[{"embeddable":true,"href":"https:\/\/www.simasa.com\/de\/wp-json\/wp\/v2\/media\/10122"}],"wp:attachment":[{"href":"https:\/\/www.simasa.com\/de\/wp-json\/wp\/v2\/media?parent=10776"}],"wp:term":[{"taxonomy":"product_brand","embeddable":true,"href":"https:\/\/www.simasa.com\/de\/wp-json\/wp\/v2\/product_brand?post=10776"},{"taxonomy":"product_cat","embeddable":true,"href":"https:\/\/www.simasa.com\/de\/wp-json\/wp\/v2\/product_cat?post=10776"},{"taxonomy":"product_tag","embeddable":true,"href":"https:\/\/www.simasa.com\/de\/wp-json\/wp\/v2\/product_tag?post=10776"}],"curies":[{"name":"wp","href":"https:\/\/api.w.org\/{rel}","templated":true}]}}