{"id":10596,"date":"2021-07-02T14:58:59","date_gmt":"2021-07-02T12:58:59","guid":{"rendered":"https:\/\/www.simasa.com\/?post_type=product&#038;p=10596"},"modified":"2026-03-19T14:05:24","modified_gmt":"2026-03-19T13:05:24","slug":"del-tronic","status":"publish","type":"product","link":"https:\/\/www.simasa.com\/de\/producto\/del-tronic\/","title":{"rendered":"DEL TRONIC"},"content":{"rendered":"<p>&nbsp;<\/p>\n<h3><strong>\u00bfQu\u00e9 es Tronic?\u00a0<\/strong><\/h3>\n<ul>\n<li>Conexi\u00f3n inal\u00e1mbrica a smartphone, tablet, ordenador o pantalla industrial (wifi)<\/li>\n<li>Programaci\u00f3n de \u00e1ngulos de doblado con memoria para 10 programas con hasta 10 \u00e1ngulos de doblado cada uno.<\/li>\n<li>Temporizador de bloqueo por fecha y por tiempo de uso.<\/li>\n<li>Contador de barras dobladas, tiempo de encendido y tiempo de trabajo (total y parcial).<\/li>\n<li>Posibilidad de operar en modo Tronic o manual convencional.<\/li>\n<li>Acceso a usuarios designados, mediante contrase\u00f1a para funciones reservadas.<\/li>\n<li>Modo test para verificaci\u00f3n de pedal, pulsadores de emergencia y retroceso, final de carrera (de puerta,mesa y mand\u00edbula para COMBI) y sensores inductivos (3).<\/li>\n<\/ul>\n<p><iframe loading=\"lazy\" src=\"https:\/\/www.youtube.com\/embed\/gIQyyDCSz3I\" width=\"945\" height=\"540\" frameborder=\"0\" allowfullscreen=\"allowfullscreen\"><\/iframe><\/p>\n<p><img loading=\"lazy\" decoding=\"async\" class=\"size-full wp-image-10570 aligncenter\" src=\"https:\/\/www.simasa.com\/wp-content\/uploads\/2021\/07\/Tronic-1-ES.jpg\" alt=\"\" width=\"708\" height=\"644\" srcset=\"https:\/\/www.simasa.com\/wp-content\/uploads\/2021\/07\/Tronic-1-ES.jpg 708w, https:\/\/www.simasa.com\/wp-content\/uploads\/2021\/07\/Tronic-1-ES-300x273.jpg 300w, https:\/\/www.simasa.com\/wp-content\/uploads\/2021\/07\/Tronic-1-ES-416x378.jpg 416w\" sizes=\"auto, (max-width: 708px) 100vw, 708px\" \/> <img loading=\"lazy\" decoding=\"async\" class=\"size-full wp-image-10566 aligncenter\" src=\"https:\/\/www.simasa.com\/wp-content\/uploads\/2021\/07\/Tronic-2-ES.jpg\" alt=\"\" width=\"614\" height=\"876\" srcset=\"https:\/\/www.simasa.com\/wp-content\/uploads\/2021\/07\/Tronic-2-ES.jpg 614w, https:\/\/www.simasa.com\/wp-content\/uploads\/2021\/07\/Tronic-2-ES-210x300.jpg 210w, https:\/\/www.simasa.com\/wp-content\/uploads\/2021\/07\/Tronic-2-ES-416x594.jpg 416w\" sizes=\"auto, (max-width: 614px) 100vw, 614px\" \/> <img loading=\"lazy\" decoding=\"async\" class=\"size-full wp-image-10562 aligncenter\" src=\"https:\/\/www.simasa.com\/wp-content\/uploads\/2021\/07\/Tronic-3-ES.jpg\" alt=\"\" width=\"751\" height=\"408\" srcset=\"https:\/\/www.simasa.com\/wp-content\/uploads\/2021\/07\/Tronic-3-ES.jpg 751w, https:\/\/www.simasa.com\/wp-content\/uploads\/2021\/07\/Tronic-3-ES-300x163.jpg 300w, https:\/\/www.simasa.com\/wp-content\/uploads\/2021\/07\/Tronic-3-ES-416x226.jpg 416w\" sizes=\"auto, (max-width: 751px) 100vw, 751px\" \/><\/p>\n","protected":false},"excerpt":{"rendered":"<p><strong>DEL Tronic<\/strong> una gama de m\u00e1quinas con la ultima tecnolog\u00eda de interconexi\u00f3n inal\u00e1mbrica (<strong>IoT<\/strong>) y software para hacer el trabajo de doblado de ferralla m\u00e1s <strong>f\u00e1cil<\/strong> y <strong>eficiente<\/strong>.<\/p>\n","protected":false},"featured_media":10561,"comment_status":"open","ping_status":"closed","template":"","meta":{"_acf_changed":false},"product_brand":[],"product_cat":[1781,1779],"product_tag":[],"class_list":{"0":"post-10596","1":"product","2":"type-product","3":"status-publish","4":"has-post-thumbnail","6":"product_cat-betonstahl-biege-und-schneidemaschinen","7":"product_cat-betonstahl-biegemaschinen-b","8":"pa_max-bending-3817","9":"pa_max-bending-3820","10":"pa_max-bending-3821","11":"pa_max-bending-3836","12":"pa_max-bending-3826","13":"pa_max-bending-3829","14":"pa_max-bending-3832","15":"pa_max-bending-3833","16":"pa_power-electric-de","18":"first","19":"instock","20":"shipping-taxable","21":"product-type-simple"},"acf":[],"yoast_head":"<!-- This site is optimized with the Yoast SEO plugin v27.2 - https:\/\/yoast.com\/product\/yoast-seo-wordpress\/ -->\n<title>- DEL TRONIC | Sima<\/title>\n<meta name=\"description\" content=\"DEL TRONIC. DEL Tronic una gama de m\u00e1quinas con la ultima tecnolog\u00eda de interconexi\u00f3n inal\u00e1mbrica (IoT) y software para hacer el trabajo de doblado de ferralla m\u00e1s f\u00e1cil y eficiente.\" \/>\n<meta name=\"robots\" content=\"noindex, follow\" \/>\n<meta property=\"og:locale\" content=\"de_DE\" \/>\n<meta property=\"og:type\" content=\"article\" \/>\n<meta property=\"og:title\" content=\"- DEL TRONIC | Sima\" \/>\n<meta property=\"og:description\" content=\"DEL TRONIC. DEL Tronic una gama de m\u00e1quinas con la ultima tecnolog\u00eda de interconexi\u00f3n inal\u00e1mbrica (IoT) y software para hacer el trabajo de doblado de ferralla m\u00e1s f\u00e1cil y eficiente.\" \/>\n<meta property=\"og:url\" content=\"https:\/\/www.simasa.com\/de\/producto\/del-tronic\/\" \/>\n<meta property=\"og:site_name\" content=\"Sima\" \/>\n<meta property=\"article:modified_time\" content=\"2026-03-19T13:05:24+00:00\" \/>\n<meta property=\"og:image\" content=\"https:\/\/www.simasa.com\/wp-content\/uploads\/2021\/07\/Tronic-0.jpg\" \/>\n\t<meta property=\"og:image:width\" content=\"594\" \/>\n\t<meta property=\"og:image:height\" content=\"738\" \/>\n\t<meta property=\"og:image:type\" content=\"image\/jpeg\" \/>\n<meta name=\"twitter:card\" content=\"summary_large_image\" \/>\n<meta name=\"twitter:label1\" content=\"Gesch\u00e4tzte Lesezeit\" \/>\n\t<meta name=\"twitter:data1\" content=\"2\u00a0Minuten\" \/>\n<script type=\"application\/ld+json\" class=\"yoast-schema-graph\">{\"@context\":\"https:\/\/schema.org\",\"@graph\":[{\"@type\":\"WebPage\",\"@id\":\"https:\/\/www.simasa.com\/de\/producto\/del-tronic\/\",\"url\":\"https:\/\/www.simasa.com\/de\/producto\/del-tronic\/\",\"name\":\"- DEL TRONIC | Sima\",\"isPartOf\":{\"@id\":\"https:\/\/www.simasa.com\/de\/#website\"},\"primaryImageOfPage\":{\"@id\":\"https:\/\/www.simasa.com\/de\/producto\/del-tronic\/#primaryimage\"},\"image\":{\"@id\":\"https:\/\/www.simasa.com\/de\/producto\/del-tronic\/#primaryimage\"},\"thumbnailUrl\":\"https:\/\/www.simasa.com\/wp-content\/uploads\/2021\/07\/Tronic-0.jpg\",\"datePublished\":\"2021-07-02T12:58:59+00:00\",\"dateModified\":\"2026-03-19T13:05:24+00:00\",\"description\":\"DEL TRONIC. DEL Tronic una gama de m\u00e1quinas con la ultima tecnolog\u00eda de interconexi\u00f3n inal\u00e1mbrica (IoT) y software para hacer el trabajo de doblado de ferralla m\u00e1s f\u00e1cil y eficiente.\",\"breadcrumb\":{\"@id\":\"https:\/\/www.simasa.com\/de\/producto\/del-tronic\/#breadcrumb\"},\"inLanguage\":\"de\",\"potentialAction\":[{\"@type\":\"ReadAction\",\"target\":[\"https:\/\/www.simasa.com\/de\/producto\/del-tronic\/\"]}]},{\"@type\":\"ImageObject\",\"inLanguage\":\"de\",\"@id\":\"https:\/\/www.simasa.com\/de\/producto\/del-tronic\/#primaryimage\",\"url\":\"https:\/\/www.simasa.com\/wp-content\/uploads\/2021\/07\/Tronic-0.jpg\",\"contentUrl\":\"https:\/\/www.simasa.com\/wp-content\/uploads\/2021\/07\/Tronic-0.jpg\",\"width\":594,\"height\":738},{\"@type\":\"BreadcrumbList\",\"@id\":\"https:\/\/www.simasa.com\/de\/producto\/del-tronic\/#breadcrumb\",\"itemListElement\":[{\"@type\":\"ListItem\",\"position\":1,\"name\":\"Inicio\",\"item\":\"https:\/\/www.simasa.com\/de\/\"},{\"@type\":\"ListItem\",\"position\":2,\"name\":\"Katalog\",\"item\":\"https:\/\/www.simasa.com\/de\/katalog\/\"},{\"@type\":\"ListItem\",\"position\":3,\"name\":\"DEL TRONIC\"}]},{\"@type\":\"WebSite\",\"@id\":\"https:\/\/www.simasa.com\/de\/#website\",\"url\":\"https:\/\/www.simasa.com\/de\/\",\"name\":\"Sima\",\"description\":\"Fabricantes de maquinaria para la construcci\u00f3n\",\"publisher\":{\"@id\":\"https:\/\/www.simasa.com\/de\/#organization\"},\"potentialAction\":[{\"@type\":\"SearchAction\",\"target\":{\"@type\":\"EntryPoint\",\"urlTemplate\":\"https:\/\/www.simasa.com\/de\/?s={search_term_string}\"},\"query-input\":{\"@type\":\"PropertyValueSpecification\",\"valueRequired\":true,\"valueName\":\"search_term_string\"}}],\"inLanguage\":\"de\"},{\"@type\":\"Organization\",\"@id\":\"https:\/\/www.simasa.com\/de\/#organization\",\"name\":\"Sima\",\"url\":\"https:\/\/www.simasa.com\/de\/\",\"logo\":{\"@type\":\"ImageObject\",\"inLanguage\":\"de\",\"@id\":\"https:\/\/www.simasa.com\/de\/#\/schema\/logo\/image\/\",\"url\":\"https:\/\/www.simasa.com\/wp-content\/uploads\/2016\/03\/logo-1.jpg\",\"contentUrl\":\"https:\/\/www.simasa.com\/wp-content\/uploads\/2016\/03\/logo-1.jpg\",\"width\":121,\"height\":54,\"caption\":\"Sima\"},\"image\":{\"@id\":\"https:\/\/www.simasa.com\/de\/#\/schema\/logo\/image\/\"}}]}<\/script>\n<!-- \/ Yoast SEO plugin. -->","yoast_head_json":{"title":"- DEL TRONIC | Sima","description":"DEL TRONIC. DEL Tronic una gama de m\u00e1quinas con la ultima tecnolog\u00eda de interconexi\u00f3n inal\u00e1mbrica (IoT) y software para hacer el trabajo de doblado de ferralla m\u00e1s f\u00e1cil y eficiente.","robots":{"index":"noindex","follow":"follow"},"og_locale":"de_DE","og_type":"article","og_title":"- DEL TRONIC | Sima","og_description":"DEL TRONIC. DEL Tronic una gama de m\u00e1quinas con la ultima tecnolog\u00eda de interconexi\u00f3n inal\u00e1mbrica (IoT) y software para hacer el trabajo de doblado de ferralla m\u00e1s f\u00e1cil y eficiente.","og_url":"https:\/\/www.simasa.com\/de\/producto\/del-tronic\/","og_site_name":"Sima","article_modified_time":"2026-03-19T13:05:24+00:00","og_image":[{"width":594,"height":738,"url":"https:\/\/www.simasa.com\/wp-content\/uploads\/2021\/07\/Tronic-0.jpg","type":"image\/jpeg"}],"twitter_card":"summary_large_image","twitter_misc":{"Gesch\u00e4tzte Lesezeit":"2\u00a0Minuten"},"schema":{"@context":"https:\/\/schema.org","@graph":[{"@type":"WebPage","@id":"https:\/\/www.simasa.com\/de\/producto\/del-tronic\/","url":"https:\/\/www.simasa.com\/de\/producto\/del-tronic\/","name":"- DEL TRONIC | Sima","isPartOf":{"@id":"https:\/\/www.simasa.com\/de\/#website"},"primaryImageOfPage":{"@id":"https:\/\/www.simasa.com\/de\/producto\/del-tronic\/#primaryimage"},"image":{"@id":"https:\/\/www.simasa.com\/de\/producto\/del-tronic\/#primaryimage"},"thumbnailUrl":"https:\/\/www.simasa.com\/wp-content\/uploads\/2021\/07\/Tronic-0.jpg","datePublished":"2021-07-02T12:58:59+00:00","dateModified":"2026-03-19T13:05:24+00:00","description":"DEL TRONIC. DEL Tronic una gama de m\u00e1quinas con la ultima tecnolog\u00eda de interconexi\u00f3n inal\u00e1mbrica (IoT) y software para hacer el trabajo de doblado de ferralla m\u00e1s f\u00e1cil y eficiente.","breadcrumb":{"@id":"https:\/\/www.simasa.com\/de\/producto\/del-tronic\/#breadcrumb"},"inLanguage":"de","potentialAction":[{"@type":"ReadAction","target":["https:\/\/www.simasa.com\/de\/producto\/del-tronic\/"]}]},{"@type":"ImageObject","inLanguage":"de","@id":"https:\/\/www.simasa.com\/de\/producto\/del-tronic\/#primaryimage","url":"https:\/\/www.simasa.com\/wp-content\/uploads\/2021\/07\/Tronic-0.jpg","contentUrl":"https:\/\/www.simasa.com\/wp-content\/uploads\/2021\/07\/Tronic-0.jpg","width":594,"height":738},{"@type":"BreadcrumbList","@id":"https:\/\/www.simasa.com\/de\/producto\/del-tronic\/#breadcrumb","itemListElement":[{"@type":"ListItem","position":1,"name":"Inicio","item":"https:\/\/www.simasa.com\/de\/"},{"@type":"ListItem","position":2,"name":"Katalog","item":"https:\/\/www.simasa.com\/de\/katalog\/"},{"@type":"ListItem","position":3,"name":"DEL TRONIC"}]},{"@type":"WebSite","@id":"https:\/\/www.simasa.com\/de\/#website","url":"https:\/\/www.simasa.com\/de\/","name":"Sima","description":"Fabricantes de maquinaria para la construcci\u00f3n","publisher":{"@id":"https:\/\/www.simasa.com\/de\/#organization"},"potentialAction":[{"@type":"SearchAction","target":{"@type":"EntryPoint","urlTemplate":"https:\/\/www.simasa.com\/de\/?s={search_term_string}"},"query-input":{"@type":"PropertyValueSpecification","valueRequired":true,"valueName":"search_term_string"}}],"inLanguage":"de"},{"@type":"Organization","@id":"https:\/\/www.simasa.com\/de\/#organization","name":"Sima","url":"https:\/\/www.simasa.com\/de\/","logo":{"@type":"ImageObject","inLanguage":"de","@id":"https:\/\/www.simasa.com\/de\/#\/schema\/logo\/image\/","url":"https:\/\/www.simasa.com\/wp-content\/uploads\/2016\/03\/logo-1.jpg","contentUrl":"https:\/\/www.simasa.com\/wp-content\/uploads\/2016\/03\/logo-1.jpg","width":121,"height":54,"caption":"Sima"},"image":{"@id":"https:\/\/www.simasa.com\/de\/#\/schema\/logo\/image\/"}}]}},"_links":{"self":[{"href":"https:\/\/www.simasa.com\/de\/wp-json\/wp\/v2\/product\/10596","targetHints":{"allow":["GET"]}}],"collection":[{"href":"https:\/\/www.simasa.com\/de\/wp-json\/wp\/v2\/product"}],"about":[{"href":"https:\/\/www.simasa.com\/de\/wp-json\/wp\/v2\/types\/product"}],"replies":[{"embeddable":true,"href":"https:\/\/www.simasa.com\/de\/wp-json\/wp\/v2\/comments?post=10596"}],"wp:featuredmedia":[{"embeddable":true,"href":"https:\/\/www.simasa.com\/de\/wp-json\/wp\/v2\/media\/10561"}],"wp:attachment":[{"href":"https:\/\/www.simasa.com\/de\/wp-json\/wp\/v2\/media?parent=10596"}],"wp:term":[{"taxonomy":"product_brand","embeddable":true,"href":"https:\/\/www.simasa.com\/de\/wp-json\/wp\/v2\/product_brand?post=10596"},{"taxonomy":"product_cat","embeddable":true,"href":"https:\/\/www.simasa.com\/de\/wp-json\/wp\/v2\/product_cat?post=10596"},{"taxonomy":"product_tag","embeddable":true,"href":"https:\/\/www.simasa.com\/de\/wp-json\/wp\/v2\/product_tag?post=10596"}],"curies":[{"name":"wp","href":"https:\/\/api.w.org\/{rel}","templated":true}]}}