{"id":986,"date":"2016-03-16T15:39:24","date_gmt":"2016-03-16T15:39:24","guid":{"rendered":"https:\/\/www.simasa.com\/de\/post-venta\/"},"modified":"2018-01-17T17:13:26","modified_gmt":"2018-01-17T17:13:26","slug":"post-venta","status":"publish","type":"page","link":"https:\/\/www.simasa.com\/de\/post-venta\/","title":{"rendered":"After-Sales"},"content":{"rendered":"<h2>\u00a0Technischer Support <img loading=\"lazy\" decoding=\"async\" class=\"wp-image-1006 alignright\" src=\"https:\/\/www.simasa.com\/wp-content\/uploads\/2016\/03\/servisima-vertical-200x300.jpg\" alt=\"servisima vertical\" width=\"507\" height=\"761\" srcset=\"https:\/\/www.simasa.com\/wp-content\/uploads\/2016\/03\/servisima-vertical-200x300.jpg 200w, https:\/\/www.simasa.com\/wp-content\/uploads\/2016\/03\/servisima-vertical-416x624.jpg 416w, https:\/\/www.simasa.com\/wp-content\/uploads\/2016\/03\/servisima-vertical-768x1152.jpg 768w, https:\/\/www.simasa.com\/wp-content\/uploads\/2016\/03\/servisima-vertical-683x1024.jpg 683w, https:\/\/www.simasa.com\/wp-content\/uploads\/2016\/03\/servisima-vertical.jpg 800w\" sizes=\"auto, (max-width: 507px) 100vw, 507px\" \/><\/h2>\n<p>Im Jahr 2006 wird SERVI-SIMA erstellt, eine Erweiterung des After-Sales-Service.\u00a0SERVI-SIMA k\u00fcmmert sich selbstverst\u00e4ndlich um alle Probleme, welche durch Pannen entstehen (mit oder abgelaufener Garantie). SERVI-SIMA w\u00e4hlt, benennt, bildet aus, koordiniert und h\u00e4lt externe genehmigte Servicestellen. Diese unterst\u00fctzen Kunden mit ihre Dienstleistungen.<\/p>\n<p><img loading=\"lazy\" decoding=\"async\" class=\"alignnone size-medium wp-image-1012\" src=\"https:\/\/www.simasa.com\/wp-content\/uploads\/2016\/03\/servisima-columna2-300x198.png\" alt=\"servisima columna2\" width=\"300\" height=\"198\" srcset=\"https:\/\/www.simasa.com\/wp-content\/uploads\/2016\/03\/servisima-columna2-300x198.png 300w, https:\/\/www.simasa.com\/wp-content\/uploads\/2016\/03\/servisima-columna2-416x275.png 416w, https:\/\/www.simasa.com\/wp-content\/uploads\/2016\/03\/servisima-columna2.png 724w\" sizes=\"auto, (max-width: 300px) 100vw, 300px\" \/><\/p>\n<p>SERVI-SIMA verf\u00fcgt \u00fcber eine grosse Anzahl von grafisches Material von den verschiedenen Maschinenmodelle:<\/p>\n<p>Videos, Fotos und Grafiken, welche\u00a0dazu beitragen die Diagonose\u00a0und Fehlerbehebungen zu erleichtern.\u00a0Alle Servicpunkte von SERVI-SIMA haben ausgebildetes Fachpersonal. Das Personal wird durch Technikern von SIMA mit regelm\u00e4ssigen Kurse ausgebildet, damit sie die Neuheiten der Produkte kennen und sich am Laufenden halten.<\/p>\n<p><img loading=\"lazy\" decoding=\"async\" class=\"alignnone size-medium wp-image-1004\" src=\"https:\/\/www.simasa.com\/wp-content\/uploads\/2016\/03\/servisima-maquinas-300x200.jpg\" alt=\"servisima maquinas\" width=\"300\" height=\"200\" srcset=\"https:\/\/www.simasa.com\/wp-content\/uploads\/2016\/03\/servisima-maquinas-300x200.jpg 300w, https:\/\/www.simasa.com\/wp-content\/uploads\/2016\/03\/servisima-maquinas-416x277.jpg 416w, https:\/\/www.simasa.com\/wp-content\/uploads\/2016\/03\/servisima-maquinas-768x512.jpg 768w, https:\/\/www.simasa.com\/wp-content\/uploads\/2016\/03\/servisima-maquinas.jpg 800w\" sizes=\"auto, (max-width: 300px) 100vw, 300px\" \/>Alle Reparaturen von den\u00a0Servicepunkstellen SERVI-SIMA haben eine 3 monatige Garantie (auf Ersatzteile und Arbeitskraft).\u00a0Ausserdem, haben unsere Servicepunkstellen SERVI-SIMA alle Ersatzteile auf Lager, damit dem Kunde einen schnellen und zuverl\u00e4ssigen Service angeboten werden kann. Alle Ersatzteile, welche zum Zeitpunkt der Reparatur nicht in der Filiale vorhanden sind, werden per Kurierdienst in 24\/48 Std. geliefert.<\/p>\n<p><img loading=\"lazy\" decoding=\"async\" class=\"alignnone size-medium wp-image-1005\" src=\"https:\/\/www.simasa.com\/wp-content\/uploads\/2016\/03\/servisima-ata-300x200.jpg\" alt=\"servisima ata\" width=\"300\" height=\"200\" srcset=\"https:\/\/www.simasa.com\/wp-content\/uploads\/2016\/03\/servisima-ata-300x200.jpg 300w, https:\/\/www.simasa.com\/wp-content\/uploads\/2016\/03\/servisima-ata-416x277.jpg 416w, https:\/\/www.simasa.com\/wp-content\/uploads\/2016\/03\/servisima-ata-768x512.jpg 768w, https:\/\/www.simasa.com\/wp-content\/uploads\/2016\/03\/servisima-ata.jpg 800w\" sizes=\"auto, (max-width: 300px) 100vw, 300px\" \/>Unser Verfolgungsprogramm f\u00fcr\u00a0das gelieferte Ersatzmaterial sorgt f\u00fcr das reibungslose Funktioneren des Systems und f\u00fcr die volle Zufriedenheit unserer Kunden. Dies alles wird dank unseren Team aus 6 Profis erfolgreich verwaltet.\u00a0Alle unsere technische Supports von SERVI-SIMA erf\u00fcllen die Qualit\u00e4ts-standards von SIMA, nicht nur auf alle Produkte und Ersatzteile sondern auch bei der Kundenbetreuung. Deshalb repariert SERVI-SIMA jede Maschine innerhalb von h\u00f6chstens vier Tage (w\u00e4hrend der Garantiezeit). F\u00fcr Maschinen mit abgelaufener Garantie betr\u00e4gt die Reparaturzeit von h\u00f6chstens sieben Tage ab Erhalt der Produkte.<\/p>\n<p>&nbsp;<\/p>\n<p>&nbsp;<\/p>\n","protected":false},"excerpt":{"rendered":"<p>\u00a0Technischer Support Im Jahr 2006 wird SERVI-SIMA erstellt, eine Erweiterung des After-Sales-Service.\u00a0SERVI-SIMA k\u00fcmmert sich selbstverst\u00e4ndlich um alle Probleme, welche durch Pannen entstehen (mit oder abgelaufener Garantie). SERVI-SIMA w\u00e4hlt, benennt, bildet aus, koordiniert und h\u00e4lt externe genehmigte Servicestellen. Diese unterst\u00fctzen Kunden mit ihre Dienstleistungen. SERVI-SIMA verf\u00fcgt \u00fcber eine grosse Anzahl von grafisches Material von den verschiedenen [&hellip;]<\/p>\n","protected":false},"author":1,"featured_media":6478,"parent":0,"menu_order":0,"comment_status":"closed","ping_status":"closed","template":"template-tipo.php","meta":{"_acf_changed":false,"footnotes":""},"class_list":["post-986","page","type-page","status-publish","has-post-thumbnail","hentry"],"acf":[],"yoast_head":"<!-- This site is optimized with the Yoast SEO plugin v27.4 - https:\/\/yoast.com\/product\/yoast-seo-wordpress\/ -->\n<title>After-Sales | Sima<\/title>\n<meta name=\"robots\" content=\"index, follow, max-snippet:-1, max-image-preview:large, max-video-preview:-1\" \/>\n<link rel=\"canonical\" href=\"https:\/\/www.simasa.com\/de\/post-venta\/\" \/>\n<meta property=\"og:locale\" content=\"de_DE\" \/>\n<meta property=\"og:type\" content=\"article\" \/>\n<meta property=\"og:title\" content=\"After-Sales | Sima\" \/>\n<meta property=\"og:description\" content=\"\u00a0Technischer Support Im Jahr 2006 wird SERVI-SIMA erstellt, eine Erweiterung des After-Sales-Service.\u00a0SERVI-SIMA k\u00fcmmert sich selbstverst\u00e4ndlich um alle Probleme, welche durch Pannen entstehen (mit oder abgelaufener Garantie). SERVI-SIMA w\u00e4hlt, benennt, bildet aus, koordiniert und h\u00e4lt externe genehmigte Servicestellen. Diese unterst\u00fctzen Kunden mit ihre Dienstleistungen. SERVI-SIMA verf\u00fcgt \u00fcber eine grosse Anzahl von grafisches Material von den verschiedenen [&hellip;]\" \/>\n<meta property=\"og:url\" content=\"https:\/\/www.simasa.com\/de\/post-venta\/\" \/>\n<meta property=\"og:site_name\" content=\"Sima\" \/>\n<meta property=\"article:modified_time\" content=\"2018-01-17T17:13:26+00:00\" \/>\n<meta property=\"og:image\" content=\"https:\/\/www.simasa.com\/wp-content\/uploads\/2016\/03\/PostVenta_1-2.jpg\" \/>\n\t<meta property=\"og:image:width\" content=\"1800\" \/>\n\t<meta property=\"og:image:height\" content=\"771\" \/>\n\t<meta property=\"og:image:type\" content=\"image\/jpeg\" \/>\n<meta name=\"twitter:card\" content=\"summary_large_image\" \/>\n<meta name=\"twitter:label1\" content=\"Gesch\u00e4tzte Lesezeit\" \/>\n\t<meta name=\"twitter:data1\" content=\"1\u00a0Minute\" \/>\n<script type=\"application\/ld+json\" class=\"yoast-schema-graph\">{\"@context\":\"https:\\\/\\\/schema.org\",\"@graph\":[{\"@type\":\"WebPage\",\"@id\":\"https:\\\/\\\/www.simasa.com\\\/de\\\/post-venta\\\/\",\"url\":\"https:\\\/\\\/www.simasa.com\\\/de\\\/post-venta\\\/\",\"name\":\"After-Sales | Sima\",\"isPartOf\":{\"@id\":\"https:\\\/\\\/www.simasa.com\\\/de\\\/#website\"},\"primaryImageOfPage\":{\"@id\":\"https:\\\/\\\/www.simasa.com\\\/de\\\/post-venta\\\/#primaryimage\"},\"image\":{\"@id\":\"https:\\\/\\\/www.simasa.com\\\/de\\\/post-venta\\\/#primaryimage\"},\"thumbnailUrl\":\"https:\\\/\\\/www.simasa.com\\\/wp-content\\\/uploads\\\/2016\\\/03\\\/PostVenta_1-2.jpg\",\"datePublished\":\"2016-03-16T15:39:24+00:00\",\"dateModified\":\"2018-01-17T17:13:26+00:00\",\"breadcrumb\":{\"@id\":\"https:\\\/\\\/www.simasa.com\\\/de\\\/post-venta\\\/#breadcrumb\"},\"inLanguage\":\"de\",\"potentialAction\":[{\"@type\":\"ReadAction\",\"target\":[\"https:\\\/\\\/www.simasa.com\\\/de\\\/post-venta\\\/\"]}]},{\"@type\":\"ImageObject\",\"inLanguage\":\"de\",\"@id\":\"https:\\\/\\\/www.simasa.com\\\/de\\\/post-venta\\\/#primaryimage\",\"url\":\"https:\\\/\\\/www.simasa.com\\\/wp-content\\\/uploads\\\/2016\\\/03\\\/PostVenta_1-2.jpg\",\"contentUrl\":\"https:\\\/\\\/www.simasa.com\\\/wp-content\\\/uploads\\\/2016\\\/03\\\/PostVenta_1-2.jpg\",\"width\":1800,\"height\":771},{\"@type\":\"BreadcrumbList\",\"@id\":\"https:\\\/\\\/www.simasa.com\\\/de\\\/post-venta\\\/#breadcrumb\",\"itemListElement\":[{\"@type\":\"ListItem\",\"position\":1,\"name\":\"Inicio\",\"item\":\"https:\\\/\\\/www.simasa.com\\\/de\\\/\"},{\"@type\":\"ListItem\",\"position\":2,\"name\":\"After-Sales\"}]},{\"@type\":\"WebSite\",\"@id\":\"https:\\\/\\\/www.simasa.com\\\/de\\\/#website\",\"url\":\"https:\\\/\\\/www.simasa.com\\\/de\\\/\",\"name\":\"Sima\",\"description\":\"Fabricantes de maquinaria para la construcci\u00f3n\",\"publisher\":{\"@id\":\"https:\\\/\\\/www.simasa.com\\\/de\\\/#organization\"},\"potentialAction\":[{\"@type\":\"SearchAction\",\"target\":{\"@type\":\"EntryPoint\",\"urlTemplate\":\"https:\\\/\\\/www.simasa.com\\\/de\\\/?s={search_term_string}\"},\"query-input\":{\"@type\":\"PropertyValueSpecification\",\"valueRequired\":true,\"valueName\":\"search_term_string\"}}],\"inLanguage\":\"de\"},{\"@type\":\"Organization\",\"@id\":\"https:\\\/\\\/www.simasa.com\\\/de\\\/#organization\",\"name\":\"Sima\",\"url\":\"https:\\\/\\\/www.simasa.com\\\/de\\\/\",\"logo\":{\"@type\":\"ImageObject\",\"inLanguage\":\"de\",\"@id\":\"https:\\\/\\\/www.simasa.com\\\/de\\\/#\\\/schema\\\/logo\\\/image\\\/\",\"url\":\"https:\\\/\\\/www.simasa.com\\\/wp-content\\\/uploads\\\/2016\\\/03\\\/logo-1.jpg\",\"contentUrl\":\"https:\\\/\\\/www.simasa.com\\\/wp-content\\\/uploads\\\/2016\\\/03\\\/logo-1.jpg\",\"width\":121,\"height\":54,\"caption\":\"Sima\"},\"image\":{\"@id\":\"https:\\\/\\\/www.simasa.com\\\/de\\\/#\\\/schema\\\/logo\\\/image\\\/\"}}]}<\/script>\n<!-- \/ Yoast SEO plugin. -->","yoast_head_json":{"title":"After-Sales | Sima","robots":{"index":"index","follow":"follow","max-snippet":"max-snippet:-1","max-image-preview":"max-image-preview:large","max-video-preview":"max-video-preview:-1"},"canonical":"https:\/\/www.simasa.com\/de\/post-venta\/","og_locale":"de_DE","og_type":"article","og_title":"After-Sales | Sima","og_description":"\u00a0Technischer Support Im Jahr 2006 wird SERVI-SIMA erstellt, eine Erweiterung des After-Sales-Service.\u00a0SERVI-SIMA k\u00fcmmert sich selbstverst\u00e4ndlich um alle Probleme, welche durch Pannen entstehen (mit oder abgelaufener Garantie). SERVI-SIMA w\u00e4hlt, benennt, bildet aus, koordiniert und h\u00e4lt externe genehmigte Servicestellen. Diese unterst\u00fctzen Kunden mit ihre Dienstleistungen. SERVI-SIMA verf\u00fcgt \u00fcber eine grosse Anzahl von grafisches Material von den verschiedenen [&hellip;]","og_url":"https:\/\/www.simasa.com\/de\/post-venta\/","og_site_name":"Sima","article_modified_time":"2018-01-17T17:13:26+00:00","og_image":[{"width":1800,"height":771,"url":"https:\/\/www.simasa.com\/wp-content\/uploads\/2016\/03\/PostVenta_1-2.jpg","type":"image\/jpeg"}],"twitter_card":"summary_large_image","twitter_misc":{"Gesch\u00e4tzte Lesezeit":"1\u00a0Minute"},"schema":{"@context":"https:\/\/schema.org","@graph":[{"@type":"WebPage","@id":"https:\/\/www.simasa.com\/de\/post-venta\/","url":"https:\/\/www.simasa.com\/de\/post-venta\/","name":"After-Sales | Sima","isPartOf":{"@id":"https:\/\/www.simasa.com\/de\/#website"},"primaryImageOfPage":{"@id":"https:\/\/www.simasa.com\/de\/post-venta\/#primaryimage"},"image":{"@id":"https:\/\/www.simasa.com\/de\/post-venta\/#primaryimage"},"thumbnailUrl":"https:\/\/www.simasa.com\/wp-content\/uploads\/2016\/03\/PostVenta_1-2.jpg","datePublished":"2016-03-16T15:39:24+00:00","dateModified":"2018-01-17T17:13:26+00:00","breadcrumb":{"@id":"https:\/\/www.simasa.com\/de\/post-venta\/#breadcrumb"},"inLanguage":"de","potentialAction":[{"@type":"ReadAction","target":["https:\/\/www.simasa.com\/de\/post-venta\/"]}]},{"@type":"ImageObject","inLanguage":"de","@id":"https:\/\/www.simasa.com\/de\/post-venta\/#primaryimage","url":"https:\/\/www.simasa.com\/wp-content\/uploads\/2016\/03\/PostVenta_1-2.jpg","contentUrl":"https:\/\/www.simasa.com\/wp-content\/uploads\/2016\/03\/PostVenta_1-2.jpg","width":1800,"height":771},{"@type":"BreadcrumbList","@id":"https:\/\/www.simasa.com\/de\/post-venta\/#breadcrumb","itemListElement":[{"@type":"ListItem","position":1,"name":"Inicio","item":"https:\/\/www.simasa.com\/de\/"},{"@type":"ListItem","position":2,"name":"After-Sales"}]},{"@type":"WebSite","@id":"https:\/\/www.simasa.com\/de\/#website","url":"https:\/\/www.simasa.com\/de\/","name":"Sima","description":"Fabricantes de maquinaria para la construcci\u00f3n","publisher":{"@id":"https:\/\/www.simasa.com\/de\/#organization"},"potentialAction":[{"@type":"SearchAction","target":{"@type":"EntryPoint","urlTemplate":"https:\/\/www.simasa.com\/de\/?s={search_term_string}"},"query-input":{"@type":"PropertyValueSpecification","valueRequired":true,"valueName":"search_term_string"}}],"inLanguage":"de"},{"@type":"Organization","@id":"https:\/\/www.simasa.com\/de\/#organization","name":"Sima","url":"https:\/\/www.simasa.com\/de\/","logo":{"@type":"ImageObject","inLanguage":"de","@id":"https:\/\/www.simasa.com\/de\/#\/schema\/logo\/image\/","url":"https:\/\/www.simasa.com\/wp-content\/uploads\/2016\/03\/logo-1.jpg","contentUrl":"https:\/\/www.simasa.com\/wp-content\/uploads\/2016\/03\/logo-1.jpg","width":121,"height":54,"caption":"Sima"},"image":{"@id":"https:\/\/www.simasa.com\/de\/#\/schema\/logo\/image\/"}}]}},"_links":{"self":[{"href":"https:\/\/www.simasa.com\/de\/wp-json\/wp\/v2\/pages\/986","targetHints":{"allow":["GET"]}}],"collection":[{"href":"https:\/\/www.simasa.com\/de\/wp-json\/wp\/v2\/pages"}],"about":[{"href":"https:\/\/www.simasa.com\/de\/wp-json\/wp\/v2\/types\/page"}],"author":[{"embeddable":true,"href":"https:\/\/www.simasa.com\/de\/wp-json\/wp\/v2\/users\/1"}],"replies":[{"embeddable":true,"href":"https:\/\/www.simasa.com\/de\/wp-json\/wp\/v2\/comments?post=986"}],"version-history":[{"count":21,"href":"https:\/\/www.simasa.com\/de\/wp-json\/wp\/v2\/pages\/986\/revisions"}],"predecessor-version":[{"id":10846,"href":"https:\/\/www.simasa.com\/de\/wp-json\/wp\/v2\/pages\/986\/revisions\/10846"}],"wp:featuredmedia":[{"embeddable":true,"href":"https:\/\/www.simasa.com\/de\/wp-json\/wp\/v2\/media\/6478"}],"wp:attachment":[{"href":"https:\/\/www.simasa.com\/de\/wp-json\/wp\/v2\/media?parent=986"}],"curies":[{"name":"wp","href":"https:\/\/api.w.org\/{rel}","templated":true}]}}