{"id":9856,"date":"2019-05-28T11:16:16","date_gmt":"2019-05-28T11:16:16","guid":{"rendered":"https:\/\/www.simasa.com\/?page_id=9856"},"modified":"2022-12-07T14:39:45","modified_gmt":"2022-12-07T13:39:45","slug":"condiciones-extension-garantia","status":"publish","type":"page","link":"https:\/\/www.simasa.com\/de\/condiciones-extension-garantia\/","title":{"rendered":"Garantieverl\u00e4ngerungsbedingungen"},"content":{"rendered":"<h3><strong>Leistungen der Garantieverl\u00e4ngerung<\/strong><\/h3>\n<hr \/>\n<p>Sie akzeptieren diese Garantiebedingungen und sind damit einverstanden, dass die hier erhobenen personenbezogenen Daten von SOCIEDAD INDUSTRIAL DE MAQUINARIA ANDALUZA, SA (SIMA, SA) verarbeitet werden, damit sie die Garantieverl\u00e4ngerung von 12 Monaten ordnungsgem\u00e4ss verwalten k\u00f6nnen. Falls Sie die Erhebung dieser Daten NICHT genehmigen, k\u00f6nnen wir Ihrem Antrag auf Garantieverl\u00e4ngerung NICHT nachkommen.<\/p>\n<p>Sie haben das Recht auf Auskunft \u00fcber die bei uns zu Ihrer Person gespeicherten Daten sowie ggf. ein Recht auf Berichtigung, Sperrung oder L\u00f6schung dieser Daten. Bei Fragen zur Erhebung, Verarbeitung oder Nutzung Ihrer personenbezogenen Daten, bei Ausk\u00fcnften, Berichtigung, Sperrung oder L\u00f6schung von Daten sowie Widerruf erteilter Einwilligungen oder Widerspruch gegen eine bestimmte Datenverwendung wenden Sie sich bitte direkt an uns mit einer Kopie Ihres Ausweises unter folgenden Kontaktdaten:<\/p>\n<p>SOCIEDAD INDUSTRIAL DE MAQUINARIA ANDALUZA, SA\u00a0 (SIMA, SA), Ust-IdNr. A18024919<\/p>\n<p>POL.IND. JUNCARIL, C\/ALBU\u00d1OL, PARC. 250<\/p>\n<p>18220 ALBOLOTE, SPANIEN.-<\/p>\n<p>Oder an folgende E-Mail Adresse: customer@simasa.com<\/p>\n<p>Die Nutzer gestatten die automatisierte Verarbeitung der in den erw\u00e4hnten Bedingungen erhobenen personenbezogenen Daten. Um dies zu tun, w\u00e4hlen Sie die Taste \u201cIch habe die Datenschutzerkl\u00e4rung gelesen und akzeptiere diese. Garantieverl\u00e4ngerungsbedingungen lesen.\u201d, welches sich unterhalb des Formulars zur Datenerfassung befindet.<\/p>\n<p>Durch das Markieren des K\u00e4stchens erlauben Sie SOCIEDAD INDUSTRIAL DE MAQUINARIA ANDALUZA, SA (SIMA, SA,), Ihnen Werbung \u00fcber seine Produkte zu senden. Sie k\u00f6nnen diese Genehmigung widerrufen, indem sich sich an folgende Kontaktdaten mit Kopie Ihres Personalausweises wenden:<\/p>\n<p>SOCIEDAD INDUSTRIAL DE MAQUINARIA ANDALUZA, SA\u00a0 (SIMA, SA), Ust-IdNr. A18024919<\/p>\n<p>POL.IND. JUNCARIL, C\/ALBU\u00d1OL, PARC. 250<\/p>\n<p>18220 ALBOLOTE, SPANIEN.-<\/p>\n<p>Oder an folgende E-Mail Adresse: customer@simasa.com<\/p>\n<p>Diese Garantieverl\u00e4ngerung erm\u00f6glicht es Ihnen, an Dienste wie St\u00f6rungsbeseitigungen zu gelangen (w\u00e4hrend den 2 Jahren k\u00f6nnen Sie die Raparatur so viele Male wie n\u00f6tig beantragen). Bitte beachten Sie, dass diese Reparaturen sowohl Arbeitskr\u00e4fte als auch Ersatzteile beinhalten.<\/p>\n<h3><strong>Bedingungen der Garantieverl\u00e4ngerung<\/strong><\/h3>\n<hr \/>\n<p>Die Allgemeinen Gesch\u00e4ftsbedingungen f\u00fcr die SIMA Garantieverl\u00e4ngerung umfassen Reparaturdienste f\u00fcr Produkte, die mit einem Registrierungszertifikat f\u00fcr die Garantieverl\u00e4ngerung ausgestattet\u00a0 sind. Vorausgesetzt, dass der urspr\u00fcngliche Kauf bei SIMA oder bei einem Vertriebspartner gemacht wurde (sei es f\u00fcr den Einzelgebrauch oder Gesch\u00e4ftsgebrauch). Die Garantiezeit ist in der Zulassungsbescheinigung der Garantieverl\u00e4ngerung der einzelnen Produkte ersichtlich. Die Garantieverl\u00e4ngerung gilt nicht f\u00fcr Produkte, welche verformt, ver\u00e4ndert oder irreparabel besch\u00e4digt wurden.<\/p>\n<p>Wenn das abgedeckte Produkt zus\u00e4tzliches Zubeh\u00f6r enth\u00e4lt, werden diese nur w\u00e4hrend der Laufzeit der Garantieverl\u00e4ngerung abgedeckt, wenn sie in dem Produkt installiert sind oder sich im Produkt, f\u00fcr die sie entworfen wurden, befinden.<\/p>\n<p>Die SIMA Garantieverl\u00e4ngerung ist keine Garantie f\u00fcr auftretende Fehler durch normale Abnutzung des Produkts. Die Garantieverl\u00e4ngerung gilt nicht f\u00fcr Reparaturen von Sch\u00e4den, welche verursacht wurden durch: <a href=\"https:\/\/www.linguee.es\/aleman-espanol\/traduccion\/unsachgem%C3%A4%C3%9Fe+Verwendung.html\">unsachgem\u00e4sse Verwendung<\/a>, Fahrl\u00e4ssigkeit, Unf\u00e4lle, nicht berechtigte Ver\u00e4nderungen und Ankopplungen, Katastrophen, Betrieb ausserhalb der angegebenen Betriebsumgebung oder \u00fcber die Grenzen des Arbeitszyklus des Produkts hinaus, schlechte Wartung durch Kunden, Nutzung von Mitteln ausserhalb der Spezifikationen von SIMA, verursachte Sch\u00e4den durch nicht autorisierte technische Dienstleistungen von Technikern f\u00fcr das entsprechende Produkt oder verursachte Sch\u00e4den durch andere Produkte, einschliesslich Ersatzteile, die nicht Originalteile sind.<\/p>\n","protected":false},"excerpt":{"rendered":"<p>Leistungen der Garantieverl\u00e4ngerung Sie akzeptieren diese Garantiebedingungen und sind damit einverstanden, dass die hier erhobenen personenbezogenen Daten von SOCIEDAD INDUSTRIAL DE MAQUINARIA ANDALUZA, SA (SIMA, SA) verarbeitet werden, damit sie die Garantieverl\u00e4ngerung von 12 Monaten ordnungsgem\u00e4ss verwalten k\u00f6nnen. Falls Sie die Erhebung dieser Daten NICHT genehmigen, k\u00f6nnen wir Ihrem Antrag auf Garantieverl\u00e4ngerung NICHT nachkommen. Sie [&hellip;]<\/p>\n","protected":false},"author":1,"featured_media":9835,"parent":0,"menu_order":0,"comment_status":"closed","ping_status":"closed","template":"template-garantia-extendida.php","meta":{"_acf_changed":false,"footnotes":""},"class_list":["post-9856","page","type-page","status-publish","has-post-thumbnail","hentry"],"acf":[],"yoast_head":"<!-- This site is optimized with the Yoast SEO plugin v27.2 - https:\/\/yoast.com\/product\/yoast-seo-wordpress\/ -->\n<title>Garantieverl\u00e4ngerungsbedingungen | Sima<\/title>\n<meta name=\"robots\" content=\"index, follow, max-snippet:-1, max-image-preview:large, max-video-preview:-1\" \/>\n<link rel=\"canonical\" href=\"https:\/\/www.simasa.com\/de\/condiciones-extension-garantia\/\" \/>\n<meta property=\"og:locale\" content=\"de_DE\" \/>\n<meta property=\"og:type\" content=\"article\" \/>\n<meta property=\"og:title\" content=\"Garantieverl\u00e4ngerungsbedingungen | Sima\" \/>\n<meta property=\"og:description\" content=\"Leistungen der Garantieverl\u00e4ngerung Sie akzeptieren diese Garantiebedingungen und sind damit einverstanden, dass die hier erhobenen personenbezogenen Daten von SOCIEDAD INDUSTRIAL DE MAQUINARIA ANDALUZA, SA (SIMA, SA) verarbeitet werden, damit sie die Garantieverl\u00e4ngerung von 12 Monaten ordnungsgem\u00e4ss verwalten k\u00f6nnen. Falls Sie die Erhebung dieser Daten NICHT genehmigen, k\u00f6nnen wir Ihrem Antrag auf Garantieverl\u00e4ngerung NICHT nachkommen. Sie [&hellip;]\" \/>\n<meta property=\"og:url\" content=\"https:\/\/www.simasa.com\/de\/condiciones-extension-garantia\/\" \/>\n<meta property=\"og:site_name\" content=\"Sima\" \/>\n<meta property=\"article:modified_time\" content=\"2022-12-07T13:39:45+00:00\" \/>\n<meta property=\"og:image\" content=\"https:\/\/www.simasa.com\/wp-content\/uploads\/2019\/05\/Polypanel-ojo-pez-03-1.png\" \/>\n\t<meta property=\"og:image:width\" content=\"980\" \/>\n\t<meta property=\"og:image:height\" content=\"552\" \/>\n\t<meta property=\"og:image:type\" content=\"image\/png\" \/>\n<meta name=\"twitter:card\" content=\"summary_large_image\" \/>\n<meta name=\"twitter:label1\" content=\"Gesch\u00e4tzte Lesezeit\" \/>\n\t<meta name=\"twitter:data1\" content=\"3\u00a0Minuten\" \/>\n<script type=\"application\/ld+json\" class=\"yoast-schema-graph\">{\"@context\":\"https:\/\/schema.org\",\"@graph\":[{\"@type\":\"WebPage\",\"@id\":\"https:\/\/www.simasa.com\/de\/condiciones-extension-garantia\/\",\"url\":\"https:\/\/www.simasa.com\/de\/condiciones-extension-garantia\/\",\"name\":\"Garantieverl\u00e4ngerungsbedingungen | Sima\",\"isPartOf\":{\"@id\":\"https:\/\/www.simasa.com\/de\/#website\"},\"primaryImageOfPage\":{\"@id\":\"https:\/\/www.simasa.com\/de\/condiciones-extension-garantia\/#primaryimage\"},\"image\":{\"@id\":\"https:\/\/www.simasa.com\/de\/condiciones-extension-garantia\/#primaryimage\"},\"thumbnailUrl\":\"https:\/\/www.simasa.com\/wp-content\/uploads\/2019\/05\/Polypanel-ojo-pez-03-1.png\",\"datePublished\":\"2019-05-28T11:16:16+00:00\",\"dateModified\":\"2022-12-07T13:39:45+00:00\",\"breadcrumb\":{\"@id\":\"https:\/\/www.simasa.com\/de\/condiciones-extension-garantia\/#breadcrumb\"},\"inLanguage\":\"de\",\"potentialAction\":[{\"@type\":\"ReadAction\",\"target\":[\"https:\/\/www.simasa.com\/de\/condiciones-extension-garantia\/\"]}]},{\"@type\":\"ImageObject\",\"inLanguage\":\"de\",\"@id\":\"https:\/\/www.simasa.com\/de\/condiciones-extension-garantia\/#primaryimage\",\"url\":\"https:\/\/www.simasa.com\/wp-content\/uploads\/2019\/05\/Polypanel-ojo-pez-03-1.png\",\"contentUrl\":\"https:\/\/www.simasa.com\/wp-content\/uploads\/2019\/05\/Polypanel-ojo-pez-03-1.png\",\"width\":3112,\"height\":1754},{\"@type\":\"BreadcrumbList\",\"@id\":\"https:\/\/www.simasa.com\/de\/condiciones-extension-garantia\/#breadcrumb\",\"itemListElement\":[{\"@type\":\"ListItem\",\"position\":1,\"name\":\"Inicio\",\"item\":\"https:\/\/www.simasa.com\/de\/\"},{\"@type\":\"ListItem\",\"position\":2,\"name\":\"Garantieverl\u00e4ngerungsbedingungen\"}]},{\"@type\":\"WebSite\",\"@id\":\"https:\/\/www.simasa.com\/de\/#website\",\"url\":\"https:\/\/www.simasa.com\/de\/\",\"name\":\"Sima\",\"description\":\"Fabricantes de maquinaria para la construcci\u00f3n\",\"publisher\":{\"@id\":\"https:\/\/www.simasa.com\/de\/#organization\"},\"potentialAction\":[{\"@type\":\"SearchAction\",\"target\":{\"@type\":\"EntryPoint\",\"urlTemplate\":\"https:\/\/www.simasa.com\/de\/?s={search_term_string}\"},\"query-input\":{\"@type\":\"PropertyValueSpecification\",\"valueRequired\":true,\"valueName\":\"search_term_string\"}}],\"inLanguage\":\"de\"},{\"@type\":\"Organization\",\"@id\":\"https:\/\/www.simasa.com\/de\/#organization\",\"name\":\"Sima\",\"url\":\"https:\/\/www.simasa.com\/de\/\",\"logo\":{\"@type\":\"ImageObject\",\"inLanguage\":\"de\",\"@id\":\"https:\/\/www.simasa.com\/de\/#\/schema\/logo\/image\/\",\"url\":\"https:\/\/www.simasa.com\/wp-content\/uploads\/2016\/03\/logo-1.jpg\",\"contentUrl\":\"https:\/\/www.simasa.com\/wp-content\/uploads\/2016\/03\/logo-1.jpg\",\"width\":121,\"height\":54,\"caption\":\"Sima\"},\"image\":{\"@id\":\"https:\/\/www.simasa.com\/de\/#\/schema\/logo\/image\/\"}}]}<\/script>\n<!-- \/ Yoast SEO plugin. -->","yoast_head_json":{"title":"Garantieverl\u00e4ngerungsbedingungen | Sima","robots":{"index":"index","follow":"follow","max-snippet":"max-snippet:-1","max-image-preview":"max-image-preview:large","max-video-preview":"max-video-preview:-1"},"canonical":"https:\/\/www.simasa.com\/de\/condiciones-extension-garantia\/","og_locale":"de_DE","og_type":"article","og_title":"Garantieverl\u00e4ngerungsbedingungen | Sima","og_description":"Leistungen der Garantieverl\u00e4ngerung Sie akzeptieren diese Garantiebedingungen und sind damit einverstanden, dass die hier erhobenen personenbezogenen Daten von SOCIEDAD INDUSTRIAL DE MAQUINARIA ANDALUZA, SA (SIMA, SA) verarbeitet werden, damit sie die Garantieverl\u00e4ngerung von 12 Monaten ordnungsgem\u00e4ss verwalten k\u00f6nnen. Falls Sie die Erhebung dieser Daten NICHT genehmigen, k\u00f6nnen wir Ihrem Antrag auf Garantieverl\u00e4ngerung NICHT nachkommen. Sie [&hellip;]","og_url":"https:\/\/www.simasa.com\/de\/condiciones-extension-garantia\/","og_site_name":"Sima","article_modified_time":"2022-12-07T13:39:45+00:00","og_image":[{"url":"https:\/\/www.simasa.com\/wp-content\/uploads\/2019\/05\/Polypanel-ojo-pez-03-1.png","width":980,"height":552,"type":"image\/png"}],"twitter_card":"summary_large_image","twitter_misc":{"Gesch\u00e4tzte Lesezeit":"3\u00a0Minuten"},"schema":{"@context":"https:\/\/schema.org","@graph":[{"@type":"WebPage","@id":"https:\/\/www.simasa.com\/de\/condiciones-extension-garantia\/","url":"https:\/\/www.simasa.com\/de\/condiciones-extension-garantia\/","name":"Garantieverl\u00e4ngerungsbedingungen | Sima","isPartOf":{"@id":"https:\/\/www.simasa.com\/de\/#website"},"primaryImageOfPage":{"@id":"https:\/\/www.simasa.com\/de\/condiciones-extension-garantia\/#primaryimage"},"image":{"@id":"https:\/\/www.simasa.com\/de\/condiciones-extension-garantia\/#primaryimage"},"thumbnailUrl":"https:\/\/www.simasa.com\/wp-content\/uploads\/2019\/05\/Polypanel-ojo-pez-03-1.png","datePublished":"2019-05-28T11:16:16+00:00","dateModified":"2022-12-07T13:39:45+00:00","breadcrumb":{"@id":"https:\/\/www.simasa.com\/de\/condiciones-extension-garantia\/#breadcrumb"},"inLanguage":"de","potentialAction":[{"@type":"ReadAction","target":["https:\/\/www.simasa.com\/de\/condiciones-extension-garantia\/"]}]},{"@type":"ImageObject","inLanguage":"de","@id":"https:\/\/www.simasa.com\/de\/condiciones-extension-garantia\/#primaryimage","url":"https:\/\/www.simasa.com\/wp-content\/uploads\/2019\/05\/Polypanel-ojo-pez-03-1.png","contentUrl":"https:\/\/www.simasa.com\/wp-content\/uploads\/2019\/05\/Polypanel-ojo-pez-03-1.png","width":3112,"height":1754},{"@type":"BreadcrumbList","@id":"https:\/\/www.simasa.com\/de\/condiciones-extension-garantia\/#breadcrumb","itemListElement":[{"@type":"ListItem","position":1,"name":"Inicio","item":"https:\/\/www.simasa.com\/de\/"},{"@type":"ListItem","position":2,"name":"Garantieverl\u00e4ngerungsbedingungen"}]},{"@type":"WebSite","@id":"https:\/\/www.simasa.com\/de\/#website","url":"https:\/\/www.simasa.com\/de\/","name":"Sima","description":"Fabricantes de maquinaria para la construcci\u00f3n","publisher":{"@id":"https:\/\/www.simasa.com\/de\/#organization"},"potentialAction":[{"@type":"SearchAction","target":{"@type":"EntryPoint","urlTemplate":"https:\/\/www.simasa.com\/de\/?s={search_term_string}"},"query-input":{"@type":"PropertyValueSpecification","valueRequired":true,"valueName":"search_term_string"}}],"inLanguage":"de"},{"@type":"Organization","@id":"https:\/\/www.simasa.com\/de\/#organization","name":"Sima","url":"https:\/\/www.simasa.com\/de\/","logo":{"@type":"ImageObject","inLanguage":"de","@id":"https:\/\/www.simasa.com\/de\/#\/schema\/logo\/image\/","url":"https:\/\/www.simasa.com\/wp-content\/uploads\/2016\/03\/logo-1.jpg","contentUrl":"https:\/\/www.simasa.com\/wp-content\/uploads\/2016\/03\/logo-1.jpg","width":121,"height":54,"caption":"Sima"},"image":{"@id":"https:\/\/www.simasa.com\/de\/#\/schema\/logo\/image\/"}}]}},"_links":{"self":[{"href":"https:\/\/www.simasa.com\/de\/wp-json\/wp\/v2\/pages\/9856","targetHints":{"allow":["GET"]}}],"collection":[{"href":"https:\/\/www.simasa.com\/de\/wp-json\/wp\/v2\/pages"}],"about":[{"href":"https:\/\/www.simasa.com\/de\/wp-json\/wp\/v2\/types\/page"}],"author":[{"embeddable":true,"href":"https:\/\/www.simasa.com\/de\/wp-json\/wp\/v2\/users\/1"}],"replies":[{"embeddable":true,"href":"https:\/\/www.simasa.com\/de\/wp-json\/wp\/v2\/comments?post=9856"}],"version-history":[{"count":6,"href":"https:\/\/www.simasa.com\/de\/wp-json\/wp\/v2\/pages\/9856\/revisions"}],"predecessor-version":[{"id":10913,"href":"https:\/\/www.simasa.com\/de\/wp-json\/wp\/v2\/pages\/9856\/revisions\/10913"}],"wp:featuredmedia":[{"embeddable":true,"href":"https:\/\/www.simasa.com\/de\/wp-json\/wp\/v2\/media\/9835"}],"wp:attachment":[{"href":"https:\/\/www.simasa.com\/de\/wp-json\/wp\/v2\/media?parent=9856"}],"curies":[{"name":"wp","href":"https:\/\/api.w.org\/{rel}","templated":true}]}}