{"id":957,"date":"2016-03-16T15:40:22","date_gmt":"2016-03-16T15:40:22","guid":{"rendered":"https:\/\/www.simasa.com\/de\/ubicacion\/"},"modified":"2022-11-29T14:01:46","modified_gmt":"2022-11-29T13:01:46","slug":"ubicacion","status":"publish","type":"page","link":"https:\/\/www.simasa.com\/de\/ubicacion\/","title":{"rendered":"Anfahrt"},"content":{"rendered":"<h3>Fabrik und B\u00fcrogeb\u00e4ude:<\/h3>\n<p>C\/ Albu\u00f1ol, Parc.250, Pol\u00edgono Industrial Juncaril<br \/>\n18220 <strong>Albolote &#8211; GRANADA. (SPANIEN)<\/strong><\/p>\n<h3>So finden Sie uns!<\/h3>\n<p>Anfahrt aus Richtung Granada \u00fcber die Autobahn E902 \/ A44: Nehmen Sie die\u00a0 Ausfahrt Nr. 118 oder Nr.119, welche zum Industriegebiet Juncaril (Albolote-Granada-SPANIEN) f\u00fchrt.<\/p>\n","protected":false},"excerpt":{"rendered":"<p>Fabrik und B\u00fcrogeb\u00e4ude: C\/ Albu\u00f1ol, Parc.250, Pol\u00edgono Industrial Juncaril 18220 Albolote &#8211; GRANADA. (SPANIEN) So finden Sie uns! Anfahrt aus Richtung Granada \u00fcber die Autobahn E902 \/ A44: Nehmen Sie die\u00a0 Ausfahrt Nr. 118 oder Nr.119, welche zum Industriegebiet Juncaril (Albolote-Granada-SPANIEN) f\u00fchrt.<\/p>\n","protected":false},"author":1,"featured_media":5259,"parent":0,"menu_order":0,"comment_status":"closed","ping_status":"closed","template":"template-ubicacion.php","meta":{"_acf_changed":false,"footnotes":""},"class_list":["post-957","page","type-page","status-publish","has-post-thumbnail","hentry"],"acf":[],"yoast_head":"<!-- This site is optimized with the Yoast SEO plugin v27.4 - https:\/\/yoast.com\/product\/yoast-seo-wordpress\/ -->\n<title>Anfahrt | Sima<\/title>\n<meta name=\"robots\" content=\"index, follow, max-snippet:-1, max-image-preview:large, max-video-preview:-1\" \/>\n<link rel=\"canonical\" href=\"https:\/\/www.simasa.com\/de\/ubicacion\/\" \/>\n<meta property=\"og:locale\" content=\"de_DE\" \/>\n<meta property=\"og:type\" content=\"article\" \/>\n<meta property=\"og:title\" content=\"Anfahrt | Sima\" \/>\n<meta property=\"og:description\" content=\"Fabrik und B\u00fcrogeb\u00e4ude: C\/ Albu\u00f1ol, Parc.250, Pol\u00edgono Industrial Juncaril 18220 Albolote &#8211; GRANADA. (SPANIEN) So finden Sie uns! Anfahrt aus Richtung Granada \u00fcber die Autobahn E902 \/ A44: Nehmen Sie die\u00a0 Ausfahrt Nr. 118 oder Nr.119, welche zum Industriegebiet Juncaril (Albolote-Granada-SPANIEN) f\u00fchrt.\" \/>\n<meta property=\"og:url\" content=\"https:\/\/www.simasa.com\/de\/ubicacion\/\" \/>\n<meta property=\"og:site_name\" content=\"Sima\" \/>\n<meta property=\"article:modified_time\" content=\"2022-11-29T13:01:46+00:00\" \/>\n<meta property=\"og:image\" content=\"https:\/\/www.simasa.com\/wp-content\/uploads\/2016\/03\/Fachada-SIMA.jpg\" \/>\n\t<meta property=\"og:image:width\" content=\"636\" \/>\n\t<meta property=\"og:image:height\" content=\"230\" \/>\n\t<meta property=\"og:image:type\" content=\"image\/jpeg\" \/>\n<meta name=\"twitter:card\" content=\"summary_large_image\" \/>\n<meta name=\"twitter:label1\" content=\"Gesch\u00e4tzte Lesezeit\" \/>\n\t<meta name=\"twitter:data1\" content=\"1\u00a0Minute\" \/>\n<script type=\"application\/ld+json\" class=\"yoast-schema-graph\">{\"@context\":\"https:\\\/\\\/schema.org\",\"@graph\":[{\"@type\":\"WebPage\",\"@id\":\"https:\\\/\\\/www.simasa.com\\\/de\\\/ubicacion\\\/\",\"url\":\"https:\\\/\\\/www.simasa.com\\\/de\\\/ubicacion\\\/\",\"name\":\"Anfahrt | Sima\",\"isPartOf\":{\"@id\":\"https:\\\/\\\/www.simasa.com\\\/de\\\/#website\"},\"primaryImageOfPage\":{\"@id\":\"https:\\\/\\\/www.simasa.com\\\/de\\\/ubicacion\\\/#primaryimage\"},\"image\":{\"@id\":\"https:\\\/\\\/www.simasa.com\\\/de\\\/ubicacion\\\/#primaryimage\"},\"thumbnailUrl\":\"https:\\\/\\\/www.simasa.com\\\/wp-content\\\/uploads\\\/2016\\\/03\\\/Fachada-SIMA.jpg\",\"datePublished\":\"2016-03-16T15:40:22+00:00\",\"dateModified\":\"2022-11-29T13:01:46+00:00\",\"breadcrumb\":{\"@id\":\"https:\\\/\\\/www.simasa.com\\\/de\\\/ubicacion\\\/#breadcrumb\"},\"inLanguage\":\"de\",\"potentialAction\":[{\"@type\":\"ReadAction\",\"target\":[\"https:\\\/\\\/www.simasa.com\\\/de\\\/ubicacion\\\/\"]}]},{\"@type\":\"ImageObject\",\"inLanguage\":\"de\",\"@id\":\"https:\\\/\\\/www.simasa.com\\\/de\\\/ubicacion\\\/#primaryimage\",\"url\":\"https:\\\/\\\/www.simasa.com\\\/wp-content\\\/uploads\\\/2016\\\/03\\\/Fachada-SIMA.jpg\",\"contentUrl\":\"https:\\\/\\\/www.simasa.com\\\/wp-content\\\/uploads\\\/2016\\\/03\\\/Fachada-SIMA.jpg\",\"width\":636,\"height\":230},{\"@type\":\"BreadcrumbList\",\"@id\":\"https:\\\/\\\/www.simasa.com\\\/de\\\/ubicacion\\\/#breadcrumb\",\"itemListElement\":[{\"@type\":\"ListItem\",\"position\":1,\"name\":\"Inicio\",\"item\":\"https:\\\/\\\/www.simasa.com\\\/de\\\/\"},{\"@type\":\"ListItem\",\"position\":2,\"name\":\"Anfahrt\"}]},{\"@type\":\"WebSite\",\"@id\":\"https:\\\/\\\/www.simasa.com\\\/de\\\/#website\",\"url\":\"https:\\\/\\\/www.simasa.com\\\/de\\\/\",\"name\":\"Sima\",\"description\":\"Fabricantes de maquinaria para la construcci\u00f3n\",\"publisher\":{\"@id\":\"https:\\\/\\\/www.simasa.com\\\/de\\\/#organization\"},\"potentialAction\":[{\"@type\":\"SearchAction\",\"target\":{\"@type\":\"EntryPoint\",\"urlTemplate\":\"https:\\\/\\\/www.simasa.com\\\/de\\\/?s={search_term_string}\"},\"query-input\":{\"@type\":\"PropertyValueSpecification\",\"valueRequired\":true,\"valueName\":\"search_term_string\"}}],\"inLanguage\":\"de\"},{\"@type\":\"Organization\",\"@id\":\"https:\\\/\\\/www.simasa.com\\\/de\\\/#organization\",\"name\":\"Sima\",\"url\":\"https:\\\/\\\/www.simasa.com\\\/de\\\/\",\"logo\":{\"@type\":\"ImageObject\",\"inLanguage\":\"de\",\"@id\":\"https:\\\/\\\/www.simasa.com\\\/de\\\/#\\\/schema\\\/logo\\\/image\\\/\",\"url\":\"https:\\\/\\\/www.simasa.com\\\/wp-content\\\/uploads\\\/2016\\\/03\\\/logo-1.jpg\",\"contentUrl\":\"https:\\\/\\\/www.simasa.com\\\/wp-content\\\/uploads\\\/2016\\\/03\\\/logo-1.jpg\",\"width\":121,\"height\":54,\"caption\":\"Sima\"},\"image\":{\"@id\":\"https:\\\/\\\/www.simasa.com\\\/de\\\/#\\\/schema\\\/logo\\\/image\\\/\"}}]}<\/script>\n<!-- \/ Yoast SEO plugin. -->","yoast_head_json":{"title":"Anfahrt | Sima","robots":{"index":"index","follow":"follow","max-snippet":"max-snippet:-1","max-image-preview":"max-image-preview:large","max-video-preview":"max-video-preview:-1"},"canonical":"https:\/\/www.simasa.com\/de\/ubicacion\/","og_locale":"de_DE","og_type":"article","og_title":"Anfahrt | Sima","og_description":"Fabrik und B\u00fcrogeb\u00e4ude: C\/ Albu\u00f1ol, Parc.250, Pol\u00edgono Industrial Juncaril 18220 Albolote &#8211; GRANADA. (SPANIEN) So finden Sie uns! Anfahrt aus Richtung Granada \u00fcber die Autobahn E902 \/ A44: Nehmen Sie die\u00a0 Ausfahrt Nr. 118 oder Nr.119, welche zum Industriegebiet Juncaril (Albolote-Granada-SPANIEN) f\u00fchrt.","og_url":"https:\/\/www.simasa.com\/de\/ubicacion\/","og_site_name":"Sima","article_modified_time":"2022-11-29T13:01:46+00:00","og_image":[{"width":636,"height":230,"url":"https:\/\/www.simasa.com\/wp-content\/uploads\/2016\/03\/Fachada-SIMA.jpg","type":"image\/jpeg"}],"twitter_card":"summary_large_image","twitter_misc":{"Gesch\u00e4tzte Lesezeit":"1\u00a0Minute"},"schema":{"@context":"https:\/\/schema.org","@graph":[{"@type":"WebPage","@id":"https:\/\/www.simasa.com\/de\/ubicacion\/","url":"https:\/\/www.simasa.com\/de\/ubicacion\/","name":"Anfahrt | Sima","isPartOf":{"@id":"https:\/\/www.simasa.com\/de\/#website"},"primaryImageOfPage":{"@id":"https:\/\/www.simasa.com\/de\/ubicacion\/#primaryimage"},"image":{"@id":"https:\/\/www.simasa.com\/de\/ubicacion\/#primaryimage"},"thumbnailUrl":"https:\/\/www.simasa.com\/wp-content\/uploads\/2016\/03\/Fachada-SIMA.jpg","datePublished":"2016-03-16T15:40:22+00:00","dateModified":"2022-11-29T13:01:46+00:00","breadcrumb":{"@id":"https:\/\/www.simasa.com\/de\/ubicacion\/#breadcrumb"},"inLanguage":"de","potentialAction":[{"@type":"ReadAction","target":["https:\/\/www.simasa.com\/de\/ubicacion\/"]}]},{"@type":"ImageObject","inLanguage":"de","@id":"https:\/\/www.simasa.com\/de\/ubicacion\/#primaryimage","url":"https:\/\/www.simasa.com\/wp-content\/uploads\/2016\/03\/Fachada-SIMA.jpg","contentUrl":"https:\/\/www.simasa.com\/wp-content\/uploads\/2016\/03\/Fachada-SIMA.jpg","width":636,"height":230},{"@type":"BreadcrumbList","@id":"https:\/\/www.simasa.com\/de\/ubicacion\/#breadcrumb","itemListElement":[{"@type":"ListItem","position":1,"name":"Inicio","item":"https:\/\/www.simasa.com\/de\/"},{"@type":"ListItem","position":2,"name":"Anfahrt"}]},{"@type":"WebSite","@id":"https:\/\/www.simasa.com\/de\/#website","url":"https:\/\/www.simasa.com\/de\/","name":"Sima","description":"Fabricantes de maquinaria para la construcci\u00f3n","publisher":{"@id":"https:\/\/www.simasa.com\/de\/#organization"},"potentialAction":[{"@type":"SearchAction","target":{"@type":"EntryPoint","urlTemplate":"https:\/\/www.simasa.com\/de\/?s={search_term_string}"},"query-input":{"@type":"PropertyValueSpecification","valueRequired":true,"valueName":"search_term_string"}}],"inLanguage":"de"},{"@type":"Organization","@id":"https:\/\/www.simasa.com\/de\/#organization","name":"Sima","url":"https:\/\/www.simasa.com\/de\/","logo":{"@type":"ImageObject","inLanguage":"de","@id":"https:\/\/www.simasa.com\/de\/#\/schema\/logo\/image\/","url":"https:\/\/www.simasa.com\/wp-content\/uploads\/2016\/03\/logo-1.jpg","contentUrl":"https:\/\/www.simasa.com\/wp-content\/uploads\/2016\/03\/logo-1.jpg","width":121,"height":54,"caption":"Sima"},"image":{"@id":"https:\/\/www.simasa.com\/de\/#\/schema\/logo\/image\/"}}]}},"_links":{"self":[{"href":"https:\/\/www.simasa.com\/de\/wp-json\/wp\/v2\/pages\/957","targetHints":{"allow":["GET"]}}],"collection":[{"href":"https:\/\/www.simasa.com\/de\/wp-json\/wp\/v2\/pages"}],"about":[{"href":"https:\/\/www.simasa.com\/de\/wp-json\/wp\/v2\/types\/page"}],"author":[{"embeddable":true,"href":"https:\/\/www.simasa.com\/de\/wp-json\/wp\/v2\/users\/1"}],"replies":[{"embeddable":true,"href":"https:\/\/www.simasa.com\/de\/wp-json\/wp\/v2\/comments?post=957"}],"version-history":[{"count":5,"href":"https:\/\/www.simasa.com\/de\/wp-json\/wp\/v2\/pages\/957\/revisions"}],"predecessor-version":[{"id":10887,"href":"https:\/\/www.simasa.com\/de\/wp-json\/wp\/v2\/pages\/957\/revisions\/10887"}],"wp:featuredmedia":[{"embeddable":true,"href":"https:\/\/www.simasa.com\/de\/wp-json\/wp\/v2\/media\/5259"}],"wp:attachment":[{"href":"https:\/\/www.simasa.com\/de\/wp-json\/wp\/v2\/media?parent=957"}],"curies":[{"name":"wp","href":"https:\/\/api.w.org\/{rel}","templated":true}]}}