{"id":951,"date":"2016-03-16T15:37:29","date_gmt":"2016-03-16T15:37:29","guid":{"rendered":"https:\/\/www.simasa.com\/de\/empresa\/"},"modified":"2022-12-19T15:32:02","modified_gmt":"2022-12-19T14:32:02","slug":"empresa","status":"publish","type":"page","link":"https:\/\/www.simasa.com\/de\/empresa\/","title":{"rendered":"\u00dcber SIMA"},"content":{"rendered":"<h2>Wir fertigen Maschinen f\u00fcr das Baugewerbe<\/h2>\n<p>&nbsp;<\/p>\n<p>Unser Unternehmen SIMA, Sociedad Industrial de Maquinaria Andaluza, S.A., beginnt seine Aktivit\u00e4t in den 70er Jahren mit dem Ziel, die Arbeit an unseren Ger\u00e4ten durch das Herstellen von sicheren, zuverl\u00e4ssigen, innovativen und leistungsf\u00e4higen Maschinen zu vereinfachen und so benuzterfreundlich wie m\u00f6glich zu gestalten.<\/p>\n<p>SIMA verf\u00fcgt \u00fcber eine Produktionsfl\u00e4che von 27.000 m2 und besch\u00e4ftigt mehr als 140 Mitarbeiter. In unserer Fabrik werden komplexe industrielle Prozesse in all seinen Phasen durchgef\u00fchrt: Angefangen von mechanisierten Laserschnitten mit Robotermontage \u00fcber Lackierung und Oberfl\u00e4chenbearbeitung sowie Elektroinstallationen bis hin zur Montage und Verpackung der fertigen Produkte.<\/p>\n<p>Wir stellen mehrere komplette Baureihen von Maschinen her:<\/p>\n<ul>\n<li>Tischs\u00e4gen<\/li>\n<li>Betonstahlbearbeitung<\/li>\n<li>Oberfl\u00e4chenbearbeitung<\/li>\n<li class=\"lastItem\">Diamantwerkzeug (Diamantscheiben, Diamant-Bohrkronen und Abrasiv-Schleifscheiben)<\/li>\n<\/ul>\n<p>Wir sind spanischer Marktf\u00fchrer in der Herstellung von leichter Maschinerie f\u00fcr das Baugewerbe und einer der f\u00fchrenden Hersteller Europas.<\/p>\n<p>Wir fertigen 21.000 Maschinen pro Jahr und exportieren davon 80% in 75 verschiedene L\u00e4nder. Unsere Wachstumsstrategie setzen wir fort, indem wir unsere Pr\u00e4senz in den bereits erschlossenen M\u00e4rkten ausweiten sowie neue M\u00e4rkte erschlie\u00dfen.<\/p>\n<p>SIMA hat seinen internationalen Ruf hinreichend unter Beweis gestellt, indem es sich auf f\u00fcnf Kontinente erstreckt und seine Produkte in 75 L\u00e4ndern der Welt vertreten sind. Unser Verkaufsteam besteht aus erfahrenen Profis, welche durch ihre langj\u00e4hrige Betriebszugeh\u00f6rigkeit \u00fcber fundierte technische Kenntnisse und eine hohe Vertriebskompetenz verf\u00fcgen, so dass sie dem Kunden auf beiden Seiten beratend zur Seite stehen.<\/p>\n<p>Eine weitere wichtige Stellschraube ist die regelm\u00e4\u00dfige Teilnahme von SIMA an den wichtigsten Messen der Baugewerbe-Branche: BAUMA, INTERMAT und viele andere. Abh\u00e4ngig von dem Land, wo die Messe stattfindet, ist SIMA mit einem eigenen Stand oder durch seine Distributoren und H\u00e4ndler vertreten.<\/p>\n<p>Obwohl SIMA in der Regel seine Produkte \u00fcber Vertriebsh\u00e4ndler bzw. Distributoren vertreibt (\u00fcber Gro\u00dfhandelsimporteure bei Ausfuhren), gibt es einige Ausnahmen. Kein Land ist aus betriebswirtschaftlicher Sicht wie das andere. Jedes Land hat seine eigenen bevorzugten Kan\u00e4le, kulturellen und kommerziellen Besonderheiten, an die es gilt sich anzupassen, um erfolgreich zu sein.<\/p>\n<p>Das bedeutet, dass wir je nach Land auf ein Netzwerk aus freien Vertretern zur\u00fcckgreifen, die H\u00e4ndler und Unterh\u00e4ndler betreuen oder mit Verleihfirmen als direkte Kunden zusammenarbeiten.<\/p>\n<p>Dank unserer Flexibilit\u00e4t haben wir zahlreiche OEM-Kunden, f\u00fcr die wir kundenspezifische Eigenmarken nach ihren Spezifikationen und Bed\u00fcrfnissen herstellen. Im Einklang mit dem technologischen Fortschritt sind unsere Website und unsere Pr\u00e4senz in den sozialen Netzwerken eine Informations- und Kommunikationsquelle, die als Schnittstelle zwischen SIMA und den Kunden bzw. Endverbrauchern fungiert sowie als Anlaufstelle f\u00fcr diejenigen, die technischen Support oder Produktinformationen ben\u00f6tigen.<\/p>\n","protected":false},"excerpt":{"rendered":"<p>Wir fertigen Maschinen f\u00fcr das Baugewerbe &nbsp; Unser Unternehmen SIMA, Sociedad Industrial de Maquinaria Andaluza, S.A., beginnt seine Aktivit\u00e4t in den 70er Jahren mit dem Ziel, die Arbeit an unseren Ger\u00e4ten durch das Herstellen von sicheren, zuverl\u00e4ssigen, innovativen und leistungsf\u00e4higen Maschinen zu vereinfachen und so benuzterfreundlich wie m\u00f6glich zu gestalten. SIMA verf\u00fcgt \u00fcber eine Produktionsfl\u00e4che [&hellip;]<\/p>\n","protected":false},"author":1,"featured_media":9388,"parent":0,"menu_order":0,"comment_status":"closed","ping_status":"closed","template":"template-tipo.php","meta":{"_acf_changed":false,"footnotes":""},"class_list":["post-951","page","type-page","status-publish","has-post-thumbnail","hentry"],"acf":[],"yoast_head":"<!-- This site is optimized with the Yoast SEO plugin v27.4 - https:\/\/yoast.com\/product\/yoast-seo-wordpress\/ -->\n<title>\u00dcber SIMA | Sima<\/title>\n<meta name=\"robots\" content=\"index, follow, max-snippet:-1, max-image-preview:large, max-video-preview:-1\" \/>\n<link rel=\"canonical\" href=\"https:\/\/www.simasa.com\/de\/empresa\/\" \/>\n<meta property=\"og:locale\" content=\"de_DE\" \/>\n<meta property=\"og:type\" content=\"article\" \/>\n<meta property=\"og:title\" content=\"\u00dcber SIMA | Sima\" \/>\n<meta property=\"og:description\" content=\"Wir fertigen Maschinen f\u00fcr das Baugewerbe &nbsp; Unser Unternehmen SIMA, Sociedad Industrial de Maquinaria Andaluza, S.A., beginnt seine Aktivit\u00e4t in den 70er Jahren mit dem Ziel, die Arbeit an unseren Ger\u00e4ten durch das Herstellen von sicheren, zuverl\u00e4ssigen, innovativen und leistungsf\u00e4higen Maschinen zu vereinfachen und so benuzterfreundlich wie m\u00f6glich zu gestalten. SIMA verf\u00fcgt \u00fcber eine Produktionsfl\u00e4che [&hellip;]\" \/>\n<meta property=\"og:url\" content=\"https:\/\/www.simasa.com\/de\/empresa\/\" \/>\n<meta property=\"og:site_name\" content=\"Sima\" \/>\n<meta property=\"article:modified_time\" content=\"2022-12-19T14:32:02+00:00\" \/>\n<meta property=\"og:image\" content=\"https:\/\/www.simasa.com\/wp-content\/uploads\/2017\/12\/Fachada_1800-1-e1514479633726.jpg\" \/>\n\t<meta property=\"og:image:width\" content=\"1800\" \/>\n\t<meta property=\"og:image:height\" content=\"391\" \/>\n\t<meta property=\"og:image:type\" content=\"image\/jpeg\" \/>\n<meta name=\"twitter:card\" content=\"summary_large_image\" \/>\n<meta name=\"twitter:label1\" content=\"Gesch\u00e4tzte Lesezeit\" \/>\n\t<meta name=\"twitter:data1\" content=\"2\u00a0Minuten\" \/>\n<script type=\"application\/ld+json\" class=\"yoast-schema-graph\">{\"@context\":\"https:\\\/\\\/schema.org\",\"@graph\":[{\"@type\":\"WebPage\",\"@id\":\"https:\\\/\\\/www.simasa.com\\\/de\\\/empresa\\\/\",\"url\":\"https:\\\/\\\/www.simasa.com\\\/de\\\/empresa\\\/\",\"name\":\"\u00dcber SIMA | Sima\",\"isPartOf\":{\"@id\":\"https:\\\/\\\/www.simasa.com\\\/de\\\/#website\"},\"primaryImageOfPage\":{\"@id\":\"https:\\\/\\\/www.simasa.com\\\/de\\\/empresa\\\/#primaryimage\"},\"image\":{\"@id\":\"https:\\\/\\\/www.simasa.com\\\/de\\\/empresa\\\/#primaryimage\"},\"thumbnailUrl\":\"https:\\\/\\\/www.simasa.com\\\/wp-content\\\/uploads\\\/2017\\\/12\\\/Fachada_1800-1-e1514479633726.jpg\",\"datePublished\":\"2016-03-16T15:37:29+00:00\",\"dateModified\":\"2022-12-19T14:32:02+00:00\",\"breadcrumb\":{\"@id\":\"https:\\\/\\\/www.simasa.com\\\/de\\\/empresa\\\/#breadcrumb\"},\"inLanguage\":\"de\",\"potentialAction\":[{\"@type\":\"ReadAction\",\"target\":[\"https:\\\/\\\/www.simasa.com\\\/de\\\/empresa\\\/\"]}]},{\"@type\":\"ImageObject\",\"inLanguage\":\"de\",\"@id\":\"https:\\\/\\\/www.simasa.com\\\/de\\\/empresa\\\/#primaryimage\",\"url\":\"https:\\\/\\\/www.simasa.com\\\/wp-content\\\/uploads\\\/2017\\\/12\\\/Fachada_1800-1-e1514479633726.jpg\",\"contentUrl\":\"https:\\\/\\\/www.simasa.com\\\/wp-content\\\/uploads\\\/2017\\\/12\\\/Fachada_1800-1-e1514479633726.jpg\",\"width\":1800,\"height\":391},{\"@type\":\"BreadcrumbList\",\"@id\":\"https:\\\/\\\/www.simasa.com\\\/de\\\/empresa\\\/#breadcrumb\",\"itemListElement\":[{\"@type\":\"ListItem\",\"position\":1,\"name\":\"Inicio\",\"item\":\"https:\\\/\\\/www.simasa.com\\\/de\\\/\"},{\"@type\":\"ListItem\",\"position\":2,\"name\":\"\u00dcber SIMA\"}]},{\"@type\":\"WebSite\",\"@id\":\"https:\\\/\\\/www.simasa.com\\\/de\\\/#website\",\"url\":\"https:\\\/\\\/www.simasa.com\\\/de\\\/\",\"name\":\"Sima\",\"description\":\"Fabricantes de maquinaria para la construcci\u00f3n\",\"publisher\":{\"@id\":\"https:\\\/\\\/www.simasa.com\\\/de\\\/#organization\"},\"potentialAction\":[{\"@type\":\"SearchAction\",\"target\":{\"@type\":\"EntryPoint\",\"urlTemplate\":\"https:\\\/\\\/www.simasa.com\\\/de\\\/?s={search_term_string}\"},\"query-input\":{\"@type\":\"PropertyValueSpecification\",\"valueRequired\":true,\"valueName\":\"search_term_string\"}}],\"inLanguage\":\"de\"},{\"@type\":\"Organization\",\"@id\":\"https:\\\/\\\/www.simasa.com\\\/de\\\/#organization\",\"name\":\"Sima\",\"url\":\"https:\\\/\\\/www.simasa.com\\\/de\\\/\",\"logo\":{\"@type\":\"ImageObject\",\"inLanguage\":\"de\",\"@id\":\"https:\\\/\\\/www.simasa.com\\\/de\\\/#\\\/schema\\\/logo\\\/image\\\/\",\"url\":\"https:\\\/\\\/www.simasa.com\\\/wp-content\\\/uploads\\\/2016\\\/03\\\/logo-1.jpg\",\"contentUrl\":\"https:\\\/\\\/www.simasa.com\\\/wp-content\\\/uploads\\\/2016\\\/03\\\/logo-1.jpg\",\"width\":121,\"height\":54,\"caption\":\"Sima\"},\"image\":{\"@id\":\"https:\\\/\\\/www.simasa.com\\\/de\\\/#\\\/schema\\\/logo\\\/image\\\/\"}}]}<\/script>\n<!-- \/ Yoast SEO plugin. -->","yoast_head_json":{"title":"\u00dcber SIMA | Sima","robots":{"index":"index","follow":"follow","max-snippet":"max-snippet:-1","max-image-preview":"max-image-preview:large","max-video-preview":"max-video-preview:-1"},"canonical":"https:\/\/www.simasa.com\/de\/empresa\/","og_locale":"de_DE","og_type":"article","og_title":"\u00dcber SIMA | Sima","og_description":"Wir fertigen Maschinen f\u00fcr das Baugewerbe &nbsp; Unser Unternehmen SIMA, Sociedad Industrial de Maquinaria Andaluza, S.A., beginnt seine Aktivit\u00e4t in den 70er Jahren mit dem Ziel, die Arbeit an unseren Ger\u00e4ten durch das Herstellen von sicheren, zuverl\u00e4ssigen, innovativen und leistungsf\u00e4higen Maschinen zu vereinfachen und so benuzterfreundlich wie m\u00f6glich zu gestalten. SIMA verf\u00fcgt \u00fcber eine Produktionsfl\u00e4che [&hellip;]","og_url":"https:\/\/www.simasa.com\/de\/empresa\/","og_site_name":"Sima","article_modified_time":"2022-12-19T14:32:02+00:00","og_image":[{"width":1800,"height":391,"url":"https:\/\/www.simasa.com\/wp-content\/uploads\/2017\/12\/Fachada_1800-1-e1514479633726.jpg","type":"image\/jpeg"}],"twitter_card":"summary_large_image","twitter_misc":{"Gesch\u00e4tzte Lesezeit":"2\u00a0Minuten"},"schema":{"@context":"https:\/\/schema.org","@graph":[{"@type":"WebPage","@id":"https:\/\/www.simasa.com\/de\/empresa\/","url":"https:\/\/www.simasa.com\/de\/empresa\/","name":"\u00dcber SIMA | Sima","isPartOf":{"@id":"https:\/\/www.simasa.com\/de\/#website"},"primaryImageOfPage":{"@id":"https:\/\/www.simasa.com\/de\/empresa\/#primaryimage"},"image":{"@id":"https:\/\/www.simasa.com\/de\/empresa\/#primaryimage"},"thumbnailUrl":"https:\/\/www.simasa.com\/wp-content\/uploads\/2017\/12\/Fachada_1800-1-e1514479633726.jpg","datePublished":"2016-03-16T15:37:29+00:00","dateModified":"2022-12-19T14:32:02+00:00","breadcrumb":{"@id":"https:\/\/www.simasa.com\/de\/empresa\/#breadcrumb"},"inLanguage":"de","potentialAction":[{"@type":"ReadAction","target":["https:\/\/www.simasa.com\/de\/empresa\/"]}]},{"@type":"ImageObject","inLanguage":"de","@id":"https:\/\/www.simasa.com\/de\/empresa\/#primaryimage","url":"https:\/\/www.simasa.com\/wp-content\/uploads\/2017\/12\/Fachada_1800-1-e1514479633726.jpg","contentUrl":"https:\/\/www.simasa.com\/wp-content\/uploads\/2017\/12\/Fachada_1800-1-e1514479633726.jpg","width":1800,"height":391},{"@type":"BreadcrumbList","@id":"https:\/\/www.simasa.com\/de\/empresa\/#breadcrumb","itemListElement":[{"@type":"ListItem","position":1,"name":"Inicio","item":"https:\/\/www.simasa.com\/de\/"},{"@type":"ListItem","position":2,"name":"\u00dcber SIMA"}]},{"@type":"WebSite","@id":"https:\/\/www.simasa.com\/de\/#website","url":"https:\/\/www.simasa.com\/de\/","name":"Sima","description":"Fabricantes de maquinaria para la construcci\u00f3n","publisher":{"@id":"https:\/\/www.simasa.com\/de\/#organization"},"potentialAction":[{"@type":"SearchAction","target":{"@type":"EntryPoint","urlTemplate":"https:\/\/www.simasa.com\/de\/?s={search_term_string}"},"query-input":{"@type":"PropertyValueSpecification","valueRequired":true,"valueName":"search_term_string"}}],"inLanguage":"de"},{"@type":"Organization","@id":"https:\/\/www.simasa.com\/de\/#organization","name":"Sima","url":"https:\/\/www.simasa.com\/de\/","logo":{"@type":"ImageObject","inLanguage":"de","@id":"https:\/\/www.simasa.com\/de\/#\/schema\/logo\/image\/","url":"https:\/\/www.simasa.com\/wp-content\/uploads\/2016\/03\/logo-1.jpg","contentUrl":"https:\/\/www.simasa.com\/wp-content\/uploads\/2016\/03\/logo-1.jpg","width":121,"height":54,"caption":"Sima"},"image":{"@id":"https:\/\/www.simasa.com\/de\/#\/schema\/logo\/image\/"}}]}},"_links":{"self":[{"href":"https:\/\/www.simasa.com\/de\/wp-json\/wp\/v2\/pages\/951","targetHints":{"allow":["GET"]}}],"collection":[{"href":"https:\/\/www.simasa.com\/de\/wp-json\/wp\/v2\/pages"}],"about":[{"href":"https:\/\/www.simasa.com\/de\/wp-json\/wp\/v2\/types\/page"}],"author":[{"embeddable":true,"href":"https:\/\/www.simasa.com\/de\/wp-json\/wp\/v2\/users\/1"}],"replies":[{"embeddable":true,"href":"https:\/\/www.simasa.com\/de\/wp-json\/wp\/v2\/comments?post=951"}],"version-history":[{"count":9,"href":"https:\/\/www.simasa.com\/de\/wp-json\/wp\/v2\/pages\/951\/revisions"}],"predecessor-version":[{"id":9446,"href":"https:\/\/www.simasa.com\/de\/wp-json\/wp\/v2\/pages\/951\/revisions\/9446"}],"wp:featuredmedia":[{"embeddable":true,"href":"https:\/\/www.simasa.com\/de\/wp-json\/wp\/v2\/media\/9388"}],"wp:attachment":[{"href":"https:\/\/www.simasa.com\/de\/wp-json\/wp\/v2\/media?parent=951"}],"curies":[{"name":"wp","href":"https:\/\/api.w.org\/{rel}","templated":true}]}}