{"id":934,"date":"2016-03-16T15:38:54","date_gmt":"2016-03-16T15:38:54","guid":{"rendered":"https:\/\/www.simasa.com\/de\/calidad\/"},"modified":"2022-11-29T13:34:21","modified_gmt":"2022-11-29T12:34:21","slug":"calidad","status":"publish","type":"page","link":"https:\/\/www.simasa.com\/de\/calidad\/","title":{"rendered":"Qualit\u00e4t"},"content":{"rendered":"<h2>Beste Qualit\u00e4t ist unser Ziel<\/h2>\n<p><img loading=\"lazy\" decoding=\"async\" class=\" wp-image-1023 alignright\" src=\"https:\/\/www.simasa.com\/wp-content\/uploads\/2016\/03\/robermetro-200x300.jpg\" alt=\"robermetro\" width=\"570\" height=\"855\" srcset=\"https:\/\/www.simasa.com\/wp-content\/uploads\/2016\/03\/robermetro-200x300.jpg 200w, https:\/\/www.simasa.com\/wp-content\/uploads\/2016\/03\/robermetro-416x624.jpg 416w, https:\/\/www.simasa.com\/wp-content\/uploads\/2016\/03\/robermetro-768x1152.jpg 768w, https:\/\/www.simasa.com\/wp-content\/uploads\/2016\/03\/robermetro-683x1024.jpg 683w, https:\/\/www.simasa.com\/wp-content\/uploads\/2016\/03\/robermetro.jpg 800w\" sizes=\"auto, (max-width: 570px) 100vw, 570px\" \/><\/p>\n<p>Wenn Qualit\u00e4t der Schl\u00fcssel zum Erfolg in unserer Branche ist, geht bei SIMA die Philosophie noch weiter: Wir streben nach der besten Qualit\u00e4t.<\/p>\n<p>Um dies bei unseren Maschinen zu gew\u00e4hrleisten, hat SIMA einen an jedes Modell angepassten Inspektionsplan erstellt, der an jedem seiner Bauteile durchgef\u00fchrt wird. Diese Komponenten werden einer Messkontrolle unterzogen, nachdem zuvor festgelegt wurde, welche Schl\u00fcsselparameter bei jedem neuen Start kontrolliert werden m\u00fcssen. Jede erhaltene oder produzierte Charge von Komponenten wird mit den festgelegten Parametern abgeglichen, um sicherzustellen, dass sie mit diesen \u00fcbereinstimmen.<\/p>\n<p>Schlie\u00dflich wird in der Montagephase der Maschine eine weitere Qualit\u00e4tskontrolle durchgef\u00fchrt, bei der die Zusammensetzung und die Kalibrierung jeder Maschine \u00fcberpr\u00fcft werden, um einen einwandfreien Betrieb zu gew\u00e4hrleisten. Neben den hochqualifizierten Qualit\u00e4tsverbesserungsverfahren bedient sich die SIMA stets eines besonders \u00fcberzeugenden Tests: dem Kundentest.<\/p>\n<p>Ziel ist es, das Produkt an seinem gewohnten Einsatzort (einer Baustelle oder einem Bauplatz) zu testen und den Prototyp der Maschine von dem Nutzer bedienen zu lassen, der normalerweise die jeweiligen Bedienungsvorg\u00e4nge an der Maschine durchf\u00fchrt, damit er die Vorteile des Ger\u00e4ts oder auch notwendige Ausbesserungen am Prototyp vor Ort erkennen kann. Im Anschluss an den Feldtest und nach Auswertung des Kundenfeedbacks, wird die Maschine je nach Testergebnis angepasst oder f\u00fcr die industrielle Produktion freigegeben.<\/p>\n<p>Es entspricht dem Leitbild von SIMA, dass h\u00f6chste Qualit\u00e4tsanspr\u00fcche im Sinne einer \u201eCorporate Quality\u201c zum\u00a0 Verhaltensgrundsatz der gesamten Organisation geh\u00f6ren: Angefangen bei der Forschung und Entwicklung \u00fcber die Produktion bis hin zu den \u00fcbrigen Abteilungen des Unternehmens: Einkauf, Verkauf, Finanzen usw.<\/p>\n<p><img loading=\"lazy\" decoding=\"async\" class=\" wp-image-1026 alignleft\" src=\"https:\/\/www.simasa.com\/wp-content\/uploads\/2016\/03\/eugenio-metro-300x200.jpg\" alt=\"eugenio metro\" width=\"272\" height=\"181\" srcset=\"https:\/\/www.simasa.com\/wp-content\/uploads\/2016\/03\/eugenio-metro-300x200.jpg 300w, https:\/\/www.simasa.com\/wp-content\/uploads\/2016\/03\/eugenio-metro-416x277.jpg 416w, https:\/\/www.simasa.com\/wp-content\/uploads\/2016\/03\/eugenio-metro-768x512.jpg 768w, https:\/\/www.simasa.com\/wp-content\/uploads\/2016\/03\/eugenio-metro.jpg 800w\" sizes=\"auto, (max-width: 272px) 100vw, 272px\" \/><\/p>\n<p>&nbsp;<\/p>\n<p>&nbsp;<\/p>\n<p>&nbsp;<\/p>\n<p>&nbsp;<\/p>\n<p>&nbsp;<\/p>\n<p><img loading=\"lazy\" decoding=\"async\" class=\" wp-image-1027 alignleft\" src=\"https:\/\/www.simasa.com\/wp-content\/uploads\/2016\/03\/METROLOGIA-300x200.jpg\" alt=\"METROLOGIA\" width=\"271\" height=\"180\" srcset=\"https:\/\/www.simasa.com\/wp-content\/uploads\/2016\/03\/METROLOGIA-300x200.jpg 300w, https:\/\/www.simasa.com\/wp-content\/uploads\/2016\/03\/METROLOGIA-416x277.jpg 416w, https:\/\/www.simasa.com\/wp-content\/uploads\/2016\/03\/METROLOGIA-768x512.jpg 768w, https:\/\/www.simasa.com\/wp-content\/uploads\/2016\/03\/METROLOGIA.jpg 800w\" sizes=\"auto, (max-width: 271px) 100vw, 271px\" \/><\/p>\n","protected":false},"excerpt":{"rendered":"<p>Beste Qualit\u00e4t ist unser Ziel Wenn Qualit\u00e4t der Schl\u00fcssel zum Erfolg in unserer Branche ist, geht bei SIMA die Philosophie noch weiter: Wir streben nach der besten Qualit\u00e4t. Um dies bei unseren Maschinen zu gew\u00e4hrleisten, hat SIMA einen an jedes Modell angepassten Inspektionsplan erstellt, der an jedem seiner Bauteile durchgef\u00fchrt wird. Diese Komponenten werden einer [&hellip;]<\/p>\n","protected":false},"author":1,"featured_media":5767,"parent":0,"menu_order":0,"comment_status":"closed","ping_status":"closed","template":"template-tipo.php","meta":{"_acf_changed":false,"footnotes":""},"class_list":["post-934","page","type-page","status-publish","has-post-thumbnail","hentry"],"acf":[],"yoast_head":"<!-- This site is optimized with the Yoast SEO plugin v27.2 - https:\/\/yoast.com\/product\/yoast-seo-wordpress\/ -->\n<title>Qualit\u00e4t | Sima<\/title>\n<meta name=\"robots\" content=\"index, follow, max-snippet:-1, max-image-preview:large, max-video-preview:-1\" \/>\n<link rel=\"canonical\" href=\"https:\/\/www.simasa.com\/de\/calidad\/\" \/>\n<meta property=\"og:locale\" content=\"de_DE\" \/>\n<meta property=\"og:type\" content=\"article\" \/>\n<meta property=\"og:title\" content=\"Qualit\u00e4t | Sima\" \/>\n<meta property=\"og:description\" content=\"Beste Qualit\u00e4t ist unser Ziel Wenn Qualit\u00e4t der Schl\u00fcssel zum Erfolg in unserer Branche ist, geht bei SIMA die Philosophie noch weiter: Wir streben nach der besten Qualit\u00e4t. Um dies bei unseren Maschinen zu gew\u00e4hrleisten, hat SIMA einen an jedes Modell angepassten Inspektionsplan erstellt, der an jedem seiner Bauteile durchgef\u00fchrt wird. Diese Komponenten werden einer [&hellip;]\" \/>\n<meta property=\"og:url\" content=\"https:\/\/www.simasa.com\/de\/calidad\/\" \/>\n<meta property=\"og:site_name\" content=\"Sima\" \/>\n<meta property=\"article:modified_time\" content=\"2022-11-29T12:34:21+00:00\" \/>\n<meta property=\"og:image\" content=\"https:\/\/www.simasa.com\/wp-content\/uploads\/2017\/05\/Polypanel-ojo-pez-03-scaled.jpg\" \/>\n\t<meta property=\"og:image:width\" content=\"2560\" \/>\n\t<meta property=\"og:image:height\" content=\"1707\" \/>\n\t<meta property=\"og:image:type\" content=\"image\/jpeg\" \/>\n<meta name=\"twitter:card\" content=\"summary_large_image\" \/>\n<meta name=\"twitter:label1\" content=\"Gesch\u00e4tzte Lesezeit\" \/>\n\t<meta name=\"twitter:data1\" content=\"2\u00a0Minuten\" \/>\n<script type=\"application\/ld+json\" class=\"yoast-schema-graph\">{\"@context\":\"https:\/\/schema.org\",\"@graph\":[{\"@type\":\"WebPage\",\"@id\":\"https:\/\/www.simasa.com\/de\/calidad\/\",\"url\":\"https:\/\/www.simasa.com\/de\/calidad\/\",\"name\":\"Qualit\u00e4t | Sima\",\"isPartOf\":{\"@id\":\"https:\/\/www.simasa.com\/de\/#website\"},\"primaryImageOfPage\":{\"@id\":\"https:\/\/www.simasa.com\/de\/calidad\/#primaryimage\"},\"image\":{\"@id\":\"https:\/\/www.simasa.com\/de\/calidad\/#primaryimage\"},\"thumbnailUrl\":\"https:\/\/www.simasa.com\/wp-content\/uploads\/2017\/05\/Polypanel-ojo-pez-03-scaled.jpg\",\"datePublished\":\"2016-03-16T15:38:54+00:00\",\"dateModified\":\"2022-11-29T12:34:21+00:00\",\"breadcrumb\":{\"@id\":\"https:\/\/www.simasa.com\/de\/calidad\/#breadcrumb\"},\"inLanguage\":\"de\",\"potentialAction\":[{\"@type\":\"ReadAction\",\"target\":[\"https:\/\/www.simasa.com\/de\/calidad\/\"]}]},{\"@type\":\"ImageObject\",\"inLanguage\":\"de\",\"@id\":\"https:\/\/www.simasa.com\/de\/calidad\/#primaryimage\",\"url\":\"https:\/\/www.simasa.com\/wp-content\/uploads\/2017\/05\/Polypanel-ojo-pez-03-scaled.jpg\",\"contentUrl\":\"https:\/\/www.simasa.com\/wp-content\/uploads\/2017\/05\/Polypanel-ojo-pez-03-scaled.jpg\",\"width\":2560,\"height\":1707},{\"@type\":\"BreadcrumbList\",\"@id\":\"https:\/\/www.simasa.com\/de\/calidad\/#breadcrumb\",\"itemListElement\":[{\"@type\":\"ListItem\",\"position\":1,\"name\":\"Inicio\",\"item\":\"https:\/\/www.simasa.com\/de\/\"},{\"@type\":\"ListItem\",\"position\":2,\"name\":\"Qualit\u00e4t\"}]},{\"@type\":\"WebSite\",\"@id\":\"https:\/\/www.simasa.com\/de\/#website\",\"url\":\"https:\/\/www.simasa.com\/de\/\",\"name\":\"Sima\",\"description\":\"Fabricantes de maquinaria para la construcci\u00f3n\",\"publisher\":{\"@id\":\"https:\/\/www.simasa.com\/de\/#organization\"},\"potentialAction\":[{\"@type\":\"SearchAction\",\"target\":{\"@type\":\"EntryPoint\",\"urlTemplate\":\"https:\/\/www.simasa.com\/de\/?s={search_term_string}\"},\"query-input\":{\"@type\":\"PropertyValueSpecification\",\"valueRequired\":true,\"valueName\":\"search_term_string\"}}],\"inLanguage\":\"de\"},{\"@type\":\"Organization\",\"@id\":\"https:\/\/www.simasa.com\/de\/#organization\",\"name\":\"Sima\",\"url\":\"https:\/\/www.simasa.com\/de\/\",\"logo\":{\"@type\":\"ImageObject\",\"inLanguage\":\"de\",\"@id\":\"https:\/\/www.simasa.com\/de\/#\/schema\/logo\/image\/\",\"url\":\"https:\/\/www.simasa.com\/wp-content\/uploads\/2016\/03\/logo-1.jpg\",\"contentUrl\":\"https:\/\/www.simasa.com\/wp-content\/uploads\/2016\/03\/logo-1.jpg\",\"width\":121,\"height\":54,\"caption\":\"Sima\"},\"image\":{\"@id\":\"https:\/\/www.simasa.com\/de\/#\/schema\/logo\/image\/\"}}]}<\/script>\n<!-- \/ Yoast SEO plugin. -->","yoast_head_json":{"title":"Qualit\u00e4t | Sima","robots":{"index":"index","follow":"follow","max-snippet":"max-snippet:-1","max-image-preview":"max-image-preview:large","max-video-preview":"max-video-preview:-1"},"canonical":"https:\/\/www.simasa.com\/de\/calidad\/","og_locale":"de_DE","og_type":"article","og_title":"Qualit\u00e4t | Sima","og_description":"Beste Qualit\u00e4t ist unser Ziel Wenn Qualit\u00e4t der Schl\u00fcssel zum Erfolg in unserer Branche ist, geht bei SIMA die Philosophie noch weiter: Wir streben nach der besten Qualit\u00e4t. Um dies bei unseren Maschinen zu gew\u00e4hrleisten, hat SIMA einen an jedes Modell angepassten Inspektionsplan erstellt, der an jedem seiner Bauteile durchgef\u00fchrt wird. Diese Komponenten werden einer [&hellip;]","og_url":"https:\/\/www.simasa.com\/de\/calidad\/","og_site_name":"Sima","article_modified_time":"2022-11-29T12:34:21+00:00","og_image":[{"width":2560,"height":1707,"url":"https:\/\/www.simasa.com\/wp-content\/uploads\/2017\/05\/Polypanel-ojo-pez-03-scaled.jpg","type":"image\/jpeg"}],"twitter_card":"summary_large_image","twitter_misc":{"Gesch\u00e4tzte Lesezeit":"2\u00a0Minuten"},"schema":{"@context":"https:\/\/schema.org","@graph":[{"@type":"WebPage","@id":"https:\/\/www.simasa.com\/de\/calidad\/","url":"https:\/\/www.simasa.com\/de\/calidad\/","name":"Qualit\u00e4t | Sima","isPartOf":{"@id":"https:\/\/www.simasa.com\/de\/#website"},"primaryImageOfPage":{"@id":"https:\/\/www.simasa.com\/de\/calidad\/#primaryimage"},"image":{"@id":"https:\/\/www.simasa.com\/de\/calidad\/#primaryimage"},"thumbnailUrl":"https:\/\/www.simasa.com\/wp-content\/uploads\/2017\/05\/Polypanel-ojo-pez-03-scaled.jpg","datePublished":"2016-03-16T15:38:54+00:00","dateModified":"2022-11-29T12:34:21+00:00","breadcrumb":{"@id":"https:\/\/www.simasa.com\/de\/calidad\/#breadcrumb"},"inLanguage":"de","potentialAction":[{"@type":"ReadAction","target":["https:\/\/www.simasa.com\/de\/calidad\/"]}]},{"@type":"ImageObject","inLanguage":"de","@id":"https:\/\/www.simasa.com\/de\/calidad\/#primaryimage","url":"https:\/\/www.simasa.com\/wp-content\/uploads\/2017\/05\/Polypanel-ojo-pez-03-scaled.jpg","contentUrl":"https:\/\/www.simasa.com\/wp-content\/uploads\/2017\/05\/Polypanel-ojo-pez-03-scaled.jpg","width":2560,"height":1707},{"@type":"BreadcrumbList","@id":"https:\/\/www.simasa.com\/de\/calidad\/#breadcrumb","itemListElement":[{"@type":"ListItem","position":1,"name":"Inicio","item":"https:\/\/www.simasa.com\/de\/"},{"@type":"ListItem","position":2,"name":"Qualit\u00e4t"}]},{"@type":"WebSite","@id":"https:\/\/www.simasa.com\/de\/#website","url":"https:\/\/www.simasa.com\/de\/","name":"Sima","description":"Fabricantes de maquinaria para la construcci\u00f3n","publisher":{"@id":"https:\/\/www.simasa.com\/de\/#organization"},"potentialAction":[{"@type":"SearchAction","target":{"@type":"EntryPoint","urlTemplate":"https:\/\/www.simasa.com\/de\/?s={search_term_string}"},"query-input":{"@type":"PropertyValueSpecification","valueRequired":true,"valueName":"search_term_string"}}],"inLanguage":"de"},{"@type":"Organization","@id":"https:\/\/www.simasa.com\/de\/#organization","name":"Sima","url":"https:\/\/www.simasa.com\/de\/","logo":{"@type":"ImageObject","inLanguage":"de","@id":"https:\/\/www.simasa.com\/de\/#\/schema\/logo\/image\/","url":"https:\/\/www.simasa.com\/wp-content\/uploads\/2016\/03\/logo-1.jpg","contentUrl":"https:\/\/www.simasa.com\/wp-content\/uploads\/2016\/03\/logo-1.jpg","width":121,"height":54,"caption":"Sima"},"image":{"@id":"https:\/\/www.simasa.com\/de\/#\/schema\/logo\/image\/"}}]}},"_links":{"self":[{"href":"https:\/\/www.simasa.com\/de\/wp-json\/wp\/v2\/pages\/934","targetHints":{"allow":["GET"]}}],"collection":[{"href":"https:\/\/www.simasa.com\/de\/wp-json\/wp\/v2\/pages"}],"about":[{"href":"https:\/\/www.simasa.com\/de\/wp-json\/wp\/v2\/types\/page"}],"author":[{"embeddable":true,"href":"https:\/\/www.simasa.com\/de\/wp-json\/wp\/v2\/users\/1"}],"replies":[{"embeddable":true,"href":"https:\/\/www.simasa.com\/de\/wp-json\/wp\/v2\/comments?post=934"}],"version-history":[{"count":14,"href":"https:\/\/www.simasa.com\/de\/wp-json\/wp\/v2\/pages\/934\/revisions"}],"predecessor-version":[{"id":10886,"href":"https:\/\/www.simasa.com\/de\/wp-json\/wp\/v2\/pages\/934\/revisions\/10886"}],"wp:featuredmedia":[{"embeddable":true,"href":"https:\/\/www.simasa.com\/de\/wp-json\/wp\/v2\/media\/5767"}],"wp:attachment":[{"href":"https:\/\/www.simasa.com\/de\/wp-json\/wp\/v2\/media?parent=934"}],"curies":[{"name":"wp","href":"https:\/\/api.w.org\/{rel}","templated":true}]}}