{"id":929,"date":"2016-03-16T16:23:31","date_gmt":"2016-03-16T16:23:31","guid":{"rendered":"https:\/\/www.simasa.com\/de\/aviso-legal-y-condiciones-de-uso\/"},"modified":"2022-11-29T11:36:11","modified_gmt":"2022-11-29T10:36:11","slug":"aviso-legal-y-condiciones-de-uso","status":"publish","type":"page","link":"https:\/\/www.simasa.com\/de\/aviso-legal-y-condiciones-de-uso\/","title":{"rendered":"Impressum, Rechtliche Hinweise &#038; Allgemeine Nutzungsbedingungen"},"content":{"rendered":"<h1>Impressum, Rechtliche Hinweise<\/h1>\n<p>Sociedad Industrial de Maquinaria Andaluza, S.A. weist Sie darauf hin, dass der Zugang zu und die Nutzung der Website diesen Nutzungsbedingungen unterliegen, und empfiehlt Ihnen daher, diese zu lesen. Die Nutzer verpflichten sich, die Website in \u00dcbereinstimmung mit den hierin enthaltenen Bestimmungen sowie mit den zum Zeitpunkt der Nutzung geltenden gesetzlichen Vorschriften zu nutzen.<\/p>\n<p><strong>Herausgeber<\/strong><\/p>\n<ul>\n<li><strong>Name des Unternehmens: <\/strong>Sociedad Industrial de Maquinaria Andaluza, S.A.<\/li>\n<li><strong>Handelsname: <\/strong>SIMA<\/li>\n<li><strong>UMSATZSTEUER-IDENTIFIKATIONSNUMMER: <\/strong>ESA18024919<\/li>\n<li><strong>Anschrift: <\/strong>C\/ Albu\u00f1ol, Parcela 250 <strong>Ind. Juncaril, 18220-Albolote (GRANADA-SPAIN)<\/strong><\/li>\n<li><strong>Telefonnummer: <\/strong>(+34) 958 49 04 10<\/li>\n<li><strong>E-Mail: <\/strong><a href=\"mailto:info@simasa.com\">customer@simasa.com<\/a><\/li>\n<li><strong>Eintragung der Gesellschaft: <\/strong>Handelsregister der Provinz Granada, Band 493, Seite 13, Sektion GR3696 Siebter Eintrag<\/li>\n<li><strong>Domain: <\/strong><u>www.<\/u><strong><a href=\"http:\/\/www.simasa.com\">simasa.com<\/a><\/strong> (im Folgenden die Website)<\/li>\n<\/ul>\n<p><strong>Geltungsbereich und Vertragsgegenstand<\/strong><\/p>\n<p>Die Website ist Eigentum der Sociedad Industrial de Maquinaria Andaluza, S.A. (nachfolgend SIMASA.COM) \u00a0und dient der Bekanntmachung unserer Maschinen f\u00fcr das Baugewerbe. In \u00dcbereinstimmung mit Art. 10 des Gesetzes Nr. 34\/2002 vom 11. Juli \u00fcber Dienstleistungen der Informationsgesellschaft und e-Commerce (im Folgenden LSSI-CE) informieren wir Sie im Folgenden \u00fcber die allgemeinen Nutzungsbedingungen der Website.<\/p>\n<p><strong>Allgemeine Nutzungsbedingungen<\/strong><\/p>\n<hr \/>\n<p>Die auf der Website verf\u00fcgbaren Inhalte und Dienstleistungen unterliegen den vorliegenden Allgemeinen Nutzungsbedingungen und den Bestimmungen zur Verarbeitung personenbezogener Daten (im Folgenden &#8222;Datenschutzbestimmungen&#8220;). Der Zugriff auf diese Website oder dessen Nutzung qualifiziert die betreffenden Personen als\u00a0<strong>&#8222;die Nutzer&#8220;<\/strong>,\u00a0und impliziert die vorbehaltlose Annahme der hier aufgef\u00fchrten Bedingungen, wobei wir uns das Recht vorbehalten, diese jederzeit zu \u00e4ndern.<\/p>\n<p>Diese Website wurde \u00fcberpr\u00fcft und getestet, damit sie einwandfrei funktioniert. Grunds\u00e4tzlich kann der ordnungsgem\u00e4\u00dfe Betrieb 365 Tage im Jahr, 24 Stunden am Tag gew\u00e4hrleistet werden. Wir k\u00f6nnen jedoch nicht ausschlie\u00dfen, dass es F\u00e4lle h\u00f6herer Gewalt oder auf Zufall beruhende Ursachen geben kann, die den Zugriff auf die Website verhindern. Daher garantieren wir weder den uneingeschr\u00e4nkten Zugriff noch die korrekte Anzeige, den einwandfreien Download oder die permanente Funktionsf\u00e4higkeit der auf der Seite enthaltenen Elemente und Informationen, die durch Ereignisse und Umst\u00e4nde, die sich unserer Kontrolle entziehen, erschwert oder verhindert werden k\u00f6nnen.<\/p>\n<p><strong>Haftung und h\u00f6here Gewalt<\/strong><\/p>\n<hr \/>\n<p>Wir sind berechtigt, den Dienst zu unterbrechen oder die Beziehung mit den Nutzern sofort zu beenden, wenn wir feststellen, dass die Nutzung der Website oder einer der auf ihr angebotenen Dienstleistungen gegen die vorliegenden Allgemeinen Nutzungsbedingungen verst\u00f6\u00dft.<\/p>\n<p>Diese Website und die damit verbundenen Dienste werden unter dem Gesichtspunkt gr\u00f6\u00dfter Sorgfalt betrieben. Aus technischen Gr\u00fcnden oder im Falle von h\u00f6herer Gewalt ist es jedoch nicht m\u00f6glich, dass diese Dienste ohne Unterbrechung zug\u00e4nglich sind, dass die gew\u00fcnschten Verbindungen immer hergestellt werden k\u00f6nnen oder, dass gespeicherte Daten unter allen Gegebenheiten erhalten bleiben. Die st\u00e4ndige Verf\u00fcgbarkeit kann daher nicht zugesichert werden. Jegliche Haftung f\u00fcr Probleme, die ihre Ursache in den Netzen Dritter haben, ist ausgeschlossen. Die Nutzung anderer Netze unterliegt den Nutzungsbedingungen der jeweiligen Betreiber. Unsererseits besteht keine Haftung f\u00fcr h\u00f6here Gewalt, Streiks, Einschr\u00e4nkungen der Leistungen anderer Netzbetreiber sowie Reparatur- und Wartungsarbeiten und den damit verbundenen Einschr\u00e4nkungen oder Unterbrechungen dieses Dienstes.<\/p>\n<p>Wir haften nicht f\u00fcr Sch\u00e4den, Verluste, Anspr\u00fcche oder Aufwendungen, die sich aus der Nutzung der Website ergeben. Wir sind nur daf\u00fcr verantwortlich, die Inhalte, die solche Sch\u00e4den verursachen k\u00f6nnen, so schnell wie m\u00f6glich zu entfernen, sobald wir entsprechend informiert werden.<\/p>\n<p>Insbesondere haften wir nicht f\u00fcr Sch\u00e4den, die sich unter anderem aus den folgenden Sachverhalten ergeben k\u00f6nnen:<\/p>\n<ul>\n<li style=\"list-style-type: none;\">\n<ul>\n<li>St\u00f6rungen, Unterbrechungen, Ausf\u00e4lle, Auslassungen, Telefonausf\u00e4lle, Versp\u00e4tungen, Blockaden oder Ausf\u00e4lle des elektronischen Systems, verursacht durch M\u00e4ngel, \u00dcberlastungen und Fehler in den Telekommunikationsleitungen und -netzen oder durch jede andere Ursache, die nicht unserer Kontrolle unterliegt.<\/li>\n<li>Unerlaubte Eingriffe durch Einsatz von Malware jeglicher Art und \u00fcber beliebige Kommunikationsmedien, wie beispielsweise \u00a0Computerviren oder andere Schadprogramme.<\/li>\n<li>Unsachgem\u00e4\u00dfe oder unangemessener Nutzung der Website.<\/li>\n<li>Sicherheits- oder Browserfehler, die durch eine Fehlfunktion des Browsers oder durch den Einsatz veralteter Browser-Versionen verursacht werden.<\/li>\n<li>Soziale Konflikte, Streiks, Rebellion, Explosionen, \u00dcberschwemmungen, Regierungshandlungen und -unterlassungen.<\/li>\n<\/ul>\n<\/li>\n<\/ul>\n<p><strong>Verpflichtungen der Nutzer<\/strong><\/p>\n<hr \/>\n<ul>\n<li>Die Nutzer m\u00fcssen wahrheitsgem\u00e4\u00dfe Informationen zur Verf\u00fcgung stellen, indem sie die auf der Website enthaltenen Formulare mit ihren personenbezogenen Daten richtig ausf\u00fcllen und diese Information jederzeit aktualisieren, damit sie mit ihrer aktuellen Situation \u00fcbereinstimmen.<\/li>\n<li>Die Nutzer sind alleinverantwortlich f\u00fcr falsche oder ungenaue Angaben und f\u00fcr Sch\u00e4den, die uns oder Dritten durch die zur Verf\u00fcgung gestellten Informationen entstehen.<\/li>\n<li>Unabh\u00e4ngig der Bestimmungen des vorherigen Abschnitts, d\u00fcrfen die Nutzer die Website weder unsachgem\u00e4\u00df nutzen noch gegen die geltenden Gesetzesbestimmungen versto\u00dfen, der diese Website unterliegt.<\/li>\n<li>Wir k\u00f6nnen den Dienst unterbrechen oder die Beziehung mit den Nutzern sofort beenden, wenn wir feststellen, dass die Nutzung unserer Website oder eine der darin angebotenen Dienste fahrl\u00e4ssig oder vors\u00e4tzlich in unangemessener oder widerrechtlicher Weise benutzt wird.<\/li>\n<\/ul>\n<p><strong>Hyperlinks<\/strong><\/p>\n<hr \/>\n<p>Sofern die Website Links zu anderen, von Dritten verwalteten Websites enth\u00e4lt und es nicht m\u00f6glich ist, den Inhalt dieser Seiten zu kontrollieren, \u00fcbernehmen wir keinerlei Verantwortung f\u00fcr diese Inhalte. Falls unangemessene oder gegen die geltenden gesetzlichen Vorschriften versto\u00dfende Inhalte erkannt werden, erfolgt eine sofortige Einstellung der Umleitung auf diese Website und es ergeht eine Mitteilung an die zust\u00e4ndigen Beh\u00f6rden, um diese \u00fcber die Ver\u00f6ffentlichung der betreffenden Inhalte zu informieren.<\/p>\n<p><strong>Geistiges und gewerbliches Eigentum<\/strong><\/p>\n<hr \/>\n<p>Wir als Betreiber der Website, verf\u00fcgen \u00fcber die erforderlichen Lizenzen und Rechte an den Elementen der Website, sowie an der Programmierung, Inhalten und Grafiken. Der gesamte Inhalt der Website ist durch die Vorschriften \u00fcber geistiges und gewerbliches Eigentum ordnungsgem\u00e4\u00df gesch\u00fctzt und in den entsprechenden \u00f6ffentlichen Registern eingetragen.<\/p>\n<p>Unabh\u00e4ngig vom beabsichtigten Zweck bedarf es zur vollst\u00e4ndigen oder teilweisen Vervielf\u00e4ltigung, Nutzung, Verwertung, Verbreitung und Vermarktung auf jeden Fall der vorherigen schriftlichen Genehmigung unsererseits. Jede Nutzung, die nicht zuvor von uns genehmigt wurde, wird als schwerwiegende Verletzung der geistigen oder gewerblichen Eigentumsrechte des Urhebers angesehen.<\/p>\n<p>Die Designs, Logos, Texte und\/oder Grafiken, die nicht von uns stammen und auf der Website dargestellt werden, geh\u00f6ren den jeweiligen Eigent\u00fcmern, die selbst f\u00fcr eventuelle Streitigkeiten verantwortlich sind, die in Bezug auf deren Nutzung entstehen k\u00f6nnen.<\/p>\n<p>F\u00fcr Anmerkungen zu m\u00f6glichen Verletzungen von Rechten an geistigem oder gewerblichem Eigentum sowie zum Inhalt der Website k\u00f6nnen Sie eine E-Mail an <strong>customer@simasa.com<\/strong> senden.<\/p>\n<p><strong>Dauer, Aussetzung und Beendigung<\/strong><\/p>\n<hr \/>\n<p>Die Bereitstellung des Dienstes dieser Website und der anderen Dienste ist grunds\u00e4tzlich von unbestimmter Dauer. Wir k\u00f6nnen jedoch jede der angebotenen Dienstleistungen beenden oder aussetzen und werden dies, wenn m\u00f6glich, mitteilen.<\/p>\n<p><strong>Gerichtsstand<\/strong><\/p>\n<hr \/>\n<p>Diese Allgemeinen Nutzungsbedingungen sowie die Nutzung der Website unterliegen dem spanischen Recht. Alle Streitigkeiten werden vor den Gerichten der Stadt Granada ausgetragen.<\/p>\n<p>Die Beilegung s\u00e4mtlicher Streitigkeiten oder die Auslegung, der hier vorliegenden Bestimmungen, f\u00e4llt erstinstanzlich unter die Gerichtsbarkeit der Gerichte der Stadt Granada, wobei die Parteien ausdr\u00fccklich auf jeden anderen Gerichtsstand verzichten, der ihnen zusteht.<\/p>\n<p>Sollte eine Bestimmung dieser Nutzungsbedingungen nach geltendem Recht oder aufgrund einer gerichtlichen oder beh\u00f6rdlichen Entscheidung nicht durchsetzbar oder ung\u00fcltig sein, so hat dies nicht zur Folge, dass diese Nutzungsbedingungen insgesamt nicht durchsetzbar oder ung\u00fcltig sind. In solchen F\u00e4llen werden wir eine solche Bestimmung durch eine g\u00fcltige und durchsetzbare Bestimmung \u00e4ndern oder ersetzen, die, soweit m\u00f6glich, das Ziel und die Absicht der urspr\u00fcnglichen Bestimmung erreicht.<\/p>\n<p>&nbsp;<\/p>\n<p>&nbsp;<\/p>\n","protected":false},"excerpt":{"rendered":"<p>Impressum, Rechtliche Hinweise Sociedad Industrial de Maquinaria Andaluza, S.A. weist Sie darauf hin, dass der Zugang zu und die Nutzung der Website diesen Nutzungsbedingungen unterliegen, und empfiehlt Ihnen daher, diese zu lesen. Die Nutzer verpflichten sich, die Website in \u00dcbereinstimmung mit den hierin enthaltenen Bestimmungen sowie mit den zum Zeitpunkt der Nutzung geltenden gesetzlichen Vorschriften [&hellip;]<\/p>\n","protected":false},"author":1,"featured_media":0,"parent":0,"menu_order":0,"comment_status":"closed","ping_status":"closed","template":"template-tipo.php","meta":{"_acf_changed":false,"footnotes":""},"class_list":["post-929","page","type-page","status-publish","hentry"],"acf":[],"yoast_head":"<!-- This site is optimized with the Yoast SEO plugin v27.4 - https:\/\/yoast.com\/product\/yoast-seo-wordpress\/ -->\n<title>Impressum, Rechtliche Hinweise &amp; Allgemeine Nutzungsbedingungen | Sima<\/title>\n<meta name=\"robots\" content=\"noindex, follow\" \/>\n<meta property=\"og:locale\" content=\"de_DE\" \/>\n<meta property=\"og:type\" content=\"article\" \/>\n<meta property=\"og:title\" content=\"Impressum, Rechtliche Hinweise &amp; Allgemeine Nutzungsbedingungen | Sima\" \/>\n<meta property=\"og:description\" content=\"Impressum, Rechtliche Hinweise Sociedad Industrial de Maquinaria Andaluza, S.A. weist Sie darauf hin, dass der Zugang zu und die Nutzung der Website diesen Nutzungsbedingungen unterliegen, und empfiehlt Ihnen daher, diese zu lesen. Die Nutzer verpflichten sich, die Website in \u00dcbereinstimmung mit den hierin enthaltenen Bestimmungen sowie mit den zum Zeitpunkt der Nutzung geltenden gesetzlichen Vorschriften [&hellip;]\" \/>\n<meta property=\"og:url\" content=\"https:\/\/www.simasa.com\/de\/aviso-legal-y-condiciones-de-uso\/\" \/>\n<meta property=\"og:site_name\" content=\"Sima\" \/>\n<meta property=\"article:modified_time\" content=\"2022-11-29T10:36:11+00:00\" \/>\n<meta name=\"twitter:card\" content=\"summary_large_image\" \/>\n<meta name=\"twitter:label1\" content=\"Gesch\u00e4tzte Lesezeit\" \/>\n\t<meta name=\"twitter:data1\" content=\"6\u00a0Minuten\" \/>\n<script type=\"application\/ld+json\" class=\"yoast-schema-graph\">{\"@context\":\"https:\\\/\\\/schema.org\",\"@graph\":[{\"@type\":\"WebPage\",\"@id\":\"https:\\\/\\\/www.simasa.com\\\/de\\\/aviso-legal-y-condiciones-de-uso\\\/\",\"url\":\"https:\\\/\\\/www.simasa.com\\\/de\\\/aviso-legal-y-condiciones-de-uso\\\/\",\"name\":\"Impressum, Rechtliche Hinweise & Allgemeine Nutzungsbedingungen | Sima\",\"isPartOf\":{\"@id\":\"https:\\\/\\\/www.simasa.com\\\/de\\\/#website\"},\"datePublished\":\"2016-03-16T16:23:31+00:00\",\"dateModified\":\"2022-11-29T10:36:11+00:00\",\"breadcrumb\":{\"@id\":\"https:\\\/\\\/www.simasa.com\\\/de\\\/aviso-legal-y-condiciones-de-uso\\\/#breadcrumb\"},\"inLanguage\":\"de\",\"potentialAction\":[{\"@type\":\"ReadAction\",\"target\":[\"https:\\\/\\\/www.simasa.com\\\/de\\\/aviso-legal-y-condiciones-de-uso\\\/\"]}]},{\"@type\":\"BreadcrumbList\",\"@id\":\"https:\\\/\\\/www.simasa.com\\\/de\\\/aviso-legal-y-condiciones-de-uso\\\/#breadcrumb\",\"itemListElement\":[{\"@type\":\"ListItem\",\"position\":1,\"name\":\"Inicio\",\"item\":\"https:\\\/\\\/www.simasa.com\\\/de\\\/\"},{\"@type\":\"ListItem\",\"position\":2,\"name\":\"Impressum, Rechtliche Hinweise &#038; Allgemeine Nutzungsbedingungen\"}]},{\"@type\":\"WebSite\",\"@id\":\"https:\\\/\\\/www.simasa.com\\\/de\\\/#website\",\"url\":\"https:\\\/\\\/www.simasa.com\\\/de\\\/\",\"name\":\"Sima\",\"description\":\"Fabricantes de maquinaria para la construcci\u00f3n\",\"publisher\":{\"@id\":\"https:\\\/\\\/www.simasa.com\\\/de\\\/#organization\"},\"potentialAction\":[{\"@type\":\"SearchAction\",\"target\":{\"@type\":\"EntryPoint\",\"urlTemplate\":\"https:\\\/\\\/www.simasa.com\\\/de\\\/?s={search_term_string}\"},\"query-input\":{\"@type\":\"PropertyValueSpecification\",\"valueRequired\":true,\"valueName\":\"search_term_string\"}}],\"inLanguage\":\"de\"},{\"@type\":\"Organization\",\"@id\":\"https:\\\/\\\/www.simasa.com\\\/de\\\/#organization\",\"name\":\"Sima\",\"url\":\"https:\\\/\\\/www.simasa.com\\\/de\\\/\",\"logo\":{\"@type\":\"ImageObject\",\"inLanguage\":\"de\",\"@id\":\"https:\\\/\\\/www.simasa.com\\\/de\\\/#\\\/schema\\\/logo\\\/image\\\/\",\"url\":\"https:\\\/\\\/www.simasa.com\\\/wp-content\\\/uploads\\\/2016\\\/03\\\/logo-1.jpg\",\"contentUrl\":\"https:\\\/\\\/www.simasa.com\\\/wp-content\\\/uploads\\\/2016\\\/03\\\/logo-1.jpg\",\"width\":121,\"height\":54,\"caption\":\"Sima\"},\"image\":{\"@id\":\"https:\\\/\\\/www.simasa.com\\\/de\\\/#\\\/schema\\\/logo\\\/image\\\/\"}}]}<\/script>\n<!-- \/ Yoast SEO plugin. -->","yoast_head_json":{"title":"Impressum, Rechtliche Hinweise & Allgemeine Nutzungsbedingungen | Sima","robots":{"index":"noindex","follow":"follow"},"og_locale":"de_DE","og_type":"article","og_title":"Impressum, Rechtliche Hinweise & Allgemeine Nutzungsbedingungen | Sima","og_description":"Impressum, Rechtliche Hinweise Sociedad Industrial de Maquinaria Andaluza, S.A. weist Sie darauf hin, dass der Zugang zu und die Nutzung der Website diesen Nutzungsbedingungen unterliegen, und empfiehlt Ihnen daher, diese zu lesen. Die Nutzer verpflichten sich, die Website in \u00dcbereinstimmung mit den hierin enthaltenen Bestimmungen sowie mit den zum Zeitpunkt der Nutzung geltenden gesetzlichen Vorschriften [&hellip;]","og_url":"https:\/\/www.simasa.com\/de\/aviso-legal-y-condiciones-de-uso\/","og_site_name":"Sima","article_modified_time":"2022-11-29T10:36:11+00:00","twitter_card":"summary_large_image","twitter_misc":{"Gesch\u00e4tzte Lesezeit":"6\u00a0Minuten"},"schema":{"@context":"https:\/\/schema.org","@graph":[{"@type":"WebPage","@id":"https:\/\/www.simasa.com\/de\/aviso-legal-y-condiciones-de-uso\/","url":"https:\/\/www.simasa.com\/de\/aviso-legal-y-condiciones-de-uso\/","name":"Impressum, Rechtliche Hinweise & Allgemeine Nutzungsbedingungen | Sima","isPartOf":{"@id":"https:\/\/www.simasa.com\/de\/#website"},"datePublished":"2016-03-16T16:23:31+00:00","dateModified":"2022-11-29T10:36:11+00:00","breadcrumb":{"@id":"https:\/\/www.simasa.com\/de\/aviso-legal-y-condiciones-de-uso\/#breadcrumb"},"inLanguage":"de","potentialAction":[{"@type":"ReadAction","target":["https:\/\/www.simasa.com\/de\/aviso-legal-y-condiciones-de-uso\/"]}]},{"@type":"BreadcrumbList","@id":"https:\/\/www.simasa.com\/de\/aviso-legal-y-condiciones-de-uso\/#breadcrumb","itemListElement":[{"@type":"ListItem","position":1,"name":"Inicio","item":"https:\/\/www.simasa.com\/de\/"},{"@type":"ListItem","position":2,"name":"Impressum, Rechtliche Hinweise &#038; Allgemeine Nutzungsbedingungen"}]},{"@type":"WebSite","@id":"https:\/\/www.simasa.com\/de\/#website","url":"https:\/\/www.simasa.com\/de\/","name":"Sima","description":"Fabricantes de maquinaria para la construcci\u00f3n","publisher":{"@id":"https:\/\/www.simasa.com\/de\/#organization"},"potentialAction":[{"@type":"SearchAction","target":{"@type":"EntryPoint","urlTemplate":"https:\/\/www.simasa.com\/de\/?s={search_term_string}"},"query-input":{"@type":"PropertyValueSpecification","valueRequired":true,"valueName":"search_term_string"}}],"inLanguage":"de"},{"@type":"Organization","@id":"https:\/\/www.simasa.com\/de\/#organization","name":"Sima","url":"https:\/\/www.simasa.com\/de\/","logo":{"@type":"ImageObject","inLanguage":"de","@id":"https:\/\/www.simasa.com\/de\/#\/schema\/logo\/image\/","url":"https:\/\/www.simasa.com\/wp-content\/uploads\/2016\/03\/logo-1.jpg","contentUrl":"https:\/\/www.simasa.com\/wp-content\/uploads\/2016\/03\/logo-1.jpg","width":121,"height":54,"caption":"Sima"},"image":{"@id":"https:\/\/www.simasa.com\/de\/#\/schema\/logo\/image\/"}}]}},"_links":{"self":[{"href":"https:\/\/www.simasa.com\/de\/wp-json\/wp\/v2\/pages\/929","targetHints":{"allow":["GET"]}}],"collection":[{"href":"https:\/\/www.simasa.com\/de\/wp-json\/wp\/v2\/pages"}],"about":[{"href":"https:\/\/www.simasa.com\/de\/wp-json\/wp\/v2\/types\/page"}],"author":[{"embeddable":true,"href":"https:\/\/www.simasa.com\/de\/wp-json\/wp\/v2\/users\/1"}],"replies":[{"embeddable":true,"href":"https:\/\/www.simasa.com\/de\/wp-json\/wp\/v2\/comments?post=929"}],"version-history":[{"count":12,"href":"https:\/\/www.simasa.com\/de\/wp-json\/wp\/v2\/pages\/929\/revisions"}],"predecessor-version":[{"id":10824,"href":"https:\/\/www.simasa.com\/de\/wp-json\/wp\/v2\/pages\/929\/revisions\/10824"}],"wp:attachment":[{"href":"https:\/\/www.simasa.com\/de\/wp-json\/wp\/v2\/media?parent=929"}],"curies":[{"name":"wp","href":"https:\/\/api.w.org\/{rel}","templated":true}]}}