{"id":10855,"date":"2022-11-28T16:45:54","date_gmt":"2022-11-28T15:45:54","guid":{"rendered":"https:\/\/www.simasa.com\/?page_id=10855"},"modified":"2023-06-20T15:09:35","modified_gmt":"2023-06-20T13:09:35","slug":"cookie-richtlinie","status":"publish","type":"page","link":"https:\/\/www.simasa.com\/de\/cookie-richtlinie\/","title":{"rendered":"Cookie-Richtlinien"},"content":{"rendered":"<h2>Cookie-Richtlinien<\/h2>\n<p>Sociedad Industrial de Maquinaria Andaluza, S.A. (im Folgenden SIMASA.COM) erf\u00fcllt die Verpflichtungen, die gem\u00e4\u00df Artikel 22, Absatz 2 des Gesetzes 34\/2002, vom 11. Juli \u00fcber die Dienste der Informationsgesellschaft und des e-commerce (im Folgenden LSSI) im Zusammenhang mit der EU-Verordnung 2016\/679 des Europ\u00e4ischen Parlaments und des Rates vom 27. April 2016 \u00fcber die allgemeine Datenschutzverordnung (im Folgenden DSVGO) und dem spanischen Grundgesetz 3\/2018 vom 5. Dezember \u00fcber den Datenschutz und die Garantie der digitalen Rechte (im Folgenden LOPD) erwachsen.<\/p>\n<p>Diese Website<strong>\u00a0<\/strong><a href=\"http:\/\/www.simasa.com\"><strong>www.simasa.com<\/strong><\/a>\u00a0verwendet Cookies und\/oder \u00e4hnliche Technologien, die Informationen speichern und abrufen, wenn Sie durch die Website navigieren. Im Allgemeinen dienen diese Technologien einer Vielzahl von Zwecken, wie z. B. der Benutzererkennung, der Informationserfassung \u00fcber Ihre Surfgewohnheiten oder einer personalisierten Darstellung der jeweiligen Inhalte. Die spezifischen Anwendungen dieser Technologien werden im Folgenden beschrieben.<\/p>\n<p>Diese Cookie-Politik verfolgt den Zweck, Sie ausf\u00fchrlich und genau \u00fcber die auf der Website verwendeten Cookies zu informieren.<\/p>\n<p><strong>Was sind Cookies?<\/strong><\/p>\n<p>Cookies sind Dateien, die beim Surfen im Internet auf dem Computer der Nutzer gespeichert werden und eine Nummer enthalten, mit der der Computer der Nutzer eindeutig identifiziert werden kann, selbst dann, wenn sich der Standort oder die IP-Adresse der Nutzer \u00e4ndert.<\/p>\n<p>Cookies werden beim Surfen im Internet entweder von den von Ihnen besuchten Websites oder von Dritten, mit denen die Website in Verbindung steht, installiert und erm\u00f6glichen es unter anderem, Informationen \u00fcber Ihre Surfgewohnheiten oder Ihren Computer zu speichern und abzurufen, und je nach den darin enthaltenen Informationen und der Art und Weise, wie Sie Ihren Computer benutzen, k\u00f6nnen sie dazu eingesetzt werden, Sie wiederzuerkennen.<\/p>\n<p><strong>Arten von Cookies<\/strong><\/p>\n<p>Je nach der Institution, die die Domain verwaltet, von der die Cookies gesendet werden, und die die erhaltenen Daten verarbeitet, k\u00f6nnen zwei Arten von Cookies unterschieden werden:<\/p>\n<ul>\n<li>Eigene Cookies: Cookies, die von unseren Computern oder unserer Domain an Ihren Browser gesendet werden.<\/li>\n<li>Cookies von Drittanbietern: Cookies, die von einem Computer oder einer Domain, die nicht direkt von uns, sondern von einem Dritten wie Google verwaltet wird, an Ihren Browser gesendet werden.<\/li>\n<\/ul>\n<p>Falls die Cookies von einem Computer oder einer Domain installiert werden, die von uns selbst verwaltet wird, wobei die gesammelten Informationen von einer Drittpartei verwaltet werden, d\u00fcrfen sie nicht als eigene Cookies betrachtet werden.<\/p>\n<p>Dar\u00fcber hinaus gibt es eine zweite Klassifizierung von Cookies. Diese werden nach der Dauer der Datenspeicherung, also danach wie lange sie im Browser der Kunden gespeichert bleiben, unterschieden:<\/p>\n<ul>\n<li>Session-Cookies: dienen der Erfassung und Speicherung von Daten, w\u00e4hrend die Nutzer auf die Website zugreifen. Sie werden in der Regel dazu verwendet, Informationen zu speichern, die nur f\u00fcr die Erbringung der von den Nutzern angeforderten Dienstleistung aufbewahrt werden m\u00fcssen (z. B. eine Liste der gekauften Produkte).<\/li>\n<li>Persistente Cookies: Die Daten werden f\u00fcr l\u00e4ngere Zeit auf dem Endger\u00e4t der Nutzer gespeichert und k\u00f6nnen w\u00e4hrend eines festgelegten Zeitraums, der von einigen Minuten bis zu mehreren Jahren reichen kann, abgerufen und verarbeitet werden.<\/li>\n<\/ul>\n<p>Schlie\u00dflich gibt es noch eine weitere Klassifizierung mit f\u00fcnf Arten von Cookies, die je nach dem Zweck, zu dem die erhaltenen Daten verarbeitet werden, unterschieden werden:<\/p>\n<ul>\n<li>Technische Cookies: Cookies, die es den Nutzern erm\u00f6glichen, durch eine Website, Plattform oder Anwendung zu navigieren und die darin vorhandenen Optionen oder Dienste zu nutzen, einschlie\u00dflich derjenigen, die der\/die HerausgeberIn verwendet, um die Verwaltung und den Betrieb der Website sowie ihre Funktionen und Dienste zu erm\u00f6glichen, wie z. B. Kontrolle des Datenverkehrs und Datenkommunikation, Identifizierung der Sitzung, Zugang zu Bereichen mit eingeschr\u00e4nktem Zugang, Speicherung der Artikel im Warenkorb, Kaufabwicklung einer Bestellung, Zahlungsabwicklung, Betrugsbek\u00e4mpfung im Zusammenhang mit der Sicherheit des Dienstes, Registrierung oder der Teilnahme an einer Veranstaltung, Besucherz\u00e4hlung zur Abrechnung von Software-Lizenzen, mit der der Dienst arbeitet (Website, Plattform oder Anwendung), Nutzung von Sicherheitsfunktionen beim Browsen, Speicherung von Inhalten f\u00fcr die \u00dcbertragung von Videos oder Tonaufnahmen, Erm\u00f6glichung dynamischer Inhalte (z. B. Animation beim Laden von Text oder Bildern) oder Teilen von Inhalten \u00fcber soziale Netzwerke.<\/li>\n<li>Personalisierungs-Cookies: Es handelt sich um Cookies, die es erm\u00f6glichen, Informationen zu speichern, damit die Nutzer auf einen Dienst unter Ber\u00fccksichtigung bestimmter Merkmale zugreifen k\u00f6nnen, der sich von jenen anderer Nutzer unterscheidet, wie z. B. Sprache, Anzahl eingeblendete Ergebnisse bei einer Suche, Aussehen und Handhabung der Inhalte des Dienstes in Abh\u00e4ngigkeit vom Browser-Typ, \u00fcber den die Nutzer auf den Dienst zugreifen, oder der Region, von der aus sie auf den Dienst zugreifen usw.<\/li>\n<li>Analyse-Cookies: Diese erm\u00f6glichen es den Verantwortlichen, das Verhalten der Nutzer der Websites, mit denen sie verkn\u00fcpft sind, zu beobachten und zu analysieren, einschlie\u00dflich der Qualifizierung der Wirkung, die die Werbung erzeugt. Die durch diese Art von Cookies gesammelten Informationen werden zur Messung der Aktivit\u00e4t der Websites, Anwendungen oder Plattformen und zur Erstellung von Browsing-Profilen der Nutzer dieser Websites, Anwendungen und Plattformen verwendet, um Verbesserungen auf der Grundlage der Datenanalyse \u00fcber die Nutzung des Dienstes durch die Nutzer einzuf\u00fchren.<\/li>\n<li>Werbe-Cookies: erm\u00f6glichen die m\u00f6glichst effiziente Verwaltung von Werbefl\u00e4chen.<\/li>\n<li>Cookies f\u00fcr verhaltensbasierte Werbung: Sie speichern Informationen \u00fcber das Verhalten der Nutzer, die durch die kontinuierliche Beobachtung ihrer Surfgewohnheiten gewonnen werden und die es erm\u00f6glichen, ein benutzerspezifisches Profil zu erstellen, um eine darauf basierende Werbung anzuzeigen.<\/li>\n<li>Externe Cookies sozialer Netzwerke: Diese werden verwendet, damit Besucher mit den Inhalten verschiedener Social-Media-Plattformen (Facebook, YouTube, Twitter, LinkedIn usw.) interagieren k\u00f6nnen und werden nur f\u00fcr Nutzer dieser sozialen Netzwerke generiert. Die Bedingungen f\u00fcr die Verwendung dieser Cookies und die gesammelten Informationen werden durch die Datenschutzbestimmungen der jeweiligen sozialen Plattform geregelt.<\/li>\n<li style=\"list-style-type: none;\"><\/li>\n<\/ul>\n<p><strong>Welche Art von Cookies verwenden wir?<\/strong><\/p>\n<p>Wenn Sie auf unserer Website surfen, k\u00f6nnen Sie auf Cookies sto\u00dfen, die direkt von SIMASA.COM gesetzt werden, oder auf Cookies, die von externen Unternehmen gesetzt werden, wie im Folgenden beschrieben:<\/p>\n<table>\n<tbody>\n<tr>\n<td><strong>COOKIE<\/strong><\/td>\n<td><strong>DAUER<\/strong><\/td>\n<td><strong>ZWECK<\/strong><\/td>\n<td><strong>DOMAIN<\/strong><\/td>\n<\/tr>\n<tr>\n<td><strong>1P_JAR<\/strong><\/td>\n<td>1 Woche nach der Installation<\/td>\n<td>Technischer Cookie, der Daten an Google \u00fcbertr\u00e4gt.<\/td>\n<td>Google<\/td>\n<\/tr>\n<tr>\n<td><strong>ZUSTIMMUNG<\/strong><\/td>\n<td>2 Jahre<\/td>\n<td>Technischer Cookie, der Daten an Google \u00fcbertr\u00e4gt.<\/td>\n<td>Google<\/td>\n<\/tr>\n<tr>\n<td><strong>COOKIES-RICHTLINIE<\/strong><\/td>\n<td>\u00a0Beim Abmelden<\/td>\n<td>Eigenes Cookie, das f\u00fcr die korrekte Einhaltung der Cookie-Richtlinie verwendet wird.<\/td>\n<td>SIMASA.COM<\/td>\n<\/tr>\n<\/tbody>\n<\/table>\n<p><strong>Wie k\u00f6nnen Cookies akzeptiert, verweigert, widerrufen oder gel\u00f6scht werden?<\/strong><\/p>\n<p>Sie haben die M\u00f6glichkeit, Cookies zuzulassen oder zu blockieren sowie Ihre Browsing-Daten (einschlie\u00dflich Cookies) aus dem von Ihnen verwendeten Browser zu l\u00f6schen. Bitte beachten Sie dazu die Optionen und Anweisungen des Browsers, den Sie einsetzen. Bitte beachten Sie, dass Sie, wenn Sie Cookies von Drittanbietern akzeptieren, diese in den Optionen Ihres Browsers l\u00f6schen m\u00fcssen. Die Art und Weise der Deaktivierung ist von Browser zu Browser verschieden, kann aber in der Regel \u00fcber das Men\u00fc Extras oder Optionen vorgenommen werden. Sie k\u00f6nnen auch das Hilfe-Men\u00fc des Browsers konsultieren, in dem Sie alle notwendigen Anweisungen finden.<\/p>\n<p>Sie k\u00f6nnen jederzeit w\u00e4hlen, welche Cookies Sie auf dieser Website einsetzen m\u00f6chten.<\/p>\n<p>Die folgenden Links stellen Ihnen s\u00e4mtliche Informationen zur Verf\u00fcgung, um Ihre Cookies in jedem Browser zu konfigurieren oder zu deaktivieren:<\/p>\n<ul>\n<li><a href=\"https:\/\/support.microsoft.com\/es-es\/topic\/eliminar-y-administrar-cookies-168dab11-0753-043d-7c16-ede5947fc64d#ie=ie-11\">Internet Explorer\u00a0<\/a><\/li>\n<li><a href=\"https:\/\/support.microsoft.com\/es-es\/windows\/microsoft-edge-datos-de-exploraci%C3%B3n-y-privacidad-bb8174ba-9d73-dcf2-9b4a-c582b4e640dd\">Microsoft Edge\u00a0<\/a><\/li>\n<li><a href=\"https:\/\/support.mozilla.org\/es\/kb\/Borrar%20cookies\">Firefox\u00a0<\/a><\/li>\n<li><a href=\"https:\/\/support.google.com\/chrome\/answer\/95647?hl=es\">Chrome<\/a><\/li>\n<li><a href=\"https:\/\/support.apple.com\/es-es\/guide\/safari\/sfri11471\/mac\">Safari<\/a><\/li>\n<\/ul>\n<p>F\u00fcr die g\u00e4ngigsten Browser (Microsoft Internet Explorer, Google Chrome, Mozilla Firefox, Apple Safari und Opera) gibt es ein Add-on zur Deaktivierung der Google Analytics-Cookies, mit dem Sie die Installation dieser Cookies ausschlie\u00dfen k\u00f6nnen.<\/p>\n<p>Sie finden weitere Information unter\u00a0\u00a0<a href=\"https:\/\/tools.google.com\/dlpage\/gaoptout?hl=de\">https:\/\/tools.google.com\/dlpage\/gaoptout?hl=de<\/a><\/p>\n<p>Dar\u00fcber hinaus k\u00f6nnen Sie die Speicherung von Cookies in Ihrem Browser mit Hilfe von folgenden Tools verwalten:<\/p>\n<ul>\n<li>Ghostery:\u00a0<a href=\"http:\/\/www.ghostery.com\/\">com\/<\/a><\/li>\n<li>Your online choices\u00a0<a href=\"http:\/\/www.youronlinechoices.com\/es\/\">http:\/\/www.youronlinechoices.com\/de\/<\/a><\/li>\n<\/ul>\n<p>Sie k\u00f6nnen sich \u00fcber die Daten\u00fcbermittlung in Drittl\u00e4nder, die unter Umst\u00e4nden von den in dieser Cookie-Politik genannten Dritten vorgenommen werden, informieren, indem Sie deren Cookie-Politik aufrufen (siehe angegebene Links).<\/p>\n<p><strong>Was geschieht, wenn Sie die Installation von Cookies ablehnen?<\/strong><\/p>\n<p>In diesem Fall k\u00f6nnen Sie weiterhin durch die Website navigieren, obwohl die Nutzung einiger Dienste eingeschr\u00e4nkt wird und demzufolge Ihre Nutzererfahrung auf unserer Website weniger zufriedenstellend ausf\u00e4llt. Sie k\u00f6nnen Cookies jederzeit ablehnen.<\/p>\n<p><strong>Einverst\u00e4ndnis<\/strong><\/p>\n<p>Anhand dieser Informationen k\u00f6nnen folgende Ma\u00dfnahmen ergriffen werden:<\/p>\n<p><strong>COOKIE-POLITIK:\u00a0<\/strong>Link zu dieser Cookie-Politik, in der wir Ihnen alle notwendigen Informationen zur Verf\u00fcgung stellen und Sie dar\u00fcber informieren, wie Sie die Konfiguration der Cookies in Ihrem Browser \u00e4ndern oder die nicht gew\u00fcnschten Cookies ablehnen k\u00f6nnen. In diesem Fall werden nur diejenigen heruntergeladen, die f\u00fcr das Navigieren unerl\u00e4sslich sind und nicht deaktiviert werden k\u00f6nnen.<\/p>\n<p><strong>COOKIES AKZEPTIEREN: <\/strong>Alle oben genannten Cookies werden akzeptiert. Der Hinweis wird w\u00e4hrend der aktuellen Browser-Sitzung nicht mehr angezeigt.<\/p>\n<p><strong>COOKIES ABLEHNEN: <\/strong>Es werden nur jene Cookies installiert, die f\u00fcr das ordnungsgem\u00e4\u00dfe Funktionieren der Website unbedingt erforderlich oder unerl\u00e4sslich sind.<\/p>\n<p>Wenn Sie Ihre Zustimmung widerrufen m\u00f6chten oder Fragen zur Cookie-Richtlinie der Website haben, k\u00f6nnen Sie sich per E-Mail an den Anbieter wenden: <u><a href=\"mailto:customer@simasa.com\">customer@simasa.com<\/a><\/u> und in der Betreffzeile &#8222;Cookies-Richtlinie&#8220; angeben.<\/p>\n<p>F\u00fcr die \u00fcbrigen Informationen, die gem\u00e4\u00df den Datenschutzbestimmungen erforderlich sind, k\u00f6nnen Sie unsere DATENSCHUTZBESTIMMUNGEN einsehen.<\/p>\n","protected":false},"excerpt":{"rendered":"<p>Cookie-Richtlinien Sociedad Industrial de Maquinaria Andaluza, S.A. (im Folgenden SIMASA.COM) erf\u00fcllt die Verpflichtungen, die gem\u00e4\u00df Artikel 22, Absatz 2 des Gesetzes 34\/2002, vom 11. Juli \u00fcber die Dienste der Informationsgesellschaft und des e-commerce (im Folgenden LSSI) im Zusammenhang mit der EU-Verordnung 2016\/679 des Europ\u00e4ischen Parlaments und des Rates vom 27. April 2016 \u00fcber die allgemeine [&hellip;]<\/p>\n","protected":false},"author":3,"featured_media":0,"parent":0,"menu_order":0,"comment_status":"closed","ping_status":"closed","template":"template-tipo.php","meta":{"_acf_changed":false,"footnotes":""},"class_list":["post-10855","page","type-page","status-publish","hentry"],"acf":[],"yoast_head":"<!-- This site is optimized with the Yoast SEO plugin v27.4 - https:\/\/yoast.com\/product\/yoast-seo-wordpress\/ -->\n<title>Cookie-Richtlinien | Sima<\/title>\n<meta name=\"robots\" content=\"index, follow, max-snippet:-1, max-image-preview:large, max-video-preview:-1\" \/>\n<link rel=\"canonical\" href=\"https:\/\/www.simasa.com\/de\/cookie-richtlinie\/\" \/>\n<meta property=\"og:locale\" content=\"de_DE\" \/>\n<meta property=\"og:type\" content=\"article\" \/>\n<meta property=\"og:title\" content=\"Cookie-Richtlinien | Sima\" \/>\n<meta property=\"og:description\" content=\"Cookie-Richtlinien Sociedad Industrial de Maquinaria Andaluza, S.A. (im Folgenden SIMASA.COM) erf\u00fcllt die Verpflichtungen, die gem\u00e4\u00df Artikel 22, Absatz 2 des Gesetzes 34\/2002, vom 11. Juli \u00fcber die Dienste der Informationsgesellschaft und des e-commerce (im Folgenden LSSI) im Zusammenhang mit der EU-Verordnung 2016\/679 des Europ\u00e4ischen Parlaments und des Rates vom 27. April 2016 \u00fcber die allgemeine [&hellip;]\" \/>\n<meta property=\"og:url\" content=\"https:\/\/www.simasa.com\/de\/cookie-richtlinie\/\" \/>\n<meta property=\"og:site_name\" content=\"Sima\" \/>\n<meta property=\"article:modified_time\" content=\"2023-06-20T13:09:35+00:00\" \/>\n<meta name=\"twitter:card\" content=\"summary_large_image\" \/>\n<meta name=\"twitter:label1\" content=\"Gesch\u00e4tzte Lesezeit\" \/>\n\t<meta name=\"twitter:data1\" content=\"7\u00a0Minuten\" \/>\n<script type=\"application\/ld+json\" class=\"yoast-schema-graph\">{\"@context\":\"https:\\\/\\\/schema.org\",\"@graph\":[{\"@type\":\"WebPage\",\"@id\":\"https:\\\/\\\/www.simasa.com\\\/de\\\/cookie-richtlinie\\\/\",\"url\":\"https:\\\/\\\/www.simasa.com\\\/de\\\/cookie-richtlinie\\\/\",\"name\":\"Cookie-Richtlinien | Sima\",\"isPartOf\":{\"@id\":\"https:\\\/\\\/www.simasa.com\\\/de\\\/#website\"},\"datePublished\":\"2022-11-28T15:45:54+00:00\",\"dateModified\":\"2023-06-20T13:09:35+00:00\",\"breadcrumb\":{\"@id\":\"https:\\\/\\\/www.simasa.com\\\/de\\\/cookie-richtlinie\\\/#breadcrumb\"},\"inLanguage\":\"de\",\"potentialAction\":[{\"@type\":\"ReadAction\",\"target\":[\"https:\\\/\\\/www.simasa.com\\\/de\\\/cookie-richtlinie\\\/\"]}]},{\"@type\":\"BreadcrumbList\",\"@id\":\"https:\\\/\\\/www.simasa.com\\\/de\\\/cookie-richtlinie\\\/#breadcrumb\",\"itemListElement\":[{\"@type\":\"ListItem\",\"position\":1,\"name\":\"Inicio\",\"item\":\"https:\\\/\\\/www.simasa.com\\\/de\\\/\"},{\"@type\":\"ListItem\",\"position\":2,\"name\":\"Cookie-Richtlinien\"}]},{\"@type\":\"WebSite\",\"@id\":\"https:\\\/\\\/www.simasa.com\\\/de\\\/#website\",\"url\":\"https:\\\/\\\/www.simasa.com\\\/de\\\/\",\"name\":\"Sima\",\"description\":\"Fabricantes de maquinaria para la construcci\u00f3n\",\"publisher\":{\"@id\":\"https:\\\/\\\/www.simasa.com\\\/de\\\/#organization\"},\"potentialAction\":[{\"@type\":\"SearchAction\",\"target\":{\"@type\":\"EntryPoint\",\"urlTemplate\":\"https:\\\/\\\/www.simasa.com\\\/de\\\/?s={search_term_string}\"},\"query-input\":{\"@type\":\"PropertyValueSpecification\",\"valueRequired\":true,\"valueName\":\"search_term_string\"}}],\"inLanguage\":\"de\"},{\"@type\":\"Organization\",\"@id\":\"https:\\\/\\\/www.simasa.com\\\/de\\\/#organization\",\"name\":\"Sima\",\"url\":\"https:\\\/\\\/www.simasa.com\\\/de\\\/\",\"logo\":{\"@type\":\"ImageObject\",\"inLanguage\":\"de\",\"@id\":\"https:\\\/\\\/www.simasa.com\\\/de\\\/#\\\/schema\\\/logo\\\/image\\\/\",\"url\":\"https:\\\/\\\/www.simasa.com\\\/wp-content\\\/uploads\\\/2016\\\/03\\\/logo-1.jpg\",\"contentUrl\":\"https:\\\/\\\/www.simasa.com\\\/wp-content\\\/uploads\\\/2016\\\/03\\\/logo-1.jpg\",\"width\":121,\"height\":54,\"caption\":\"Sima\"},\"image\":{\"@id\":\"https:\\\/\\\/www.simasa.com\\\/de\\\/#\\\/schema\\\/logo\\\/image\\\/\"}}]}<\/script>\n<!-- \/ Yoast SEO plugin. -->","yoast_head_json":{"title":"Cookie-Richtlinien | Sima","robots":{"index":"index","follow":"follow","max-snippet":"max-snippet:-1","max-image-preview":"max-image-preview:large","max-video-preview":"max-video-preview:-1"},"canonical":"https:\/\/www.simasa.com\/de\/cookie-richtlinie\/","og_locale":"de_DE","og_type":"article","og_title":"Cookie-Richtlinien | Sima","og_description":"Cookie-Richtlinien Sociedad Industrial de Maquinaria Andaluza, S.A. (im Folgenden SIMASA.COM) erf\u00fcllt die Verpflichtungen, die gem\u00e4\u00df Artikel 22, Absatz 2 des Gesetzes 34\/2002, vom 11. Juli \u00fcber die Dienste der Informationsgesellschaft und des e-commerce (im Folgenden LSSI) im Zusammenhang mit der EU-Verordnung 2016\/679 des Europ\u00e4ischen Parlaments und des Rates vom 27. April 2016 \u00fcber die allgemeine [&hellip;]","og_url":"https:\/\/www.simasa.com\/de\/cookie-richtlinie\/","og_site_name":"Sima","article_modified_time":"2023-06-20T13:09:35+00:00","twitter_card":"summary_large_image","twitter_misc":{"Gesch\u00e4tzte Lesezeit":"7\u00a0Minuten"},"schema":{"@context":"https:\/\/schema.org","@graph":[{"@type":"WebPage","@id":"https:\/\/www.simasa.com\/de\/cookie-richtlinie\/","url":"https:\/\/www.simasa.com\/de\/cookie-richtlinie\/","name":"Cookie-Richtlinien | Sima","isPartOf":{"@id":"https:\/\/www.simasa.com\/de\/#website"},"datePublished":"2022-11-28T15:45:54+00:00","dateModified":"2023-06-20T13:09:35+00:00","breadcrumb":{"@id":"https:\/\/www.simasa.com\/de\/cookie-richtlinie\/#breadcrumb"},"inLanguage":"de","potentialAction":[{"@type":"ReadAction","target":["https:\/\/www.simasa.com\/de\/cookie-richtlinie\/"]}]},{"@type":"BreadcrumbList","@id":"https:\/\/www.simasa.com\/de\/cookie-richtlinie\/#breadcrumb","itemListElement":[{"@type":"ListItem","position":1,"name":"Inicio","item":"https:\/\/www.simasa.com\/de\/"},{"@type":"ListItem","position":2,"name":"Cookie-Richtlinien"}]},{"@type":"WebSite","@id":"https:\/\/www.simasa.com\/de\/#website","url":"https:\/\/www.simasa.com\/de\/","name":"Sima","description":"Fabricantes de maquinaria para la construcci\u00f3n","publisher":{"@id":"https:\/\/www.simasa.com\/de\/#organization"},"potentialAction":[{"@type":"SearchAction","target":{"@type":"EntryPoint","urlTemplate":"https:\/\/www.simasa.com\/de\/?s={search_term_string}"},"query-input":{"@type":"PropertyValueSpecification","valueRequired":true,"valueName":"search_term_string"}}],"inLanguage":"de"},{"@type":"Organization","@id":"https:\/\/www.simasa.com\/de\/#organization","name":"Sima","url":"https:\/\/www.simasa.com\/de\/","logo":{"@type":"ImageObject","inLanguage":"de","@id":"https:\/\/www.simasa.com\/de\/#\/schema\/logo\/image\/","url":"https:\/\/www.simasa.com\/wp-content\/uploads\/2016\/03\/logo-1.jpg","contentUrl":"https:\/\/www.simasa.com\/wp-content\/uploads\/2016\/03\/logo-1.jpg","width":121,"height":54,"caption":"Sima"},"image":{"@id":"https:\/\/www.simasa.com\/de\/#\/schema\/logo\/image\/"}}]}},"_links":{"self":[{"href":"https:\/\/www.simasa.com\/de\/wp-json\/wp\/v2\/pages\/10855","targetHints":{"allow":["GET"]}}],"collection":[{"href":"https:\/\/www.simasa.com\/de\/wp-json\/wp\/v2\/pages"}],"about":[{"href":"https:\/\/www.simasa.com\/de\/wp-json\/wp\/v2\/types\/page"}],"author":[{"embeddable":true,"href":"https:\/\/www.simasa.com\/de\/wp-json\/wp\/v2\/users\/3"}],"replies":[{"embeddable":true,"href":"https:\/\/www.simasa.com\/de\/wp-json\/wp\/v2\/comments?post=10855"}],"version-history":[{"count":8,"href":"https:\/\/www.simasa.com\/de\/wp-json\/wp\/v2\/pages\/10855\/revisions"}],"predecessor-version":[{"id":11735,"href":"https:\/\/www.simasa.com\/de\/wp-json\/wp\/v2\/pages\/10855\/revisions\/11735"}],"wp:attachment":[{"href":"https:\/\/www.simasa.com\/de\/wp-json\/wp\/v2\/media?parent=10855"}],"curies":[{"name":"wp","href":"https:\/\/api.w.org\/{rel}","templated":true}]}}